{"id":2994,"date":"2019-11-25T11:17:43","date_gmt":"2019-11-25T11:17:43","guid":{"rendered":"https:\/\/blogsaverroes.juntadeandalucia.es\/iesjosedemora\/?page_id=2994"},"modified":"2022-04-04T08:44:27","modified_gmt":"2022-04-04T08:44:27","slug":"intercambio-con-hannover","status":"publish","type":"page","link":"https:\/\/blogsaverroes.juntadeandalucia.es\/iesjosedemora\/intercambio-con-hannover\/","title":{"rendered":"Intercambio con Hannover"},"content":{"rendered":"<p><b>Tightening european bonds<\/b><b> (Estrechando lazos europeos)<\/b><\/p>\n<p><a href=\"https:\/\/blogsaverroes.juntadeandalucia.es\/iesjosedemora\/files\/2019\/11\/0EFA8201-6319-4372-940F-68CA9025A431.jpeg\" data-wp-editing=\"1\"><img fetchpriority=\"high\" decoding=\"async\" class=\"aligncenter wp-image-3001 size-full\" src=\"https:\/\/blogsaverroes.juntadeandalucia.es\/iesjosedemora\/files\/2019\/11\/0EFA8201-6319-4372-940F-68CA9025A431.jpeg\" alt=\"\" width=\"727\" height=\"198\" srcset=\"https:\/\/blogsaverroes.juntadeandalucia.es\/iesjosedemora\/files\/2019\/11\/0EFA8201-6319-4372-940F-68CA9025A431.jpeg 727w, https:\/\/blogsaverroes.juntadeandalucia.es\/iesjosedemora\/files\/2019\/11\/0EFA8201-6319-4372-940F-68CA9025A431-300x82.jpeg 300w, https:\/\/blogsaverroes.juntadeandalucia.es\/iesjosedemora\/files\/2019\/11\/0EFA8201-6319-4372-940F-68CA9025A431-24x7.jpeg 24w, https:\/\/blogsaverroes.juntadeandalucia.es\/iesjosedemora\/files\/2019\/11\/0EFA8201-6319-4372-940F-68CA9025A431-36x10.jpeg 36w, https:\/\/blogsaverroes.juntadeandalucia.es\/iesjosedemora\/files\/2019\/11\/0EFA8201-6319-4372-940F-68CA9025A431-48x13.jpeg 48w\" sizes=\"(max-width: 727px) 100vw, 727px\" \/><\/a>Desde el curso 2009\/2010 nuestro IES realiza un intercambio con alumnos del Instituto Tellkampfschule de Hannover, en Alemania.<br \/>\nDurante la \u00faltima semana de noviembre, los alumnos alemanes vienen a Baza, y se alojan con familias que desean participar en esta experiencia.<br \/>\nEn marzo son recibidos all\u00ed nuestros alumnos, donde pasan una semana conociendo la ciudad y el sistema educativo alem\u00e1n.<br \/>\n<img decoding=\"async\" class=\"aligncenter wp-image-3000 size-large\" src=\"https:\/\/blogsaverroes.juntadeandalucia.es\/iesjosedemora\/files\/2019\/11\/IMG_20180117_110944-1024x575.jpg\" alt=\"\" width=\"691\" height=\"388\" srcset=\"https:\/\/blogsaverroes.juntadeandalucia.es\/iesjosedemora\/files\/2019\/11\/IMG_20180117_110944-1024x575.jpg 1024w, https:\/\/blogsaverroes.juntadeandalucia.es\/iesjosedemora\/files\/2019\/11\/IMG_20180117_110944-300x168.jpg 300w, https:\/\/blogsaverroes.juntadeandalucia.es\/iesjosedemora\/files\/2019\/11\/IMG_20180117_110944-768x431.jpg 768w, https:\/\/blogsaverroes.juntadeandalucia.es\/iesjosedemora\/files\/2019\/11\/IMG_20180117_110944-24x13.jpg 24w, https:\/\/blogsaverroes.juntadeandalucia.es\/iesjosedemora\/files\/2019\/11\/IMG_20180117_110944-36x20.jpg 36w, https:\/\/blogsaverroes.juntadeandalucia.es\/iesjosedemora\/files\/2019\/11\/IMG_20180117_110944-48x27.jpg 48w, https:\/\/blogsaverroes.juntadeandalucia.es\/iesjosedemora\/files\/2019\/11\/IMG_20180117_110944.jpg 1600w\" sizes=\"(max-width: 691px) 100vw, 691px\" \/><b><\/b><\/p>\n<p>Aunque intercambiemos alumnado s\u00f3lo con Alemania, en las actividades de este proyecto tambi\u00e9n participan alumnos y alumnas de centros de Polonia, Holanda, Francia, Suecia y Letonia.<\/p>\n<p>Los objetivos que pretendemos conseguir son:<\/p>\n<ul>\n<li>Fomentar un conocimiento m\u00e1s concreto de la realidad europea y desarrollar el sentimiento de pertenencia a ella.<\/li>\n<li>Mejorar la competencia ling\u00fc\u00edstica en lenguas extranjeras ofreciendo entornos reales para su uso.<\/li>\n<li>Fomentar el pluriling\u00fcismo.<\/li>\n<li>Aumentar la motivaci\u00f3n del alumnado con necesidades educativas y alumnado desfavorecido socio-econ\u00f3micamente.<\/li>\n<\/ul>\n<p>El proyecto \u201c<strong>Tightening european bonds<\/strong>\u201d est\u00e1 cofinanciado por el programa <strong>Erasmus+<\/strong> de la Uni\u00f3n Europea. El contenido de publicaci\u00f3n es responsabilidad exclusiva del IES Jos\u00e9 de Mora y ni la Comisi\u00f3n Europea, ni el Servicio Espa\u00f1ol para la Internacionalizaci\u00f3n de la Educaci\u00f3n (SEPIE) son responsables del uso que pueda hacerse de la informaci\u00f3n aqu\u00ed difundida.<\/p>\n","protected":false},"excerpt":{"rendered":"<p>Tightening european bonds (Estrechando lazos europeos) Desde el curso 2009\/2010 nuestro IES realiza un intercambio con alumnos del Instituto Tellkampfschule de Hannover, en Alemania. Durante la \u00faltima semana de noviembre, los alumnos alemanes vienen a Baza, y se alojan con familias que desean participar en esta experiencia. En marzo son recibidos all\u00ed nuestros alumnos, donde &hellip; <\/p>\n<p><a class=\"more-link btn\" href=\"https:\/\/blogsaverroes.juntadeandalucia.es\/iesjosedemora\/intercambio-con-hannover\/\">Seguir leyendo<\/a><\/p>\n","protected":false},"author":2651,"featured_media":0,"parent":0,"menu_order":0,"comment_status":"closed","ping_status":"closed","template":"","meta":{"ngg_post_thumbnail":0,"footnotes":"","_mc_calendar":[]},"aioseo_notices":[],"_links":{"self":[{"href":"https:\/\/blogsaverroes.juntadeandalucia.es\/iesjosedemora\/wp-json\/wp\/v2\/pages\/2994"}],"collection":[{"href":"https:\/\/blogsaverroes.juntadeandalucia.es\/iesjosedemora\/wp-json\/wp\/v2\/pages"}],"about":[{"href":"https:\/\/blogsaverroes.juntadeandalucia.es\/iesjosedemora\/wp-json\/wp\/v2\/types\/page"}],"author":[{"embeddable":true,"href":"https:\/\/blogsaverroes.juntadeandalucia.es\/iesjosedemora\/wp-json\/wp\/v2\/users\/2651"}],"replies":[{"embeddable":true,"href":"https:\/\/blogsaverroes.juntadeandalucia.es\/iesjosedemora\/wp-json\/wp\/v2\/comments?post=2994"}],"version-history":[{"count":5,"href":"https:\/\/blogsaverroes.juntadeandalucia.es\/iesjosedemora\/wp-json\/wp\/v2\/pages\/2994\/revisions"}],"predecessor-version":[{"id":3632,"href":"https:\/\/blogsaverroes.juntadeandalucia.es\/iesjosedemora\/wp-json\/wp\/v2\/pages\/2994\/revisions\/3632"}],"wp:attachment":[{"href":"https:\/\/blogsaverroes.juntadeandalucia.es\/iesjosedemora\/wp-json\/wp\/v2\/media?parent=2994"}],"curies":[{"name":"wp","href":"https:\/\/api.w.org\/{rel}","templated":true}]}}