{"id":3018,"date":"2019-11-26T10:04:05","date_gmt":"2019-11-26T10:04:05","guid":{"rendered":"https:\/\/blogsaverroes.juntadeandalucia.es\/iesjosedemora\/?page_id=3018"},"modified":"2021-02-09T09:17:34","modified_gmt":"2021-02-09T09:17:34","slug":"prodig","status":"publish","type":"page","link":"https:\/\/blogsaverroes.juntadeandalucia.es\/iesjosedemora\/planes-y-proyectos\/prodig\/","title":{"rendered":"TDE"},"content":{"rendered":"<p><a href=\"https:\/\/blogsaverroes.juntadeandalucia.es\/iesjosedemora\/files\/2019\/02\/prodig.png\"><img decoding=\"async\" class=\"aligncenter wp-image-2674 size-full\" src=\"https:\/\/blogsaverroes.juntadeandalucia.es\/iesjosedemora\/files\/2019\/02\/prodig.png\" alt=\"\" width=\"239\" height=\"77\" srcset=\"https:\/\/blogsaverroes.juntadeandalucia.es\/iesjosedemora\/files\/2019\/02\/prodig.png 239w, https:\/\/blogsaverroes.juntadeandalucia.es\/iesjosedemora\/files\/2019\/02\/prodig-24x8.png 24w, https:\/\/blogsaverroes.juntadeandalucia.es\/iesjosedemora\/files\/2019\/02\/prodig-36x12.png 36w, https:\/\/blogsaverroes.juntadeandalucia.es\/iesjosedemora\/files\/2019\/02\/prodig-48x15.png 48w\" sizes=\"(max-width: 239px) 100vw, 239px\" \/><\/a><\/p>\n<p>PRODIG es un programa de actuaciones cuyo objetivo es impulsar y apoyar la transformaci\u00f3n de los centros docentes en<strong> organizaciones educativas digitalmente competentes<\/strong>.<\/p>\n<p>Se persigue la <strong>transformaci\u00f3n <\/strong>del centro propiciando <strong>procesos de ense\u00f1anza y aprendizaje<\/strong> en un entorno tecnol\u00f3gico y convertirlo en un espacio de encuentro para docentes y alumnado, facilitando el acceso directo a los contenidos digitales e introduciendo <strong>cambios tanto metodol\u00f3gicos como organizativos<\/strong>, de forma que permita al alumnado aprender con claro car\u00e1cter inclusivo.<\/p>\n<p>Una <strong>organizaci\u00f3n educativa digitalmente competente<\/strong>,&nbsp;implica realizar una planificaci\u00f3n dirigida a introducir cambios significativos en \u00e1mbitos que afectan a la organizaci\u00f3n del centro o a las comunicaciones entre los distintos sectores de la comunidad, adem\u00e1s de los mismos procesos de ense\u00f1anza aprendizaje<\/p>\n","protected":false},"excerpt":{"rendered":"<p>PRODIG es un programa de actuaciones cuyo objetivo es impulsar y apoyar la transformaci\u00f3n de los centros docentes en organizaciones educativas digitalmente competentes. Se persigue la transformaci\u00f3n del centro propiciando procesos de ense\u00f1anza y aprendizaje en un entorno tecnol\u00f3gico y convertirlo en un espacio de encuentro para docentes y alumnado, facilitando el acceso directo a &hellip; <\/p>\n<p><a class=\"more-link btn\" href=\"https:\/\/blogsaverroes.juntadeandalucia.es\/iesjosedemora\/planes-y-proyectos\/prodig\/\">Seguir leyendo<\/a><\/p>\n","protected":false},"author":2651,"featured_media":0,"parent":44,"menu_order":0,"comment_status":"closed","ping_status":"closed","template":"","meta":{"ngg_post_thumbnail":0,"footnotes":"","_mc_calendar":[]},"aioseo_notices":[],"_links":{"self":[{"href":"https:\/\/blogsaverroes.juntadeandalucia.es\/iesjosedemora\/wp-json\/wp\/v2\/pages\/3018"}],"collection":[{"href":"https:\/\/blogsaverroes.juntadeandalucia.es\/iesjosedemora\/wp-json\/wp\/v2\/pages"}],"about":[{"href":"https:\/\/blogsaverroes.juntadeandalucia.es\/iesjosedemora\/wp-json\/wp\/v2\/types\/page"}],"author":[{"embeddable":true,"href":"https:\/\/blogsaverroes.juntadeandalucia.es\/iesjosedemora\/wp-json\/wp\/v2\/users\/2651"}],"replies":[{"embeddable":true,"href":"https:\/\/blogsaverroes.juntadeandalucia.es\/iesjosedemora\/wp-json\/wp\/v2\/comments?post=3018"}],"version-history":[{"count":2,"href":"https:\/\/blogsaverroes.juntadeandalucia.es\/iesjosedemora\/wp-json\/wp\/v2\/pages\/3018\/revisions"}],"predecessor-version":[{"id":3235,"href":"https:\/\/blogsaverroes.juntadeandalucia.es\/iesjosedemora\/wp-json\/wp\/v2\/pages\/3018\/revisions\/3235"}],"up":[{"embeddable":true,"href":"https:\/\/blogsaverroes.juntadeandalucia.es\/iesjosedemora\/wp-json\/wp\/v2\/pages\/44"}],"wp:attachment":[{"href":"https:\/\/blogsaverroes.juntadeandalucia.es\/iesjosedemora\/wp-json\/wp\/v2\/media?parent=3018"}],"curies":[{"name":"wp","href":"https:\/\/api.w.org\/{rel}","templated":true}]}}