{"id":3092,"date":"2020-01-13T11:43:12","date_gmt":"2020-01-13T11:43:12","guid":{"rendered":"https:\/\/blogsaverroes.juntadeandalucia.es\/iesjosedemora\/?page_id=3092"},"modified":"2020-01-13T11:43:12","modified_gmt":"2020-01-13T11:43:12","slug":"programa-aldea","status":"publish","type":"page","link":"https:\/\/blogsaverroes.juntadeandalucia.es\/iesjosedemora\/planes-y-proyectos\/programa-aldea\/","title":{"rendered":"Programa Aldea"},"content":{"rendered":"<h3>Programa Aldea, Educaci\u00f3n ambiental para la Comunidad Educativa<\/h3>\n<p>En Abril pasado la Consejer\u00eda de Educaci\u00f3n, reestructur\u00f3 los programas de educaci\u00f3n ambiental para la comunidad educativa. Como consecuencia de estos cambios el IES Jos\u00e9 de Mora participa en el programa \u201cALDEA Modalidad B: Proyecto tem\u00e1tico\u201d: Semilla de la L\u00ednea de Intervenci\u00f3n de Educaci\u00f3n Ambiental para la conservaci\u00f3n de la biodiversidad y Ecohuerto de la L\u00ednea de Intervenci\u00f3n de Educaci\u00f3n Ambiental sobre sostenibilidad y cambio global. Son sus objetivos:<br \/>\n1. Implicar a la comunidad educativa en la creaci\u00f3n del huerto escolar ecol\u00f3gico.<br \/>\n2. Conocer la flora de nuestro entorno<br \/>\n3. Sensibilizar al alumnado sobre la necesidad de proteger nuestros espacios naturales<\/p>\n","protected":false},"excerpt":{"rendered":"<p>Programa Aldea, Educaci\u00f3n ambiental para la Comunidad Educativa En Abril pasado la Consejer\u00eda de Educaci\u00f3n, reestructur\u00f3 los programas de educaci\u00f3n ambiental para la comunidad educativa. Como consecuencia de estos cambios el IES Jos\u00e9 de Mora participa en el programa \u201cALDEA Modalidad B: Proyecto tem\u00e1tico\u201d: Semilla de la L\u00ednea de Intervenci\u00f3n de Educaci\u00f3n Ambiental para la &hellip; <\/p>\n<p><a class=\"more-link btn\" href=\"https:\/\/blogsaverroes.juntadeandalucia.es\/iesjosedemora\/planes-y-proyectos\/programa-aldea\/\">Seguir leyendo<\/a><\/p>\n","protected":false},"author":2651,"featured_media":0,"parent":44,"menu_order":0,"comment_status":"closed","ping_status":"closed","template":"","meta":{"ngg_post_thumbnail":0,"footnotes":"","_mc_calendar":[]},"aioseo_notices":[],"_links":{"self":[{"href":"https:\/\/blogsaverroes.juntadeandalucia.es\/iesjosedemora\/wp-json\/wp\/v2\/pages\/3092"}],"collection":[{"href":"https:\/\/blogsaverroes.juntadeandalucia.es\/iesjosedemora\/wp-json\/wp\/v2\/pages"}],"about":[{"href":"https:\/\/blogsaverroes.juntadeandalucia.es\/iesjosedemora\/wp-json\/wp\/v2\/types\/page"}],"author":[{"embeddable":true,"href":"https:\/\/blogsaverroes.juntadeandalucia.es\/iesjosedemora\/wp-json\/wp\/v2\/users\/2651"}],"replies":[{"embeddable":true,"href":"https:\/\/blogsaverroes.juntadeandalucia.es\/iesjosedemora\/wp-json\/wp\/v2\/comments?post=3092"}],"version-history":[{"count":1,"href":"https:\/\/blogsaverroes.juntadeandalucia.es\/iesjosedemora\/wp-json\/wp\/v2\/pages\/3092\/revisions"}],"predecessor-version":[{"id":3093,"href":"https:\/\/blogsaverroes.juntadeandalucia.es\/iesjosedemora\/wp-json\/wp\/v2\/pages\/3092\/revisions\/3093"}],"up":[{"embeddable":true,"href":"https:\/\/blogsaverroes.juntadeandalucia.es\/iesjosedemora\/wp-json\/wp\/v2\/pages\/44"}],"wp:attachment":[{"href":"https:\/\/blogsaverroes.juntadeandalucia.es\/iesjosedemora\/wp-json\/wp\/v2\/media?parent=3092"}],"curies":[{"name":"wp","href":"https:\/\/api.w.org\/{rel}","templated":true}]}}