{"id":3497,"date":"2021-11-13T12:16:18","date_gmt":"2021-11-13T12:16:18","guid":{"rendered":"https:\/\/blogsaverroes.juntadeandalucia.es\/iesjosedemora\/?page_id=3497"},"modified":"2021-11-13T12:18:06","modified_gmt":"2021-11-13T12:18:06","slug":"criterios-para-seleccion-de-estudiantes-clean-your-environment","status":"publish","type":"page","link":"https:\/\/blogsaverroes.juntadeandalucia.es\/iesjosedemora\/erasmus\/criterios-para-seleccion-de-estudiantes-clean-your-environment\/","title":{"rendered":"Criterios para selecci\u00f3n de estudiantes: Clean your Environment to clean your soul"},"content":{"rendered":"<h4>Esta selecci\u00f3n de alumnos est\u00e1 destinada a alumnos de 1\u00ba de Bachillerato.<\/h4>\n<ol>\n<li>EVALUATION OF MOTIVATION ESSAY (30%)<br \/>\n(EVALUACI\u00d3N DE LA CARTA DE MOTIVACI\u00d3N)<\/li>\n<li>LEVEL OF ENGLICH PROFICIENCY(min. A2) (30%)<br \/>\nNIVEL DE COMPETENCIA LING\u00dc\u00cdSTICA<\/li>\n<li>ICT SKILLS (PRACTICAL TEST) (30%)<br \/>\nDESTREZAS TECNOL\u00d3GICAS (EXAMEN PR\u00c1CTICO)<\/li>\n<li>10 POINTS AWARDED TO PUPILS WITH FEWER OPPORTUNITIES.<br \/>\n10 PUNTOS PARA ALUMNOS CON MENOS OPORTUNIDADES.<\/li>\n<\/ol>\n<p>Bas\u00e1ndonos en las puntuaciones finales elegiremos 20 participantes y 5 de reserva que se distribuir\u00e1n en<br \/>\ndiferentes grupos, uno para cada intercambio (5 participantes y 1 de reserva por movilidad).<\/p>\n","protected":false},"excerpt":{"rendered":"<p>Esta selecci\u00f3n de alumnos est\u00e1 destinada a alumnos de 1\u00ba de Bachillerato. EVALUATION OF MOTIVATION ESSAY (30%) (EVALUACI\u00d3N DE LA CARTA DE MOTIVACI\u00d3N) LEVEL OF ENGLICH PROFICIENCY(min. A2) (30%) NIVEL DE COMPETENCIA LING\u00dc\u00cdSTICA ICT SKILLS (PRACTICAL TEST) (30%) DESTREZAS TECNOL\u00d3GICAS (EXAMEN PR\u00c1CTICO) 10 POINTS AWARDED TO PUPILS WITH FEWER OPPORTUNITIES. 10 PUNTOS PARA ALUMNOS CON &hellip; <\/p>\n<p><a class=\"more-link btn\" href=\"https:\/\/blogsaverroes.juntadeandalucia.es\/iesjosedemora\/erasmus\/criterios-para-seleccion-de-estudiantes-clean-your-environment\/\">Seguir leyendo<\/a><\/p>\n","protected":false},"author":2651,"featured_media":0,"parent":2993,"menu_order":0,"comment_status":"closed","ping_status":"closed","template":"","meta":{"ngg_post_thumbnail":0,"footnotes":"","_mc_calendar":[]},"aioseo_notices":[],"_links":{"self":[{"href":"https:\/\/blogsaverroes.juntadeandalucia.es\/iesjosedemora\/wp-json\/wp\/v2\/pages\/3497"}],"collection":[{"href":"https:\/\/blogsaverroes.juntadeandalucia.es\/iesjosedemora\/wp-json\/wp\/v2\/pages"}],"about":[{"href":"https:\/\/blogsaverroes.juntadeandalucia.es\/iesjosedemora\/wp-json\/wp\/v2\/types\/page"}],"author":[{"embeddable":true,"href":"https:\/\/blogsaverroes.juntadeandalucia.es\/iesjosedemora\/wp-json\/wp\/v2\/users\/2651"}],"replies":[{"embeddable":true,"href":"https:\/\/blogsaverroes.juntadeandalucia.es\/iesjosedemora\/wp-json\/wp\/v2\/comments?post=3497"}],"version-history":[{"count":3,"href":"https:\/\/blogsaverroes.juntadeandalucia.es\/iesjosedemora\/wp-json\/wp\/v2\/pages\/3497\/revisions"}],"predecessor-version":[{"id":3501,"href":"https:\/\/blogsaverroes.juntadeandalucia.es\/iesjosedemora\/wp-json\/wp\/v2\/pages\/3497\/revisions\/3501"}],"up":[{"embeddable":true,"href":"https:\/\/blogsaverroes.juntadeandalucia.es\/iesjosedemora\/wp-json\/wp\/v2\/pages\/2993"}],"wp:attachment":[{"href":"https:\/\/blogsaverroes.juntadeandalucia.es\/iesjosedemora\/wp-json\/wp\/v2\/media?parent=3497"}],"curies":[{"name":"wp","href":"https:\/\/api.w.org\/{rel}","templated":true}]}}