{"id":35,"date":"2015-03-13T08:21:43","date_gmt":"2015-03-13T08:21:43","guid":{"rendered":"http:\/\/blogsaverroes.juntadeandalucia.es\/pre\/ceip\/?page_id=35"},"modified":"2016-02-17T11:47:53","modified_gmt":"2016-02-17T11:47:53","slug":"el-centro-2","status":"publish","type":"page","link":"https:\/\/blogsaverroes.juntadeandalucia.es\/iesjosedemora\/el-centro-2\/","title":{"rendered":"Datos del centro"},"content":{"rendered":"<p>&nbsp;<\/p>\n<h4>Datos de contacto<\/h4>\n<p>Consejer\u00eda de Educaci\u00f3n.\u00a0IES Jos\u00e9 de Mora<\/p>\n<p><strong>Direcci\u00f3n:<\/strong>\u00a0\u00a0Calla Blas Infante, 18800 Baza (Granada)<br \/>\n<strong>Tel\u00e9fono: 958869912 \u00a0 \u00a0 \u00a0Fax: 958869918<\/strong><br \/>\n<strong>Email:<\/strong>\u00a018001147.edu@juntadeandalucia.es<\/p>\n<h4><strong>Horarios<\/strong><\/h4>\n<p>8:15 a 14:45 y de 15:45 a 22:45<\/p>\n<h4><strong>Oferta educativa<\/strong><\/h4>\n<p>&nbsp;<\/p>\n<table>\n<tbody>\n<tr>\n<td style=\"background-color: #c1e8dc\"><strong><em>Horario Diurno:<\/em><\/strong><\/td>\n<\/tr>\n<tr>\n<td>&#8211; 1\u00ba, 2\u00ba, 3\u00ba y 4\u00ba de E.S.O.<\/p>\n<p>&#8211; Bachillerato de Ciencias.<\/p>\n<p>&#8211; Bachillerato de Humanidades y Ciencias Sociales.<\/p>\n<p>&#8211; Bachillerato de Artes.<\/p>\n<p>&#8211; Ciclo Formativo de Grado Medio: \u00ab<span class=\"Estilo22\">T\u00e9cnico en Conducci\u00f3n de Actividades F\u00edsico Deportivas en el Medio Natural<\/span>\u00bb<\/p>\n<p>&#8211; Formaci\u00f3n Profesional B\u00e1sica (1\u00ba y 2\u00ba)<\/td>\n<\/tr>\n<tr>\n<td style=\"background-color: #c1e8dc\"><strong><em>Horario Nocturno:<\/em><\/strong><\/td>\n<\/tr>\n<tr>\n<td>&#8211; E.S.A. niveles I y II semipresenciales<\/p>\n<p>&#8211; 1\u00ba de Bachillerato de adultos semipresencial (Humanidades y Ciencias Sociales)<\/p>\n<p>&#8211; 1\u00ba de Bachillerato de adultos semipresencial (Ciencias y tecnolog\u00eda)<\/p>\n<p>&#8211; 2\u00ba de Bachillerato de adultos presencial (Humanidades y Ciencias Sociales)<\/p>\n<p>&#8211; 2\u00ba de Bachillerato de adultos presencial (Ciencias y tecnolog\u00eda)<\/td>\n<\/tr>\n<\/tbody>\n<\/table>\n<p>&nbsp;<\/p>\n<h4>Ubicaci\u00f3n<\/h4>\n[googlemaps https:\/\/www.google.com\/maps\/d\/embed?mid=zHruUT1NZy_s.kfo7TNdHLiVw&amp;w=640&amp;h=480]\n","protected":false},"excerpt":{"rendered":"<p>&nbsp; Datos de contacto Consejer\u00eda de Educaci\u00f3n.\u00a0IES Jos\u00e9 de Mora Direcci\u00f3n:\u00a0\u00a0Calla Blas Infante, 18800 Baza (Granada) Tel\u00e9fono: 958869912 \u00a0 \u00a0 \u00a0Fax: 958869918 Email:\u00a018001147.edu@juntadeandalucia.es Horarios 8:15 a 14:45 y de 15:45 a 22:45 Oferta educativa &nbsp; Horario Diurno: &#8211; 1\u00ba, 2\u00ba, 3\u00ba y 4\u00ba de E.S.O. &#8211; Bachillerato de Ciencias. &#8211; Bachillerato de Humanidades y Ciencias &hellip; <\/p>\n<p><a class=\"more-link btn\" href=\"https:\/\/blogsaverroes.juntadeandalucia.es\/iesjosedemora\/el-centro-2\/\">Seguir leyendo<\/a><\/p>\n","protected":false},"author":1,"featured_media":0,"parent":0,"menu_order":0,"comment_status":"closed","ping_status":"open","template":"","meta":{"ngg_post_thumbnail":0,"footnotes":"","_mc_calendar":[]},"aioseo_notices":[],"_links":{"self":[{"href":"https:\/\/blogsaverroes.juntadeandalucia.es\/iesjosedemora\/wp-json\/wp\/v2\/pages\/35"}],"collection":[{"href":"https:\/\/blogsaverroes.juntadeandalucia.es\/iesjosedemora\/wp-json\/wp\/v2\/pages"}],"about":[{"href":"https:\/\/blogsaverroes.juntadeandalucia.es\/iesjosedemora\/wp-json\/wp\/v2\/types\/page"}],"author":[{"embeddable":true,"href":"https:\/\/blogsaverroes.juntadeandalucia.es\/iesjosedemora\/wp-json\/wp\/v2\/users\/1"}],"replies":[{"embeddable":true,"href":"https:\/\/blogsaverroes.juntadeandalucia.es\/iesjosedemora\/wp-json\/wp\/v2\/comments?post=35"}],"version-history":[{"count":24,"href":"https:\/\/blogsaverroes.juntadeandalucia.es\/iesjosedemora\/wp-json\/wp\/v2\/pages\/35\/revisions"}],"predecessor-version":[{"id":2470,"href":"https:\/\/blogsaverroes.juntadeandalucia.es\/iesjosedemora\/wp-json\/wp\/v2\/pages\/35\/revisions\/2470"}],"wp:attachment":[{"href":"https:\/\/blogsaverroes.juntadeandalucia.es\/iesjosedemora\/wp-json\/wp\/v2\/media?parent=35"}],"curies":[{"name":"wp","href":"https:\/\/api.w.org\/{rel}","templated":true}]}}