{"id":3623,"date":"2022-04-04T08:33:37","date_gmt":"2022-04-04T08:33:37","guid":{"rendered":"https:\/\/blogsaverroes.juntadeandalucia.es\/iesjosedemora\/?page_id=3623"},"modified":"2022-04-04T08:33:37","modified_gmt":"2022-04-04T08:33:37","slug":"criterios-de-seleccion-del-alumnado-para-participar-en-smart-choices-for-healthy-lifestyle","status":"publish","type":"page","link":"https:\/\/blogsaverroes.juntadeandalucia.es\/iesjosedemora\/erasmus\/criterios-de-seleccion-del-alumnado-para-participar-en-smart-choices-for-healthy-lifestyle\/","title":{"rendered":"Criterios de selecci\u00f3n del alumnado para participar en Smart Choices for Healthy Lifestyle"},"content":{"rendered":"<p><b>Criterios de selecci\u00f3n del alumnado para Smart Choices:<\/b><\/p>\n<p>La participaci\u00f3n y selecci\u00f3n de participantes en este proyecto Eramus+ est\u00e1 sujeta a los siguientes criterios (haga click aqu\u00ed):&nbsp;<\/p>\n<ul>\n<li>Carta de motivaci\u00f3n, explicando su participaci\u00f3n anterior en las distintas actividades del centro y las razones por las que desea participar en el proyecto.<\/li>\n<li>Declaraci\u00f3n de su compromiso a participar en las actividades del proyecto seg\u00fan el calendario establecido.<\/li>\n<li>Nivel de competencia en lengua inglesa.<\/li>\n<\/ul>\n","protected":false},"excerpt":{"rendered":"<p>Criterios de selecci\u00f3n del alumnado para Smart Choices: La participaci\u00f3n y selecci\u00f3n de participantes en este proyecto Eramus+ est\u00e1 sujeta a los siguientes criterios (haga click aqu\u00ed):&nbsp; Carta de motivaci\u00f3n, explicando su participaci\u00f3n anterior en las distintas actividades del centro y las razones por las que desea participar en el proyecto. Declaraci\u00f3n de su compromiso &hellip; <\/p>\n<p><a class=\"more-link btn\" href=\"https:\/\/blogsaverroes.juntadeandalucia.es\/iesjosedemora\/erasmus\/criterios-de-seleccion-del-alumnado-para-participar-en-smart-choices-for-healthy-lifestyle\/\">Seguir leyendo<\/a><\/p>\n","protected":false},"author":2651,"featured_media":0,"parent":2993,"menu_order":0,"comment_status":"closed","ping_status":"closed","template":"","meta":{"ngg_post_thumbnail":0,"footnotes":"","_mc_calendar":[]},"aioseo_notices":[],"_links":{"self":[{"href":"https:\/\/blogsaverroes.juntadeandalucia.es\/iesjosedemora\/wp-json\/wp\/v2\/pages\/3623"}],"collection":[{"href":"https:\/\/blogsaverroes.juntadeandalucia.es\/iesjosedemora\/wp-json\/wp\/v2\/pages"}],"about":[{"href":"https:\/\/blogsaverroes.juntadeandalucia.es\/iesjosedemora\/wp-json\/wp\/v2\/types\/page"}],"author":[{"embeddable":true,"href":"https:\/\/blogsaverroes.juntadeandalucia.es\/iesjosedemora\/wp-json\/wp\/v2\/users\/2651"}],"replies":[{"embeddable":true,"href":"https:\/\/blogsaverroes.juntadeandalucia.es\/iesjosedemora\/wp-json\/wp\/v2\/comments?post=3623"}],"version-history":[{"count":1,"href":"https:\/\/blogsaverroes.juntadeandalucia.es\/iesjosedemora\/wp-json\/wp\/v2\/pages\/3623\/revisions"}],"predecessor-version":[{"id":3624,"href":"https:\/\/blogsaverroes.juntadeandalucia.es\/iesjosedemora\/wp-json\/wp\/v2\/pages\/3623\/revisions\/3624"}],"up":[{"embeddable":true,"href":"https:\/\/blogsaverroes.juntadeandalucia.es\/iesjosedemora\/wp-json\/wp\/v2\/pages\/2993"}],"wp:attachment":[{"href":"https:\/\/blogsaverroes.juntadeandalucia.es\/iesjosedemora\/wp-json\/wp\/v2\/media?parent=3623"}],"curies":[{"name":"wp","href":"https:\/\/api.w.org\/{rel}","templated":true}]}}