{"id":42,"date":"2015-03-13T08:40:47","date_gmt":"2015-03-13T08:40:47","guid":{"rendered":"http:\/\/blogsaverroes.juntadeandalucia.es\/pre\/ceip\/?page_id=42"},"modified":"2024-04-22T08:09:07","modified_gmt":"2024-04-22T08:09:07","slug":"equipo-directivo","status":"publish","type":"page","link":"https:\/\/blogsaverroes.juntadeandalucia.es\/iesjosedemora\/equipo-directivo\/","title":{"rendered":"Equipo directivo"},"content":{"rendered":"<p><strong>Direcci\u00f3n: <\/strong><em>Francisco David Gallardo Jim\u00e9nez<\/em><\/p>\n<p><strong>Vicedirecci\u00f3n: <\/strong><em>Jos\u00e9 Antonio Valero P\u00e9rez<\/em><\/p>\n<p><strong>Jefatura de Estudios: <\/strong><em>Antonia Gallego Gonz\u00e1lez<\/em><\/p>\n<p><strong>Secretar\u00eda: <\/strong><em>Mar\u00eda Isabel Valdivia Ortiz<\/em><\/p>\n<p><strong>Jefatura de Estudios de la Semipresencial: <\/strong><em>Rafael Mora Aznar<\/em><\/p>\n<p><strong>Adjunto a jefatura de estudios:<\/strong><em> Mar\u00eda del Mar Rodr\u00edguez Rodr\u00edguez<\/em><\/p>\n<p>&nbsp;<\/p>\n<p>&nbsp;<\/p>\n","protected":false},"excerpt":{"rendered":"<p>Direcci\u00f3n: Francisco David Gallardo Jim\u00e9nez Vicedirecci\u00f3n: Jos\u00e9 Antonio Valero P\u00e9rez Jefatura de Estudios: Antonia Gallego Gonz\u00e1lez Secretar\u00eda: Mar\u00eda Isabel Valdivia Ortiz Jefatura de Estudios de la Semipresencial: Rafael Mora Aznar Adjunto a jefatura de estudios: Mar\u00eda del Mar Rodr\u00edguez Rodr\u00edguez &nbsp; &nbsp;<\/p>\n","protected":false},"author":1,"featured_media":0,"parent":0,"menu_order":0,"comment_status":"closed","ping_status":"open","template":"","meta":{"ngg_post_thumbnail":0,"footnotes":"","_mc_calendar":[]},"aioseo_notices":[],"_links":{"self":[{"href":"https:\/\/blogsaverroes.juntadeandalucia.es\/iesjosedemora\/wp-json\/wp\/v2\/pages\/42"}],"collection":[{"href":"https:\/\/blogsaverroes.juntadeandalucia.es\/iesjosedemora\/wp-json\/wp\/v2\/pages"}],"about":[{"href":"https:\/\/blogsaverroes.juntadeandalucia.es\/iesjosedemora\/wp-json\/wp\/v2\/types\/page"}],"author":[{"embeddable":true,"href":"https:\/\/blogsaverroes.juntadeandalucia.es\/iesjosedemora\/wp-json\/wp\/v2\/users\/1"}],"replies":[{"embeddable":true,"href":"https:\/\/blogsaverroes.juntadeandalucia.es\/iesjosedemora\/wp-json\/wp\/v2\/comments?post=42"}],"version-history":[{"count":11,"href":"https:\/\/blogsaverroes.juntadeandalucia.es\/iesjosedemora\/wp-json\/wp\/v2\/pages\/42\/revisions"}],"predecessor-version":[{"id":4002,"href":"https:\/\/blogsaverroes.juntadeandalucia.es\/iesjosedemora\/wp-json\/wp\/v2\/pages\/42\/revisions\/4002"}],"wp:attachment":[{"href":"https:\/\/blogsaverroes.juntadeandalucia.es\/iesjosedemora\/wp-json\/wp\/v2\/media?parent=42"}],"curies":[{"name":"wp","href":"https:\/\/api.w.org\/{rel}","templated":true}]}}