{"id":49,"date":"2015-03-13T08:47:05","date_gmt":"2015-03-13T08:47:05","guid":{"rendered":"http:\/\/blogsaverroes.juntadeandalucia.es\/pre\/ceip\/?page_id=49"},"modified":"2025-04-07T10:46:24","modified_gmt":"2025-04-07T10:46:24","slug":"proyecto-educativo","status":"publish","type":"page","link":"https:\/\/blogsaverroes.juntadeandalucia.es\/iesjosedemora\/proyecto-educativo\/","title":{"rendered":"Plan de Centro"},"content":{"rendered":"<p><img fetchpriority=\"high\" decoding=\"async\" class=\"alignnone size-medium wp-image-1662\" src=\"http:\/\/blogsaverroes.juntadeandalucia.es\/iesjosedemora\/files\/2015\/03\/proyecto-300x266.png\" alt=\"proyecto\" width=\"300\" height=\"266\" srcset=\"https:\/\/blogsaverroes.juntadeandalucia.es\/iesjosedemora\/files\/2015\/03\/proyecto-300x266.png 300w, https:\/\/blogsaverroes.juntadeandalucia.es\/iesjosedemora\/files\/2015\/03\/proyecto.png 640w\" sizes=\"(max-width: 300px) 100vw, 300px\" \/><\/p>\n<p>El Plan de Centro comprende diversos documentos, y est\u00e1 destinado a regular el funcionamiento general del Centro, atendiendo tanto a aspectos meramente pedag\u00f3gicos, como a aspectos organizativos.<\/p>\n<p>En atenci\u00f3n a la comunidad educativa se debe proporcionar tambi\u00e9n informaci\u00f3n relevante acerca de los procesos de evaluaci\u00f3n.<\/p>\n<p>&nbsp;<\/p>\n<table>\n<tbody>\n<tr>\n<td><a href=\"https:\/\/blogsaverroes.juntadeandalucia.es\/iesjosedemora\/files\/2023\/07\/Plan-de-Centro-IES-Jos\u00c3\u00a9-de-Mora-22-23.pdf\">Plan de Centro<\/a><\/td>\n<td><a href=\"https:\/\/blogsaverroes.juntadeandalucia.es\/iesjosedemora\/files\/2025\/04\/1-Proyecto-Educativo-24-25.pdf\">Proyecto Educativo<\/a><\/td>\n<td><a href=\"https:\/\/blogsaverroes.juntadeandalucia.es\/iesjosedemora\/files\/2025\/04\/3-PROYECTO-GESTION.pdf\">Proyecto de Gesti\u00f3n<\/a><\/td>\n<\/tr>\n<tr>\n<td><a href=\"https:\/\/drive.google.com\/file\/d\/1bK-yt8uXpalyLnk8S0JjB3gZ8esmvAMb\/view?usp=drivesdk\">Programaciones did\u00e1cticas<\/a><\/td>\n<td><a href=\"https:\/\/blogsaverroes.juntadeandalucia.es\/iesjosedemora\/files\/2025\/04\/2_ROF_24-25.pdf\">Reglamento de Organizaci\u00f3n y Funcionamiento<\/a><\/td>\n<td><a href=\"https:\/\/blogsaverroes.juntadeandalucia.es\/iesjosedemora\/proyecto-educativo\/criterios-de-calificacion-por-departamentos\/\">Criterios de calificaci\u00f3n por departamentos<\/a><\/td>\n<\/tr>\n<\/tbody>\n<\/table>\n<p>&nbsp;<\/p>\n","protected":false},"excerpt":{"rendered":"<p>El Plan de Centro comprende diversos documentos, y est\u00e1 destinado a regular el funcionamiento general del Centro, atendiendo tanto a aspectos meramente pedag\u00f3gicos, como a aspectos organizativos. En atenci\u00f3n a la comunidad educativa se debe proporcionar tambi\u00e9n informaci\u00f3n relevante acerca de los procesos de evaluaci\u00f3n. &nbsp; Plan de Centro Proyecto Educativo Proyecto de Gesti\u00f3n Programaciones &hellip; <\/p>\n<p><a class=\"more-link btn\" href=\"https:\/\/blogsaverroes.juntadeandalucia.es\/iesjosedemora\/proyecto-educativo\/\">Seguir leyendo<\/a><\/p>\n","protected":false},"author":1,"featured_media":0,"parent":0,"menu_order":0,"comment_status":"closed","ping_status":"open","template":"","meta":{"ngg_post_thumbnail":0,"footnotes":"","_mc_calendar":[]},"aioseo_notices":[],"_links":{"self":[{"href":"https:\/\/blogsaverroes.juntadeandalucia.es\/iesjosedemora\/wp-json\/wp\/v2\/pages\/49"}],"collection":[{"href":"https:\/\/blogsaverroes.juntadeandalucia.es\/iesjosedemora\/wp-json\/wp\/v2\/pages"}],"about":[{"href":"https:\/\/blogsaverroes.juntadeandalucia.es\/iesjosedemora\/wp-json\/wp\/v2\/types\/page"}],"author":[{"embeddable":true,"href":"https:\/\/blogsaverroes.juntadeandalucia.es\/iesjosedemora\/wp-json\/wp\/v2\/users\/1"}],"replies":[{"embeddable":true,"href":"https:\/\/blogsaverroes.juntadeandalucia.es\/iesjosedemora\/wp-json\/wp\/v2\/comments?post=49"}],"version-history":[{"count":13,"href":"https:\/\/blogsaverroes.juntadeandalucia.es\/iesjosedemora\/wp-json\/wp\/v2\/pages\/49\/revisions"}],"predecessor-version":[{"id":4236,"href":"https:\/\/blogsaverroes.juntadeandalucia.es\/iesjosedemora\/wp-json\/wp\/v2\/pages\/49\/revisions\/4236"}],"wp:attachment":[{"href":"https:\/\/blogsaverroes.juntadeandalucia.es\/iesjosedemora\/wp-json\/wp\/v2\/media?parent=49"}],"curies":[{"name":"wp","href":"https:\/\/api.w.org\/{rel}","templated":true}]}}