{"id":2503,"date":"2020-06-16T22:19:11","date_gmt":"2020-06-16T22:19:11","guid":{"rendered":"https:\/\/blogsaverroes.juntadeandalucia.es\/iesjosemariamoronybarrientos\/?page_id=2503"},"modified":"2020-06-19T23:35:41","modified_gmt":"2020-06-19T23:35:41","slug":"ajustes-programaciones-covid19","status":"publish","type":"page","link":"https:\/\/blogsaverroes.juntadeandalucia.es\/iesjosemariamoronybarrientos\/ajustes-programaciones-covid19\/","title":{"rendered":"Ajustes programaciones COVID19"},"content":{"rendered":"<p><span style=\"font-weight: 400\">Conforme a la <\/span><b>INSTRUCCI\u00d3N DE 23 DE ABRIL DE 2020, DE LA VICECONSEJER\u00cdA DE EDUCACI\u00d3N Y DEPORTE, RELATIVA A LAS MEDIDAS EDUCATIVAS A ADOPTAR EN EL TERCER TRIMESTRE DEL CURSO 2019\/2020<\/b>, <span style=\"font-weight: 400\">que se dictaron debido a la situaci\u00f3n actual producida por la COVID-19 y ante la posibilidad de que fuese necesario finalizar el curso escolar sin volver a la actividad educativa presencial, se han realizado ajustes en las programaciones did\u00e1cticas de las diferentes materias adoptando las medidas para afrontar con garant\u00edas el desarrollo del tercer trimestre en su conjunto, y especialmente, la evaluaci\u00f3n del mismo y la finalizaci\u00f3n del curso escolar. <\/span>Para consultar estos ajustes accede a los documentos en los siguientes enlaces:<\/p>\n<p><a href=\"https:\/\/www.dropbox.com\/s\/rbuillq3agmcp06\/concreci%C3%B3n%20de%20pogramaci%C3%B3n%2019-20%20CCN.pdf?dl=0\" target=\"_blank\" rel=\"noopener noreferrer\">Biolog\u00eda y Geolog\u00eda y \u00c1mbito de Ciencias Aplicadas<\/a><\/p>\n<p><a href=\"https:\/\/www.dropbox.com\/s\/7pccrn9ozp19dy6\/Flexibilizaci%C3%B3n%20Programaci%C3%B3n%20did%C3%A1ctica%20EF.pdf?dl=0\" target=\"_blank\" rel=\"noopener noreferrer\">Educaci\u00f3n F\u00edsica<\/a><\/p>\n<p><a href=\"https:\/\/www.dropbox.com\/s\/qowjsgroa07fx1u\/EP%20y%20AV%20Flexibilizaci%C3%B3n%20Programaci%C3%B3n%20did%C3%A1ctica%20plantilla.odt?dl=0\" target=\"_blank\" rel=\"noopener noreferrer\">Educaci\u00f3n Pl\u00e1stica, Visual y Audiovisual<\/a><\/p>\n<p><a href=\"https:\/\/www.dropbox.com\/s\/6bl4u2mlwk22qic\/Flexibilizaci%C3%B3n%20Programaci%C3%B3n%20did%C3%A1ctica%20plantilla%20FyQ.pdf?dl=0\" target=\"_blank\" rel=\"noopener noreferrer\">F\u00edsica y Qu\u00edmica<\/a><\/p>\n<p><a href=\"https:\/\/www.dropbox.com\/s\/vekeuy8e8uaxful\/FRANC%C3%89S%20Flexibilizaci%C3%B3n%20Programaci%C3%B3n%20did%C3%A1ctica%20plantilla.pdf?dl=0\" target=\"_blank\" rel=\"noopener noreferrer\">Franc\u00e9s<\/a><\/p>\n<p><a href=\"https:\/\/www.dropbox.com\/s\/f1rp1pwithben6y\/Flexibilizaci%C3%B3n%20Programaci%C3%B3n%20did%C3%A1ctica%20plantilla%20Geograf%C3%ADa%20e%20Historia.pdf?dl=0\" target=\"_blank\" rel=\"noopener noreferrer\">Geograf\u00eda e Historia<\/a>&nbsp;<\/p>\n<p><a href=\"https:\/\/www.dropbox.com\/s\/cniqm98kbr6inyh\/Archivo%20IAEYE.pdf?dl=0\" target=\"_blank\" rel=\"noopener noreferrer\">Iniciaci\u00f3n a la Actividad Emprendedora y Empresarial<\/a><\/p>\n<p><a href=\"https:\/\/www.dropbox.com\/s\/dyqwfkgqlk2mf8p\/Flexibilizaci%C3%B3n%20Progr.%20Did%C3%A1ct.%20Dpto.%20Ingl%C3%A9s.pdf?dl=0\" target=\"_blank\" rel=\"noopener noreferrer\">Ingl\u00e9s<\/a><\/p>\n<p><a href=\"https:\/\/www.dropbox.com\/s\/r6v4r0c6m8ocuhz\/Flexibilizaci%C3%B3n%20Programaci%C3%B3n%20did%C3%A1ctica%20LCL.pdf?dl=0\" target=\"_blank\" rel=\"noopener noreferrer\">Lengua Castellana y Literatura<\/a>&nbsp;<\/p>\n<p><a href=\"https:\/\/www.dropbox.com\/s\/ks71vt4du5htwtx\/Flexibilizaci%C3%B3n%20Programaci%C3%B3n%20did%C3%A1ctica%20plantilla_Departamento%20de%20Matem%C3%A1ticas.pdf?dl=0\" target=\"_blank\" rel=\"noopener noreferrer\">Matem\u00e1ticas y Ciencias Aplicadas<\/a><\/p>\n<p><a href=\"https:\/\/www.dropbox.com\/s\/k1vydj9vr9ju9ko\/Flexibilizaci%C3%B3n%20Programaci%C3%B3n%20did%C3%A1ctica%20Tecnolog%C3%ADa.pdf?dl=0\" target=\"_blank\" rel=\"noopener noreferrer\">Tecnolog\u00eda<\/a><\/p>\n<p><a href=\"https:\/\/www.dropbox.com\/s\/02l3kw6vg5z2z2x\/Flexibilizaci%C3%B3n%20Programaci%C3%B3n%20did%C3%A1ctica%20TIC.pdf?dl=0\" target=\"_blank\" rel=\"noopener noreferrer\">Tecnolog\u00edas de la Informaci\u00f3n y la Comunicaci\u00f3n&nbsp;<\/a><\/p>\n<p><a href=\"https:\/\/www.dropbox.com\/s\/hyn0pkvql87jph0\/Flexibilizaci%C3%B3n%20Programaci%C3%B3n%20did%C3%A1ctica%20plantilla%20FPB.pdf?dl=0\" target=\"_blank\" rel=\"noopener noreferrer\">FPB<\/a><\/p>\n<p>&nbsp;<\/p>\n<p>&nbsp;<\/p>\n","protected":false},"excerpt":{"rendered":"<p>Conforme a la INSTRUCCI\u00d3N DE 23 DE ABRIL DE 2020, DE LA VICECONSEJER\u00cdA DE EDUCACI\u00d3N Y DEPORTE, RELATIVA A LAS MEDIDAS EDUCATIVAS A ADOPTAR EN EL TERCER TRIMESTRE DEL CURSO 2019\/2020, que se dictaron&#46;&#46;&#46;<\/p>\n","protected":false},"author":10187,"featured_media":0,"parent":0,"menu_order":0,"comment_status":"closed","ping_status":"closed","template":"","meta":{"ngg_post_thumbnail":0,"footnotes":"","_mc_calendar":[]},"aioseo_notices":[],"_links":{"self":[{"href":"https:\/\/blogsaverroes.juntadeandalucia.es\/iesjosemariamoronybarrientos\/wp-json\/wp\/v2\/pages\/2503"}],"collection":[{"href":"https:\/\/blogsaverroes.juntadeandalucia.es\/iesjosemariamoronybarrientos\/wp-json\/wp\/v2\/pages"}],"about":[{"href":"https:\/\/blogsaverroes.juntadeandalucia.es\/iesjosemariamoronybarrientos\/wp-json\/wp\/v2\/types\/page"}],"author":[{"embeddable":true,"href":"https:\/\/blogsaverroes.juntadeandalucia.es\/iesjosemariamoronybarrientos\/wp-json\/wp\/v2\/users\/10187"}],"replies":[{"embeddable":true,"href":"https:\/\/blogsaverroes.juntadeandalucia.es\/iesjosemariamoronybarrientos\/wp-json\/wp\/v2\/comments?post=2503"}],"version-history":[{"count":7,"href":"https:\/\/blogsaverroes.juntadeandalucia.es\/iesjosemariamoronybarrientos\/wp-json\/wp\/v2\/pages\/2503\/revisions"}],"predecessor-version":[{"id":2521,"href":"https:\/\/blogsaverroes.juntadeandalucia.es\/iesjosemariamoronybarrientos\/wp-json\/wp\/v2\/pages\/2503\/revisions\/2521"}],"wp:attachment":[{"href":"https:\/\/blogsaverroes.juntadeandalucia.es\/iesjosemariamoronybarrientos\/wp-json\/wp\/v2\/media?parent=2503"}],"curies":[{"name":"wp","href":"https:\/\/api.w.org\/{rel}","templated":true}]}}