{"id":2667,"date":"2020-10-14T15:35:13","date_gmt":"2020-10-14T15:35:13","guid":{"rendered":"https:\/\/blogsaverroes.juntadeandalucia.es\/iesjosemariamoronybarrientos\/?page_id=2667"},"modified":"2020-10-14T15:39:22","modified_gmt":"2020-10-14T15:39:22","slug":"erasmus","status":"publish","type":"page","link":"https:\/\/blogsaverroes.juntadeandalucia.es\/iesjosemariamoronybarrientos\/planes-y-proyectos\/erasmus\/","title":{"rendered":"Erasmus+"},"content":{"rendered":"<h1>Building active and critical thinking students<\/h1>\n<p><img loading=\"lazy\" decoding=\"async\" style=\"margin-left: auto;margin-right: auto\" title=\"Logo Erasmus\" src=\"http:\/\/www.juntadeandalucia.es\/averroes\/centros-tic\/21700447\/helvia\/sitio\/upload\/img\/LOGOErasmus.jpg\" alt=\"Logo Erasmus\" width=\"267\" height=\"401\" border=\"0\"><span style=\"text-align: center\">Durante los cursos 2019 &#8211; 2021 nuestro centro participar\u00e1 en un proyecto Erasmus+ junto con otros cuatro centros educativos en pa\u00edses de la Uni\u00f3n Europea:<\/span><\/p>\n<ul>\n<li>Ripa Teatina en Italia<\/li>\n<li><span id=\"docs-internal-guid-f217beb6-7fff-2f09-0d8e-4fb26dad3890\">Retymno en Grecia<\/span><\/li>\n<li><span id=\"docs-internal-guid-1e936baf-7fff-7415-c77b-b68a01bfd572\">Novo Mesto en Eslovenia<\/span><\/li>\n<li><span id=\"docs-internal-guid-4d8fccad-7fff-be6f-9fcc-cd29d6d3f5c3\">Bienkowicach en Polonia<\/span><\/li>\n<\/ul>\n<p>&nbsp;<\/p>\n<p>&nbsp;<\/p>\n<p><img loading=\"lazy\" decoding=\"async\" class=\"aligncenter\" src=\"http:\/\/sepie.es\/doc\/comunicacion\/logos\/cofinanciado.png\" width=\"340\" height=\"100\" border=\"0\"><\/p>\n<div class=\"cntDescripcion\">\n<p>Para obtener m\u00e1s informaci\u00f3n sobre los programas Erasmus+ puedes visitar la p\u00e1gina web del&nbsp;Servicio Espa\u00f1ol para la Internacionalizaci\u00f3n de la Educaci\u00f3n (SEPIE):<\/p>\n<p><img loading=\"lazy\" decoding=\"async\" class=\"aligncenter\" src=\"http:\/\/sepie.es\/doc\/comunicacion\/logos\/SEPIE_erasmus_plus.gif\" width=\"400\" height=\"100\" border=\"0\"><\/p>\n<p>&nbsp;&nbsp;\u00abEl proyecto \u00abBuilding active and critical thinking students\u00bb&nbsp;est\u00e1 cofinanciado por el programa Erasmus+ de la Uni\u00f3n Europea. El contenido de&nbsp;<em>esta publicaci\u00f3n<\/em>&nbsp;es responsabilidad exclusiva del IES Jos\u00e9 Mar\u00eda Mor\u00f3n y Barrientos&nbsp;y ni la Comisi\u00f3n Europea, ni el Servicio Espa\u00f1ol para la Internacionalizaci\u00f3n de la Educaci\u00f3n (SEPIE) son responsables del uso que pueda hacerse de la informaci\u00f3n aqu\u00ed difundida.\u00bb<\/p>\n<h2 style=\"text-align: justify\">Ya en el curso 2018\/19 comenzamos nuestro aprendizaje sobre el programa Erasmus + de la mano de los compa\u00f1eros del IES Alonso S\u00e1nchez de Huelva:&nbsp;<\/h2>\n<p><img loading=\"lazy\" decoding=\"async\" class=\"aligncenter\" src=\"https:\/\/pbs.twimg.com\/media\/Dy4L-7wWwAAZTTZ.jpg:large\" width=\"267\" height=\"200\" border=\"0\"><\/p>\n<p style=\"text-align: center\"><a href=\"https:\/\/twitter.com\/ceparacena\/status\/1093824946294398977\">enlace<\/a><\/p>\n<hr style=\"width: 1659px\" width=\"1659\">\n<p>Si quieres consultar toda la informaci\u00f3n sobre nuestro proyecto, visita nuestra p\u00e1gina haciendo clic sobre la imagen:<\/p>\n<p><a title=\"Blog Erasmus\" href=\"https:\/\/blogsaverroes.juntadeandalucia.es\/baacts\/\" target=\"_blank\" rel=\"noopener noreferrer\"><img loading=\"lazy\" decoding=\"async\" class=\"aligncenter\" title=\"Logo Erasmus\" src=\"http:\/\/www.juntadeandalucia.es\/averroes\/centros-tic\/21700447\/helvia\/sitio\/upload\/img\/LOGOErasmus.jpg\" alt=\"Logo Erasmus\" width=\"67\" height=\"100\" border=\"0\"><\/a><\/p>\n<h1 style=\"text-align: justify\"><span style=\"color: #000000\">First meeting<\/span><\/h1>\n<p style=\"text-align: justify\"><span style=\"color: #000000\">El 4 de noviembre recib\u00edamos la visita del profesorado de nuestros pa\u00edses socios.<\/span><\/p>\n<p style=\"text-align: justify\"><span style=\"color: #000000\">Aqu\u00ed tienes una peque\u00f1a muestra de lo que hicimos durante el primer d\u00eda:<\/span><\/p>\n<p style=\"text-align: justify\"><span style=\"color: #000000\">&nbsp;<\/span><\/p>\n<\/div>\n<div style=\"width: 100%\">\n<div style=\"padding-bottom: 56.25%;padding-top: 0;height: 0\"><iframe loading=\"lazy\" src=\"https:\/\/view.genial.ly\/5dd057b32e0d390f786902ef\" width=\"1200px\" height=\"675px\" frameborder=\"0\" scrolling=\"yes\"><\/iframe><\/div>\n<\/div>\n<p>&nbsp;<\/p>\n","protected":false},"excerpt":{"rendered":"<p>Building active and critical thinking students Durante los cursos 2019 &#8211; 2021 nuestro centro participar\u00e1 en un proyecto Erasmus+ junto con otros cuatro centros educativos en pa\u00edses de la Uni\u00f3n Europea: Ripa Teatina en&#46;&#46;&#46;<\/p>\n","protected":false},"author":10187,"featured_media":0,"parent":44,"menu_order":0,"comment_status":"closed","ping_status":"closed","template":"","meta":{"ngg_post_thumbnail":0,"footnotes":"","_mc_calendar":[]},"aioseo_notices":[],"_links":{"self":[{"href":"https:\/\/blogsaverroes.juntadeandalucia.es\/iesjosemariamoronybarrientos\/wp-json\/wp\/v2\/pages\/2667"}],"collection":[{"href":"https:\/\/blogsaverroes.juntadeandalucia.es\/iesjosemariamoronybarrientos\/wp-json\/wp\/v2\/pages"}],"about":[{"href":"https:\/\/blogsaverroes.juntadeandalucia.es\/iesjosemariamoronybarrientos\/wp-json\/wp\/v2\/types\/page"}],"author":[{"embeddable":true,"href":"https:\/\/blogsaverroes.juntadeandalucia.es\/iesjosemariamoronybarrientos\/wp-json\/wp\/v2\/users\/10187"}],"replies":[{"embeddable":true,"href":"https:\/\/blogsaverroes.juntadeandalucia.es\/iesjosemariamoronybarrientos\/wp-json\/wp\/v2\/comments?post=2667"}],"version-history":[{"count":2,"href":"https:\/\/blogsaverroes.juntadeandalucia.es\/iesjosemariamoronybarrientos\/wp-json\/wp\/v2\/pages\/2667\/revisions"}],"predecessor-version":[{"id":3138,"href":"https:\/\/blogsaverroes.juntadeandalucia.es\/iesjosemariamoronybarrientos\/wp-json\/wp\/v2\/pages\/2667\/revisions\/3138"}],"up":[{"embeddable":true,"href":"https:\/\/blogsaverroes.juntadeandalucia.es\/iesjosemariamoronybarrientos\/wp-json\/wp\/v2\/pages\/44"}],"wp:attachment":[{"href":"https:\/\/blogsaverroes.juntadeandalucia.es\/iesjosemariamoronybarrientos\/wp-json\/wp\/v2\/media?parent=2667"}],"curies":[{"name":"wp","href":"https:\/\/api.w.org\/{rel}","templated":true}]}}