{"id":2735,"date":"2020-11-17T17:48:47","date_gmt":"2020-11-17T17:48:47","guid":{"rendered":"https:\/\/blogsaverroes.juntadeandalucia.es\/iesjosemariamoronybarrientos\/?page_id=2735"},"modified":"2024-09-04T15:13:17","modified_gmt":"2024-09-04T15:13:17","slug":"plan-de-centro","status":"publish","type":"page","link":"https:\/\/blogsaverroes.juntadeandalucia.es\/iesjosemariamoronybarrientos\/plan-de-centro\/","title":{"rendered":"Plan de centro OLD"},"content":{"rendered":"<p>En esta secci\u00f3n podr\u00e1s consultar los siguientes documentos:<\/p>\n<p><a title=\"Proyecto Educativo\" href=\"https:\/\/blogsaverroes.juntadeandalucia.es\/iesjosemariamoronybarrientos\/proyecto-educativo\/\">Proyecto Educativo<\/a><\/p>\n<p><a title=\"ROF\" href=\"https:\/\/blogsaverroes.juntadeandalucia.es\/iesjosemariamoronybarrientos\/plan-de-centro\/rof\/\">Reglamento de Organizaci\u00f3n y Funcionamiento (ROF)<\/a><\/p>\n<p><a title=\"Proyecto de gesti\u00f3n\" href=\"https:\/\/blogsaverroes.juntadeandalucia.es\/iesjosemariamoronybarrientos\/plan-de-centro\/proyecto-de-gestion\/\">Proyecto de Gesti\u00f3n<\/a><\/p>\n","protected":false},"excerpt":{"rendered":"<p>En esta secci\u00f3n podr\u00e1s consultar los siguientes documentos: Proyecto Educativo Reglamento de Organizaci\u00f3n y Funcionamiento (ROF) Proyecto de Gesti\u00f3n<\/p>\n","protected":false},"author":10187,"featured_media":0,"parent":0,"menu_order":0,"comment_status":"closed","ping_status":"closed","template":"","meta":{"ngg_post_thumbnail":0,"footnotes":"","_mc_calendar":[]},"aioseo_notices":[],"_links":{"self":[{"href":"https:\/\/blogsaverroes.juntadeandalucia.es\/iesjosemariamoronybarrientos\/wp-json\/wp\/v2\/pages\/2735"}],"collection":[{"href":"https:\/\/blogsaverroes.juntadeandalucia.es\/iesjosemariamoronybarrientos\/wp-json\/wp\/v2\/pages"}],"about":[{"href":"https:\/\/blogsaverroes.juntadeandalucia.es\/iesjosemariamoronybarrientos\/wp-json\/wp\/v2\/types\/page"}],"author":[{"embeddable":true,"href":"https:\/\/blogsaverroes.juntadeandalucia.es\/iesjosemariamoronybarrientos\/wp-json\/wp\/v2\/users\/10187"}],"replies":[{"embeddable":true,"href":"https:\/\/blogsaverroes.juntadeandalucia.es\/iesjosemariamoronybarrientos\/wp-json\/wp\/v2\/comments?post=2735"}],"version-history":[{"count":6,"href":"https:\/\/blogsaverroes.juntadeandalucia.es\/iesjosemariamoronybarrientos\/wp-json\/wp\/v2\/pages\/2735\/revisions"}],"predecessor-version":[{"id":3422,"href":"https:\/\/blogsaverroes.juntadeandalucia.es\/iesjosemariamoronybarrientos\/wp-json\/wp\/v2\/pages\/2735\/revisions\/3422"}],"wp:attachment":[{"href":"https:\/\/blogsaverroes.juntadeandalucia.es\/iesjosemariamoronybarrientos\/wp-json\/wp\/v2\/media?parent=2735"}],"curies":[{"name":"wp","href":"https:\/\/api.w.org\/{rel}","templated":true}]}}