{"id":2744,"date":"2020-11-17T17:57:06","date_gmt":"2020-11-17T17:57:06","guid":{"rendered":"https:\/\/blogsaverroes.juntadeandalucia.es\/iesjosemariamoronybarrientos\/?page_id=2744"},"modified":"2020-11-17T17:59:48","modified_gmt":"2020-11-17T17:59:48","slug":"rof","status":"publish","type":"page","link":"https:\/\/blogsaverroes.juntadeandalucia.es\/iesjosemariamoronybarrientos\/plan-de-centro\/rof\/","title":{"rendered":"ROF"},"content":{"rendered":"<div id=\"tituloItem\" class=\"blockTituloItem\"><span class=\"tituloItem\">Reglamento de Organizaci\u00f3n y Funcionamiento<\/span><\/div>\n<div id=\"contenido_sitio\">\n<p><a title=\"Cauces de participaci\u00f3n\" href=\"http:\/\/www.juntadeandalucia.es\/averroes\/centros-tic\/21700447\/helvia\/sitio\/upload\/a__Cauces_de_participacion.pdf\" target=\"_blank\" rel=\"noopener noreferrer\">a) Cauces de participaci\u00f3n de los distintos sectores de la comunidad educativa<\/a><\/p>\n<p><a title=\"Criterios y procedimientos que garanticen el rigor y la transparencia.\" href=\"http:\/\/www.juntadeandalucia.es\/averroes\/centros-tic\/21700447\/helvia\/sitio\/upload\/b__Criterios_y_procedimientos_que_garanticen_el_rigor_y_la_transparencia.pdf\" target=\"_blank\" rel=\"noopener noreferrer\">b) Criterios y procedimientos que garanticen el rigor y la transparencia en la toma de decisiones<\/a><\/p>\n<p><a title=\"c_organizaci\u00f3n de los espacios, instalaciones y materiales\" href=\"http:\/\/www.juntadeandalucia.es\/averroes\/centros-tic\/21700447\/helvia\/sitio\/upload\/c__organizacion_de_espacios_instalaciones_y_materiales.pdf\" target=\"_blank\" rel=\"noopener noreferrer\">c) Organizaci\u00f3n de los espacios, instalaciones y recursos materiales del centro<\/a><\/p>\n<p><a title=\"d_ Organizaci\u00f3n de la vigilancia de recreo y cambios de clase.pdf\" href=\"http:\/\/www.juntadeandalucia.es\/averroes\/centros-tic\/21700447\/helvia\/sitio\/upload\/d__Organizacion_de_la_vigilancia_de_recreo_y_cambios_de_clase.pdf\" target=\"_blank\" rel=\"noopener noreferrer\">d) Organizaci\u00f3n de la vigilancia de tiempos de recreo, y periodo de entrada y salida de clases<\/a><\/p>\n<p><a title=\"e_ Forma de colaboraci\u00f3n de tutores en grauidad de libros.pdf\" href=\"http:\/\/www.juntadeandalucia.es\/averroes\/centros-tic\/21700447\/helvia\/sitio\/upload\/e__Forma_de_colaboracion_de_tutores_en_grauidad_de_libros.pdf\" target=\"_blank\" rel=\"noopener noreferrer\">e) Forma de colaboraci\u00f3n de los tutores\/as en la gesti\u00f3n de programas de gratuidad de libros de textos<\/a><\/p>\n<p><a title=\"g_ procedimiento de designaci\u00f3n de miembros del equipo de evaluaci\u00f3n.pdfg_ procedimiento de designaci\u00f3n de miembros del equipo de evaluaci\u00f3n.pdf\" href=\"http:\/\/www.juntadeandalucia.es\/averroes\/centros-tic\/21700447\/helvia\/sitio\/upload\/g__procedimiento_de_designacion_de_miembros_del_equipo_de_evaluacion.pdf\" target=\"_blank\" rel=\"noopener noreferrer\">g) Procedimiento para la designaci\u00f3n de los miembros del equipo de evaluaci\u00f3n<\/a><\/p>\n<p>h) Plan de Autoprotecci\u00f3n del instituto<\/p>\n<p><a title=\"anexos\" href=\"http:\/\/www.juntadeandalucia.es\/averroes\/centros-tic\/21700447\/helvia\/sitio\/upload\/PAE_ANEXOS.pdf\" target=\"_blank\" rel=\"noopener noreferrer\">&#8211; Anexos<\/a><\/p>\n<p><a title=\"identificacion titularidad\" href=\"http:\/\/www.juntadeandalucia.es\/averroes\/centros-tic\/21700447\/helvia\/sitio\/upload\/PAE_1_IDENTIFICACION_TITULARIDAD_Y_EMPLAZAMIENTO.pdf\" target=\"_blank\" rel=\"noopener noreferrer\">&#8211; Cap\u00edtulo 1 identificaci\u00f3n, titularidad y emplazamiento<\/a><\/p>\n<p><a title=\"descripcion del centro\" href=\"http:\/\/www.juntadeandalucia.es\/averroes\/centros-tic\/21700447\/helvia\/sitio\/upload\/PAE_2_DESCRIPCION_DEL_CENTRO_Y_SU_ENTORNO.pdf\" target=\"_blank\" rel=\"noopener noreferrer\">&#8211; Cap\u00edtulo 2 descripci\u00f3n del centro y su entorno<\/a><\/p>\n<p><a title=\"identificacion y analisis\" href=\"http:\/\/www.juntadeandalucia.es\/averroes\/centros-tic\/21700447\/helvia\/sitio\/upload\/PAE_3_IDENTIFICACION_Y_ANALISIS_DE_RIESGOS.pdf\" target=\"_blank\" rel=\"noopener noreferrer\">&#8211; Cap\u00edtulo 3 identificaci\u00f3n y an\u00e1lisis de riesgos<\/a><\/p>\n<p><a title=\"medidas\" href=\"http:\/\/www.juntadeandalucia.es\/averroes\/centros-tic\/21700447\/helvia\/sitio\/upload\/PAE4_MEDIDAS_Y_MEDIOS_DE_AUTOPROTECCION.pdf\" target=\"_blank\" rel=\"noopener noreferrer\">&#8211; Cap\u00edtulo 4 medidas y medios de autoprotecci\u00f3n<\/a><\/p>\n<p><a title=\"mantenimiento preventivo\" href=\"http:\/\/www.juntadeandalucia.es\/averroes\/centros-tic\/21700447\/helvia\/sitio\/upload\/PAE_5_MANTENIMIENTO_PREVENTIVO_DE_INSTALACIONES.pdf\" target=\"_blank\" rel=\"noopener noreferrer\">&#8211; Cap\u00edtulo 5 mantenimiento preventivo de instalaciones<\/a><\/p>\n<p><a title=\"plan de actuacion\" href=\"http:\/\/www.juntadeandalucia.es\/averroes\/centros-tic\/21700447\/helvia\/sitio\/upload\/PAE_6_PLAN_DE_ACTUACION_ANTE_EMERGENCIAS.pdf\" target=\"_blank\" rel=\"noopener noreferrer\">&#8211; Cap\u00edtulo 6 plan de actuaci\u00f3n ante emergencias<\/a><\/p>\n<p><a title=\"integracion en nivel superior\" href=\"http:\/\/www.juntadeandalucia.es\/averroes\/centros-tic\/21700447\/helvia\/sitio\/upload\/PAE_7_INTEGRACION_EN_NIVEL_SUPERIOR.pdf\" target=\"_blank\" rel=\"noopener noreferrer\">&#8211; Cap\u00edtulo 7 integraci\u00f3n en nivel superior<\/a><\/p>\n<p><a title=\"implantacion\" href=\"http:\/\/www.juntadeandalucia.es\/averroes\/centros-tic\/21700447\/helvia\/sitio\/upload\/PAE_8_IMPLANTACION.pdf\" target=\"_blank\" rel=\"noopener noreferrer\">&#8211; Cap\u00edtulo 8 implantaci\u00f3n<\/a><\/p>\n<p><a title=\"mantenimiento\" href=\"http:\/\/www.juntadeandalucia.es\/averroes\/centros-tic\/21700447\/helvia\/sitio\/upload\/PAE_9_MANTENIMIENTO.pdf\" target=\"_blank\" rel=\"noopener noreferrer\">&#8211; Cap\u00edtulo 9 mantenimiento<\/a><\/p>\n<p><a title=\"Plano N\u00ba 1\" href=\"http:\/\/www.juntadeandalucia.es\/averroes\/centros-tic\/21700447\/helvia\/sitio\/upload\/plano_n1.jpg\" target=\"_blank\" rel=\"noopener noreferrer\">&#8211; Plano N\u00ba 1<\/a><\/p>\n<p><a title=\"Plano n\u00ba 2\" href=\"http:\/\/www.juntadeandalucia.es\/averroes\/centros-tic\/21700447\/helvia\/sitio\/upload\/plano_n2.jpg\" target=\"_blank\" rel=\"noopener noreferrer\">&#8211; Plano N\u00ba 2<\/a><\/p>\n<p><a title=\"Plano N\u00ba 3\" href=\"http:\/\/www.juntadeandalucia.es\/averroes\/centros-tic\/21700447\/helvia\/sitio\/upload\/Plano_n3.jpg\" target=\"_blank\" rel=\"noopener noreferrer\">&#8211; Plano N\u00ba 3<\/a><\/p>\n<p><a title=\"i_normas sobre el uso de moviles y acceso a Internet\" href=\"http:\/\/www.juntadeandalucia.es\/averroes\/centros-tic\/21700447\/helvia\/sitio\/upload\/i__normas_sobre_el_uso_de_moviles_y_acceso_a_internet_1.pdf\" target=\"_blank\" rel=\"noopener noreferrer\">i) Normas sobre la utilizaci\u00f3n en el instituto de los tel\u00e9fonos m\u00f3viles y otros aparatos electr\u00f3nicos<\/a><\/p>\n<p><a title=\"j_ Competencias y funciones relativas a la prevenci\u00f3n de riesgos laborales.pdf\" href=\"http:\/\/www.juntadeandalucia.es\/averroes\/centros-tic\/21700447\/helvia\/sitio\/upload\/j__Competencias_y_funciones_relativas_a_la_prevencion_de_riesgos_laborales.pdf\" target=\"_blank\" rel=\"noopener noreferrer\">j) Competencias y funciones relativas a la prevenci\u00f3n de riesgos laborales<\/a><\/p>\n<p><a title=\"k_ Normas del transporte escolar.pdf\" href=\"http:\/\/www.juntadeandalucia.es\/averroes\/centros-tic\/21700447\/helvia\/sitio\/upload\/k__Normas_del_transporte_escolar.pdf\" target=\"_blank\" rel=\"noopener noreferrer\">k) Normas relativas al uso del servicio de tranporte escolar.<\/a><\/p>\n<\/div>\n","protected":false},"excerpt":{"rendered":"<p>Reglamento de Organizaci\u00f3n y Funcionamiento a) Cauces de participaci\u00f3n de los distintos sectores de la comunidad educativa b) Criterios y procedimientos que garanticen el rigor y la transparencia en la toma de decisiones c)&#46;&#46;&#46;<\/p>\n","protected":false},"author":10187,"featured_media":0,"parent":2735,"menu_order":0,"comment_status":"closed","ping_status":"closed","template":"","meta":{"ngg_post_thumbnail":0,"footnotes":"","_mc_calendar":[]},"aioseo_notices":[],"_links":{"self":[{"href":"https:\/\/blogsaverroes.juntadeandalucia.es\/iesjosemariamoronybarrientos\/wp-json\/wp\/v2\/pages\/2744"}],"collection":[{"href":"https:\/\/blogsaverroes.juntadeandalucia.es\/iesjosemariamoronybarrientos\/wp-json\/wp\/v2\/pages"}],"about":[{"href":"https:\/\/blogsaverroes.juntadeandalucia.es\/iesjosemariamoronybarrientos\/wp-json\/wp\/v2\/types\/page"}],"author":[{"embeddable":true,"href":"https:\/\/blogsaverroes.juntadeandalucia.es\/iesjosemariamoronybarrientos\/wp-json\/wp\/v2\/users\/10187"}],"replies":[{"embeddable":true,"href":"https:\/\/blogsaverroes.juntadeandalucia.es\/iesjosemariamoronybarrientos\/wp-json\/wp\/v2\/comments?post=2744"}],"version-history":[{"count":1,"href":"https:\/\/blogsaverroes.juntadeandalucia.es\/iesjosemariamoronybarrientos\/wp-json\/wp\/v2\/pages\/2744\/revisions"}],"predecessor-version":[{"id":2745,"href":"https:\/\/blogsaverroes.juntadeandalucia.es\/iesjosemariamoronybarrientos\/wp-json\/wp\/v2\/pages\/2744\/revisions\/2745"}],"up":[{"embeddable":true,"href":"https:\/\/blogsaverroes.juntadeandalucia.es\/iesjosemariamoronybarrientos\/wp-json\/wp\/v2\/pages\/2735"}],"wp:attachment":[{"href":"https:\/\/blogsaverroes.juntadeandalucia.es\/iesjosemariamoronybarrientos\/wp-json\/wp\/v2\/media?parent=2744"}],"curies":[{"name":"wp","href":"https:\/\/api.w.org\/{rel}","templated":true}]}}