{"id":2749,"date":"2020-11-17T18:02:42","date_gmt":"2020-11-17T18:02:42","guid":{"rendered":"https:\/\/blogsaverroes.juntadeandalucia.es\/iesjosemariamoronybarrientos\/?page_id=2749"},"modified":"2020-12-03T09:39:05","modified_gmt":"2020-12-03T09:39:05","slug":"proyecto-de-gestion","status":"publish","type":"page","link":"https:\/\/blogsaverroes.juntadeandalucia.es\/iesjosemariamoronybarrientos\/plan-de-centro\/proyecto-de-gestion\/","title":{"rendered":"Proyecto de gesti\u00f3n"},"content":{"rendered":"<div id=\"tituloItem\" class=\"blockTituloItem\"><span class=\"tituloItem\">Proyecto de Gesti\u00f3n<\/span><\/div>\n<div id=\"contenido_sitio\">\n<p><a title=\"introduccion.pdf\" href=\"http:\/\/www.juntadeandalucia.es\/averroes\/centros-tic\/21700447\/helvia\/sitio\/upload\/introduccion.pdf\" target=\"_blank\" rel=\"noopener noreferrer\">* Introducci\u00f3n breve del proyecto de gesti\u00f3n<\/a><\/p>\n<p><a title=\"presupuestp.pdf\" href=\"http:\/\/www.juntadeandalucia.es\/averroes\/centros-tic\/21700447\/helvia\/sitio\/upload\/presupuestp.pdf\" target=\"_blank\" rel=\"noopener noreferrer\">a) Criterios para la elaboraci\u00f3n del presupuesto anual del instituto y para la distribuci\u00f3n de los ingresos entre las distintas partidas de gasto<\/a><\/p>\n<p><a title=\"criterios bajas\" href=\"http:\/\/www.juntadeandalucia.es\/averroes\/centros-tic\/21700447\/helvia\/sitio\/upload\/CRITERIOS_PARA_CUBRIR_LAS_BAJAS.pdf\" target=\"_blank\" rel=\"noopener noreferrer\">b) Criterios para la gesti\u00f3n de las sustituciones de las ausencias del profesorado<\/a><\/p>\n<p><a title=\"medidasescola.pdf\" href=\"http:\/\/www.juntadeandalucia.es\/averroes\/centros-tic\/21700447\/helvia\/sitio\/upload\/inmentarioanuall.pdf\" target=\"_blank\" rel=\"noopener noreferrer\">c) Medidas para la conservaci\u00f3n y renovaci\u00f3n de las instalaciones y del equipamiento escolar<\/a><\/p>\n<p><a title=\"Crirteriosparalaobtenciondeincresos.pdf\" href=\"http:\/\/www.juntadeandalucia.es\/averroes\/centros-tic\/21700447\/helvia\/sitio\/upload\/Crirteriosparalaobtenciondeincresos.pdf\" target=\"_blank\" rel=\"noopener noreferrer\">d) Criterios para la obtenci\u00f3n de ingresos derivados de la prestaci\u00f3n de servicios<\/a><\/p>\n<p><a title=\"inmentARIOanual.pdf\" href=\"http:\/\/www.juntadeandalucia.es\/averroes\/centros-tic\/21700447\/helvia\/sitio\/upload\/inmentARIOanual.pdf\" target=\"_blank\" rel=\"noopener noreferrer\">e) Procedimientos para la elaboraci\u00f3n del inventario anual general del centro<\/a><\/p>\n<p><a title=\"residuos.pdf\" href=\"http:\/\/www.juntadeandalucia.es\/averroes\/centros-tic\/21700447\/helvia\/sitio\/upload\/residuos.pdf\" target=\"_blank\" rel=\"noopener noreferrer\">f) Criterios para una gesti\u00f3n sostenible de los recursos del instituto<\/a><\/p>\n<\/div>\n","protected":false},"excerpt":{"rendered":"<p>Proyecto de Gesti\u00f3n * Introducci\u00f3n breve del proyecto de gesti\u00f3n a) Criterios para la elaboraci\u00f3n del presupuesto anual del instituto y para la distribuci\u00f3n de los ingresos entre las distintas partidas de gasto b)&#46;&#46;&#46;<\/p>\n","protected":false},"author":10187,"featured_media":0,"parent":2735,"menu_order":0,"comment_status":"closed","ping_status":"closed","template":"","meta":{"ngg_post_thumbnail":0,"footnotes":"","_mc_calendar":[]},"aioseo_notices":[],"_links":{"self":[{"href":"https:\/\/blogsaverroes.juntadeandalucia.es\/iesjosemariamoronybarrientos\/wp-json\/wp\/v2\/pages\/2749"}],"collection":[{"href":"https:\/\/blogsaverroes.juntadeandalucia.es\/iesjosemariamoronybarrientos\/wp-json\/wp\/v2\/pages"}],"about":[{"href":"https:\/\/blogsaverroes.juntadeandalucia.es\/iesjosemariamoronybarrientos\/wp-json\/wp\/v2\/types\/page"}],"author":[{"embeddable":true,"href":"https:\/\/blogsaverroes.juntadeandalucia.es\/iesjosemariamoronybarrientos\/wp-json\/wp\/v2\/users\/10187"}],"replies":[{"embeddable":true,"href":"https:\/\/blogsaverroes.juntadeandalucia.es\/iesjosemariamoronybarrientos\/wp-json\/wp\/v2\/comments?post=2749"}],"version-history":[{"count":2,"href":"https:\/\/blogsaverroes.juntadeandalucia.es\/iesjosemariamoronybarrientos\/wp-json\/wp\/v2\/pages\/2749\/revisions"}],"predecessor-version":[{"id":2764,"href":"https:\/\/blogsaverroes.juntadeandalucia.es\/iesjosemariamoronybarrientos\/wp-json\/wp\/v2\/pages\/2749\/revisions\/2764"}],"up":[{"embeddable":true,"href":"https:\/\/blogsaverroes.juntadeandalucia.es\/iesjosemariamoronybarrientos\/wp-json\/wp\/v2\/pages\/2735"}],"wp:attachment":[{"href":"https:\/\/blogsaverroes.juntadeandalucia.es\/iesjosemariamoronybarrientos\/wp-json\/wp\/v2\/media?parent=2749"}],"curies":[{"name":"wp","href":"https:\/\/api.w.org\/{rel}","templated":true}]}}