{"id":3365,"date":"2024-04-25T16:34:31","date_gmt":"2024-04-25T16:34:31","guid":{"rendered":"https:\/\/blogsaverroes.juntadeandalucia.es\/iesjosemariamoronybarrientos\/?page_id=3365"},"modified":"2024-04-25T16:43:46","modified_gmt":"2024-04-25T16:43:46","slug":"politica-de-proteccion-de-datos-personales","status":"publish","type":"page","link":"https:\/\/blogsaverroes.juntadeandalucia.es\/iesjosemariamoronybarrientos\/politica-de-proteccion-de-datos-personales\/","title":{"rendered":"Pol\u00edtica de Protecci\u00f3n de Datos Personales"},"content":{"rendered":"<div class=\"site-breadcrumb\">\n<div class=\"region region-breadcrumb\">\n<div class=\"wrapper-region\">\n<div id=\"block-apae-breadcrumbs\" class=\"block block-system block-system-breadcrumb-block\">&nbsp;<\/div>\n<\/div>\n<\/div>\n<\/div>\n<div class=\"layout-wrapper\">\n<div class=\"layout-content\">\n<div class=\"region region-content\">\n<div class=\"wrapper-region\">\n<div id=\"block-apae-content\" class=\"block block-system block-system-main-block\">\n<article class=\"node node--type-page node--view-mode-full\" role=\"article\" data-history-node-id=\"42827\">\n<div class=\"node__content\">\n<div class=\"field field--name-title-text field--type-string quickedit-field quickedit-candidate quickedit-editable\" data-quickedit-field-id=\"node\/42827\/title\/en\/full\">&nbsp;<\/div>\n<div class=\"clearfix text-formatted field field--name-body field--type-text-with-summary field--label-hidden field__item\">\n<p>Mediante este aviso, la Agencia P\u00fablica Andaluza de Educaci\u00f3n, con domicilio social en Edificio Vega del Rey, Calle Juder\u00eda, 1, 41900 Camas, Sevilla, informa a los usuarios que a trav\u00e9s de este sitio web no se recaban datos de car\u00e1cter personal de los usuarios sin su conocimiento, ni se ceden a terceros.<\/p>\n<p>La Agencia P\u00fablica Andaluza de Educaci\u00f3n proporciona a los Usuarios los recursos t\u00e9cnicos adecuados para que, con car\u00e1cter previo, puedan acceder a este aviso sobre la Pol\u00edtica de Privacidad o a cualquier otra informaci\u00f3n relevante y puedan prestar su consentimiento.<\/p>\n<h5>Informaci\u00f3n b\u00e1sica sobre protecci\u00f3n de datos<\/h5>\n<p>A continuaci\u00f3n le informamos sobre la pol\u00edtica de protecci\u00f3n de datos de la Agencia P\u00fablica Andaluza de Educaci\u00f3n.<\/p>\n<p><strong>Responsable del tratamiento<\/strong><\/p>\n<p>Los datos de car\u00e1cter personal que se pudieran recabar directamente del interesado ser\u00e1n tratados de forma confidencial y quedar\u00e1n incorporados a la correspondiente actividad de tratamiento titularidad de la Agencia Espa\u00f1ola de Protecci\u00f3n de Datos (AEPD).<\/p>\n<p>La relaci\u00f3n actualizada de las actividades de tratamiento que la AEPD lleva a cabo se encuentra disponible en el siguiente <a href=\"https:\/\/juntadeandalucia.es\/protecciondedatos.html?pagina=1&amp;busqueda=Buscar&amp;consejeria=organismos%2Fe ducacionydeporte&amp;organismo=organismos%2Feducacionydeporte%2Fadscritos%2Fepaise&amp;buscar=Buscar\">enlace al registro de actividades de la Agencia P\u00fablica Andaluza de Educaci\u00f3n<\/a>.<\/p>\n<p><strong>Finalidad<\/strong><\/p>\n<p>La finalidad del tratamiento de los datos corresponde a cada una de las actividades de tratamiento que realiza la AEPD y que est\u00e1n accesibles en el <a href=\"https:\/\/juntadeandalucia.es\/protecciondedatos.html?pagina=1&amp;busqueda=Buscar&amp;consejeria=organismos%2Fe ducacionydeporte&amp;organismo=organismos%2Feducacionydeporte%2Fadscritos%2Fepaise&amp;buscar=Buscar\">registro de actividades de la Agencia P\u00fablica Andaluza de Educaci\u00f3n<\/a>.<\/p>\n<p><strong>Conservaci\u00f3n de datos<\/strong><\/p>\n<p>Los Datos Personales se conservar\u00e1n durante el tiempo que necesario para cumplir con la finalidad para la que se recabaron y para determinar las posibles responsabilidades que se pudieran derivar de dicha finalidad y del tratamiento de los datos. Ser\u00e1 de aplicaci\u00f3n lo dispuesto en la Ley 7\/2011, de 3 noviembre, de Documentos, Archivos y Patrimonio Documental de Andaluc\u00eda.<\/p>\n<p><strong>Legitimaci\u00f3n<\/strong><\/p>\n<p>El tratamiento de sus datos se realiza para el cumplimiento de obligaciones legales por parte de la Agencia, para el cumplimiento de misiones realizada en inter\u00e9s p\u00fablico o en el ejercicio de poderes p\u00fablicos, as\u00ed como cuando la finalidad del tratamiento requiera su consentimiento, que habr\u00e1 de ser prestado mediante una clara acci\u00f3n afirmativa.<\/p>\n<p>Puede consultar la base legal para cada una de las actividades de tratamiento en el siguiente <a href=\"https:\/\/juntadeandalucia.es\/protecciondedatos.html?pagina=1&amp;busqueda=Buscar&amp;consejeria=organismos%2Fe ducacionydeporte&amp;organismo=organismos%2Feducacionydeporte%2Fadscritos%2Fepaise&amp;buscar=Buscar\">enlace al registro de actividades de la Agencia P\u00fablica Andaluza de Educaci\u00f3n<\/a>.<\/p>\n<p><strong>Derechos de los interesados<\/strong><\/p>\n<p>Las personas interesadas tienen derecho a obtener confirmaci\u00f3n sobre si estamos tratando datos personales que les conciernan, o no.<\/p>\n<p>Las personas interesadas tienen derecho a acceder a sus datos personales, as\u00ed como a solicitar la rectificaci\u00f3n de los datos inexactos o, en su caso, solicitar su supresi\u00f3n cuando, entre otros motivos, los datos ya no sean necesarios para los fines que fueron recogidos.<\/p>\n<p>Las personas interesadas tienen derecho a revocar o retirar el consentimiento otorgado para el tratamiento de sus datos para finalidades espec\u00edficas en cualquier momento.<\/p>\n<p>En determinadas circunstancias y por motivos relacionados con su situaci\u00f3n particular, las personas interesadas podr\u00e1n oponerse al tratamiento de sus datos o a parte de estos, en cuyo caso dejaremos de tratar los datos, salvo para el cumplimiento de alguna obligaci\u00f3n legal.<\/p>\n<p>En determinadas circunstancias, las personas interesadas podr\u00e1n solicitar la limitaci\u00f3n del tratamiento de sus datos, en cuyo caso \u00fanicamente los conservaremos para el ejercicio o la defensa de reclamaciones y para el cumplimiento de alguna obligaci\u00f3n legal.<\/p>\n<p>En determinadas circunstancias (cuando el tratamiento se realice por medios automatizados y este se base en el consentimiento de las personas interesadas), las personas interesadas podr\u00e1n solicitar la portabilidad de sus datos para que estos sean transmitidos a otro responsable.<\/p>\n<p>Puede ejercer sus derechos de acceso, rectificaci\u00f3n, supresi\u00f3n, oposici\u00f3n, portabilidad y limitaci\u00f3n u oposici\u00f3n dirigiendo comunicaci\u00f3n por escrito, debidamente firmada, acompa\u00f1ada de fotocopia del DNI a la direcci\u00f3n postal<strong> Calle Juder\u00eda, 1. Edificio Vega del Rey 1 &#8211; Camas 41900 (Sevilla)<\/strong>, suministr\u00e1ndole los siguientes modelos:<\/p>\n<ul>\n<li><a href=\"https:\/\/www.agenciaandaluzaeducacion.es\/sites\/default\/files\/2022-08\/1_Derecho%20de%20acceso_0.pdf\">Solicitud de acceso<\/a><\/li>\n<li><a href=\"https:\/\/www.agenciaandaluzaeducacion.es\/sites\/default\/files\/2022-08\/2_Derecho%20de%20limitaci%C3%B3n.pdf\">Solicitud de limitaci\u00f3n<\/a><\/li>\n<li><a href=\"https:\/\/www.agenciaandaluzaeducacion.es\/sites\/default\/files\/2022-08\/3_Derecho%20de%20oposici%C3%B3n.pdf\">Solicitud de oposici\u00f3n<\/a><\/li>\n<li><a href=\"https:\/\/www.agenciaandaluzaeducacion.es\/sites\/default\/files\/2022-08\/4_Derecho%20de%20portabilidad.pdf\">Solicitud de portabilidad<\/a><\/li>\n<li><a href=\"https:\/\/www.agenciaandaluzaeducacion.es\/sites\/default\/files\/2022-08\/5_Derecho%20de%20rectificaci%C3%B3n.pdf\">Solicitud de rectificaci\u00f3n<\/a><\/li>\n<li><a href=\"https:\/\/www.agenciaandaluzaeducacion.es\/sites\/default\/files\/2022-08\/6_Derecho%20de%20supresi%C3%B3n.pdf\">Solicitud de supresi\u00f3n<\/a><\/li>\n<\/ul>\n<p>Podr\u00e1 contactar con el Delegado de Protecci\u00f3n de Datos en la direcci\u00f3n electr\u00f3nica <a href=\"mailto:dpd.agenciaedu@juntadeandalucia.es\">dpd.agenciaedu@juntadeandalucia.es<\/a>.<\/p>\n<p>Las personas interesadas disponen de la posibilidad presentar una reclamaci\u00f3n cuando no hayan obtenido satisfacci\u00f3n en el ejercicio de sus derechos ante la Agencia Espa\u00f1ola de Protecci\u00f3n de Datos (www.agpd.es). As\u00ed mismo, las personas interesadas pueden obtener informaci\u00f3n adicional acerca de sus derechos dirigi\u00e9ndose a la Agencia Espa\u00f1ola de Protecci\u00f3n de Datos (<a href=\"https:\/\/www.agenciaandaluzaeducacion.es\/www.agpd.es\">www.agpd.es<\/a>).<\/p>\n<\/div>\n<\/div>\n<\/article>\n<\/div>\n<\/div>\n<\/div>\n<\/div>\n<\/div>\n<p>&nbsp;<\/p>\n<div class=\"region region-banner-bottom\">\n<div class=\"wrapper-region\">\n<nav id=\"block-menubannerinferior\" class=\"block block-menu navigation menu--menu-banner-inferior\" aria-labelledby=\"block-menubannerinferior-menu\">\n<h2 id=\"block-menubannerinferior-menu\" class=\"visually-hidden\">&nbsp;<\/h2>\n<ul class=\"clearfix menu\">\n<li class=\"menu-icon menu-icon-30 menu-item\">\n<div class=\"wrapper-link\">\n<div class=\"text\"><a href=\"https:\/\/www.agenciaandaluzaeducacion.es\/codigo-etico-agencia\" data-drupal-link-system-path=\"node\/65872\">C\u00f3digo \u00e9tico<\/a><\/div>\n<\/div>\n<\/li>\n<li class=\"menu-icon menu-icon-32 menu-item menu-item--active-trail\">\n<div class=\"wrapper-link\">\n<div class=\"text\"><a class=\"is-active\" href=\"https:\/\/www.agenciaandaluzaeducacion.es\/politica-proteccion-datos-personales\" data-drupal-link-system-path=\"node\/42827\">Pol\u00edtica de Protecci\u00f3n de Datos Personales<\/a><\/div>\n<\/div>\n<\/li>\n<li class=\"menu-icon menu-icon-31 menu-item\">\n<div class=\"wrapper-link\">\n<div class=\"text\"><a href=\"https:\/\/juntadeandalucia.es\/organismos\/epaise\/estructura\/transparencia.html\">Portal de Transparencia<\/a><\/div>\n<\/div>\n<\/li>\n<\/ul>\n<\/nav>\n<\/div>\n<\/div>\n","protected":false},"excerpt":{"rendered":"<p>&nbsp; &nbsp; Mediante este aviso, la Agencia P\u00fablica Andaluza de Educaci\u00f3n, con domicilio social en Edificio Vega del Rey, Calle Juder\u00eda, 1, 41900 Camas, Sevilla, informa a los usuarios que a trav\u00e9s de este&#46;&#46;&#46;<\/p>\n","protected":false},"author":10187,"featured_media":0,"parent":0,"menu_order":0,"comment_status":"closed","ping_status":"closed","template":"","meta":{"ngg_post_thumbnail":0,"footnotes":"","_mc_calendar":[]},"aioseo_notices":[],"_links":{"self":[{"href":"https:\/\/blogsaverroes.juntadeandalucia.es\/iesjosemariamoronybarrientos\/wp-json\/wp\/v2\/pages\/3365"}],"collection":[{"href":"https:\/\/blogsaverroes.juntadeandalucia.es\/iesjosemariamoronybarrientos\/wp-json\/wp\/v2\/pages"}],"about":[{"href":"https:\/\/blogsaverroes.juntadeandalucia.es\/iesjosemariamoronybarrientos\/wp-json\/wp\/v2\/types\/page"}],"author":[{"embeddable":true,"href":"https:\/\/blogsaverroes.juntadeandalucia.es\/iesjosemariamoronybarrientos\/wp-json\/wp\/v2\/users\/10187"}],"replies":[{"embeddable":true,"href":"https:\/\/blogsaverroes.juntadeandalucia.es\/iesjosemariamoronybarrientos\/wp-json\/wp\/v2\/comments?post=3365"}],"version-history":[{"count":2,"href":"https:\/\/blogsaverroes.juntadeandalucia.es\/iesjosemariamoronybarrientos\/wp-json\/wp\/v2\/pages\/3365\/revisions"}],"predecessor-version":[{"id":3368,"href":"https:\/\/blogsaverroes.juntadeandalucia.es\/iesjosemariamoronybarrientos\/wp-json\/wp\/v2\/pages\/3365\/revisions\/3368"}],"wp:attachment":[{"href":"https:\/\/blogsaverroes.juntadeandalucia.es\/iesjosemariamoronybarrientos\/wp-json\/wp\/v2\/media?parent=3365"}],"curies":[{"name":"wp","href":"https:\/\/api.w.org\/{rel}","templated":true}]}}