{"id":44,"date":"2015-03-13T08:42:15","date_gmt":"2015-03-13T08:42:15","guid":{"rendered":"http:\/\/blogsaverroes.juntadeandalucia.es\/pre\/ceip\/?page_id=44"},"modified":"2024-05-20T07:27:43","modified_gmt":"2024-05-20T07:27:43","slug":"planes-y-proyectos","status":"publish","type":"page","link":"https:\/\/blogsaverroes.juntadeandalucia.es\/iesjosemariamoronybarrientos\/planes-y-proyectos\/","title":{"rendered":"Planes y Programas"},"content":{"rendered":"<p><img loading=\"lazy\" decoding=\"async\" class=\"alignnone size-medium wp-image-1667\" src=\"http:\/\/blogsaverroes.juntadeandalucia.es\/temahuemanies\/files\/2015\/03\/planes-300x150.png\" alt=\"planes\" width=\"300\" height=\"150\" srcset=\"https:\/\/blogsaverroes.juntadeandalucia.es\/iesjosemariamoronybarrientos\/files\/2015\/03\/planes-300x150.png 300w, https:\/\/blogsaverroes.juntadeandalucia.es\/iesjosemariamoronybarrientos\/files\/2015\/03\/planes.png 640w\" sizes=\"(max-width: 300px) 100vw, 300px\" \/><\/p>\n<p>Nuestro centro est\u00e1 adherindo a diferentes <strong>Planes y Programas<\/strong> promovidos desde la Consejer\u00eda de Educaci\u00f3n, Cultura y Deporte.<\/p>\n<p>Este apartado recogeremos la descripci\u00f3n, finalidades, actividades, coordinador\/a, etc. de estos Planes y Programas que se desarrollan en el centro.&nbsp;<\/p>\n<ul>\n<li><strong>Barriento&#8217;s Personal Trainers Factory<\/strong><\/li>\n<\/ul>\n<p style=\"text-align: center\"><iframe loading=\"lazy\" src=\"https:\/\/drive.google.com\/file\/d\/1-DMSADuBc2R5QDne10FsCSQ8e0W2ji8q\/preview\" width=\"640\" height=\"480\"><\/iframe>&nbsp;<\/p>\n<ul>\n<li><strong>Programa Aldea.<\/strong><\/li>\n<\/ul>\n<p><a href=\"http:\/\/www.juntadeandalucia.es\/educacion\/portals\/web\/aldea\" target=\"_blank\" rel=\"noopener noreferrer\">Portal del programa ALDEA<\/a><\/p>\n<ul>\n<li><strong>AulaDjaque.<\/strong><\/li>\n<\/ul>\n<p><a href=\"https:\/\/www.juntadeandalucia.es\/educacion\/portals\/delegate\/content\/f3432d8d-def9-4b48-ae24-aaaf5016ae14\/Programa%20Marco\" target=\"_blank\" rel=\"noopener noreferrer\">Programa marco<\/a><\/p>\n<ul>\n<li><strong>Convivencia\/Debate.<\/strong><\/li>\n<\/ul>\n<p><a title=\"Convivencia\/Debate\" href=\"https:\/\/blogsaverroes.juntadeandalucia.es\/iesjosemariamoronybarrientos\/planes-y-proyectos\/convivencia-debate\/\" target=\"_blank\" rel=\"noopener noreferrer\">Informaci\u00f3n del programa<\/a><\/p>\n<ul>\n<li><strong>Escuelas deportivas.<\/strong><\/li>\n<\/ul>\n<p><a href=\"https:\/\/www.juntadeandalucia.es\/educacion\/portals\/web\/ced\/deportivas\/titulaciones\/grado-medio\/detalle\/-\/novedades\/detalle\/0S2qpp2jCwZJ\/escuelas-deportivas-2\" target=\"_blank\" rel=\"noopener noreferrer\">Informaci\u00f3n del programa<\/a><\/p>\n<ul>\n<li><strong>Erasmus +.<\/strong><\/li>\n<\/ul>\n<p>Durante los cursos 2019 &#8211; 2021 nuestro centro participar\u00e1 en un proyecto Erasmus+ junto con otros cuatro centros educativos en pa\u00edses de la Uni\u00f3n Europea:<\/p>\n<ul style=\"list-style-type: circle\">\n<li>Ripa Teatina en Italia<\/li>\n<li>Retymno en Grecia<\/li>\n<li>Novo Mesto en Eslovenia<\/li>\n<li>Bienkowicach en Polonia<\/li>\n<\/ul>\n<p>Puedes consultar toda la informaci\u00f3n sobre el proyecto haciendo <a href=\"https:\/\/blogsaverroes.juntadeandalucia.es\/baacts\/\">clic aqu\u00ed<\/a>.<\/p>\n<ul>\n<li><strong>Escuela Espacio de Paz.<\/strong><\/li>\n<\/ul>\n<div id=\"contenido_sitio\">\n<p>Nuestro centro pertenece a la Red de <strong>Escuela, Espacio de Paz<\/strong>.<\/p>\n<p>Todos los cursos desarrollamos numerosas actividades para favorecer la mejora de la convivencia en el centro y la interrelaci\u00f3n entre los distintos sectores de la comunidad educativa.<\/p>\n<p style=\"text-align: center\"><a href=\"http:\/\/www.convivenciaenlascumbres.blogspot.com.es\/\" target=\"_blank\" rel=\"noopener noreferrer\">Echa un vistazo a nuestro Blog<\/a><\/p>\n<p style=\"text-align: center\">&nbsp;<\/p>\n<p><img decoding=\"async\" class=\"aligncenter\" title=\"Paloma de la paz\" src=\"http:\/\/www.juntadeandalucia.es\/averroes\/centros-tic\/21700447\/helvia\/sitio\/upload\/img\/paloma.jpg\" alt=\"Paloma de la paz\" border=\"0\"><\/p>\n<\/div>\n<p>&nbsp;<\/p>\n<ul>\n<li><strong>Plan de igualdad.<\/strong><\/li>\n<\/ul>\n<p>Para acceder a la informaci\u00f3n has clic en <a href=\"http:\/\/www.juntadeandalucia.es\/averroes\/centros-tic\/21700447\/helvia\/sitio\/index.cgi?wid_seccion=15\">este enlace<\/a>.<\/p>\n<ul>\n<li><strong>Forma joven.<\/strong><\/li>\n<\/ul>\n<p><a href=\"https:\/\/www.juntadeandalucia.es\/educacion\/portals\/web\/habitos-vida-saludable\/forma-joven-en-el-ambito-educativo\" target=\"_blank\" rel=\"noopener noreferrer\">Portal del programa Forma Joven<\/a><\/p>\n<ul>\n<li><strong>Plan de lectura y biblioteca.<\/strong><\/li>\n<\/ul>\n<div id=\"contenido_sitio\">\n<p><a href=\"http:\/\/ellibrote.blogspot.com\/\">Blog del centro sobre lectura y biblioteca<\/a><\/p>\n<p><a href=\"http:\/\/www.juntadeandalucia.es\/educacion\/webportal\/web\/lecturas-y-bibliotecas-escolares\/programa-plc\" target=\"_blank\" rel=\"noopener noreferrer\">Portal del Plan de lectura y biblioteca<\/a><\/p>\n<\/div>\n<ul>\n<li><strong>Vivir y sentir el patrimonio.<\/strong><\/li>\n<\/ul>\n<div id=\"contenido_sitio\">\n<p><a href=\"http:\/\/www.juntadeandalucia.es\/educacion\/webportal\/web\/planes-y-programas\/vivir-y-sentir-el-patrimonio\" target=\"_blank\" rel=\"noopener noreferrer\">Programa cultural Vivir y sentir el patrimonio<\/a><\/p>\n<p><a title=\"Noticia\" href=\"https:\/\/www.20minutos.es\/noticia\/3568831\/0\/total-22-centros-educativos-participan-jornadas-vivir-sentir-patrimonio\/\" target=\"_blank\" rel=\"noopener noreferrer\">Encuentro para el intercambio de experiencias educativas docentes<\/a><\/p>\n<\/div>\n<p>&nbsp;<\/p>\n","protected":false},"excerpt":{"rendered":"<p>Nuestro centro est\u00e1 adherindo a diferentes Planes y Programas promovidos desde la Consejer\u00eda de Educaci\u00f3n, Cultura y Deporte. Este apartado recogeremos la descripci\u00f3n, finalidades, actividades, coordinador\/a, etc. de estos Planes y Programas que se&#46;&#46;&#46;<\/p>\n","protected":false},"author":1,"featured_media":0,"parent":0,"menu_order":0,"comment_status":"open","ping_status":"closed","template":"page-templates\/child-menu.php","meta":{"ngg_post_thumbnail":0,"footnotes":"","_mc_calendar":[]},"aioseo_notices":[],"_links":{"self":[{"href":"https:\/\/blogsaverroes.juntadeandalucia.es\/iesjosemariamoronybarrientos\/wp-json\/wp\/v2\/pages\/44"}],"collection":[{"href":"https:\/\/blogsaverroes.juntadeandalucia.es\/iesjosemariamoronybarrientos\/wp-json\/wp\/v2\/pages"}],"about":[{"href":"https:\/\/blogsaverroes.juntadeandalucia.es\/iesjosemariamoronybarrientos\/wp-json\/wp\/v2\/types\/page"}],"author":[{"embeddable":true,"href":"https:\/\/blogsaverroes.juntadeandalucia.es\/iesjosemariamoronybarrientos\/wp-json\/wp\/v2\/users\/1"}],"replies":[{"embeddable":true,"href":"https:\/\/blogsaverroes.juntadeandalucia.es\/iesjosemariamoronybarrientos\/wp-json\/wp\/v2\/comments?post=44"}],"version-history":[{"count":17,"href":"https:\/\/blogsaverroes.juntadeandalucia.es\/iesjosemariamoronybarrientos\/wp-json\/wp\/v2\/pages\/44\/revisions"}],"predecessor-version":[{"id":3376,"href":"https:\/\/blogsaverroes.juntadeandalucia.es\/iesjosemariamoronybarrientos\/wp-json\/wp\/v2\/pages\/44\/revisions\/3376"}],"wp:attachment":[{"href":"https:\/\/blogsaverroes.juntadeandalucia.es\/iesjosemariamoronybarrientos\/wp-json\/wp\/v2\/media?parent=44"}],"curies":[{"name":"wp","href":"https:\/\/api.w.org\/{rel}","templated":true}]}}