{"id":49,"date":"2015-03-13T08:47:05","date_gmt":"2015-03-13T08:47:05","guid":{"rendered":"http:\/\/blogsaverroes.juntadeandalucia.es\/pre\/ceip\/?page_id=49"},"modified":"2023-01-25T16:33:54","modified_gmt":"2023-01-25T16:33:54","slug":"proyecto-educativo","status":"publish","type":"page","link":"https:\/\/blogsaverroes.juntadeandalucia.es\/iesjosemariamoronybarrientos\/plan-de-centro\/proyecto-educativo\/","title":{"rendered":"Proyecto Educativo"},"content":{"rendered":"<p><img loading=\"lazy\" decoding=\"async\" class=\"alignnone size-medium wp-image-1662\" src=\"http:\/\/blogsaverroes.juntadeandalucia.es\/temahuemanies\/files\/2015\/03\/proyecto-300x266.png\" alt=\"proyecto\" width=\"300\" height=\"266\" srcset=\"https:\/\/blogsaverroes.juntadeandalucia.es\/iesjosemariamoronybarrientos\/files\/2015\/03\/proyecto-300x266.png 300w, https:\/\/blogsaverroes.juntadeandalucia.es\/iesjosemariamoronybarrientos\/files\/2015\/03\/proyecto.png 640w\" sizes=\"(max-width: 300px) 100vw, 300px\" \/><\/p>\n<h1 id=\"tituloItem\" class=\"blockTituloItem\"><span class=\"tituloItem\">Proyecto Educativo<\/span><\/h1>\n<div id=\"contenido_sitio\">\n<p>* <a title=\"Breve descripci\u00f3n\" href=\"https:\/\/drive.google.com\/file\/d\/1Sn45Kh08KlOICz8wSgAdJO27scA3dkU6\/view?usp=sharing\" target=\"_blank\" rel=\"noopener noreferrer\">Breve descripci\u00f3n de la identidad y &nbsp;las caracter\u00edsticas del centro<\/a><\/p>\n<p><a title=\"Breve Descripci\u00f3n del Centro\" href=\"https:\/\/drive.google.com\/file\/d\/1HBw7e99zFmjByVSYN__yh5SI7y-Cvk0Z\/view?usp=sharing\" target=\"_blank\" rel=\"noopener noreferrer\">a) Objetivos<\/a><\/p>\n<p><a title=\"B_L\u00edneas de Actuaci\u00f3n Pedag\u00f3gicas\" href=\"http:\/\/www.juntadeandalucia.es\/averroes\/centros-tic\/21700447\/helvia\/sitio\/upload\/B_LINEAS_PEDAGOGICAS.pdf\" target=\"_blank\" rel=\"noopener noreferrer\">b) Lineas generales de actuaci\u00f3n pedag\u00f3gica<\/a><\/p>\n<p><a href=\"https:\/\/blogsaverroes.juntadeandalucia.es\/iesjosemariamoronybarrientos\/proyecto-educativo\/concrecion-curricular\/\" target=\"_blank\" rel=\"noopener noreferrer\">c) Coordinaci\u00f3n y concreci\u00f3n de los contenidos curriculares<\/a><\/p>\n<p><a title=\"D_Criterios \u00d3rganos de Coordinaci\u00f3n Docente\" href=\"http:\/\/www.juntadeandalucia.es\/averroes\/centros-tic\/21700447\/helvia\/sitio\/upload\/D_CRITERIOS_ORGANOS_DE_COORDINACION_DOCENTE.pdf\" target=\"_blank\" rel=\"noopener noreferrer\">d) Criterios Pedag\u00f3gicos para la determinaci\u00f3n de los \u00f3rganos de coordinaci\u00f3n docente<\/a><\/p>\n<p><a title=\"E_ LOS PROCEDIMIENTOS Y CRITERIOS DE EVALUACI\u00d3N\" href=\"http:\/\/www.juntadeandalucia.es\/averroes\/centros-tic\/21700447\/helvia\/sitio\/upload\/E_Los_procedimientos_y_Criterios_evaluacion_PE.pdf\" target=\"_blank\" rel=\"noopener noreferrer\">e) Procedimientos y Criterios de Evaluaci\u00f3n<\/a><\/p>\n<p><a title=\"F_PAD_2018\" href=\"http:\/\/www.juntadeandalucia.es\/averroes\/centros-tic\/21700447\/helvia\/sitio\/upload\/F_PAD_2018.pdf\" target=\"_blank\" rel=\"noopener noreferrer\">f) Forma de Atenci\u00f3n a la diversidad del alumnado<\/a><\/p>\n<p><a title=\"Protocolo de recuperaci\u00f3n\" href=\"http:\/\/www.juntadeandalucia.es\/averroes\/centros-tic\/21700447\/helvia\/sitio\/upload\/G_Protocolo_de_recuperacion.pdf\" target=\"_blank\" rel=\"noopener noreferrer\">g) Organizaci\u00f3n de las actividades de recuperaci\u00f3n para el alumnado con materias pendientes<\/a><\/p>\n<p><a title=\"H_POAT\" href=\"http:\/\/www.juntadeandalucia.es\/averroes\/centros-tic\/21700447\/helvia\/sitio\/upload\/H_POAT_2018.pdf\" target=\"_blank\" rel=\"noopener noreferrer\">h) &nbsp;El plan de orientaci\u00f3n y acci\u00f3n tutorial<\/a><\/p>\n<p><a title=\"procedimiento para subscribir compromisos educativos y de conviviencia con las familias\" href=\"http:\/\/www.juntadeandalucia.es\/averroes\/centros-tic\/21700447\/helvia\/sitio\/upload\/I__COMPROMISOS_DE_CONVIVIENCIA.pdf\" target=\"_blank\" rel=\"noopener noreferrer\">i) Procedimiento para suscribir compromisos educativos y de convivencia<\/a><\/p>\n<p><a title=\"J_PLAN DE CONVIVENCIA_2019\" href=\"http:\/\/www.juntadeandalucia.es\/averroes\/centros-tic\/21700447\/helvia\/sitio\/upload\/Plan_de_Convivencia_2019.pdf\" target=\"_blank\" rel=\"noopener noreferrer\">j) Plan de Convivencia<\/a>&nbsp;(<a title=\"PROTOCOLO DE DISRUPCI\u00d3N\" href=\"http:\/\/www.juntadeandalucia.es\/averroes\/centros-tic\/21700447\/helvia\/sitio\/upload\/Protocolo_de_disrupcion_2019.pdf\" target=\"_blank\" rel=\"noopener noreferrer\">PROTOCOLO DE DISRUPCI\u00d3N<\/a>)<\/p>\n<p><a title=\"Plan de formacion del profesorado\" href=\"http:\/\/www.juntadeandalucia.es\/averroes\/centros-tic\/21700447\/helvia\/sitio\/upload\/k__PLAN_DE_FORMACION_DEL_PROFESORADO.pdf\" target=\"_blank\" rel=\"noopener noreferrer\">k) El plan de Formaci\u00f3n del Profesorado<\/a><\/p>\n<p><a title=\"L_CRITERIOS PARA LA DISTRIBUCI\u00d3N DEL TIEMPO ESCOLAR\" href=\"http:\/\/www.juntadeandalucia.es\/averroes\/centros-tic\/21700447\/helvia\/sitio\/upload\/L__CRITERIOS_PEDAGOGICOS_PARA_LA_ELABORACION_DE_LOS_HORARI.pdf\" target=\"_blank\" rel=\"noopener noreferrer\">l) Criterios para Organizar y Distribuir el tiempo escolar<\/a><\/p>\n<p><a title=\"Procedimientos de Evaluaci\u00f3n Interna\" href=\"http:\/\/www.juntadeandalucia.es\/averroes\/centros-tic\/21700447\/helvia\/sitio\/upload\/N__Evaluacion_interna.pdf\" target=\"_blank\" rel=\"noopener noreferrer\">n) Los procedimientos de Evaluaci\u00f3n Interna<\/a><\/p>\n<p><a title=\"Criterios para establecer los agrupamientos\" href=\"http:\/\/www.juntadeandalucia.es\/averroes\/centros-tic\/21700447\/helvia\/sitio\/upload\/NI__CRITERIOS__AGRUPAMIENTOS_y_TUTORIAS.pdf\" target=\"_blank\" rel=\"noopener noreferrer\">\u00f1) Criterios para establecer los agrupamientos del alumnado y la asignaci\u00f3n de las tutorias<\/a><\/p>\n<p><a title=\"o_criterio_oferta_optativas\" href=\"http:\/\/www.juntadeandalucia.es\/averroes\/centros-tic\/21700447\/helvia\/sitio\/upload\/O__CRITERIOS_PARA_LA_DETERMINACION_DE_OPTATIVAS.pdf\" target=\"_blank\" rel=\"noopener noreferrer\">o) Criterios para determinar la oferta de materias optativas<\/a><\/p>\n<p><a title=\"Q_MODELO PROGRAMACI\u00d3N DID\u00c1CTICA\" href=\"http:\/\/www.juntadeandalucia.es\/averroes\/centros-tic\/21700447\/helvia\/sitio\/upload\/Q_MODELO_PROGRAMACION_DIDACTICA_REVISADA_ETCP.pdf\" target=\"_blank\" rel=\"noopener noreferrer\">q) Criterios generales para la elaboraci\u00f3n de las programaciones did\u00e1cticas<\/a><\/p>\n<p><a title=\"R_PLANES Y PROYECTOS\" href=\"http:\/\/www.juntadeandalucia.es\/averroes\/centros-tic\/21700447\/helvia\/sitio\/upload\/R_PLANES_Y_PROYECTOS_QUE_SE_DESARROLLAN.pdf\" target=\"_blank\" rel=\"noopener noreferrer\">r) Planes Estrat\u00e9gicos que se desarrollan en el instituto<\/a><\/p>\n<\/div>\n","protected":false},"excerpt":{"rendered":"<p>Proyecto Educativo * Breve descripci\u00f3n de la identidad y &nbsp;las caracter\u00edsticas del centro a) Objetivos b) Lineas generales de actuaci\u00f3n pedag\u00f3gica c) Coordinaci\u00f3n y concreci\u00f3n de los contenidos curriculares d) Criterios Pedag\u00f3gicos para la&#46;&#46;&#46;<\/p>\n","protected":false},"author":1,"featured_media":0,"parent":2735,"menu_order":0,"comment_status":"open","ping_status":"open","template":"page-templates\/child-menu.php","meta":{"ngg_post_thumbnail":0,"footnotes":"","_mc_calendar":[]},"aioseo_notices":[],"_links":{"self":[{"href":"https:\/\/blogsaverroes.juntadeandalucia.es\/iesjosemariamoronybarrientos\/wp-json\/wp\/v2\/pages\/49"}],"collection":[{"href":"https:\/\/blogsaverroes.juntadeandalucia.es\/iesjosemariamoronybarrientos\/wp-json\/wp\/v2\/pages"}],"about":[{"href":"https:\/\/blogsaverroes.juntadeandalucia.es\/iesjosemariamoronybarrientos\/wp-json\/wp\/v2\/types\/page"}],"author":[{"embeddable":true,"href":"https:\/\/blogsaverroes.juntadeandalucia.es\/iesjosemariamoronybarrientos\/wp-json\/wp\/v2\/users\/1"}],"replies":[{"embeddable":true,"href":"https:\/\/blogsaverroes.juntadeandalucia.es\/iesjosemariamoronybarrientos\/wp-json\/wp\/v2\/comments?post=49"}],"version-history":[{"count":11,"href":"https:\/\/blogsaverroes.juntadeandalucia.es\/iesjosemariamoronybarrientos\/wp-json\/wp\/v2\/pages\/49\/revisions"}],"predecessor-version":[{"id":3195,"href":"https:\/\/blogsaverroes.juntadeandalucia.es\/iesjosemariamoronybarrientos\/wp-json\/wp\/v2\/pages\/49\/revisions\/3195"}],"up":[{"embeddable":true,"href":"https:\/\/blogsaverroes.juntadeandalucia.es\/iesjosemariamoronybarrientos\/wp-json\/wp\/v2\/pages\/2735"}],"wp:attachment":[{"href":"https:\/\/blogsaverroes.juntadeandalucia.es\/iesjosemariamoronybarrientos\/wp-json\/wp\/v2\/media?parent=49"}],"curies":[{"name":"wp","href":"https:\/\/api.w.org\/{rel}","templated":true}]}}