{"id":2671,"date":"2019-11-14T16:34:21","date_gmt":"2019-11-14T16:34:21","guid":{"rendered":"https:\/\/blogsaverroes.juntadeandalucia.es\/iesjosesaramago\/?page_id=2671"},"modified":"2020-05-21T07:59:56","modified_gmt":"2020-05-21T07:59:56","slug":"aula-de-cine","status":"publish","type":"page","link":"https:\/\/blogsaverroes.juntadeandalucia.es\/iesjosesaramago\/aula-de-cine\/","title":{"rendered":"Aula de Cine"},"content":{"rendered":"<p><a href=\"https:\/\/blogsaverroes.juntadeandalucia.es\/iesjosesaramago\/files\/2020\/04\/aula-de-cine.png\"><img loading=\"lazy\" decoding=\"async\" class=\"alignnone wp-image-3334\" src=\"https:\/\/blogsaverroes.juntadeandalucia.es\/iesjosesaramago\/files\/2020\/04\/aula-de-cine-300x151.png\" alt=\"\" width=\"381\" height=\"192\" srcset=\"https:\/\/blogsaverroes.juntadeandalucia.es\/iesjosesaramago\/files\/2020\/04\/aula-de-cine-300x151.png 300w, https:\/\/blogsaverroes.juntadeandalucia.es\/iesjosesaramago\/files\/2020\/04\/aula-de-cine-24x12.png 24w, https:\/\/blogsaverroes.juntadeandalucia.es\/iesjosesaramago\/files\/2020\/04\/aula-de-cine-36x18.png 36w, https:\/\/blogsaverroes.juntadeandalucia.es\/iesjosesaramago\/files\/2020\/04\/aula-de-cine-48x24.png 48w, https:\/\/blogsaverroes.juntadeandalucia.es\/iesjosesaramago\/files\/2020\/04\/aula-de-cine.png 316w\" sizes=\"(max-width: 381px) 100vw, 381px\" \/><\/a><\/p>\n<p><a href=\"https:\/\/blogsaverroes.juntadeandalucia.es\/iesjosesaramago\/files\/2020\/03\/PEL\u00cdCULAS-RECOMENDADAS-EF-Y-DEPORTE.pdf\">PEL\u00cdCULAS RECOMENDADAS EF Y DEPORTE<\/a><\/p>\n<p>&nbsp;<\/p>\n<p><span style=\"color: #0000ff\"><strong>CANAL DE YOUTUBE DE AULA DE CINE<\/strong><\/span><\/p>\n<p><span style=\"color: #000000\">El profesorado podr\u00e1 encontrar informaci\u00f3n sobre el proceso de creaci\u00f3n de un informativo escolar, un stop motion, narrativa audiovisual, cortometrajes y mucho m\u00e1s. Recomendamos visitar el canal porque encontraremos ideas inspiradoras&#8230;<\/span><\/p>\n<p><span style=\"color: #000000\"><a href=\"https:\/\/www.youtube.com\/channel\/UC_EFIvxOXYx9DwjTs0agw1A\/playlists\">Canal de youtube de Aula de Cine<\/a><\/span><\/p>\n<p><strong><span style=\"color: #0000ff\">COMUNICA-IM\u00c1GENES<\/span><\/strong><\/p>\n<p><span style=\"color: #000000\">\u00abNarrativas visuales\u00bb<\/span><\/p>\n<p><span style=\"color: #000000\"> Llega el momento&#8230;\u00a1Est\u00e1s confinado\/a en casa! <\/span><\/p>\n<p><span style=\"color: #000000\">\u00bfEst\u00e1s saturado\/a con los trabajos escolares? Dinos t\u00fa<\/span><\/p>\n<p><span style=\"color: #000000\">\u00bfC\u00f3mo llevas esta situaci\u00f3n? Cu\u00e9ntanos<\/span><\/p>\n<p><span style=\"color: #000000\">\u00bfTe aburres? \u00bfCu\u00e1ndo y qu\u00e9 haces para contrarrestarlo?<\/span><\/p>\n<p><span style=\"color: #000000\">Atr\u00e9vete a comunicar a trav\u00e9s de un \u00abmeme\u00bb<\/span><\/p>\n<p><span style=\"color: #000000\">Entra en<span style=\"color: #0000ff\">&nbsp;<a style=\"color: #0000ff\" href=\"https:\/\/www.memegenerator.es\/\">Generador de memes<\/a><\/span>, elige una fotograf\u00eda, escribe un breve texto y comparte (#AulaDeCineAnd)<\/span><\/p>\n<p><span style=\"color: #000000\">Si no sabes c\u00f3mo compartirlo hazlo llegar a tus profesores\/as y ellos se encargar\u00e1n del resto. \u00a1Te esperamos!<\/span><\/p>\n<p>Aqu\u00ed dejamos un enlace a los memes que nos est\u00e1is enviando<\/p>\n<p><a href=\"https:\/\/padlet.com\/gloriavazquez1981\/4jaw930m6zex4rgt\">https:\/\/padlet.com\/gloriavazquez1981\/4jaw930m6zex4rgt<\/a><\/p>\n<p>&nbsp;<\/p>\n<p><strong><span style=\"color: #0000ff\">TIPOS DE PLANO EN EL CINE<\/span><\/strong><\/p>\n<p>Vamos a conocer los planos b\u00e1sicos que se emplean en el cine para que elijas uno,&nbsp; fotograf\u00edes cualquier objeto de tu entorno y nos hagas llegar esa imagen indicando el tipo de plano que has pretendido emplear. Aunque en los ejemplos que leer\u00e1s aqu\u00ed debajo aparecen personas, puedes fotografiar cualquier objeto de tu entorno. Env\u00eda, al menos 2 im\u00e1genes a esta direcci\u00f3n de correo indicando en el nombre del archivo el nombre del plano en cuesti\u00f3n: gloriavazquez1981@gmail.com<\/p>\n<p><strong>Plano General<\/strong><strong>&nbsp;<\/strong><\/p>\n<p>Son im\u00e1genes en las que se intenta capturar la mayor parte de la escena posible. Normalmente se suelen hacer con el m\u00e1ximo&nbsp;angular que nos permita el objetivo. En<span style=\"color: #000000\">&nbsp;<a style=\"color: #000000\" href=\"https:\/\/365enfoques.com\/mejorar-fotos\/fotografia-de-retrato\/\">fotograf\u00eda de retrato<\/a>&nbsp;<\/span>por ejemplo, aparecer\u00eda el sujeto completo sin recortar ninguna extremidad, dejando \u00abaire\u00bb por los alrededores. El&nbsp;modelo ocupar\u00eda 1\/4 o 1\/3 de la escena&nbsp;aproximadamente.<\/p>\n<p><a href=\"https:\/\/blogsaverroes.juntadeandalucia.es\/iesjosesaramago\/files\/2020\/04\/Plano-General.png\"><img loading=\"lazy\" decoding=\"async\" class=\"alignnone size-medium wp-image-3371\" src=\"https:\/\/blogsaverroes.juntadeandalucia.es\/iesjosesaramago\/files\/2020\/04\/Plano-General-300x200.png\" alt=\"\" width=\"300\" height=\"200\" srcset=\"https:\/\/blogsaverroes.juntadeandalucia.es\/iesjosesaramago\/files\/2020\/04\/Plano-General-300x200.png 300w, https:\/\/blogsaverroes.juntadeandalucia.es\/iesjosesaramago\/files\/2020\/04\/Plano-General-24x16.png 24w, https:\/\/blogsaverroes.juntadeandalucia.es\/iesjosesaramago\/files\/2020\/04\/Plano-General-36x24.png 36w, https:\/\/blogsaverroes.juntadeandalucia.es\/iesjosesaramago\/files\/2020\/04\/Plano-General-48x32.png 48w, https:\/\/blogsaverroes.juntadeandalucia.es\/iesjosesaramago\/files\/2020\/04\/Plano-General.png 500w\" sizes=\"(max-width: 300px) 100vw, 300px\" \/><\/a><\/p>\n<p>&nbsp;<strong>Plano Figura<\/strong><\/p>\n<p>En el&nbsp;<em>plano figura<\/em>&nbsp;el sujeto<strong>&nbsp;ocupa todo el encuadre<\/strong>&nbsp;de la foto, de la cabeza hasta los pies, tambi\u00e9n llamado \u00abplano entero\u00bb. En estos planos se suele dejar menos \u00abaire\u00bb por los laterales.<\/p>\n<p><a href=\"https:\/\/blogsaverroes.juntadeandalucia.es\/iesjosesaramago\/files\/2020\/04\/Plano-figura.png\"><img loading=\"lazy\" decoding=\"async\" class=\"alignnone size-medium wp-image-3376\" src=\"https:\/\/blogsaverroes.juntadeandalucia.es\/iesjosesaramago\/files\/2020\/04\/Plano-figura-168x300.png\" alt=\"\" width=\"168\" height=\"300\" srcset=\"https:\/\/blogsaverroes.juntadeandalucia.es\/iesjosesaramago\/files\/2020\/04\/Plano-figura-168x300.png 168w, https:\/\/blogsaverroes.juntadeandalucia.es\/iesjosesaramago\/files\/2020\/04\/Plano-figura-13x24.png 13w, https:\/\/blogsaverroes.juntadeandalucia.es\/iesjosesaramago\/files\/2020\/04\/Plano-figura-20x36.png 20w, https:\/\/blogsaverroes.juntadeandalucia.es\/iesjosesaramago\/files\/2020\/04\/Plano-figura-27x48.png 27w, https:\/\/blogsaverroes.juntadeandalucia.es\/iesjosesaramago\/files\/2020\/04\/Plano-figura.png 186w\" sizes=\"(max-width: 168px) 100vw, 168px\" \/><\/a><\/p>\n<p><strong>Plano Americano o&nbsp;3\/4<\/strong><\/p>\n<p>Es aquel en el que&nbsp;la escena se divide en 4 zonas y solo escogemos&nbsp;3.<\/p>\n<p>En el&nbsp;plano americano&nbsp;escoger\u00edamos las zonas de la cabeza a la parte superior de la rodilla (nunca cortes una foto de una persona por las articulaciones, intenta separarte un poco de ellas si no quieres mutilar a tu modelo).<\/p>\n<p>El&nbsp;nombre de plano americano se debe a que se utilizaba en las pel\u00edculas del oeste para que apareciesen en la escena la pistola y los cartuchos junto al personaje.<\/p>\n<p><a href=\"https:\/\/blogsaverroes.juntadeandalucia.es\/iesjosesaramago\/files\/2020\/04\/Plano-americano.png\"><img loading=\"lazy\" decoding=\"async\" class=\"alignnone size-medium wp-image-3375\" src=\"https:\/\/blogsaverroes.juntadeandalucia.es\/iesjosesaramago\/files\/2020\/04\/Plano-americano-300x168.png\" alt=\"\" width=\"300\" height=\"168\" srcset=\"https:\/\/blogsaverroes.juntadeandalucia.es\/iesjosesaramago\/files\/2020\/04\/Plano-americano-300x168.png 300w, https:\/\/blogsaverroes.juntadeandalucia.es\/iesjosesaramago\/files\/2020\/04\/Plano-americano-24x13.png 24w, https:\/\/blogsaverroes.juntadeandalucia.es\/iesjosesaramago\/files\/2020\/04\/Plano-americano-36x20.png 36w, https:\/\/blogsaverroes.juntadeandalucia.es\/iesjosesaramago\/files\/2020\/04\/Plano-americano-48x27.png 48w, https:\/\/blogsaverroes.juntadeandalucia.es\/iesjosesaramago\/files\/2020\/04\/Plano-americano.png 380w\" sizes=\"(max-width: 300px) 100vw, 300px\" \/><\/a><\/p>\n<p><strong>Plano Medio<\/strong><strong>&nbsp;<\/strong><\/p>\n<p>En este tipo de plano aparece el sujeto de la cabeza a la cintura (recuerda no cortar la foto por articulaciones), m\u00e1s o menos por la zona del ombligo. Se utiliza mucho en fotograf\u00eda de moda o en entrevistas con dos sujetos. El corte bajo se realizar\u00eda desde un punto intermedio entre el ombligo y la entrepierna. Si se diera el caso de que el sujeto estuviese sentado la zona de corte bajo se har\u00eda en la mitad de los muslos aproximadamente.<\/p>\n<p><a href=\"https:\/\/blogsaverroes.juntadeandalucia.es\/iesjosesaramago\/files\/2020\/04\/Plano-medio.png\"><img loading=\"lazy\" decoding=\"async\" class=\"alignnone size-full wp-image-3377\" src=\"https:\/\/blogsaverroes.juntadeandalucia.es\/iesjosesaramago\/files\/2020\/04\/Plano-medio.png\" alt=\"\" width=\"222\" height=\"158\" srcset=\"https:\/\/blogsaverroes.juntadeandalucia.es\/iesjosesaramago\/files\/2020\/04\/Plano-medio.png 222w, https:\/\/blogsaverroes.juntadeandalucia.es\/iesjosesaramago\/files\/2020\/04\/Plano-medio-24x17.png 24w, https:\/\/blogsaverroes.juntadeandalucia.es\/iesjosesaramago\/files\/2020\/04\/Plano-medio-36x26.png 36w, https:\/\/blogsaverroes.juntadeandalucia.es\/iesjosesaramago\/files\/2020\/04\/Plano-medio-48x34.png 48w\" sizes=\"(max-width: 222px) 100vw, 222px\" \/><\/a><\/p>\n<p><strong>Primer Plano<\/strong><strong>&nbsp;<\/strong><\/p>\n<p>En este&nbsp;tipo de encuadre&nbsp;el plano se corta en los hombros y sigue hasta la cabeza. Es el m\u00e1s utilizado en fotograf\u00edas donde queremos resaltar el maquillaje o el rostro.<\/p>\n<p>Acerca al espectador mucho m\u00e1s al sujeto, es un plano perfecto para&nbsp;escenas \u00edntimas,&nbsp;tambi\u00e9n se conoce como&nbsp;primer plano menor&nbsp;o&nbsp;plano de retrato.<\/p>\n<p><a href=\"https:\/\/blogsaverroes.juntadeandalucia.es\/iesjosesaramago\/files\/2020\/04\/Primer-plano.png\"><img loading=\"lazy\" decoding=\"async\" class=\"alignnone size-medium wp-image-3378\" src=\"https:\/\/blogsaverroes.juntadeandalucia.es\/iesjosesaramago\/files\/2020\/04\/Primer-plano-300x128.png\" alt=\"\" width=\"300\" height=\"128\" srcset=\"https:\/\/blogsaverroes.juntadeandalucia.es\/iesjosesaramago\/files\/2020\/04\/Primer-plano-300x128.png 300w, https:\/\/blogsaverroes.juntadeandalucia.es\/iesjosesaramago\/files\/2020\/04\/Primer-plano-24x10.png 24w, https:\/\/blogsaverroes.juntadeandalucia.es\/iesjosesaramago\/files\/2020\/04\/Primer-plano-36x15.png 36w, https:\/\/blogsaverroes.juntadeandalucia.es\/iesjosesaramago\/files\/2020\/04\/Primer-plano-48x20.png 48w, https:\/\/blogsaverroes.juntadeandalucia.es\/iesjosesaramago\/files\/2020\/04\/Primer-plano.png 500w\" sizes=\"(max-width: 300px) 100vw, 300px\" \/><\/a><\/p>\n<p><strong>Plano Cenital o Zenital<\/strong><strong>&nbsp;<\/strong><\/p>\n<p>Se realiza encima del sujeto. Es un buen plano para componer con sombras o la colocaci\u00f3n de los objetos de la escena. La escena se capta de forma&nbsp;perpendicular al suelo.<\/p>\n<p><a href=\"https:\/\/blogsaverroes.juntadeandalucia.es\/iesjosesaramago\/files\/2020\/04\/Cenital.png\"><img loading=\"lazy\" decoding=\"async\" class=\"alignnone size-medium wp-image-3372\" src=\"https:\/\/blogsaverroes.juntadeandalucia.es\/iesjosesaramago\/files\/2020\/04\/Cenital-300x207.png\" alt=\"\" width=\"300\" height=\"207\" srcset=\"https:\/\/blogsaverroes.juntadeandalucia.es\/iesjosesaramago\/files\/2020\/04\/Cenital-300x207.png 300w, https:\/\/blogsaverroes.juntadeandalucia.es\/iesjosesaramago\/files\/2020\/04\/Cenital-24x17.png 24w, https:\/\/blogsaverroes.juntadeandalucia.es\/iesjosesaramago\/files\/2020\/04\/Cenital-36x25.png 36w, https:\/\/blogsaverroes.juntadeandalucia.es\/iesjosesaramago\/files\/2020\/04\/Cenital-48x33.png 48w, https:\/\/blogsaverroes.juntadeandalucia.es\/iesjosesaramago\/files\/2020\/04\/Cenital.png 600w\" sizes=\"(max-width: 300px) 100vw, 300px\" \/><\/a><\/p>\n<p><strong>Plano picado<\/strong><strong>&nbsp;<\/strong><\/p>\n<p>Para hacer un&nbsp;<em>plano picado<\/em>&nbsp;debes situarte por encima del sujeto de forma oblicua a unos 45\u00ba aproximadamente, hasta menos de 90\u00ba en los que ya hablar\u00edamos de&nbsp;plano cenital.<\/p>\n<p>Coloca la c\u00e1mara a una altura aproximada de la de los ojos, que har\u00e1 que la imagen trasmita al espectador una sensaci\u00f3n de inferioridad y fragilidad.<\/p>\n<p><a href=\"https:\/\/blogsaverroes.juntadeandalucia.es\/iesjosesaramago\/files\/2020\/04\/Picado.png\"><img loading=\"lazy\" decoding=\"async\" class=\"alignnone size-medium wp-image-3374\" src=\"https:\/\/blogsaverroes.juntadeandalucia.es\/iesjosesaramago\/files\/2020\/04\/Picado-300x161.png\" alt=\"\" width=\"300\" height=\"161\" srcset=\"https:\/\/blogsaverroes.juntadeandalucia.es\/iesjosesaramago\/files\/2020\/04\/Picado-300x161.png 300w, https:\/\/blogsaverroes.juntadeandalucia.es\/iesjosesaramago\/files\/2020\/04\/Picado-24x13.png 24w, https:\/\/blogsaverroes.juntadeandalucia.es\/iesjosesaramago\/files\/2020\/04\/Picado-36x19.png 36w, https:\/\/blogsaverroes.juntadeandalucia.es\/iesjosesaramago\/files\/2020\/04\/Picado-48x26.png 48w, https:\/\/blogsaverroes.juntadeandalucia.es\/iesjosesaramago\/files\/2020\/04\/Picado.png 500w\" sizes=\"(max-width: 300px) 100vw, 300px\" \/><\/a><\/p>\n<p><strong>&nbsp;<\/strong><strong>Plano contrapicado<\/strong><strong>&nbsp;<\/strong><\/p>\n<p>Se realiza situ\u00e1ndote justo enfrente del sujeto, a una altura por debajo de la de sus ojos. El objetivo debe estar orientado al techo de forma&nbsp;opuesta al plano picado. Con el&nbsp;contrapicado&nbsp;podr\u00e1s mostrar al sujeto m\u00e1s fuerte, magnificarlo, hacerlo m\u00e1s importante.<\/p>\n<p><a href=\"https:\/\/blogsaverroes.juntadeandalucia.es\/iesjosesaramago\/files\/2020\/04\/contrapicado.png\"><img loading=\"lazy\" decoding=\"async\" class=\"alignnone size-medium wp-image-3373\" src=\"https:\/\/blogsaverroes.juntadeandalucia.es\/iesjosesaramago\/files\/2020\/04\/contrapicado-300x200.png\" alt=\"\" width=\"300\" height=\"200\" srcset=\"https:\/\/blogsaverroes.juntadeandalucia.es\/iesjosesaramago\/files\/2020\/04\/contrapicado-300x200.png 300w, https:\/\/blogsaverroes.juntadeandalucia.es\/iesjosesaramago\/files\/2020\/04\/contrapicado-24x16.png 24w, https:\/\/blogsaverroes.juntadeandalucia.es\/iesjosesaramago\/files\/2020\/04\/contrapicado-36x24.png 36w, https:\/\/blogsaverroes.juntadeandalucia.es\/iesjosesaramago\/files\/2020\/04\/contrapicado-48x32.png 48w, https:\/\/blogsaverroes.juntadeandalucia.es\/iesjosesaramago\/files\/2020\/04\/contrapicado.png 450w\" sizes=\"(max-width: 300px) 100vw, 300px\" \/><\/a><\/p>\n<p><strong><span style=\"color: #0000ff\">COMUNICA- IM\u00c1GENES<\/span><\/strong><\/p>\n<p>Cu\u00e9ntanos lo que quieras (deseos, sentimientos, situaciones, c\u00f3mo ves esta pandemia). Atr\u00e9vete a comunicar a trav\u00e9s de un GIF animado.&nbsp;<\/p>\n<ol>\n<li>Elige tu tema<\/li>\n<li>Realiza o escoge un plano secuencia de un v\u00eddeo cuya duraci\u00f3n no sea mayor de un minuto.&nbsp;<\/li>\n<li>Realiza el GIF descargando la app \u00abGif me camera\u00bbsiguiendo estas instrucciones&nbsp;<a href=\"https:\/\/www.youtube.com\/watch?v=n9Li9zUqGDM\">https:\/\/www.youtube.com\/watch?v=n9Li9zUqGDM<\/a><\/li>\n<li>Comp\u00e1rtelo con tus profesores. Envia tu creaci\u00f3n a <strong><span style=\"color: #0000ff\">gloriavazquez1981@gmail.com<\/span><\/strong><\/li>\n<\/ol>\n<p>&nbsp;<\/p>\n<p><strong><span style=\"color: #0000ff\">COMUNICA -NARRATIVAS VISUALES<\/span><\/strong><\/p>\n<p>Vamos a conocer qu\u00e9 es un STOP MOTION, una t\u00e9cnica cinematogr\u00e1fica empleada para animar objetos est\u00e1ticos.&nbsp; Podemos crear nuestro propio Stop Motion con la aplicaci\u00f3n \u00abstopmotion studio\u00bb. As\u00ed, vas a tomar fotos de cualquier objeto que tengas en casa (juguetes, figuras de plastilina). Intenta dejar el m\u00f3vil en un soporte fijo y comienza a crear tu stop motion de la siguiente forma: realiza foto,&nbsp; mueve, realiza foto, mueve y as\u00ed sucesivamente. Despu\u00e9s comparte tu creaci\u00f3n con nosotros a trav\u00e9s del correo <strong><span style=\"color: #0000ff\">gloriavazquez1981@gmail.com<\/span><\/strong><\/p>\n<p>Os dejo un v\u00eddeo de un ejemplo&nbsp;<\/p>\n<p>&nbsp;<\/p>\n<p><iframe loading=\"lazy\" title=\"Como hacer Un Stop Motion Tutorial Basico\" width=\"500\" height=\"281\" src=\"https:\/\/www.youtube.com\/embed\/XqlR2T5Ztyo?feature=oembed&#038;wmode=opaque\" frameborder=\"0\" allow=\"accelerometer; autoplay; clipboard-write; encrypted-media; gyroscope; picture-in-picture\" allowfullscreen><\/iframe><\/p>\n<p>&nbsp;<\/p>\n<p>&nbsp;<\/p>\n<p>&nbsp;<\/p>\n<p>&nbsp;<\/p>\n<p><strong>&nbsp;<\/strong><\/p>\n<p><strong>&nbsp;<\/strong><\/p>\n<p><strong>&nbsp;<\/strong><\/p>\n<p><strong>&nbsp;<\/strong><\/p>\n<p><strong>&nbsp;<\/strong><\/p>\n<p><strong>&nbsp;<\/strong><\/p>\n<p><strong>&nbsp;<\/strong><\/p>\n<p><strong>&nbsp;<\/strong><\/p>\n<p><strong>&nbsp;<\/strong><\/p>\n<p><strong>&nbsp;<\/strong><\/p>\n<p><strong>&nbsp;<\/strong><\/p>\n<p>&nbsp;<\/p>\n<p>&nbsp;<\/p>\n<p>&nbsp;<\/p>\n<p>&nbsp;<\/p>\n","protected":false},"excerpt":{"rendered":"<p>PEL\u00cdCULAS RECOMENDADAS EF Y DEPORTE &nbsp; CANAL DE YOUTUBE DE AULA DE CINE El profesorado podr\u00e1 encontrar informaci\u00f3n sobre el proceso de creaci\u00f3n de un informativo escolar, un stop motion, narrativa audiovisual, cortometrajes y&#46;&#46;&#46;<\/p>\n","protected":false},"author":7135,"featured_media":0,"parent":0,"menu_order":0,"comment_status":"closed","ping_status":"closed","template":"","meta":{"ngg_post_thumbnail":0,"footnotes":"","_mc_calendar":[]},"aioseo_notices":[],"_links":{"self":[{"href":"https:\/\/blogsaverroes.juntadeandalucia.es\/iesjosesaramago\/wp-json\/wp\/v2\/pages\/2671"}],"collection":[{"href":"https:\/\/blogsaverroes.juntadeandalucia.es\/iesjosesaramago\/wp-json\/wp\/v2\/pages"}],"about":[{"href":"https:\/\/blogsaverroes.juntadeandalucia.es\/iesjosesaramago\/wp-json\/wp\/v2\/types\/page"}],"author":[{"embeddable":true,"href":"https:\/\/blogsaverroes.juntadeandalucia.es\/iesjosesaramago\/wp-json\/wp\/v2\/users\/7135"}],"replies":[{"embeddable":true,"href":"https:\/\/blogsaverroes.juntadeandalucia.es\/iesjosesaramago\/wp-json\/wp\/v2\/comments?post=2671"}],"version-history":[{"count":14,"href":"https:\/\/blogsaverroes.juntadeandalucia.es\/iesjosesaramago\/wp-json\/wp\/v2\/pages\/2671\/revisions"}],"predecessor-version":[{"id":3527,"href":"https:\/\/blogsaverroes.juntadeandalucia.es\/iesjosesaramago\/wp-json\/wp\/v2\/pages\/2671\/revisions\/3527"}],"wp:attachment":[{"href":"https:\/\/blogsaverroes.juntadeandalucia.es\/iesjosesaramago\/wp-json\/wp\/v2\/media?parent=2671"}],"curies":[{"name":"wp","href":"https:\/\/api.w.org\/{rel}","templated":true}]}}