{"id":3308,"date":"2020-04-22T10:37:25","date_gmt":"2020-04-22T10:37:25","guid":{"rendered":"https:\/\/blogsaverroes.juntadeandalucia.es\/iesjosesaramago\/?page_id=3308"},"modified":"2020-06-06T16:48:41","modified_gmt":"2020-06-06T16:48:41","slug":"lecturas-en-cuarentena","status":"publish","type":"page","link":"https:\/\/blogsaverroes.juntadeandalucia.es\/iesjosesaramago\/biblioteca\/lecturas-en-cuarentena\/","title":{"rendered":"Lecturas en cuarentena"},"content":{"rendered":"<h1 style=\"text-align: center\"><span style=\"color: #993366\"><strong>23 DE ABRIL, D\u00cdA INTERNACIONAL DEL LIBRO<\/strong><\/span><\/h1>\n<p><a href=\"https:\/\/blogsaverroes.juntadeandalucia.es\/iesjosesaramago\/files\/2020\/04\/cartel.jpg\"><img loading=\"lazy\" decoding=\"async\" class=\"wp-image-3312 aligncenter\" src=\"https:\/\/blogsaverroes.juntadeandalucia.es\/iesjosesaramago\/files\/2020\/04\/cartel-300x251.jpg\" alt=\"\" width=\"521\" height=\"436\" srcset=\"https:\/\/blogsaverroes.juntadeandalucia.es\/iesjosesaramago\/files\/2020\/04\/cartel-300x251.jpg 300w, https:\/\/blogsaverroes.juntadeandalucia.es\/iesjosesaramago\/files\/2020\/04\/cartel-768x644.jpg 768w, https:\/\/blogsaverroes.juntadeandalucia.es\/iesjosesaramago\/files\/2020\/04\/cartel-24x20.jpg 24w, https:\/\/blogsaverroes.juntadeandalucia.es\/iesjosesaramago\/files\/2020\/04\/cartel-36x30.jpg 36w, https:\/\/blogsaverroes.juntadeandalucia.es\/iesjosesaramago\/files\/2020\/04\/cartel-48x40.jpg 48w, https:\/\/blogsaverroes.juntadeandalucia.es\/iesjosesaramago\/files\/2020\/04\/cartel.jpg 940w\" sizes=\"(max-width: 521px) 100vw, 521px\" \/><\/a><\/p>\n<p>&nbsp;<\/p>\n<p style=\"text-align: center\"><strong>\u00a1BIENVENIDOS AL PEQUE\u00d1O RINC\u00d3N DE <em>\u2018LITERATURA EN TIEMPOS DE CUARENTENA\u2019<\/em>!<\/strong><\/p>\n<p style=\"text-align: left\">Aunque no podamos salir de casa hay tres cosas propias del ser humano que jam\u00e1s nos podr\u00e1n quitar: nuestro extraordinario instinto de superaci\u00f3n, la necesidad de relacionarnos y las ganas de aprender.<\/p>\n<p style=\"text-align: left\">Adem\u00e1s de todos los proyectos y talleres en los que todos y todas participamos, hemos inventado esta peque\u00f1a ventana para que podamos comunicarnos de un modo muy especial: <strong>la literatura<\/strong>. Poemas, p\u00e1rrafos de una novela e incluso buenas noticias. Pod\u00e9is a\u00f1adir en este espacio aquello con lo que os sint\u00e1is identificados o que, simplemente, os apetezca compartir con todos los miembros de nuestra comunidad educativa.<\/p>\n<p style=\"text-align: center\"><strong>Solo ten\u00e9is que enviar un correo a vuestra\/o profe de Lengua y Literatura con aquello que quer\u00e1is compartir y \u00a1Listo!<\/strong><\/p>\n<p style=\"text-align: center\"><strong>\u00a1OS ESPERAMOS!<\/strong><\/p>\n<p>&nbsp;<\/p>\n<p>\u00bfAl f\u00fatbol se juega en el estadio?<br \/>\nAl f\u00fatbol se juega en la playa,<br \/>\nal f\u00fatbol se juega en la calle,<br \/>\nal f\u00fatbol se juega en el alma.<br \/>\nId\u00e9ntico bal\u00f3n, forma sagrada<br \/>\npara los cracks o los patas de palo.<br \/>\nLa misma exuberancia de chutar<br \/>\nen la delirante Copa del Mundo<br \/>\nque en el m\u00e1s \u00e1rido pedregal.<br \/>\nPiruetas de s\u00fabitas estatuas,<br \/>\nfant\u00e1sticos dibujos, bailados<br \/>\npor entrelazados pies y torsos.<br \/>\nL\u00fadicos instantes: flota<br \/>\nel jugador, grabado en el aire.<br \/>\n-Por fin, el cuerpo triunfante<br \/>\ncontra la triste ley de la gravedad<\/p>\n<p>(<strong>Carlos Drummond de Andrade)<\/strong><\/p>\n<p>Aportaci\u00f3n enviada por HMR<\/p>\n<p>&nbsp;<\/p>\n<p>Marinero sin tierra,<\/p>\n<p>N\u00e1ufrago sin velamen,<\/p>\n<p>Hu\u00e9rfano de puerto,<\/p>\n<p>Nave sin tim\u00f3n<\/p>\n<p>Rodeado de agua y sediento<\/p>\n<p>Rodeado de pescado y hambriento<\/p>\n<p>Rodeado de olas y sin saludos<\/p>\n<p>Rodeado de d\u00f3lares y desnudo<\/p>\n<p><strong>(Gloria Fuertes)<\/strong><\/p>\n<p>Aportaci\u00f3n de NPV<\/p>\n<p>&nbsp;<\/p>\n<p>\u00a1Esperar! \u00a1Esperar! Mientras, el cielo<\/p>\n<p>cuelga nubes de oro a las lluviosas;<\/p>\n<p>las espigas suceden a las rosas;<\/p>\n<p>las hojas secas a la espiga; el yelo<\/p>\n<p>sepulta la hoja seca; en largo duelo,<\/p>\n<p>despide el ruise\u00f1or las amorosas<\/p>\n<p>noches; y las volubles mariposas<\/p>\n<p>doblan en el caliente sol su vuelo.<\/p>\n<p>&nbsp;<\/p>\n<p>Ahora, a la candela campesina,<\/p>\n<p>la lenta cuna de mis sue\u00f1os mecen<\/p>\n<p>los vientos del octubre colorado&#8230;<\/p>\n<p>&nbsp;<\/p>\n<p>La carne se me torna m\u00e1s divina,<\/p>\n<p>viejas, las ilusiones, encanecen,<\/p>\n<p>y lo que espero \u00a1ay! es mi pasado.<\/p>\n<p><strong>(Juan Ram\u00f3n Jim\u00e9nez)<\/strong><\/p>\n<p>Aportaci\u00f3n de \u00c1lvaro J. Romero, profesor de Geograf\u00eda e Historia<\/p>\n<p>&nbsp;<\/p>\n<p>En el medio del odio me pareci\u00f3 que hab\u00eda dentro de m\u00ed un amor invencible. En medio de las l\u00e1grimas me pareci\u00f3 que hab\u00eda dentro de m\u00ed una sonrisa invencible. En medio del caos me pareci\u00f3 que hab\u00eda dentro de m\u00ed una calma invencible.<\/p>\n<p>Me di cuenta, a pesar de todo, que en medio del invierno hab\u00eda dentro de m\u00ed un verano invencible. Y eso me hace feliz. Porque no importa lo duro que el mundo empuje en mi contra, dentro de m\u00ed hay algo mejor empujando de vuelta.<\/p>\n<p><strong>(Albert Camus)<\/strong><\/p>\n<p>Aportaci\u00f3n de Esther Robles, profesora de ingl\u00e9s<\/p>\n<p>&nbsp;<\/p>\n<h4 class=\"search-result-item-heading\"><a href=\"https:\/\/poemas.yavendras.com\/nunca-es-tarde.htm\">NUNCA ES TARDE<\/a><\/h4>\n<p class=\"description\">Nunca es tarde para empezar de cero,<br \/>\npara quemar los barcos,<br \/>\npara que alguien te diga:<br \/>\n-Yo s\u00f3lo puedo estar contigo o contra m\u00ed.<\/p>\n<p>Nunca es tarde para cortar la cuerda,<br \/>\npara volver a echar las campanas al vuelo,<br \/>\npara beber de ese agua que no ibas a beber.<\/p>\n<p>Nunca es tarde para romper con todo,<br \/>\npara dejar de ser un hombre que no pueda<br \/>\npermitirse un pasado.<\/p>\n<p>Y adem\u00e1s<br \/>\nes tan f\u00e1cil:<br \/>\nllega Mar\u00eda, acaba el invierno, sale el sol,<br \/>\nla nieve llora l\u00e1grimas de gigante vencido<br \/>\ny de pronto la puerta no es un error del muro<br \/>\ny la calma no es cal viva en el alma<br \/>\ny mis llaves no cierran y abren una prisi\u00f3n.<\/p>\n<p>Es as\u00ed, tan sencillo de explicar: -Ya no es tarde,<br \/>\ny si antes escrib\u00eda para poder vivir,<br \/>\nahora<br \/>\nquiero vivir<br \/>\npara contarlo.<\/p>\n<p><strong>(Benjam\u00edn Prado)<\/strong><\/p>\n<p>Aportaci\u00f3n de \u00c1lvaro J. Romero, profesor de Geograf\u00eda e Historia<\/p>\n<p>&nbsp;<\/p>\n<p>&nbsp;<\/p>\n<div><b><i>La construcci\u00f3n de un sue\u00f1o<\/i><\/b><\/div>\n<div>&nbsp;<\/div>\n<div><i>\u00abSiempre hay tiempo para un sue\u00f1o.<\/i><\/div>\n<div><i>&nbsp;<\/i><\/div>\n<div><i>Siempre es tiempo de dejarse llevar por una&nbsp;<\/i><\/div>\n<div><i>pasi\u00f3n que nos arrastre hacia el deseo.<\/i><\/div>\n<div><i>&nbsp;<\/i><\/div>\n<div><i>Siempre es posible encontrar la fuerza&nbsp;<\/i><\/div>\n<div><i>necesaria para alzar el vuelo y dirigirse hacia<\/i><\/div>\n<div><i>lo alto.<\/i><\/div>\n<div><i>&nbsp;<\/i><\/div>\n<div><i>Y es all\u00ed, y solo all\u00ed, en la altura, donde<\/i><\/div>\n<div><i>podemos desplegar nuestras alas en toda su<\/i><\/div>\n<div><i>extensi\u00f3n.<\/i><\/div>\n<div><i>&nbsp;<\/i><\/div>\n<div><i>Solo all\u00ed, en lo m\u00e1s alto de nosotros mismos,<\/i><\/div>\n<div><i>en lo m\u00e1s profundo de nuestras inquietudes,<\/i><\/div>\n<div><i>podremos separar los brazos, y volar\u00bb.<\/i><\/div>\n<div>&nbsp;<\/div>\n<div><strong>(Dulce Chac\u00f3n)<\/strong><\/div>\n<div>\n<p>Aportaci\u00f3n de A.Bel\u00e9n Co\u00edn Meg\u00edas, profesora de Geograf\u00eda e Historia<\/p>\n<\/div>\n<p>&nbsp;<\/p>\n<p>&nbsp;<\/p>\n<p style=\"text-align: justify\">\u00abA pesar de que mi vida iba a transcurrir como la de tantos habitantes de mi pueblo, trabajando al sol y viviendo en una casa de tierra, tuve una premonici\u00f3n que no comprend\u00ed hasta mucho despu\u00e9s. Los sue\u00f1os son muy importantes en la tradici\u00f3n africana.&nbsp;<\/p>\n<p style=\"text-align: justify\">Yo so\u00f1\u00e9 que caminaba sobre una carretera que cruzaba la selva&nbsp; y que, al final, se perd\u00eda en una monta\u00f1a muy alta, muy alta, que hab\u00eda, lejos en el horizonte. En el sue\u00f1o, mi padre hab\u00eda muerto: era un sue\u00f1o triste.<\/p>\n<p style=\"text-align: justify\">Detr\u00e1s de aquella monta\u00f1a misteriosa, porque en la zona en la que me cri\u00e9 no hay monta\u00f1as, luc\u00eda un poderoso sol. Sus intensos rayos rojos me iluminaban. Era como si algo me estuviera llamando\u00bb.<\/p>\n<p>(<strong>Ousman Umar,<\/strong> \u00abViaje al pa\u00eds de los blancos\u00bb)<\/p>\n<p>Aportaci\u00f3n de A.Bel\u00e9n Co\u00edn Meg\u00edas, profesora de Geograf\u00eda e Historia<\/p>\n<p>&nbsp;<\/p>\n<p><strong>CON DOS A\u00d1OS, DOS FLORES<\/strong><\/p>\n<p>\u00abCon dos a\u00f1os, dos flores<br \/>\ncumples ahora.<br \/>\nDos alondras llenando<br \/>\ntoda tu <strong>aurora<\/strong>.<br \/>\nNi\u00f1o radiante:<br \/>\nva mi sangre contigo<br \/>\nsiempre adelante.<\/p>\n<p>Sangre m\u00eda, adelante,<br \/>\nno retrocedas.<br \/>\nLa luz rueda en el mundo,<br \/>\nmientras t\u00fa ruedas.<br \/>\nTodo se mueve,<br \/>\n<strong>universo<\/strong> de un cuerpo<br \/>\ndorado y leve.<\/p>\n<p>Herramienta es tu risa,<br \/>\nluz que proclama<br \/>\nla victoria del trigo<br \/>\nsobre la grama.<br \/>\nR\u00ede. <strong>Contigo<\/strong><br \/>\nvencer\u00e9 siempre al tiempo<br \/>\nque es mi enemigo\u00bb.<\/p>\n<p><strong>(Miguel Hern\u00e1ndez)<\/strong><\/p>\n<p>Aportaci\u00f3n de A.Bel\u00e9n Co\u00edn Meg\u00edas, profesora de Geograf\u00eda e Historia<\/p>\n<h3 style=\"text-align: center\"><strong>Mis lecturas durante la cuarentena<\/strong><\/h3>\n<p style=\"text-align: left\"><em>Cuando leemos, sentimos habitualmente el impulso de compartir lo le\u00eddo con otros lectores, sobre todo si lo le\u00eddo nos ha conmovido o impresionado de alg\u00fan modo. Compartir es una manera de prolongar los efectos de una lectura. Los libros le\u00eddos son un aliciente para la conversaci\u00f3n social, como ocurre por lo general con todas las manifestaciones art\u00edsticas. Nos parece que les sustraemos algo si no las comentamos.<\/em><\/p>\n<p style=\"text-align: right\">Juan Mata, Universidad de Granada.<\/p>\n<p>Quiero compartir con toda la comunidad educativa del Saramago, todas aquellas historias que he conocido durante la cuarentena, pues en momentos tan dif\u00edciles he tenido presente a todas aquellas personas que conforman mi d\u00eda a d\u00eda.<\/p>\n<p><em>El amor huele a caf\u00e9<\/em>, de Nieves Garc\u00eda Bautista. Me apasiona la narrativa rom\u00e1ntica y esta, en concreto, se trata de una historia de historias que va m\u00e1s all\u00e1 de un amor rom\u00e1ntico porque trata todas las facetas y apariciones del amor: el amor familiar, la amistad, el amor propio\u0085&nbsp;<\/p>\n<p><em>El lugar m\u00e1s bonito del mundo<\/em>, Ann Cameron. D\u00edas antes de que decretaran el estado de alarma, asist\u00ed a la IV Jornada sobre biblioteca, donde el profesor Juan Mata aconsej\u00f3 a los asistentes una serie de libros para ser trabajados tanto en primaria como en secundaria, y este t\u00edtulo, en concreto, no quise dejarlo escapar para mis alumnos\/as de 1\u00ba ESO. Juan vive en Guatemala, tiene siete a\u00f1os y ha sido abandonado por sus padres. Acogido por su pobre abuela, trabajar\u00e1 duramente como limpiabotas para poder vivir. Sin embargo, \u00e9l quiere algo m\u00e1s: desea aprender a leer. Solo gracias a su incansable inter\u00e9s, ser\u00e1 finalmente aceptado en la escuela.<\/p>\n<p><em>El asesinato del profesor de m\u00fasica<\/em>. Este libro fue escrito por el autor Jordi Sierra I Fabra. Este autor nunca decepciona a los adolescentes. Este libro se encuentra en nuestra biblioteca junto con m\u00e1s ejemplares y por suerte, fueron entregados por la profesora de m\u00fasica al alumnado de 1\u00baB el \u00faltimo d\u00eda de clase. Aprovechando esta ocasi\u00f3n, consegu\u00ed hacerme con uno de ellos y he podido descifrar los enigmas que propone el&nbsp;profesor de m\u00fasica, Gustavo Valbuena, una manera muy divertida de aprender m\u00fasica y \u00bfpor qu\u00e9 no? peculiaridades de grandes estrellas musicales.<\/p>\n<p>Sin embargo, la risa y la diversi\u00f3n desaparece en<em> El profesor de m\u00fasica<\/em>, de Ya\u00ebl Hassan. Sim\u00f3n, profesor de m\u00fasica en un colegio, se debate entre la desidia y la depresi\u00f3n ante el comienzo de curso: de nuevo el desinter\u00e9s general, los alborotadores&#8230; La sorpresa que le aguarda es Malik, un ni\u00f1o \u00e1rabe que quiere aprender a tocar el viol\u00edn. Pero \u00e9l lo hab\u00eda abandonado, pues le tra\u00eda oscuros recuerdos de los a\u00f1os de guerra. Malik remueve muchas cosas en Sim\u00f3n y, finalmente, \u00e9ste empieza a revivir.<\/p>\n<p style=\"text-align: right\">Aportaci\u00f3n de Patricia Pradas Ruiz, profesora de Lengua Castellana y Literatura.<\/p>\n","protected":false},"excerpt":{"rendered":"<p>23 DE ABRIL, D\u00cdA INTERNACIONAL DEL LIBRO &nbsp; \u00a1BIENVENIDOS AL PEQUE\u00d1O RINC\u00d3N DE \u2018LITERATURA EN TIEMPOS DE CUARENTENA\u2019! Aunque no podamos salir de casa hay tres cosas propias del ser humano que jam\u00e1s nos&#46;&#46;&#46;<\/p>\n","protected":false},"author":7447,"featured_media":0,"parent":113,"menu_order":0,"comment_status":"closed","ping_status":"closed","template":"","meta":{"ngg_post_thumbnail":0,"footnotes":"","_mc_calendar":[]},"aioseo_notices":[],"_links":{"self":[{"href":"https:\/\/blogsaverroes.juntadeandalucia.es\/iesjosesaramago\/wp-json\/wp\/v2\/pages\/3308"}],"collection":[{"href":"https:\/\/blogsaverroes.juntadeandalucia.es\/iesjosesaramago\/wp-json\/wp\/v2\/pages"}],"about":[{"href":"https:\/\/blogsaverroes.juntadeandalucia.es\/iesjosesaramago\/wp-json\/wp\/v2\/types\/page"}],"author":[{"embeddable":true,"href":"https:\/\/blogsaverroes.juntadeandalucia.es\/iesjosesaramago\/wp-json\/wp\/v2\/users\/7447"}],"replies":[{"embeddable":true,"href":"https:\/\/blogsaverroes.juntadeandalucia.es\/iesjosesaramago\/wp-json\/wp\/v2\/comments?post=3308"}],"version-history":[{"count":9,"href":"https:\/\/blogsaverroes.juntadeandalucia.es\/iesjosesaramago\/wp-json\/wp\/v2\/pages\/3308\/revisions"}],"predecessor-version":[{"id":3613,"href":"https:\/\/blogsaverroes.juntadeandalucia.es\/iesjosesaramago\/wp-json\/wp\/v2\/pages\/3308\/revisions\/3613"}],"up":[{"embeddable":true,"href":"https:\/\/blogsaverroes.juntadeandalucia.es\/iesjosesaramago\/wp-json\/wp\/v2\/pages\/113"}],"wp:attachment":[{"href":"https:\/\/blogsaverroes.juntadeandalucia.es\/iesjosesaramago\/wp-json\/wp\/v2\/media?parent=3308"}],"curies":[{"name":"wp","href":"https:\/\/api.w.org\/{rel}","templated":true}]}}