{"id":44,"date":"2015-03-13T08:42:15","date_gmt":"2015-03-13T08:42:15","guid":{"rendered":"http:\/\/blogsaverroes.juntadeandalucia.es\/pre\/ceip\/?page_id=44"},"modified":"2026-04-20T10:37:24","modified_gmt":"2026-04-20T10:37:24","slug":"planes-y-proyectos","status":"publish","type":"page","link":"https:\/\/blogsaverroes.juntadeandalucia.es\/iesjuangoytisolo\/planes-y-proyectos\/","title":{"rendered":"Planes y Programas"},"content":{"rendered":"<h1><img loading=\"lazy\" decoding=\"async\" class=\"alignnone size-medium wp-image-1667\" src=\"http:\/\/blogsaverroes.juntadeandalucia.es\/temahuemanies\/files\/2015\/03\/planes-300x150.png\" alt=\"planes\" width=\"300\" height=\"150\" srcset=\"https:\/\/blogsaverroes.juntadeandalucia.es\/iesjuangoytisolo\/files\/2015\/03\/planes-300x150.png 300w, https:\/\/blogsaverroes.juntadeandalucia.es\/iesjuangoytisolo\/files\/2015\/03\/planes.png 640w\" sizes=\"(max-width: 300px) 100vw, 300px\" \/><\/h1>\n<h1>CURSO 2025-26<\/h1>\n<h2><span style=\"color: #ff00ff\"><a style=\"color: #ff00ff\" href=\"https:\/\/blogsaverroes.juntadeandalucia.es\/iesjuangoytisolo\/files\/2026\/04\/PLAN-DE-CENTRO-2023-2027.pdf\" target=\"_blank\" rel=\"noopener\">*PLAN DE CENTRO.<\/a><\/span><\/h2>\n<h1>CURSO 2024-25<\/h1>\n<h3><a href=\"https:\/\/blogsaverroes.juntadeandalucia.es\/iesjuangoytisolo\/files\/2024\/11\/PLAN-DE-CENTRO-2024-25-2.pdf\" target=\"_blank\" rel=\"noopener\"><span style=\"color: #ff00ff\"><strong>*PLAN DE CENTRO.<\/strong><\/span><\/a><\/h3>\n<h3><a href=\"https:\/\/blogsaverroes.juntadeandalucia.es\/iesjuangoytisolo\/files\/2024\/11\/Plan-Actuacion-Digital-24-25.pdf\" target=\"_blank\" rel=\"noopener\"><span style=\"color: #ff00ff\"><strong>*PLAN DE ACTUACI\u00d3N DIGITAL.<\/strong><\/span><\/a><\/h3>\n<h3><a href=\"https:\/\/blogsaverroes.juntadeandalucia.es\/iesjuangoytisolo\/files\/2024\/11\/Plan-Lector-curso-2024-25.pdf\" target=\"_blank\" rel=\"noopener\"><span style=\"color: #ff00ff\"><strong>*PLAN LECTOR.<\/strong><\/span><\/a><\/h3>\n<h3><a href=\"https:\/\/blogsaverroes.juntadeandalucia.es\/iesjuangoytisolo\/files\/2024\/11\/Programacion-Igualdad-24-25.pdf\" target=\"_blank\" rel=\"noopener\"><span style=\"color: #ff00ff\"><strong>*PLAN DE IGUALDAD.<\/strong><\/span><\/a><\/h3>\n<h3><a href=\"https:\/\/blogsaverroes.juntadeandalucia.es\/iesjuangoytisolo\/files\/2024\/11\/Proyecto-Linguistico-de-Centro.-IES-Juan-Goytisolo-2024_2025.pdf\" target=\"_blank\" rel=\"noopener\"><span style=\"color: #ff00ff\"><strong>*PROYECTO LING\u00dc\u00cdSTICO DE CENTRO.<\/strong><\/span><\/a><\/h3>\n<h3><a href=\"https:\/\/blogsaverroes.juntadeandalucia.es\/iesjuangoytisolo\/files\/2024\/11\/Plan-de-trabajo-2025-de-la-biblioteca-escolar-SERGIO.pdf\" target=\"_blank\" rel=\"noopener\"><span style=\"color: #ff00ff\"><strong>*PLAN DE TRABAJO DE LA BIBLIOTECA ESCOLAR.<\/strong><\/span><\/a><\/h3>\n<p>&nbsp;<\/p>\n<h1>CURSO 2023-24<\/h1>\n<p><a href=\"https:\/\/blogsaverroes.juntadeandalucia.es\/iesjuangoytisolo\/files\/2023\/12\/Propuestas-mejora-con-indicadores-2023-2024-f.pdf\" target=\"_blank\" rel=\"noopener noreferrer\">*PROPUESTAS DE MEJORA PARA EL CURSO 2023-24 CON INDICADORES.<\/a><\/p>\n<p><a href=\"https:\/\/blogsaverroes.juntadeandalucia.es\/iesjuangoytisolo\/files\/2023\/11\/Plan-de-trabajo-2024-de-la-biblioteca-escolar-SERGIO.pdf\" target=\"_blank\" rel=\"noopener noreferrer\">*PLAN DE TRABAJO DE LA BIBLIOTECA ESCOLAR.<\/a><\/p>\n<p><a href=\"https:\/\/blogsaverroes.juntadeandalucia.es\/iesjuangoytisolo\/files\/2023\/11\/Plan-de-Actuaci\u00f3n-Digital-PAD-23-24.pdf\" target=\"_blank\" rel=\"noopener noreferrer\">*PLAN DE ACTUACI\u00d3N DIGITAL.<\/a><\/p>\n<p><a href=\"https:\/\/blogsaverroes.juntadeandalucia.es\/iesjuangoytisolo\/files\/2023\/11\/Proyecto-Ling\u00fc\u00edstico-de-Centro.-IES-Juan-Goytisolo-2023_2024.pdf\" target=\"_blank\" rel=\"noopener noreferrer\">*PROYECTO LING\u00dc\u00cdSTICO DE CENTRO.<\/a><\/p>\n<p><a href=\"https:\/\/blogsaverroes.juntadeandalucia.es\/iesjuangoytisolo\/files\/2023\/11\/PLAN-DE-IGUALDAD-23-24-1.pdf\" target=\"_blank\" rel=\"noopener noreferrer\">*PLAN DE IGUALDAD.<\/a><\/p>\n<p><a href=\"https:\/\/blogsaverroes.juntadeandalucia.es\/iesjuangoytisolo\/files\/2024\/02\/plan-de-convivencia-23-24.pdf\" target=\"_blank\" rel=\"noopener noreferrer\">*PLAN DE CONVIVENCIA.<\/a><\/p>\n<p>&nbsp;<\/p>\n<p>&nbsp;<\/p>\n<p>&nbsp;<\/p>\n<h1><strong>CURSO 2022-23<\/strong><\/h1>\n<p><strong><a href=\"https:\/\/blogsaverroes.juntadeandalucia.es\/iesjuangoytisolo\/files\/2022\/11\/Modificaciones-al-PlanCentro-22-23.pdf\" target=\"_blank\" rel=\"noopener noreferrer\">*MODIFICACIONES AL PLAN DE CENTRO.<\/a><\/strong><\/p>\n<p><strong><a href=\"\/\/blogsaverroes.juntadeandalucia.es\/iesjuangoytisolo\/files\/2022\/11\/TDE-PAD_22_23-1.pdf\" target=\"_blank\" rel=\"noopener noreferrer\">*PLAN DIGITAL.<\/a><\/strong><\/p>\n<p><strong><a href=\"https:\/\/blogsaverroes.juntadeandalucia.es\/iesjuangoytisolo\/files\/2022\/11\/Plan-de-trabajo-de-la-biblioteca-escolar-SERGIO.pdf\" target=\"_blank\" rel=\"noopener noreferrer\">*PLAN DE TRABAJO DE LA BIBLIOTECA ESCOLAR.<\/a><\/strong><\/p>\n<p><strong><a href=\"https:\/\/blogsaverroes.juntadeandalucia.es\/iesjuangoytisolo\/files\/2022\/11\/PLAN-DE-IGUALDAD-22-23.pdf\" target=\"_blank\" rel=\"noopener noreferrer\">*PLAN DE IGUALDAD.&nbsp;<\/a><\/strong><\/p>\n<p><a href=\"https:\/\/blogsaverroes.juntadeandalucia.es\/iesjuangoytisolo\/files\/2022\/11\/Proyecto-Ling\u00fc\u00edstico-de-Centro.-IES-Juan-Goytisolo.pdf\" target=\"_blank\" rel=\"noopener noreferrer\"><strong>*PROYECTO LING\u00dcISTICO DEL CENTRO<\/strong><\/a><\/p>\n<h1><strong>CURSO 2021-22<\/strong><\/h1>\n<p><a href=\"https:\/\/blogsaverroes.juntadeandalucia.es\/iesjuangoytisolo\/files\/2022\/01\/PlanCentro-21-22-_con-Anexos.pdf\" target=\"_blank\" rel=\"noopener noreferrer\">*PLAN DE CENTRO 2021-22 CON ANEXOS.<\/a><\/p>\n<p><a href=\"https:\/\/blogsaverroes.juntadeandalucia.es\/iesjuangoytisolo\/files\/2022\/05\/EVALUAPROMOTITULPlan-de-Centro-seg\u00fan-RD-984-2021-e-Instrucciones-de-16-de-dic.-de-2021.pdf\" target=\"_blank\" rel=\"noopener noreferrer\">*INCORPORACI\u00d3N EN EL PLAN DE CENTRO DE LOS CRITERIOS DE EVALUACI\u00d3N, PROMOCI\u00d3N Y TITULACI\u00d3N LOMLOE.<\/a><\/p>\n<p><a href=\"https:\/\/blogsaverroes.juntadeandalucia.es\/iesjuangoytisolo\/files\/2021\/11\/PLAN-DE-IGUALDAD-21_22-1.pdf\" target=\"_blank\" rel=\"noopener noreferrer\">*PLAN DE IGUALDAD 2021-22.<\/a><\/p>\n<p><a href=\"https:\/\/blogsaverroes.juntadeandalucia.es\/iesjuangoytisolo\/files\/2021\/11\/PAD-2021-2022.pdf\" target=\"_blank\" rel=\"noopener noreferrer\">*PLAN DE ACTUACI\u00d3N DIGITAL 2021-22.<\/a><\/p>\n<p><a href=\"https:\/\/blogsaverroes.juntadeandalucia.es\/iesjuangoytisolo\/files\/2021\/11\/BIB-Plan-de-trabajo-de-la-biblioteca-escolar-1.pdf\" target=\"_blank\" rel=\"noopener noreferrer\">*PLAN DE LA BIBLIOTECA ESCOLAR.<\/a><\/p>\n<h1><strong>CURSO 2020-21<\/strong><\/h1>\n<div id=\"wrapper\">\n<div id=\"main\" role=\"main\">\n<article class=\"item-page\"><a href=\"http:\/\/webantigua.iesjuangoytisolo.es\/images\/Plan_de_Centro_20-21_con_Anexos.pdf\" target=\"_blank\" rel=\"noopener noreferrer\">-PLAN DE CENTRO 2020-2021, con los anexos: Protocolo Covi, Plan Ling\u00fc\u00edstico y el Plan digital.<\/a>&nbsp;<\/article>\n<article class=\"item-page\"><a href=\"http:\/\/webantigua.iesjuangoytisolo.es\/images\/Plan_Anual_de_Centro_2020-2021.pdf\" target=\"_blank\" rel=\"noopener noreferrer\">-PLAN ANUAL DE CENTRO CURSO 2020-2021.<\/a><\/article>\n<article class=\"item-page\"><a href=\"http:\/\/webantigua.iesjuangoytisolo.es\/images\/Plan_convivencia_2020-2021_definitivo.pdf\" target=\"_blank\" rel=\"noopener noreferrer\">-PLAN DE CONVIVENCIA 2020-2021.<\/a><\/article>\n<article class=\"item-page\"><a href=\"http:\/\/webantigua.iesjuangoytisolo.es\/images\/PLAN_DE_IGUALDAD_20_21.pdf\" target=\"_blank\" rel=\"noopener noreferrer\">-PLAN DE IGUALDAD 2020-2021.<\/a>&nbsp;<\/article>\n<\/div>\n<\/div>\n<article><\/article>\n<article><\/article>\n<article><a href=\"https:\/\/drive.google.com\/drive\/folders\/1G_jDkR-gJ8Gwwl8YM365fC39ArTXVh1j?usp=sharing\" target=\"_blank\" rel=\"noopener noreferrer\"><em><strong>*ACCESO A LAS PROGRAMACIONES DE LOS DEPARTAMENTOS<\/strong><\/em><\/a><\/article>\n<div id=\"wrapper\">\n<div id=\"main\" role=\"main\">\n<article class=\"item-page\">&nbsp;&nbsp;__________________________________________________________________________<\/article>\n<article class=\"item-page\"><a href=\"http:\/\/webantigua.iesjuangoytisolo.es\/images\/Plan_anual_de_Centro_2019-2020.pdf\">-PLAN DE CENTRO. CURSO 2019-2020.<\/a><a href=\"http:\/\/webantigua.iesjuangoytisolo.es\/images\/Plan_anual_de_Centro_2019-2020.pdf\">-PLAN ANUAL DE CENTRO. CURSO 2019-2020.<\/a><a href=\"http:\/\/webantigua.iesjuangoytisolo.es\/images\/Plan_anual_de_Centro_2019-2020.pdf\">-PLAN DE CONVIVENCIA. CURSO 2019-2020.<\/a><a href=\"http:\/\/webantigua.iesjuangoytisolo.es\/images\/Plan_anual_de_Centro_2019-2020.pdf\">-PLAN DE IGUALDAD DE G\u00c9NERO. CURSO 2019-2020.<\/a><a href=\"http:\/\/webantigua.iesjuangoytisolo.es\/images\/Plan_anual_de_Centro_2019-2020.pdf\">-ESCUELA ESPACIO DE PAZ.<\/a>&nbsp;______________________________________________________________________________<a href=\"http:\/\/webantigua.iesjuangoytisolo.es\/images\/Programa_de_atencion_a_la_diversidad_2018-2019.pdf\"><strong>&#8211;&nbsp;PLAN DE CENTRO. CURSO 2016\/17<\/strong><\/a><a href=\"http:\/\/webantigua.iesjuangoytisolo.es\/images\/Programa_de_atencion_a_la_diversidad_2018-2019.pdf\"><strong>-PLAN DE CENTRO CURSO 2017\/18<\/strong><\/a><a href=\"http:\/\/webantigua.iesjuangoytisolo.es\/images\/Programa_de_atencion_a_la_diversidad_2018-2019.pdf\"><strong>-PLAN DE CENTRO CURSO 2018\/2019<\/strong><\/a><a href=\"http:\/\/webantigua.iesjuangoytisolo.es\/images\/Programa_de_atencion_a_la_diversidad_2018-2019.pdf\"><strong>&nbsp;&nbsp;&nbsp;&nbsp;&nbsp; *Programa de atenci\u00f3n a la diversidad, curso 2018-2019<\/strong><\/a><a href=\"http:\/\/webantigua.iesjuangoytisolo.es\/images\/Programa_de_atencion_a_la_diversidad_2018-2019.pdf\"><strong>&nbsp;&nbsp;&nbsp;&nbsp;&nbsp; *Proyecto de gesti\u00f3n, curso 2018-2019<\/strong><\/a><a href=\"http:\/\/webantigua.iesjuangoytisolo.es\/images\/Programa_de_atencion_a_la_diversidad_2018-2019.pdf\"><strong>&nbsp;&nbsp;&nbsp;&nbsp;&nbsp; *Plan de Coeducaci\u00f3n 2018-2019.<\/strong><\/a><strong><a href=\"http:\/\/webantigua.iesjuangoytisolo.es\/images\/Programa_de_atencion_a_la_diversidad_2018-2019.pdf\">&nbsp;&nbsp; &nbsp;&nbsp; *Plan de Convivencia 2018-2019.<\/a><br \/>\n<\/strong>&nbsp;&nbsp;&nbsp;<a href=\"http:\/\/www.juntadeandalucia.es\/educacion\/webportal\/web\/educacion-ambiental\/programa-aldea\"><em>&#8211;&nbsp;<\/em><em><strong>PLAN DE IGUALDAD DE G\u00c9NERO EN EDUCACI\u00d3N. \u00c1ngela Salinas .<\/strong><\/em><\/a>&nbsp;<a href=\"http:\/\/www.juntadeandalucia.es\/educacion\/webportal\/web\/educacion-ambiental\/programa-aldea\"><strong><em><span class=\"columnaValor\">&#8211; ALDEA, EDUCACI\u00d3N AMBIENTAL PARA LA COMUNIDAD EDUCATIVA. Jos\u00e9 Miguel Cantos<\/span><span class=\"columnaValor\">.<\/span><\/em><span class=\"columnaValor\"><br \/>\n<\/span><\/strong><\/a>&nbsp;<a href=\"http:\/\/www.juntadeandalucia.es\/educacion\/webportal\/web\/educacion-ambiental\/programa-aldea\"><strong><span class=\"columnaValor\"><em>&#8211;&nbsp;<\/em><\/span><span class=\"columnaValor\">FORMA JOVEN EN EL \u00c1MBITO EDUCATIVO. <em>Nati N\u00fa\u00f1ez<\/em>.<\/span><\/strong><\/a>&nbsp;<a href=\"http:\/\/www.juntadeandalucia.es\/educacion\/webportal\/web\/educacion-ambiental\/programa-aldea\"><em><strong><span class=\"columnaValor\">-AULADJAQUE. M\u00edriam Raya.<\/span><\/strong><\/em><\/a>&nbsp;&nbsp;<\/article>\n<\/div>\n<\/div>\n<div id=\"close\">&nbsp;<\/div>\n<p>&nbsp;<\/p>\n","protected":false},"excerpt":{"rendered":"<p>CURSO 2025-26 *PLAN DE CENTRO. CURSO 2024-25 *PLAN DE CENTRO. *PLAN DE ACTUACI\u00d3N DIGITAL. *PLAN LECTOR. *PLAN DE IGUALDAD. *PROYECTO LING\u00dc\u00cdSTICO DE CENTRO. *PLAN DE TRABAJO DE LA BIBLIOTECA ESCOLAR. &nbsp; CURSO 2023-24 *PROPUESTAS&#46;&#46;&#46;<\/p>\n","protected":false},"author":1,"featured_media":0,"parent":0,"menu_order":0,"comment_status":"open","ping_status":"closed","template":"page-templates\/child-menu.php","meta":{"ngg_post_thumbnail":0,"footnotes":"","_mc_calendar":[]},"aioseo_notices":[],"_links":{"self":[{"href":"https:\/\/blogsaverroes.juntadeandalucia.es\/iesjuangoytisolo\/wp-json\/wp\/v2\/pages\/44"}],"collection":[{"href":"https:\/\/blogsaverroes.juntadeandalucia.es\/iesjuangoytisolo\/wp-json\/wp\/v2\/pages"}],"about":[{"href":"https:\/\/blogsaverroes.juntadeandalucia.es\/iesjuangoytisolo\/wp-json\/wp\/v2\/types\/page"}],"author":[{"embeddable":true,"href":"https:\/\/blogsaverroes.juntadeandalucia.es\/iesjuangoytisolo\/wp-json\/wp\/v2\/users\/1"}],"replies":[{"embeddable":true,"href":"https:\/\/blogsaverroes.juntadeandalucia.es\/iesjuangoytisolo\/wp-json\/wp\/v2\/comments?post=44"}],"version-history":[{"count":46,"href":"https:\/\/blogsaverroes.juntadeandalucia.es\/iesjuangoytisolo\/wp-json\/wp\/v2\/pages\/44\/revisions"}],"predecessor-version":[{"id":4981,"href":"https:\/\/blogsaverroes.juntadeandalucia.es\/iesjuangoytisolo\/wp-json\/wp\/v2\/pages\/44\/revisions\/4981"}],"wp:attachment":[{"href":"https:\/\/blogsaverroes.juntadeandalucia.es\/iesjuangoytisolo\/wp-json\/wp\/v2\/media?parent=44"}],"curies":[{"name":"wp","href":"https:\/\/api.w.org\/{rel}","templated":true}]}}