{"id":1248,"date":"2016-12-20T11:39:22","date_gmt":"2016-12-20T11:39:22","guid":{"rendered":"http:\/\/iesjuliorodriguez.es\/?page_id=1248"},"modified":"2016-12-20T11:39:22","modified_gmt":"2016-12-20T11:39:22","slug":"documentos-del-centro","status":"publish","type":"page","link":"https:\/\/blogsaverroes.juntadeandalucia.es\/iesjuliorodriguez\/el-centro\/documentos-del-centro\/","title":{"rendered":"Documentos del centro"},"content":{"rendered":"\n[et_pb_section][et_pb_row][et_pb_column type=&#8221;4_4&#8243;][et_pb_text]<ul>\n<li>Plan de Centro:\n<ul>\n<li><a href=\"https:\/\/blogsaverroes.juntadeandalucia.es\/iesjuliorodriguez\/files\/2020\/02\/PROYECTO-EDUCATIVO-2020-1.pdf\">Proyecto Educativo<\/a><\/li>\n<li><a href=\"http:\/\/iesjuliorodriguez.es\/wordpress\/wp-content\/uploads\/2011\/11\/ROF.pdf\" target=\"_blank\" rel=\"noopener noreferrer\">Reglamento de Organizaci\u00f3n y Funcionamiento.<\/a><\/li>\n<li><a href=\"https:\/\/blogsaverroes.juntadeandalucia.es\/iesjuliorodriguez\/files\/2020\/02\/PROYECTO-DE-GESTI\u00d3N-2020.pdf\" target=\"_blank\" rel=\"noopener noreferrer\">Proyecto de Gesti\u00f3n.<\/a><\/li>\n<\/ul>\n<\/li>\n<li>Programaciones:\n<ul>\n<li><a href=\"https:\/\/1drv.ms\/f\/s!AljZ6KDDeUDTg6ZdQwmK5rwXOXjjNw\">Biolog\u00eda y Geolog\u00eda.<\/a><\/li>\n<li><a href=\"http:\/\/iesjuliorodriguez.es\/wordpress\/wp-content\/uploads\/2016\/12\/dace.pdf\" target=\"_blank\" rel=\"noopener noreferrer\">Actividades complementarias y extraescolares.<\/a><\/li>\n<li><a href=\"http:\/\/iesjuliorodriguez.es\/wordpress\/wp-content\/uploads\/2016\/12\/EDUCACI\u00d3N-F\u00cdSICA.pdf\" target=\"_blank\" rel=\"noopener noreferrer\">Educaci\u00f3n F\u00edsica.<\/a><\/li>\n<li><a href=\"http:\/\/iesjuliorodriguez.es\/wordpress\/wp-content\/uploads\/2021\/01\/Programaciones-didacticas-Departamento-FILOSOFIA-IES-Julio-Rodriguez.pdf\" target=\"_blank\" rel=\"noopener noreferrer\">Filosof\u00eda<\/a><\/li>\n<li><a href=\"http:\/\/iesjuliorodriguez.es\/wordpress\/wp-content\/uploads\/2020\/10\/PROGRAMACION-COMPLETA-FQ_20_21_-DEFINITIVA.pdf\" target=\"_blank\" rel=\"noopener noreferrer\">F\u00edsica y Qu\u00edmica.<\/a><\/li>\n<li><a href=\"http:\/\/iesjuliorodriguez.es\/wordpress\/wp-content\/uploads\/2016\/12\/Franc\u00e9s.pdf\" target=\"_blank\" rel=\"noopener noreferrer\">Franc\u00e9s.<\/a><\/li>\n<li><a href=\"http:\/\/iesjuliorodriguez.es\/wordpress\/wp-content\/uploads\/2016\/12\/Ingl\u00e9s.pdf\">Ingl\u00e9s<\/a><\/li>\n<li><a href=\"http:\/\/iesjuliorodriguez.es\/wordpress\/wp-content\/uploads\/2020\/10\/PROGRAMACIO\u0301N.LENGUA-Y-LIT.pdf\" target=\"_blank\" rel=\"noopener noreferrer\">Lengua y Literatura.<\/a><\/li>\n<li><a href=\"http:\/\/iesjuliorodriguez.es\/wordpress\/wp-content\/uploads\/2021\/01\/ProgramacioI_n20-21MATEMAI_TICAS-VersioI_n3.pdf\" target=\"_blank\" rel=\"noopener noreferrer\">Matem\u00e1ticas.<\/a><\/li>\n<li><a href=\"http:\/\/iesjuliorodriguez.es\/wordpress\/wp-content\/uploads\/2016\/12\/M\u00fasica.pdf\" target=\"_blank\" rel=\"noopener noreferrer\">M\u00fasica.<\/a><\/li>\n<li><a href=\"http:\/\/iesjuliorodriguez.es\/wordpress\/wp-content\/uploads\/2016\/12\/Orientaci\u00f3n.pdf\" target=\"_blank\" rel=\"noopener noreferrer\">Orientaci\u00f3n.<\/a><\/li>\n<li><a href=\"http:\/\/iesjuliorodriguez.es\/wordpress\/wp-content\/uploads\/2016\/12\/Pl\u00e1stica.pdf\" target=\"_blank\" rel=\"noopener noreferrer\">Pl\u00e1stica.<\/a><\/li>\n<li><a href=\"http:\/\/iesjuliorodriguez.es\/wordpress\/wp-content\/uploads\/2016\/12\/Religi\u00f3n.pdf\" target=\"_blank\" rel=\"noopener noreferrer\">Religi\u00f3n.<\/a><\/li>\n<li><a href=\"http:\/\/iesjuliorodriguez.es\/wordpress\/wp-content\/uploads\/2016\/12\/ProgrTec16-17.pdf\" target=\"_blank\" rel=\"noopener noreferrer\">Tecnolog\u00eda.<\/a><\/li>\n<\/ul>\n<\/li>\n<li>Otros documentos\n<ul>\n<li><a href=\"http:\/\/iesjuliorodriguez.es\/protocolo-covid-19\/\" target=\"_blank\" rel=\"noopener noreferrer\">Protocolo de actuaci\u00f3n COVID-19<\/a><\/li>\n<li><a href=\"https:\/\/blogsaverroes.juntadeandalucia.es\/iesjuliorodriguez\/files\/2021\/01\/Plan-de-actuacion-digital.pdf\" target=\"_blank\" rel=\"noopener noreferrer\">Plan de actuaci\u00f3n digital<\/a><\/li>\n<\/ul>\n<\/li>\n<\/ul>\n\n<!-- divi:paragraph -->\n<p><\/p>\n<!-- \/divi:paragraph -->[\/et_pb_text][\/et_pb_column][\/et_pb_row][\/et_pb_section]\n","protected":false},"excerpt":{"rendered":"<p><div class=\"et_pb_section et_pb_section_0 et_section_regular\" >\n\t\t\t\t\n\t\t\t\t\n\t\t\t\t\n\t\t\t\t\n\t\t\t\t\n\t\t\t\t\n\t\t\t\t\n\t\t\t\t\n\t\t\t\t\n\t\t\t<\/div><div class=\"et_pb_row et_pb_row_0 et_pb_row_empty\">\n\t\t\t\t\n\t\t\t\t\n\t\t\t\t\n\t\t\t\t\n\t\t\t\t\n\t\t\t<\/div><div class=\"et_pb_module et_pb_text et_pb_text_0  et_pb_text_align_left et_pb_bg_layout_light\">\n\t\t\t\t\n\t\t\t\t\n\t\t\t\t\n\t\t\t\t\n\t\t\t\t\n\t\t\t<\/div> Plan de Centro: Proyecto Educativo Reglamento de Organizaci\u00f3n y Funcionamiento. Proyecto de Gesti\u00f3n. Programaciones: Biolog\u00eda y Geolog\u00eda. Actividades complementarias y extraescolares. Educaci\u00f3n F\u00edsica. Filosof\u00eda F\u00edsica y Qu\u00edmica. Franc\u00e9s. Ingl\u00e9s Lengua y Literatura. Matem\u00e1ticas. M\u00fasica. Orientaci\u00f3n. Pl\u00e1stica. Religi\u00f3n. Tecnolog\u00eda. Otros documentos Protocolo de actuaci\u00f3n COVID-19 Plan de actuaci\u00f3n digital<\/p>\n","protected":false},"author":19333,"featured_media":0,"parent":453,"menu_order":0,"comment_status":"closed","ping_status":"closed","template":"","meta":{"_et_pb_use_builder":"on","_et_pb_old_content":"<ul>\n<li>Plan de Centro:\n<ul>\n<li><a href=\"http:\/\/iesjuliorodriguez.es\/wordpress\/wp-content\/uploads\/2020\/02\/PROYECTO-EDUCATIVO-2020-1.pdf\">Proyecto Educativo<\/a><\/li>\n<li><a href=\"http:\/\/iesjuliorodriguez.es\/wordpress\/wp-content\/uploads\/2011\/11\/ROF.pdf\" target=\"_blank\" rel=\"noopener noreferrer\">Reglamento de Organizaci\u00f3n y Funcionamiento.<\/a><\/li>\n<li><a href=\"http:\/\/iesjuliorodriguez.es\/wordpress\/wp-content\/uploads\/2020\/02\/PROYECTO-DE-GESTI\u00d3N-2020.pdf\" target=\"_blank\" rel=\"noopener noreferrer\">Proyecto de Gesti\u00f3n.<\/a><\/li>\n<\/ul>\n<\/li>\n<li>Programaciones:\n<ul>\n<li><a href=\"https:\/\/1drv.ms\/f\/s!AljZ6KDDeUDTg6ZdQwmK5rwXOXjjNw\">Biolog\u00eda y Geolog\u00eda.<\/a><\/li>\n<li><a href=\"http:\/\/iesjuliorodriguez.es\/wordpress\/wp-content\/uploads\/2016\/12\/dace.pdf\" target=\"_blank\" rel=\"noopener noreferrer\">Actividades complementarias y extraescolares.<\/a><\/li>\n<li><a href=\"http:\/\/iesjuliorodriguez.es\/wordpress\/wp-content\/uploads\/2016\/12\/EDUCACI\u00d3N-F\u00cdSICA.pdf\" target=\"_blank\" rel=\"noopener noreferrer\">Educaci\u00f3n F\u00edsica.<\/a><\/li>\n<li><a href=\"http:\/\/iesjuliorodriguez.es\/wordpress\/wp-content\/uploads\/2021\/01\/Programaciones-didacticas-Departamento-FILOSOFIA-IES-Julio-Rodriguez.pdf\" target=\"_blank\" rel=\"noopener noreferrer\">Filosof\u00eda<\/a><\/li>\n<li><a href=\"http:\/\/iesjuliorodriguez.es\/wordpress\/wp-content\/uploads\/2020\/10\/PROGRAMACION-COMPLETA-FQ_20_21_-DEFINITIVA.pdf\" target=\"_blank\" rel=\"noopener noreferrer\">F\u00edsica y Qu\u00edmica.<\/a><\/li>\n<li><a href=\"http:\/\/iesjuliorodriguez.es\/wordpress\/wp-content\/uploads\/2016\/12\/Franc\u00e9s.pdf\" target=\"_blank\" rel=\"noopener noreferrer\">Franc\u00e9s.<\/a><\/li>\n<li><a href=\"http:\/\/iesjuliorodriguez.es\/wordpress\/wp-content\/uploads\/2016\/12\/Ingl\u00e9s.pdf\">Ingl\u00e9s<\/a><\/li>\n<li><a href=\"http:\/\/iesjuliorodriguez.es\/wordpress\/wp-content\/uploads\/2020\/10\/PROGRAMACIO\u0301N.LENGUA-Y-LIT.pdf\" target=\"_blank\" rel=\"noopener noreferrer\">Lengua y Literatura.<\/a><\/li>\n<li><a href=\"http:\/\/iesjuliorodriguez.es\/wordpress\/wp-content\/uploads\/2021\/01\/ProgramacioI_n20-21MATEMAI_TICAS-VersioI_n3.pdf\" target=\"_blank\" rel=\"noopener noreferrer\">Matem\u00e1ticas.<\/a><\/li>\n<li><a href=\"http:\/\/iesjuliorodriguez.es\/wordpress\/wp-content\/uploads\/2016\/12\/M\u00fasica.pdf\" target=\"_blank\" rel=\"noopener noreferrer\">M\u00fasica.<\/a><\/li>\n<li><a href=\"http:\/\/iesjuliorodriguez.es\/wordpress\/wp-content\/uploads\/2016\/12\/Orientaci\u00f3n.pdf\" target=\"_blank\" rel=\"noopener noreferrer\">Orientaci\u00f3n.<\/a><\/li>\n<li><a href=\"http:\/\/iesjuliorodriguez.es\/wordpress\/wp-content\/uploads\/2016\/12\/Pl\u00e1stica.pdf\" target=\"_blank\" rel=\"noopener noreferrer\">Pl\u00e1stica.<\/a><\/li>\n<li><a href=\"http:\/\/iesjuliorodriguez.es\/wordpress\/wp-content\/uploads\/2016\/12\/Religi\u00f3n.pdf\" target=\"_blank\" rel=\"noopener\">Religi\u00f3n.<\/a><\/li>\n<li><a href=\"http:\/\/iesjuliorodriguez.es\/wordpress\/wp-content\/uploads\/2016\/12\/ProgrTec16-17.pdf\" target=\"_blank\" rel=\"noopener noreferrer\">Tecnolog\u00eda.<\/a><\/li>\n<\/ul>\n<\/li>\n<li>Otros documentos\n<ul>\n<li><a href=\"http:\/\/iesjuliorodriguez.es\/protocolo-covid-19\/\" target=\"_blank\" rel=\"noopener noreferrer\">Protocolo de actuaci\u00f3n COVID-19<\/a><\/li>\n<li><a href=\"http:\/\/iesjuliorodriguez.es\/wordpress\/wp-content\/uploads\/2021\/01\/Plan-de-actuacion-digital.pdf\" target=\"_blank\" rel=\"noopener\">Plan de actuaci\u00f3n digital<\/a><\/li>\n<\/ul>\n<\/li>\n<\/ul>\n\n<!-- wp:paragraph -->\n<p><\/p>\n<!-- \/wp:paragraph -->","_et_gb_content_width":"","ngg_post_thumbnail":0,"footnotes":""},"aioseo_notices":[],"_links":{"self":[{"href":"https:\/\/blogsaverroes.juntadeandalucia.es\/iesjuliorodriguez\/wp-json\/wp\/v2\/pages\/1248"}],"collection":[{"href":"https:\/\/blogsaverroes.juntadeandalucia.es\/iesjuliorodriguez\/wp-json\/wp\/v2\/pages"}],"about":[{"href":"https:\/\/blogsaverroes.juntadeandalucia.es\/iesjuliorodriguez\/wp-json\/wp\/v2\/types\/page"}],"author":[{"embeddable":true,"href":"https:\/\/blogsaverroes.juntadeandalucia.es\/iesjuliorodriguez\/wp-json\/wp\/v2\/users\/19333"}],"replies":[{"embeddable":true,"href":"https:\/\/blogsaverroes.juntadeandalucia.es\/iesjuliorodriguez\/wp-json\/wp\/v2\/comments?post=1248"}],"version-history":[{"count":0,"href":"https:\/\/blogsaverroes.juntadeandalucia.es\/iesjuliorodriguez\/wp-json\/wp\/v2\/pages\/1248\/revisions"}],"up":[{"embeddable":true,"href":"https:\/\/blogsaverroes.juntadeandalucia.es\/iesjuliorodriguez\/wp-json\/wp\/v2\/pages\/453"}],"wp:attachment":[{"href":"https:\/\/blogsaverroes.juntadeandalucia.es\/iesjuliorodriguez\/wp-json\/wp\/v2\/media?parent=1248"}],"curies":[{"name":"wp","href":"https:\/\/api.w.org\/{rel}","templated":true}]}}