{"id":3107,"date":"2021-09-29T00:42:01","date_gmt":"2021-09-28T22:42:01","guid":{"rendered":"https:\/\/iesjuliorodriguez.es\/?page_id=3107"},"modified":"2024-03-09T11:10:16","modified_gmt":"2024-03-09T10:10:16","slug":"algo-de-historia","status":"publish","type":"page","link":"https:\/\/blogsaverroes.juntadeandalucia.es\/iesjuliorodriguez\/algo-de-historia\/","title":{"rendered":"Algo de historia"},"content":{"rendered":"<p>[et_pb_section fb_built=&#8221;1&#8243; fullwidth=&#8221;on&#8221; admin_label=&#8221;Header Section&#8221; _builder_version=&#8221;4.14.5&#8243; background_image=&#8221;https:\/\/blogsaverroes.juntadeandalucia.es\/iesjuliorodriguez\/files\/2021\/09\/hdgdgh.jpg&#8221; parallax=&#8221;on&#8221; top_divider_style=&#8221;clouds2&#8243; top_divider_color=&#8221;rgba(255,255,255,0.3)&#8221; top_divider_height=&#8221;100%&#8221; bottom_divider_height=&#8221;30px&#8221; hover_enabled=&#8221;0&#8243; global_colors_info=&#8221;{}&#8221; sticky_enabled=&#8221;0&#8243; custom_padding=&#8221;||||false|false&#8221; custom_margin=&#8221;||||false|false&#8221;][et_pb_fullwidth_header title=&#8221;Sobre nosotros&#8221; subhead=&#8221;Algo de historia&#8221; text_orientation=&#8221;center&#8221; _builder_version=&#8221;4.14.5&#8243; title_level=&#8221;h2&#8243; title_font=&#8221;Rubik|700||on|||||&#8221; title_text_color=&#8221;#ff7355&#8243; title_font_size=&#8221;16px&#8221; title_letter_spacing=&#8221;5px&#8221; title_line_height=&#8221;2em&#8221; content_font=&#8221;Rubik||||||||&#8221; content_font_size=&#8221;18px&#8221; content_line_height=&#8221;2em&#8221; subhead_font=&#8221;Rubik|700|||||||&#8221; subhead_text_color=&#8221;rgba(0,0,0,0.8)&#8221; subhead_font_size=&#8221;50px&#8221; subhead_line_height=&#8221;1.4em&#8221; background_color=&#8221;rgba(255,255,255,0)&#8221; use_background_color_gradient=&#8221;on&#8221; background_color_gradient_start=&#8221;rgba(255,255,255,0.7)&#8221; background_color_gradient_end=&#8221;#ffffff&#8221; background_size=&#8221;contain&#8221; background_position=&#8221;bottom_center&#8221; custom_button_one=&#8221;on&#8221; button_one_text_size=&#8221;16px&#8221; button_one_text_color=&#8221;#ffffff&#8221; button_one_bg_color=&#8221;#ff7355&#8243; button_one_border_width=&#8221;15px&#8221; button_one_border_color=&#8221;rgba(210,159,104,0)&#8221; button_one_border_radius=&#8221;100px&#8221; button_one_letter_spacing=&#8221;0px&#8221; button_one_font=&#8221;Rubik|700|||||||&#8221; button_one_use_icon=&#8221;off&#8221; custom_button_two=&#8221;on&#8221; button_two_text_size=&#8221;16px&#8221; button_two_text_color=&#8221;#ffffff&#8221; button_two_bg_color=&#8221;rgba(0,0,0,0.6)&#8221; button_two_border_width=&#8221;15px&#8221; button_two_border_color=&#8221;rgba(210,159,104,0)&#8221; button_two_border_radius=&#8221;100px&#8221; button_two_letter_spacing=&#8221;0px&#8221; button_two_font=&#8221;Rubik|700|||||||&#8221; button_two_use_icon=&#8221;off&#8221; background_layout=&#8221;light&#8221; custom_margin=&#8221;|||&#8221; custom_padding=&#8221;8vw||4vw||false|false&#8221; animation_style=&#8221;slide&#8221; animation_direction=&#8221;bottom&#8221; animation_intensity_slide=&#8221;1%&#8221; hover_enabled=&#8221;0&#8243; subhead_font_size_tablet=&#8221;&#8221; subhead_font_size_phone=&#8221;30px&#8221; subhead_font_size_last_edited=&#8221;on|phone&#8221; button_one_border_radius_hover=&#8221;100px&#8221; button_two_border_radius_hover=&#8221;100px&#8221; button_one_bg_color_hover=&#8221;#ff8a70&#8243; button_two_bg_color_hover=&#8221;#ff8a70&#8243; global_colors_info=&#8221;{}&#8221; button_one_text_size__hover_enabled=&#8221;off&#8221; button_two_text_size__hover_enabled=&#8221;off&#8221; button_one_text_color__hover_enabled=&#8221;off&#8221; button_two_text_color__hover_enabled=&#8221;off&#8221; button_one_border_width__hover_enabled=&#8221;off&#8221; button_two_border_width__hover_enabled=&#8221;off&#8221; button_one_border_color__hover_enabled=&#8221;off&#8221; button_two_border_color__hover_enabled=&#8221;off&#8221; button_one_border_radius__hover_enabled=&#8221;on&#8221; button_one_border_radius__hover=&#8221;100px&#8221; button_two_border_radius__hover_enabled=&#8221;on&#8221; button_two_border_radius__hover=&#8221;100px&#8221; button_one_letter_spacing__hover_enabled=&#8221;off&#8221; button_two_letter_spacing__hover_enabled=&#8221;off&#8221; button_one_bg_color__hover_enabled=&#8221;on&#8221; button_one_bg_color__hover=&#8221;#ff8a70&#8243; button_two_bg_color__hover_enabled=&#8221;on&#8221; button_two_bg_color__hover=&#8221;#ff8a70&#8243; sticky_enabled=&#8221;0&#8243;][\/et_pb_fullwidth_header][\/et_pb_section][et_pb_section fb_built=&#8221;1&#8243; admin_label=&#8221;Contact Section&#8221; _builder_version=&#8221;3.22&#8243; background_image=&#8221;https:\/\/blogsaverroes.juntadeandalucia.es\/iesjuliorodriguez\/files\/2021\/09\/shapes-bg-1.png&#8221; parallax=&#8221;on&#8221; custom_padding=&#8221;|||&#8221; global_colors_info=&#8221;{}&#8221;][et_pb_row column_structure=&#8221;1_2,1_2&#8243; _builder_version=&#8221;4.8.2&#8243; _module_preset=&#8221;default&#8221; global_colors_info=&#8221;{}&#8221;][et_pb_column type=&#8221;1_2&#8243; _builder_version=&#8221;4.8.2&#8243; _module_preset=&#8221;default&#8221; background_color=&#8221;#ff7355&#8243; global_colors_info=&#8221;{}&#8221;][et_pb_image src=&#8221;https:\/\/blogsaverroes.juntadeandalucia.es\/iesjuliorodriguez\/files\/2021\/09\/julio-rodriguez-martinez.jpg&#8221; alt=&#8221;foto de julio rodriguez&#8221; title_text=&#8221;julio-rodriguez-martinez&#8221; force_fullwidth=&#8221;on&#8221; _builder_version=&#8221;4.8.2&#8243; _module_preset=&#8221;default&#8221; custom_margin=&#8221;-40px|40px|40px|-40px|false|false&#8221; global_colors_info=&#8221;{}&#8221;][\/et_pb_image][\/et_pb_column][et_pb_column type=&#8221;1_2&#8243; _builder_version=&#8221;4.8.2&#8243; _module_preset=&#8221;default&#8221; global_colors_info=&#8221;{}&#8221;][et_pb_text _builder_version=&#8221;4.8.2&#8243; _module_preset=&#8221;default&#8221; global_colors_info=&#8221;{}&#8221;]<\/p>\n<h2>Julio Rodr\u00edguez Mart\u00ednez<\/h2>\n<p>[\/et_pb_text][et_pb_text _builder_version=&#8221;4.8.2&#8243; _module_preset=&#8221;default&#8221; text_font_size=&#8221;16px&#8221; global_colors_info=&#8221;{}&#8221;]<\/p>\n<p align=\"JUSTIFY\" style=\"text-align: left\">Nuestro instituto debe su nombre a Julio Rodr\u00edguez Mart\u00ednez<strong>,<span>\u00a0<\/span><\/strong>profesor universitario y Ministro de Educaci\u00f3n. Hab\u00eda nacido en Armilla el 25 de abril de 1928 y muri\u00f3 en Santiago de Chile el 29 de enero de 1979, donde acababa de participar en un congreso de mineralog\u00eda y ten\u00eda programadas varias conferencias. Como parte de su vida hab\u00eda transcurrido en Motril, est\u00e1 enterrado en el cementerio de nuestra localidad, en la que contin\u00faa residiendo su familia.<\/p>\n<p align=\"JUSTIFY\" style=\"text-align: left\">Julio Rodr\u00edguez se hab\u00eda doctorado en Ciencias y en Farmacia por la<span>\u00a0<\/span><span>Universidad de Madrid<\/span>; posteriormente obtuvo la c\u00e1tedra de<span>\u00a0<\/span><span>Cristalograf\u00eda<\/span><span>\u00a0<\/span>y<span>\u00a0<\/span><span>Mineralog\u00eda<\/span><span>\u00a0<\/span>en la<span>\u00a0<\/span><span>Universidad de Salamanca<\/span>, de donde m\u00e1s tarde fue trasladado a la<span>\u00a0<\/span><span>Universidad Aut\u00f3noma de Madrid<\/span>, de la que tambi\u00e9n fue<span>\u00a0<\/span><span>rector<\/span>.<\/p>\n<p align=\"JUSTIFY\" style=\"text-align: left\">Fue procurador en Cortes entre 1971 y 1977. El 9 de junio de 1973 fue nombrado Ministro de Educaci\u00f3n del gobierno del almirante Carrero Blanco. Tras el asesinato de este \u00faltimo a manos de la banda terrorista ETA, fue cesado poco tiempo despu\u00e9s, el 3 de enero de 1974.<\/p>\n<p align=\"JUSTIFY\" style=\"text-align: left\">A \u00e9l se debe una conocida reforma del calendario acad\u00e9mico universitario, que igualaba el<span>\u00a0<\/span><span>a\u00f1o natural<\/span><span>\u00a0<\/span>con el<span>\u00a0<\/span><span>a\u00f1o acad\u00e9mico<\/span>, y que fue conocida como el \u201c<em>calendario juliano\u201d<\/em>. La reforma establec\u00eda el comienzo del curso el<span>\u00a0<\/span><span>7 de enero<\/span><span>\u00a0<\/span>de cada a\u00f1o, finalizando a finales del mes de diciembre. El cambio, que solamente se aplic\u00f3 para primero de carrera en todas las universidades espa\u00f1olas (que debiendo empezar en octubre de<span>\u00a0<\/span><span>1973<\/span><span>\u00a0<\/span>esperaron hasta<span>\u00a0<\/span><span>enero<\/span><span>\u00a0<\/span>de<span>\u00a0<\/span><span>1974<\/span>) produjo el rechazo de la comunidad universitaria y de la administraci\u00f3n de la \u00e9poca. La orden ministerial que implantaba el cambio fue derogada a los pocos meses por un decreto de su sucesor en el cargo,<span>\u00a0<\/span><span>Cruz Mart\u00ednez Esteruelas<\/span>, volviendo todas las facultades universitarias espa\u00f1olas a recuperar el calendario ordinario al curso siguiente.<\/p>\n<p>[\/et_pb_text][\/et_pb_column][\/et_pb_row][\/et_pb_section]<\/p>\n","protected":false},"excerpt":{"rendered":"<p>Julio Rodr\u00edguez Mart\u00ednezNuestro instituto debe su nombre a Julio Rodr\u00edguez Mart\u00ednez,\u00a0profesor universitario y Ministro de Educaci\u00f3n. Hab\u00eda nacido en Armilla el 25 de abril de 1928 y muri\u00f3 en Santiago de Chile el 29 de enero de 1979, donde acababa de participar en un congreso de mineralog\u00eda y ten\u00eda programadas varias conferencias. Como parte de [&hellip;]<\/p>\n","protected":false},"author":19333,"featured_media":0,"parent":0,"menu_order":0,"comment_status":"closed","ping_status":"closed","template":"","meta":{"_et_pb_use_builder":"on","_et_pb_old_content":"","_et_gb_content_width":"","ngg_post_thumbnail":0,"footnotes":""},"aioseo_notices":[],"_links":{"self":[{"href":"https:\/\/blogsaverroes.juntadeandalucia.es\/iesjuliorodriguez\/wp-json\/wp\/v2\/pages\/3107"}],"collection":[{"href":"https:\/\/blogsaverroes.juntadeandalucia.es\/iesjuliorodriguez\/wp-json\/wp\/v2\/pages"}],"about":[{"href":"https:\/\/blogsaverroes.juntadeandalucia.es\/iesjuliorodriguez\/wp-json\/wp\/v2\/types\/page"}],"author":[{"embeddable":true,"href":"https:\/\/blogsaverroes.juntadeandalucia.es\/iesjuliorodriguez\/wp-json\/wp\/v2\/users\/19333"}],"replies":[{"embeddable":true,"href":"https:\/\/blogsaverroes.juntadeandalucia.es\/iesjuliorodriguez\/wp-json\/wp\/v2\/comments?post=3107"}],"version-history":[{"count":14,"href":"https:\/\/blogsaverroes.juntadeandalucia.es\/iesjuliorodriguez\/wp-json\/wp\/v2\/pages\/3107\/revisions"}],"predecessor-version":[{"id":7720,"href":"https:\/\/blogsaverroes.juntadeandalucia.es\/iesjuliorodriguez\/wp-json\/wp\/v2\/pages\/3107\/revisions\/7720"}],"wp:attachment":[{"href":"https:\/\/blogsaverroes.juntadeandalucia.es\/iesjuliorodriguez\/wp-json\/wp\/v2\/media?parent=3107"}],"curies":[{"name":"wp","href":"https:\/\/api.w.org\/{rel}","templated":true}]}}