{"id":453,"date":"2015-06-17T10:13:38","date_gmt":"2015-06-17T10:13:38","guid":{"rendered":"http:\/\/iesjuliorodriguez.es\/wordpress\/?page_id=453"},"modified":"2015-06-17T10:13:38","modified_gmt":"2015-06-17T10:13:38","slug":"el-centro","status":"publish","type":"page","link":"https:\/\/blogsaverroes.juntadeandalucia.es\/iesjuliorodriguez\/el-centro\/","title":{"rendered":"El centro"},"content":{"rendered":"<p>Bienvenido al IES Julio Rodr\u00edguez. En esta secci\u00f3n puedes acceder a los datos del centro y a todas las informaciones relativas a la organizaci\u00f3n y el funcionamiento de nuestro centro.<\/p>\n<p>A continuaci\u00f3n tienes una lista de categor\u00edas en la que encontrar\u00e1s toda esta informaci\u00f3n.<\/p>\n<p>Datos del centro.<\/p>\n<p>Documentos del centro.<\/p>\n<p>Algo de histor\u00eda.<\/p>\n","protected":false},"excerpt":{"rendered":"<p>Bienvenido al IES Julio Rodr\u00edguez. En esta secci\u00f3n puedes acceder a los datos del centro y a todas las informaciones relativas a la organizaci\u00f3n y el funcionamiento de nuestro centro. A continuaci\u00f3n tienes una lista de categor\u00edas en la que encontrar\u00e1s toda esta informaci\u00f3n. Datos del centro. Documentos del centro. Algo de histor\u00eda.<\/p>\n","protected":false},"author":19333,"featured_media":0,"parent":0,"menu_order":0,"comment_status":"closed","ping_status":"closed","template":"","meta":{"_et_pb_use_builder":"","_et_pb_old_content":"","_et_gb_content_width":"","ngg_post_thumbnail":0,"footnotes":""},"aioseo_notices":[],"_links":{"self":[{"href":"https:\/\/blogsaverroes.juntadeandalucia.es\/iesjuliorodriguez\/wp-json\/wp\/v2\/pages\/453"}],"collection":[{"href":"https:\/\/blogsaverroes.juntadeandalucia.es\/iesjuliorodriguez\/wp-json\/wp\/v2\/pages"}],"about":[{"href":"https:\/\/blogsaverroes.juntadeandalucia.es\/iesjuliorodriguez\/wp-json\/wp\/v2\/types\/page"}],"author":[{"embeddable":true,"href":"https:\/\/blogsaverroes.juntadeandalucia.es\/iesjuliorodriguez\/wp-json\/wp\/v2\/users\/19333"}],"replies":[{"embeddable":true,"href":"https:\/\/blogsaverroes.juntadeandalucia.es\/iesjuliorodriguez\/wp-json\/wp\/v2\/comments?post=453"}],"version-history":[{"count":0,"href":"https:\/\/blogsaverroes.juntadeandalucia.es\/iesjuliorodriguez\/wp-json\/wp\/v2\/pages\/453\/revisions"}],"wp:attachment":[{"href":"https:\/\/blogsaverroes.juntadeandalucia.es\/iesjuliorodriguez\/wp-json\/wp\/v2\/media?parent=453"}],"curies":[{"name":"wp","href":"https:\/\/api.w.org\/{rel}","templated":true}]}}