{"id":7363,"date":"2010-11-15T09:56:03","date_gmt":"2010-11-15T09:56:03","guid":{"rendered":"http:\/\/iesjuliorodriguez.es\/wordpress\/?p=19"},"modified":"2010-11-15T09:56:03","modified_gmt":"2010-11-15T09:56:03","slug":"educacion-fisica","status":"publish","type":"page","link":"https:\/\/blogsaverroes.juntadeandalucia.es\/iesjuliorodriguez\/departamentos\/educacion-fisica\/","title":{"rendered":"Educaci\u00f3n F\u00edsica"},"content":{"rendered":"<ul>\n<li><strong>Isabel Fern\u00e1ndez Garc\u00eda<\/strong><strong>.<\/strong> Jefa del Departamento.<\/li>\n<li><strong>Gertrudis Vargas Molina<\/strong><\/li>\n<li><strong>Mar\u00eda Gil<\/strong><\/li>\n<\/ul>\n","protected":false},"excerpt":{"rendered":"<p>Isabel Fern\u00e1ndez Garc\u00eda. Jefa del Departamento. Gertrudis Vargas Molina Mar\u00eda Gil<\/p>\n","protected":false},"author":19333,"featured_media":0,"parent":7360,"menu_order":0,"comment_status":"open","ping_status":"closed","template":"","meta":{"_et_pb_use_builder":"","_et_pb_old_content":"","_et_gb_content_width":"","ngg_post_thumbnail":0,"footnotes":""},"aioseo_notices":[],"_links":{"self":[{"href":"https:\/\/blogsaverroes.juntadeandalucia.es\/iesjuliorodriguez\/wp-json\/wp\/v2\/pages\/7363"}],"collection":[{"href":"https:\/\/blogsaverroes.juntadeandalucia.es\/iesjuliorodriguez\/wp-json\/wp\/v2\/pages"}],"about":[{"href":"https:\/\/blogsaverroes.juntadeandalucia.es\/iesjuliorodriguez\/wp-json\/wp\/v2\/types\/page"}],"author":[{"embeddable":true,"href":"https:\/\/blogsaverroes.juntadeandalucia.es\/iesjuliorodriguez\/wp-json\/wp\/v2\/users\/19333"}],"replies":[{"embeddable":true,"href":"https:\/\/blogsaverroes.juntadeandalucia.es\/iesjuliorodriguez\/wp-json\/wp\/v2\/comments?post=7363"}],"version-history":[{"count":0,"href":"https:\/\/blogsaverroes.juntadeandalucia.es\/iesjuliorodriguez\/wp-json\/wp\/v2\/pages\/7363\/revisions"}],"up":[{"embeddable":true,"href":"https:\/\/blogsaverroes.juntadeandalucia.es\/iesjuliorodriguez\/wp-json\/wp\/v2\/pages\/7360"}],"wp:attachment":[{"href":"https:\/\/blogsaverroes.juntadeandalucia.es\/iesjuliorodriguez\/wp-json\/wp\/v2\/media?parent=7363"}],"curies":[{"name":"wp","href":"https:\/\/api.w.org\/{rel}","templated":true}]}}