{"id":198,"date":"2015-03-17T09:55:36","date_gmt":"2015-03-17T09:55:36","guid":{"rendered":"http:\/\/blogsaverroes.juntadeandalucia.es\/pre\/ceip\/?page_id=198"},"modified":"2025-01-28T11:28:15","modified_gmt":"2025-01-28T11:28:15","slug":"que-es-el-ampa","status":"publish","type":"page","link":"https:\/\/blogsaverroes.juntadeandalucia.es\/ieslaalbora\/que-es-el-ampa\/","title":{"rendered":"\u00bfQu\u00e9 es el AMPA?"},"content":{"rendered":"<p style=\"text-align: left\"><span style=\"font-size: 28px;color: #000000\"><strong>AMPA IES La Albor\u00e1<\/strong><\/span><a href=\"http:\/\/blogsaverroes.juntadeandalucia.es\/temafrontieries\/files\/2015\/03\/familia.png\"><img loading=\"lazy\" decoding=\"async\" class=\"aligncenter wp-image-243 size-medium\" src=\"http:\/\/blogsaverroes.juntadeandalucia.es\/temafrontieries\/files\/2015\/03\/familia-300x193.png\" alt=\"\" width=\"300\" height=\"193\" srcset=\"https:\/\/blogsaverroes.juntadeandalucia.es\/ieslaalbora\/files\/2015\/03\/familia-300x193.png 300w, https:\/\/blogsaverroes.juntadeandalucia.es\/ieslaalbora\/files\/2015\/03\/familia-1024x661.png 1024w, https:\/\/blogsaverroes.juntadeandalucia.es\/ieslaalbora\/files\/2015\/03\/familia.png 1280w\" sizes=\"(max-width: 300px) 100vw, 300px\" \/><\/a><span style=\"color: #000000\">El <strong>AMPA<\/strong> es una asociaci\u00f3n sin \u00e1nimo de lucro que formada por los padres y madres de todo el alumnado del instituto.<\/span><\/p>\n<p><span style=\"color: #000000\">Es un punto de encuentro y de trabajo independiente, abierto y plural.<\/span><\/p>\n<p><span style=\"color: #000000\">Desde el AMPA podemos contribuir a la mejora de la calidad de la educaci\u00f3n, la convivencia del centro y de las instalaciones.<\/span><\/p>\n<h3><span style=\"font-size: 24px;color: #000000\">\u00bfPor qu\u00e9 es importante vuestra participaci\u00f3n?<\/span><\/h3>\n<p><span style=\"color: #000000;font-size: 14px\">En el colegio existen espacios de participaci\u00f3n, siendo el AMPA \u00a0el \u00fanico espacio de participaci\u00f3n aut\u00f3nomo de padres y madres. El AMPA es importante porque:<\/span><\/p>\n<ul>\n<li><span style=\"color: #000000;font-size: 14px\">Somos corresponsables de la educaci\u00f3n que nuestros hijos\/as reciben en el colegio.<\/span><\/li>\n<li><span style=\"color: #000000;font-size: 14px\">Es un espacio para aportar iniciativas y trabajar con la direcci\u00f3n del Centro, sin depender de esta.<\/span><\/li>\n<\/ul>\n<h3><span style=\"font-size: 24px;color: #000000\">\u00bfC\u00f3mo puedes participar?<\/span><\/h3>\n<p><span style=\"color: #000000;font-size: 14px\">Participar en el AMPA es muy f\u00e1cil y cada uno decide el nivel de implicaci\u00f3n.<\/span><\/p>\n<ul>\n<li><span style=\"color: #000000;font-size: 14px\">Podemos asociarnos en cualquier momento, aunque se entrega a las familias una ficha de inscripci\u00f3n con la matr\u00edcula en la que se indica la cuota anual por cada familia (la cuota es por familia no por ni\u00f1o\/a)<\/span><\/li>\n<li><span style=\"color: #000000;font-size: 14px\">Podemos tambi\u00e9n participar a trav\u00e9s de las asambleas, incorpor\u00e1ndote a las reuniones\u00a0abiertas que se convoquen.<\/span><\/li>\n<li><span style=\"color: #000000;font-size: 14px\">Podemos colaborar en los diferentes grupos de trabajo o\u00a0en actividades puntuales que se organizan desde el AMPA a lo largo del curso.<\/span><\/li>\n<li><span style=\"color: #000000;font-size: 14px\">Podemos proponer iniciativas, plantear temas de debate, organizar actividades, etc., \u00a0dirigi\u00e9ndote a cualquier miembro de la junta directiva o a trav\u00e9s del blog.<\/span><\/li>\n<\/ul>\n<p><span style=\"color: #000000;font-size: 14px\">Como ves, hay muchas formas de participar y es muy importante que m\u00e1s padres y madres pasemos a la participa-ACCI\u00d3N,\u00a0\u00a0de forma activa y colectiva.<\/span><\/p>\n<h3><span style=\"font-size: 24px;color: #000000\">\u00bfPara qu\u00e9 sirve?<\/span><\/h3>\n<ul>\n<li><span style=\"color: #000000;font-size: 14px\">Para defender y velar por el derecho a una educaci\u00f3n de calidad, democr\u00e1tica, atendiendo a las necesidades de todos los ni\u00f1os\/as \u00a0y cr\u00edtica.<\/span><\/li>\n<li><span style=\"color: #000000;font-size: 14px\">Para promover la participaci\u00f3n de padres y madres en la vida del centro, defendiendo los intereses del alumnado y de toda la comunidad educativa.<\/span><\/li>\n<li><span style=\"color: #000000;font-size: 14px\">Para buscar soluciones de forma colectiva a temas relacionados con la ense\u00f1anza y educaci\u00f3n de nuestros hijos\/as.<\/span><\/li>\n<li><span style=\"color: #000000;font-size: 14px\">Para crear espacios de encuentro y trabajo en el resto de la comunidad educativa y con el entorno.<\/span><\/li>\n<li><span style=\"color: #000000;font-size: 14px\">Para crear espacios de reflexi\u00f3n y participaci\u00f3n compartida sobre la educaci\u00f3n de nuestros hijos\/as<\/span><br \/>\n<span style=\"color: #000000;font-size: 14px\">Para participar en la gesti\u00f3n del colegio.<\/span><\/li>\n<\/ul>\n<h3><span style=\"font-size: 24px;color: #000000\">\u00bfC\u00f3mo se financia?<\/span><\/h3>\n<p><span style=\"color: #000000\">El AMPA \u00a0se financia a trav\u00e9s de las cuotas de socios\/as.<\/span><br \/>\n<span style=\"color: #000000\">La cuota de socios\/as es el \u00fanico pago que realizan las familias y que gestiona el AMPA para el beneficio exclusivo de la comunidad educativa y en definitiva de la educaci\u00f3n que reciben\u00a0 nuestros hijos\/as en el centro.<\/span><\/p>\n<h3><span style=\"font-size: 24px;color: #000000\">\u00bfQui\u00e9nes formamos el AMPA?<\/span><\/h3>\n<p><span style=\"color: #000000\">La Asociaci\u00f3n de Madres y Padres est\u00e1 constituida por las familias familias del centro, y gestionada por una \u00a0<strong>Junta Directiva<\/strong>.<\/span><\/p>\n<p><span style=\"color: #000000\">Puedes ponerte en contacto con nosotros\/as en el email:<span style=\"color: #0000ff\"> ampa.iesalbora@gmail.com<\/span><\/span><\/p>\n<p><span style=\"color: #000000\">Relaci\u00f3n de las personas que forman parte de la<strong> Junta Directiva<\/strong>:<\/span><\/p>\n","protected":false},"excerpt":{"rendered":"<p>AMPA IES La Albor\u00e1El AMPA es una asociaci\u00f3n sin \u00e1nimo de lucro que formada por los padres y madres de todo el alumnado del instituto. Es un punto de encuentro y de trabajo independiente, abierto y plural. Desde el AMPA podemos contribuir a la mejora de la calidad de la educaci\u00f3n, la convivencia del centro [&hellip;]<\/p>\n","protected":false},"author":1,"featured_media":0,"parent":0,"menu_order":0,"comment_status":"closed","ping_status":"open","template":"","meta":{"footnotes":""},"aioseo_notices":[],"_links":{"self":[{"href":"https:\/\/blogsaverroes.juntadeandalucia.es\/ieslaalbora\/wp-json\/wp\/v2\/pages\/198"}],"collection":[{"href":"https:\/\/blogsaverroes.juntadeandalucia.es\/ieslaalbora\/wp-json\/wp\/v2\/pages"}],"about":[{"href":"https:\/\/blogsaverroes.juntadeandalucia.es\/ieslaalbora\/wp-json\/wp\/v2\/types\/page"}],"author":[{"embeddable":true,"href":"https:\/\/blogsaverroes.juntadeandalucia.es\/ieslaalbora\/wp-json\/wp\/v2\/users\/1"}],"replies":[{"embeddable":true,"href":"https:\/\/blogsaverroes.juntadeandalucia.es\/ieslaalbora\/wp-json\/wp\/v2\/comments?post=198"}],"version-history":[{"count":6,"href":"https:\/\/blogsaverroes.juntadeandalucia.es\/ieslaalbora\/wp-json\/wp\/v2\/pages\/198\/revisions"}],"predecessor-version":[{"id":4694,"href":"https:\/\/blogsaverroes.juntadeandalucia.es\/ieslaalbora\/wp-json\/wp\/v2\/pages\/198\/revisions\/4694"}],"wp:attachment":[{"href":"https:\/\/blogsaverroes.juntadeandalucia.es\/ieslaalbora\/wp-json\/wp\/v2\/media?parent=198"}],"curies":[{"name":"wp","href":"https:\/\/api.w.org\/{rel}","templated":true}]}}