{"id":35,"date":"2015-03-13T08:21:43","date_gmt":"2015-03-13T08:21:43","guid":{"rendered":"http:\/\/blogsaverroes.juntadeandalucia.es\/pre\/ceip\/?page_id=35"},"modified":"2025-01-28T10:43:34","modified_gmt":"2025-01-28T10:43:34","slug":"el-centro-2","status":"publish","type":"page","link":"https:\/\/blogsaverroes.juntadeandalucia.es\/ieslaalbora\/el-centro-2\/","title":{"rendered":"Datos del centro"},"content":{"rendered":"<p><code><\/code><\/p>\n<h4><\/h4>\n<table style=\"border-collapse: collapse;width: 100%;height: 905px\">\n<tbody>\n<tr>\n<td style=\"width: 50%\">\n<h4><strong>Datos de contacto<\/strong><\/h4>\n<p>IES LA ALBOR\u00c1<\/p>\n<p>Instituto de Ense\u00f1anza Secundaria y Bachillerato<\/p>\n<p><strong>Direcci\u00f3n:<\/strong>\u00a0 Avenida Pedro Carrasco S\/N 21520 Alosno, Huelva<br \/>\n<strong>Tel\u00e9fono \/ FAX: 600164276 \/ 959489910<\/strong><br \/>\n<strong>Email:<\/strong> laalbora.ies@gmail.com<\/td>\n<td style=\"width: 50%\"><iframe loading=\"lazy\" src=\"https:\/\/www.google.com\/maps\/embed?pb=!1m18!1m12!1m3!1d3163.3084738721495!2d-7.120962884688862!3d37.54779547980142!2m3!1f0!2f0!3f0!3m2!1i1024!2i768!4f13.1!3m3!1m2!1s0xd104ce1685eb0b9%3A0xb43d88b1ad36a299!2sIES%20La%20Albora.%20Instituto%20de%20Ense%C3%B1anza%20Secundaria%20y%20Bachillerato!5e0!3m2!1ses!2ses!4v1656408105523!5m2!1ses!2ses\" width=\"400\" height=\"300\"><\/iframe><\/td>\n<\/tr>\n<tr>\n<td style=\"width: 50%\">\n<h4><strong>Horarios<\/strong><\/h4>\n<p>Centro: 8:00 a 14:30<\/p>\n<p>Plan de Acompa\u00f1amiento, 16:00 a 18:00<\/p>\n<p>Talleres extraescolares organizados desde el AMPA 16:00 a 18:00<\/td>\n<td style=\"width: 50%\"><a href=\"https:\/\/blogsaverroes.juntadeandalucia.es\/ieslaalbora\/files\/2022\/06\/LogoIesLaAlboraSinFondo.jpg\"><img loading=\"lazy\" decoding=\"async\" class=\"alignleft wp-image-3580 \" src=\"https:\/\/blogsaverroes.juntadeandalucia.es\/ieslaalbora\/files\/2022\/06\/LogoIesLaAlboraSinFondo.jpg\" alt=\"Logo IES la Albor\u00e1. Albor\u00e1 sobre libro e inscripci\u00f3n IES La Albor\u00e1. \" width=\"407\" height=\"225\" srcset=\"https:\/\/blogsaverroes.juntadeandalucia.es\/ieslaalbora\/files\/2022\/06\/LogoIesLaAlboraSinFondo.jpg 724w, https:\/\/blogsaverroes.juntadeandalucia.es\/ieslaalbora\/files\/2022\/06\/LogoIesLaAlboraSinFondo-300x166.jpg 300w\" sizes=\"(max-width: 407px) 100vw, 407px\" \/><\/a><\/td>\n<\/tr>\n<tr>\n<td style=\"width: 50%\" colspan=\"2\">\n<h4 style=\"text-align: center\"><strong>Oferta educativa<\/strong><\/h4>\n<p style=\"text-align: center\">Ense\u00f1anza Secundaria Obligatoria<br \/>\nBachillerato<br \/>\nCurso de Acceso a Grado Medio de Formaci\u00f3n Profesional<\/p>\n<\/td>\n<\/tr>\n<\/tbody>\n<\/table>\n","protected":false},"excerpt":{"rendered":"<p>Datos de contacto IES LA ALBOR\u00c1 Instituto de Ense\u00f1anza Secundaria y Bachillerato Direcci\u00f3n:\u00a0 Avenida Pedro Carrasco S\/N 21520 Alosno, Huelva Tel\u00e9fono \/ FAX: 600164276 \/ 959489910 Email: laalbora.ies@gmail.com Horarios Centro: 8:00 a 14:30 Plan de Acompa\u00f1amiento, 16:00 a 18:00 Talleres extraescolares organizados desde el AMPA 16:00 a 18:00 Oferta educativa Ense\u00f1anza Secundaria Obligatoria Bachillerato Curso [&hellip;]<\/p>\n","protected":false},"author":1,"featured_media":2481,"parent":0,"menu_order":0,"comment_status":"closed","ping_status":"open","template":"","meta":{"footnotes":""},"aioseo_notices":[],"_links":{"self":[{"href":"https:\/\/blogsaverroes.juntadeandalucia.es\/ieslaalbora\/wp-json\/wp\/v2\/pages\/35"}],"collection":[{"href":"https:\/\/blogsaverroes.juntadeandalucia.es\/ieslaalbora\/wp-json\/wp\/v2\/pages"}],"about":[{"href":"https:\/\/blogsaverroes.juntadeandalucia.es\/ieslaalbora\/wp-json\/wp\/v2\/types\/page"}],"author":[{"embeddable":true,"href":"https:\/\/blogsaverroes.juntadeandalucia.es\/ieslaalbora\/wp-json\/wp\/v2\/users\/1"}],"replies":[{"embeddable":true,"href":"https:\/\/blogsaverroes.juntadeandalucia.es\/ieslaalbora\/wp-json\/wp\/v2\/comments?post=35"}],"version-history":[{"count":29,"href":"https:\/\/blogsaverroes.juntadeandalucia.es\/ieslaalbora\/wp-json\/wp\/v2\/pages\/35\/revisions"}],"predecessor-version":[{"id":4683,"href":"https:\/\/blogsaverroes.juntadeandalucia.es\/ieslaalbora\/wp-json\/wp\/v2\/pages\/35\/revisions\/4683"}],"wp:featuredmedia":[{"embeddable":true,"href":"https:\/\/blogsaverroes.juntadeandalucia.es\/ieslaalbora\/wp-json\/wp\/v2\/media\/2481"}],"wp:attachment":[{"href":"https:\/\/blogsaverroes.juntadeandalucia.es\/ieslaalbora\/wp-json\/wp\/v2\/media?parent=35"}],"curies":[{"name":"wp","href":"https:\/\/api.w.org\/{rel}","templated":true}]}}