{"id":42,"date":"2015-03-13T08:40:47","date_gmt":"2015-03-13T08:40:47","guid":{"rendered":"http:\/\/blogsaverroes.juntadeandalucia.es\/pre\/ceip\/?page_id=42"},"modified":"2025-01-28T11:07:25","modified_gmt":"2025-01-28T11:07:25","slug":"equipo-directivo","status":"publish","type":"page","link":"https:\/\/blogsaverroes.juntadeandalucia.es\/ieslaalbora\/equipo-directivo\/","title":{"rendered":"Equipo directivo"},"content":{"rendered":"<h3><strong><span style=\"color: #000000\">Equipo directivo\u00a0<\/span><\/strong><\/h3>\n<table style=\"border-collapse: collapse;width: 57.3233%;height: 150px\">\n<tbody>\n<tr style=\"height: 50px\">\n<td style=\"width: 27.831%;height: 50px\"><strong><span style=\"color: #000000\">Direcci\u00f3n<\/span><\/strong><\/td>\n<td style=\"width: 29.3062%;height: 50px\"><span style=\"color: #000000\">Pedro P\u00e9rez Ponce<\/span><\/td>\n<\/tr>\n<tr style=\"height: 50px\">\n<td style=\"width: 27.831%;height: 50px\"><strong><span style=\"color: #000000\">Jefatura de estudios<\/span><\/strong><\/td>\n<td style=\"width: 29.3062%;height: 50px\"><span style=\"color: #000000\">\u00c1gueda Delgado Ponce<\/span><\/td>\n<\/tr>\n<tr style=\"height: 50px\">\n<td style=\"width: 27.831%;height: 50px\"><strong><span style=\"color: #000000\">Secretar\u00eda<\/span><\/strong><\/td>\n<td style=\"width: 29.3062%;height: 50px\"><span style=\"color: #000000\">Sebastiana Mantero Riquel<\/span><\/td>\n<\/tr>\n<\/tbody>\n<\/table>\n<p>&nbsp;<\/p>\n","protected":false},"excerpt":{"rendered":"<p>Equipo directivo\u00a0 Direcci\u00f3n Pedro P\u00e9rez Ponce Jefatura de estudios \u00c1gueda Delgado Ponce Secretar\u00eda Sebastiana Mantero Riquel &nbsp;<\/p>\n","protected":false},"author":1,"featured_media":0,"parent":0,"menu_order":0,"comment_status":"closed","ping_status":"open","template":"","meta":{"footnotes":""},"aioseo_notices":[],"_links":{"self":[{"href":"https:\/\/blogsaverroes.juntadeandalucia.es\/ieslaalbora\/wp-json\/wp\/v2\/pages\/42"}],"collection":[{"href":"https:\/\/blogsaverroes.juntadeandalucia.es\/ieslaalbora\/wp-json\/wp\/v2\/pages"}],"about":[{"href":"https:\/\/blogsaverroes.juntadeandalucia.es\/ieslaalbora\/wp-json\/wp\/v2\/types\/page"}],"author":[{"embeddable":true,"href":"https:\/\/blogsaverroes.juntadeandalucia.es\/ieslaalbora\/wp-json\/wp\/v2\/users\/1"}],"replies":[{"embeddable":true,"href":"https:\/\/blogsaverroes.juntadeandalucia.es\/ieslaalbora\/wp-json\/wp\/v2\/comments?post=42"}],"version-history":[{"count":10,"href":"https:\/\/blogsaverroes.juntadeandalucia.es\/ieslaalbora\/wp-json\/wp\/v2\/pages\/42\/revisions"}],"predecessor-version":[{"id":4692,"href":"https:\/\/blogsaverroes.juntadeandalucia.es\/ieslaalbora\/wp-json\/wp\/v2\/pages\/42\/revisions\/4692"}],"wp:attachment":[{"href":"https:\/\/blogsaverroes.juntadeandalucia.es\/ieslaalbora\/wp-json\/wp\/v2\/media?parent=42"}],"curies":[{"name":"wp","href":"https:\/\/api.w.org\/{rel}","templated":true}]}}