{"id":4218,"date":"2024-09-11T17:39:11","date_gmt":"2024-09-11T17:39:11","guid":{"rendered":"https:\/\/blogsaverroes.juntadeandalucia.es\/ieslaalbora\/?page_id=4218"},"modified":"2025-01-28T09:45:29","modified_gmt":"2025-01-28T09:45:29","slug":"erasmus","status":"publish","type":"page","link":"https:\/\/blogsaverroes.juntadeandalucia.es\/ieslaalbora\/planes-y-proyectos\/erasmus\/","title":{"rendered":"Erasmus +"},"content":{"rendered":"<h3 style=\"text-align: justify\" data-pm-slice=\"1 1 []\"><strong><span style=\"color: #000000\">El IES La Albor\u00e1 y su compromiso con Erasmus+<\/span><\/strong><\/h3>\n<p style=\"text-align: justify\"><span style=\"color: #000000\">En el IES La Albor\u00e1 seguimos apostando por la internacionalizaci\u00f3n y el enriquecimiento de la experiencia educativa de nuestro alumnado. Desde el curso 2023\/2024, hemos retomado nuestra participaci\u00f3n en el programa Erasmus+, una iniciativa de la Uni\u00f3n Europea dise\u00f1ada para promover la educaci\u00f3n, la formaci\u00f3n, la juventud y el deporte en Europa.<\/span><\/p>\n<h4 style=\"text-align: justify\"><span style=\"color: #000000\">\u00bfQu\u00e9 es Erasmus+?<\/span><\/h4>\n<p style=\"text-align: justify\"><span style=\"color: #000000\">Erasmus+ es mucho m\u00e1s que un programa de movilidad. Con un presupuesto estimado de 26.200 millones de euros, casi el doble que su predecesor en el per\u00edodo 2014-2020, esta iniciativa se centra en fomentar la inclusi\u00f3n social, impulsar la transici\u00f3n ecol\u00f3gica y digital, y promover la participaci\u00f3n activa de la juventud en la vida democr\u00e1tica.<a href=\"https:\/\/blogsaverroes.juntadeandalucia.es\/ieslaalbora\/files\/2025\/01\/250401fdc9a4b205a3fcda9535900b47.png\"><img loading=\"lazy\" decoding=\"async\" class=\"size-medium wp-image-4646 alignright\" src=\"https:\/\/blogsaverroes.juntadeandalucia.es\/ieslaalbora\/files\/2025\/01\/250401fdc9a4b205a3fcda9535900b47-300x169.png\" alt=\"\" width=\"300\" height=\"169\" srcset=\"https:\/\/blogsaverroes.juntadeandalucia.es\/ieslaalbora\/files\/2025\/01\/250401fdc9a4b205a3fcda9535900b47-300x169.png 300w, https:\/\/blogsaverroes.juntadeandalucia.es\/ieslaalbora\/files\/2025\/01\/250401fdc9a4b205a3fcda9535900b47.png 726w\" sizes=\"(max-width: 300px) 100vw, 300px\" \/><\/a><\/span><\/p>\n<p style=\"text-align: justify\"><span style=\"color: #000000\">Para el per\u00edodo 2021-2027, Erasmus+ refuerza las metas del Espacio Europeo de Educaci\u00f3n, el Plan de Acci\u00f3n de Educaci\u00f3n Digital y la Agenda de Capacidades Europea, y est\u00e1 alineado con:<\/span><\/p>\n<ul style=\"text-align: justify\" data-spread=\"false\">\n<li><span style=\"color: #000000\">El Pilar Europeo de Derechos Sociales <\/span><\/li>\n<li><span style=\"color: #000000\">La Estrategia de la UE para la Juventud 2019-2027.<\/span><\/li>\n<li><span style=\"color: #000000\">La dimensi\u00f3n europea del deporte.<\/span><\/li>\n<\/ul>\n<h4 style=\"text-align: justify\"><span style=\"color: #000000\">Impacto en nuestra comunidad educativa<\/span><\/h4>\n<p style=\"text-align: justify\"><span style=\"color: #000000\">La participaci\u00f3n en <strong>Erasmus+<\/strong> enriquece no solo a nuestro alumnado, sino tambi\u00e9n al profesorado, brind\u00e1ndoles nuevas perspectivas, conocimientos y competencias. A trav\u00e9s de estos proyectos, promovemos valores como la inclusi\u00f3n, la sostenibilidad y la innovaci\u00f3n digital, preparando a nuestra comunidad para los retos de un mundo globalizado.<\/span><\/p>\n<p style=\"text-align: justify\"><span style=\"color: #000000\">\u00a1Seguimos trabajando para que la educaci\u00f3n trascienda fronteras y se convierta en una herramienta de transformaci\u00f3n y crecimiento!<\/span><\/p>\n<h4 style=\"text-align: justify\"><span style=\"color: #000000\">Nuestros proyectos Erasmus+<\/span><\/h4>\n<p style=\"text-align: justify\"><span style=\"color: #000000\">El IES La Albor\u00e1 ha participado activamente en dos emocionantes proyectos Erasmus+ que promueven la colaboraci\u00f3n y el intercambio cultural con pa\u00edses de toda Europa, estos son:\u00a0<\/span><\/p>\n<ul style=\"text-align: justify\" data-spread=\"true\">\n<li><span style=\"font-size: 14px\"><span style=\"color: #000000\"><span style=\"color: #000000\"><strong>Proyecto Handy Digital Tools<\/strong>: Este proyecto busca explorar herramientas digitales innovadoras para el aula, en colaboraci\u00f3n con Italia, Turqu\u00eda y Suecia.<\/span><\/span><br \/>\n<a href=\"https:\/\/blogsaverroes.juntadeandalucia.es\/ieslaalbora\/files\/2025\/01\/handy-digital-logo-30-300x211-1.png\"><img loading=\"lazy\" decoding=\"async\" class=\"aligncenter size-full wp-image-4648\" src=\"https:\/\/blogsaverroes.juntadeandalucia.es\/ieslaalbora\/files\/2025\/01\/handy-digital-logo-30-300x211-1.png\" alt=\"\" width=\"300\" height=\"211\" \/><\/a><\/span><\/li>\n<li><span style=\"color: #000000;font-size: 14px\"><span style=\"color: #000000;font-size: 14px\"><strong>Proyecto UNIQUE<\/strong>: Una experiencia de aprendizaje compartida junto con Italia, Bulgaria y Turqu\u00eda, centrada en el intercambio de buenas pr\u00e1cticas educativas y culturales a trav\u00e9s de la m\u00fasica.<br \/>\n<a href=\"https:\/\/blogsaverroes.juntadeandalucia.es\/ieslaalbora\/files\/2025\/01\/unique.jpg\"><img loading=\"lazy\" decoding=\"async\" class=\"aligncenter wp-image-4649\" src=\"https:\/\/blogsaverroes.juntadeandalucia.es\/ieslaalbora\/files\/2025\/01\/unique-300x270.jpg\" alt=\"\" width=\"274\" height=\"247\" \/><\/a><\/span><\/span><\/li>\n<\/ul>\n<h4 style=\"text-align: justify\"><span style=\"color: #000000\">Redes sociales<\/span><\/h4>\n<p style=\"text-align: justify\"><span style=\"color: #000000\">Tenemos Instagram donde vamos subiendo todas nuestras movilidades.<br \/>\n\u00a1S\u00edguenos!<\/span><\/p>\n<p style=\"text-align: justify\"><a href=\"https:\/\/www.instagram.com\/erasmuslaalbora\/\"><img loading=\"lazy\" decoding=\"async\" class=\"size-full wp-image-4623\" src=\"https:\/\/blogsaverroes.juntadeandalucia.es\/ieslaalbora\/files\/2024\/12\/inst.jpg\" alt=\"\" width=\"115\" height=\"108\" \/><\/a><\/p>\n","protected":false},"excerpt":{"rendered":"<p>El IES La Albor\u00e1 y su compromiso con Erasmus+ En el IES La Albor\u00e1 seguimos apostando por la internacionalizaci\u00f3n y el enriquecimiento de la experiencia educativa de nuestro alumnado. Desde el curso 2023\/2024, hemos retomado nuestra participaci\u00f3n en el programa Erasmus+, una iniciativa de la Uni\u00f3n Europea dise\u00f1ada para promover la educaci\u00f3n, la formaci\u00f3n, la [&hellip;]<\/p>\n","protected":false},"author":7583,"featured_media":0,"parent":44,"menu_order":0,"comment_status":"closed","ping_status":"closed","template":"","meta":{"footnotes":""},"aioseo_notices":[],"_links":{"self":[{"href":"https:\/\/blogsaverroes.juntadeandalucia.es\/ieslaalbora\/wp-json\/wp\/v2\/pages\/4218"}],"collection":[{"href":"https:\/\/blogsaverroes.juntadeandalucia.es\/ieslaalbora\/wp-json\/wp\/v2\/pages"}],"about":[{"href":"https:\/\/blogsaverroes.juntadeandalucia.es\/ieslaalbora\/wp-json\/wp\/v2\/types\/page"}],"author":[{"embeddable":true,"href":"https:\/\/blogsaverroes.juntadeandalucia.es\/ieslaalbora\/wp-json\/wp\/v2\/users\/7583"}],"replies":[{"embeddable":true,"href":"https:\/\/blogsaverroes.juntadeandalucia.es\/ieslaalbora\/wp-json\/wp\/v2\/comments?post=4218"}],"version-history":[{"count":7,"href":"https:\/\/blogsaverroes.juntadeandalucia.es\/ieslaalbora\/wp-json\/wp\/v2\/pages\/4218\/revisions"}],"predecessor-version":[{"id":4675,"href":"https:\/\/blogsaverroes.juntadeandalucia.es\/ieslaalbora\/wp-json\/wp\/v2\/pages\/4218\/revisions\/4675"}],"up":[{"embeddable":true,"href":"https:\/\/blogsaverroes.juntadeandalucia.es\/ieslaalbora\/wp-json\/wp\/v2\/pages\/44"}],"wp:attachment":[{"href":"https:\/\/blogsaverroes.juntadeandalucia.es\/ieslaalbora\/wp-json\/wp\/v2\/media?parent=4218"}],"curies":[{"name":"wp","href":"https:\/\/api.w.org\/{rel}","templated":true}]}}