{"id":4220,"date":"2024-09-11T17:40:13","date_gmt":"2024-09-11T17:40:13","guid":{"rendered":"https:\/\/blogsaverroes.juntadeandalucia.es\/ieslaalbora\/?page_id=4220"},"modified":"2025-01-28T09:44:16","modified_gmt":"2025-01-28T09:44:16","slug":"bilinguismo","status":"publish","type":"page","link":"https:\/\/blogsaverroes.juntadeandalucia.es\/ieslaalbora\/planes-y-proyectos\/bilinguismo\/","title":{"rendered":"Biling\u00fcismo"},"content":{"rendered":"<p style=\"text-align: justify\" data-pm-slice=\"1 1 []\"><span style=\"color: #000000\"><a href=\"https:\/\/blogsaverroes.juntadeandalucia.es\/ieslaalbora\/files\/2025\/01\/capt1.jpg\"><img loading=\"lazy\" decoding=\"async\" class=\" wp-image-4640 alignright\" src=\"https:\/\/blogsaverroes.juntadeandalucia.es\/ieslaalbora\/files\/2025\/01\/capt1-300x268.jpg\" alt=\"\" width=\"259\" height=\"231\" srcset=\"https:\/\/blogsaverroes.juntadeandalucia.es\/ieslaalbora\/files\/2025\/01\/capt1-300x268.jpg 300w, https:\/\/blogsaverroes.juntadeandalucia.es\/ieslaalbora\/files\/2025\/01\/capt1.jpg 476w\" sizes=\"(max-width: 259px) 100vw, 259px\" \/><\/a><\/span><\/p>\n<h3 data-pm-slice=\"1 1 []\"><strong><span style=\"color: #000000\">Biling\u00fcismo en el IES La Albor\u00e1<\/span><\/strong><\/h3>\n<p style=\"text-align: justify\" data-pm-slice=\"1 1 []\"><span style=\"color: #000000\">El <strong>IES La Albor\u00e1<\/strong> es un centro biling\u00fce comprometido con la formaci\u00f3n integral de nuestros estudiantes en un entorno multicultural y pluriling\u00fce. El biling\u00fcsimo se imparte en diversas asignaturas, con el objetivo de dotar al alumnado de herramientas que les permitan desenvolverse con fluidez en diferentes idiomas y culturas.<\/span><\/p>\n<p style=\"text-align: justify\"><span style=\"color: #000000\">Uno de los pilares fundamentales de nuestro proyecto educativo es el <strong>Programa Educativo Biling\u00fce (PEB)<\/strong>, un programa biling\u00fce y bicultural que comenz\u00f3 en el a\u00f1o 1996 fruto de la colaboraci\u00f3n entre la Fundaci\u00f3n British Council en Espa\u00f1a y el Ministerio de Educaci\u00f3n. Este programa tiene como objetivo principal la formaci\u00f3n de alumnos y alumnas capaces de desenvolverse en un contexto europeo multicultural y pluriling\u00fce, desarrollando competencias estrat\u00e9gicas, ling\u00fc\u00edsticas y socioling\u00fc\u00edsticas.<\/span><\/p>\n<p style=\"text-align: justify\"><span style=\"color: #000000\">El PEB se desarrolla en el marco de convenios de colaboraci\u00f3n establecidos entre el Ministerio de Educaci\u00f3n, Formaci\u00f3n Profesional y Deportes, la Delegaci\u00f3n en Espa\u00f1a de la Fundaci\u00f3n British Council y las comunidades aut\u00f3nomas que participan en este programa.<\/span><\/p>\n<p style=\"text-align: justify\"><span style=\"color: #000000\">Desde su inicio en 1996, el PEB ha sido pionero en la impartici\u00f3n en Espa\u00f1a de un curr\u00edculo integrado y se ha consolidado como referente en innovaci\u00f3n metodol\u00f3gica en la ense\u00f1anza de idiomas. Este programa se desarrolla desde el 2\u00ba ciclo de Educaci\u00f3n Infantil hasta el 4\u00ba curso de Educaci\u00f3n Secundaria Obligatoria, y actualmente se imparte en 146 centros educativos distribuidos en diez comunidades aut\u00f3nomas, as\u00ed como en Ceuta y Melilla.<\/span><\/p>\n<p style=\"text-align: justify\"><span style=\"color: #000000\">En el IES La Albor\u00e1, nuestro compromiso es seguir apostando por la excelencia educativa y ofrecer a nuestro alumnado la posibilidad de integrarse en este programa de gran prestigio. <\/span><\/p>\n<p style=\"text-align: justify\">\n","protected":false},"excerpt":{"rendered":"<p>Biling\u00fcismo en el IES La Albor\u00e1 El IES La Albor\u00e1 es un centro biling\u00fce comprometido con la formaci\u00f3n integral de nuestros estudiantes en un entorno multicultural y pluriling\u00fce. El biling\u00fcsimo se imparte en diversas asignaturas, con el objetivo de dotar al alumnado de herramientas que les permitan desenvolverse con fluidez en diferentes idiomas y culturas. [&hellip;]<\/p>\n","protected":false},"author":7583,"featured_media":0,"parent":44,"menu_order":2,"comment_status":"closed","ping_status":"closed","template":"","meta":{"footnotes":""},"aioseo_notices":[],"_links":{"self":[{"href":"https:\/\/blogsaverroes.juntadeandalucia.es\/ieslaalbora\/wp-json\/wp\/v2\/pages\/4220"}],"collection":[{"href":"https:\/\/blogsaverroes.juntadeandalucia.es\/ieslaalbora\/wp-json\/wp\/v2\/pages"}],"about":[{"href":"https:\/\/blogsaverroes.juntadeandalucia.es\/ieslaalbora\/wp-json\/wp\/v2\/types\/page"}],"author":[{"embeddable":true,"href":"https:\/\/blogsaverroes.juntadeandalucia.es\/ieslaalbora\/wp-json\/wp\/v2\/users\/7583"}],"replies":[{"embeddable":true,"href":"https:\/\/blogsaverroes.juntadeandalucia.es\/ieslaalbora\/wp-json\/wp\/v2\/comments?post=4220"}],"version-history":[{"count":7,"href":"https:\/\/blogsaverroes.juntadeandalucia.es\/ieslaalbora\/wp-json\/wp\/v2\/pages\/4220\/revisions"}],"predecessor-version":[{"id":4674,"href":"https:\/\/blogsaverroes.juntadeandalucia.es\/ieslaalbora\/wp-json\/wp\/v2\/pages\/4220\/revisions\/4674"}],"up":[{"embeddable":true,"href":"https:\/\/blogsaverroes.juntadeandalucia.es\/ieslaalbora\/wp-json\/wp\/v2\/pages\/44"}],"wp:attachment":[{"href":"https:\/\/blogsaverroes.juntadeandalucia.es\/ieslaalbora\/wp-json\/wp\/v2\/media?parent=4220"}],"curies":[{"name":"wp","href":"https:\/\/api.w.org\/{rel}","templated":true}]}}