{"id":4222,"date":"2024-09-11T17:40:39","date_gmt":"2024-09-11T17:40:39","guid":{"rendered":"https:\/\/blogsaverroes.juntadeandalucia.es\/ieslaalbora\/?page_id=4222"},"modified":"2025-01-28T09:43:39","modified_gmt":"2025-01-28T09:43:39","slug":"biblioteca","status":"publish","type":"page","link":"https:\/\/blogsaverroes.juntadeandalucia.es\/ieslaalbora\/planes-y-proyectos\/biblioteca\/","title":{"rendered":"Biblioteca"},"content":{"rendered":"<h3><strong><span style=\"color: #000000\">El Plan Biblioteca de nuestro centro\u00a0<\/span><\/strong><\/h3>\n<p><span style=\"color: #000000\">El <strong>Plan Biblioteca<\/strong> del IES La Albor\u00e1 es una iniciativa dise\u00f1ada para fomentar el h\u00e1bito de la lectura, el desarrollo de la competencia en comunicaci\u00f3n ling\u00fc\u00edstica y el acceso a recursos educativos de calidad en nuestra comunidad educativa.<\/span><\/p>\n<p><a href=\"https:\/\/blogsaverroes.juntadeandalucia.es\/ieslaalbora\/files\/2024\/12\/WhatsApp-Image-2024-12-20-at-10.02.33.jpeg\"><img loading=\"lazy\" decoding=\"async\" class=\"alignleft wp-image-4627 size-medium\" src=\"https:\/\/blogsaverroes.juntadeandalucia.es\/ieslaalbora\/files\/2024\/12\/WhatsApp-Image-2024-12-20-at-10.02.33-225x300.jpeg\" alt=\"\" width=\"225\" height=\"300\" srcset=\"https:\/\/blogsaverroes.juntadeandalucia.es\/ieslaalbora\/files\/2024\/12\/WhatsApp-Image-2024-12-20-at-10.02.33-225x300.jpeg 225w, https:\/\/blogsaverroes.juntadeandalucia.es\/ieslaalbora\/files\/2024\/12\/WhatsApp-Image-2024-12-20-at-10.02.33-768x1024.jpeg 768w, https:\/\/blogsaverroes.juntadeandalucia.es\/ieslaalbora\/files\/2024\/12\/WhatsApp-Image-2024-12-20-at-10.02.33-1152x1536.jpeg 1152w, https:\/\/blogsaverroes.juntadeandalucia.es\/ieslaalbora\/files\/2024\/12\/WhatsApp-Image-2024-12-20-at-10.02.33.jpeg 1200w\" sizes=\"(max-width: 225px) 100vw, 225px\" \/><\/a><\/p>\n<h3><span style=\"color: #000000;font-size: 24px\"><strong>Objetivos del Plan Biblioteca<\/strong><\/span><\/h3>\n<ul>\n<li><span style=\"color: #000000;font-size: 14px\"><strong>Fomentar la lectura:<\/strong> Promover el inter\u00e9s por la lectura como herramienta esencial para el aprendizaje, el ocio y el desarrollo personal.<\/span><\/li>\n<li><span style=\"color: #000000;font-size: 14px\"><strong>Desarrollar competencias informacionales:<\/strong> Ense\u00f1ar a los estudiantes a buscar, analizar y utilizar informaci\u00f3n de manera cr\u00edtica y \u00e9tica.<\/span><\/li>\n<li><span style=\"color: #000000;font-size: 14px\"><strong>Impulsar el trabajo interdisciplinar:<\/strong> Integrar el uso de la biblioteca en las actividades de aula y en proyectos educativos transversales.<\/span><\/li>\n<li><span style=\"color: #000000;font-size: 14px\"><strong>Ofrecer acceso a recursos educativos:<\/strong> Poner a disposici\u00f3n de alumnos, docentes y familias un amplio cat\u00e1logo de libros, revistas, recursos digitales y otros materiales.<\/span><\/li>\n<\/ul>\n<h3><span style=\"color: #000000;font-size: 24px\"><strong>Recursos disponibles<\/strong><\/span><\/h3>\n<p><span style=\"color: #000000;font-size: 14px\">La biblioteca del IES La Albor\u00e1 cuenta con:<a href=\"https:\/\/blogsaverroes.juntadeandalucia.es\/ieslaalbora\/files\/2024\/12\/WhatsApp-Image-2024-12-20-at-10.02.34.jpeg\"><img loading=\"lazy\" decoding=\"async\" class=\"wp-image-4625 size-medium alignright\" src=\"https:\/\/blogsaverroes.juntadeandalucia.es\/ieslaalbora\/files\/2024\/12\/WhatsApp-Image-2024-12-20-at-10.02.34-225x300.jpeg\" alt=\"\" width=\"225\" height=\"300\" srcset=\"https:\/\/blogsaverroes.juntadeandalucia.es\/ieslaalbora\/files\/2024\/12\/WhatsApp-Image-2024-12-20-at-10.02.34-225x300.jpeg 225w, https:\/\/blogsaverroes.juntadeandalucia.es\/ieslaalbora\/files\/2024\/12\/WhatsApp-Image-2024-12-20-at-10.02.34-768x1024.jpeg 768w, https:\/\/blogsaverroes.juntadeandalucia.es\/ieslaalbora\/files\/2024\/12\/WhatsApp-Image-2024-12-20-at-10.02.34-1152x1536.jpeg 1152w, https:\/\/blogsaverroes.juntadeandalucia.es\/ieslaalbora\/files\/2024\/12\/WhatsApp-Image-2024-12-20-at-10.02.34.jpeg 1200w\" sizes=\"(max-width: 225px) 100vw, 225px\" \/><\/a><\/span><\/p>\n<ul>\n<li><span style=\"color: #000000;font-size: 14px\">Un cat\u00e1logo actualizado de libros y materiales adaptados a las necesidades de cada etapa educativa.<\/span><\/li>\n<li><span style=\"color: #000000;font-size: 14px\">Acceso a bases de datos, recursos en l\u00ednea y herramientas tecnol\u00f3gicas.<\/span><\/li>\n<li><span style=\"color: #000000\"><span style=\"font-size: 14px\">La <strong>biblioteca Emiliano Acero<\/strong> de nuestro centro educativo como espacio de estudio y consulta.\u00a0<\/span><\/span><\/li>\n<\/ul>\n<p>&nbsp;<\/p>\n<h3><span style=\"color: #000000;font-size: 24px\"><strong>Participaci\u00f3n y colaboraci\u00f3n<\/strong><\/span><\/h3>\n<p><span style=\"color: #000000\">El Plan Biblioteca invita a toda la comunidad educativa a participar activamente en sus propuestas. Adem\u00e1s, estamos abiertos a sugerencias y colaboraciones que enriquezcan nuestras actividades y recursos.<\/span><\/p>\n<h3><span style=\"color: #000000;font-size: 24px\"><strong>Redes sociales<\/strong><\/span><\/h3>\n<p><a href=\"https:\/\/www.instagram.com\/biblioteca_laalbora\"><img loading=\"lazy\" decoding=\"async\" class=\"alignleft size-full wp-image-4623\" src=\"https:\/\/blogsaverroes.juntadeandalucia.es\/ieslaalbora\/files\/2024\/12\/inst.jpg\" alt=\"\" width=\"115\" height=\"108\" \/><\/a> <a href=\"https:\/\/www.facebook.com\/bibliotecaieslaalbora\"><img loading=\"lazy\" decoding=\"async\" class=\"alignleft size-full wp-image-4622\" src=\"https:\/\/blogsaverroes.juntadeandalucia.es\/ieslaalbora\/files\/2024\/12\/facc.jpg\" alt=\"\" width=\"125\" height=\"111\" \/><\/a><\/p>\n<p>&nbsp;<\/p>\n<p>&nbsp;<\/p>\n<p>&nbsp;<\/p>\n<p>&nbsp;<\/p>\n<p><span style=\"color: #000000\">\u00a1Descubre todo lo que el Plan Biblioteca tiene para ofrecerte y convi\u00e9rtete en parte activa de nuestra comunidad lectora!<\/span><\/p>\n","protected":false},"excerpt":{"rendered":"<p>El Plan Biblioteca de nuestro centro\u00a0 El Plan Biblioteca del IES La Albor\u00e1 es una iniciativa dise\u00f1ada para fomentar el h\u00e1bito de la lectura, el desarrollo de la competencia en comunicaci\u00f3n ling\u00fc\u00edstica y el acceso a recursos educativos de calidad en nuestra comunidad educativa. Objetivos del Plan Biblioteca Fomentar la lectura: Promover el inter\u00e9s por [&hellip;]<\/p>\n","protected":false},"author":7583,"featured_media":0,"parent":44,"menu_order":3,"comment_status":"closed","ping_status":"closed","template":"","meta":{"footnotes":""},"aioseo_notices":[],"_links":{"self":[{"href":"https:\/\/blogsaverroes.juntadeandalucia.es\/ieslaalbora\/wp-json\/wp\/v2\/pages\/4222"}],"collection":[{"href":"https:\/\/blogsaverroes.juntadeandalucia.es\/ieslaalbora\/wp-json\/wp\/v2\/pages"}],"about":[{"href":"https:\/\/blogsaverroes.juntadeandalucia.es\/ieslaalbora\/wp-json\/wp\/v2\/types\/page"}],"author":[{"embeddable":true,"href":"https:\/\/blogsaverroes.juntadeandalucia.es\/ieslaalbora\/wp-json\/wp\/v2\/users\/7583"}],"replies":[{"embeddable":true,"href":"https:\/\/blogsaverroes.juntadeandalucia.es\/ieslaalbora\/wp-json\/wp\/v2\/comments?post=4222"}],"version-history":[{"count":5,"href":"https:\/\/blogsaverroes.juntadeandalucia.es\/ieslaalbora\/wp-json\/wp\/v2\/pages\/4222\/revisions"}],"predecessor-version":[{"id":4673,"href":"https:\/\/blogsaverroes.juntadeandalucia.es\/ieslaalbora\/wp-json\/wp\/v2\/pages\/4222\/revisions\/4673"}],"up":[{"embeddable":true,"href":"https:\/\/blogsaverroes.juntadeandalucia.es\/ieslaalbora\/wp-json\/wp\/v2\/pages\/44"}],"wp:attachment":[{"href":"https:\/\/blogsaverroes.juntadeandalucia.es\/ieslaalbora\/wp-json\/wp\/v2\/media?parent=4222"}],"curies":[{"name":"wp","href":"https:\/\/api.w.org\/{rel}","templated":true}]}}