{"id":4224,"date":"2024-09-11T17:41:03","date_gmt":"2024-09-11T17:41:03","guid":{"rendered":"https:\/\/blogsaverroes.juntadeandalucia.es\/ieslaalbora\/?page_id=4224"},"modified":"2026-03-09T07:39:59","modified_gmt":"2026-03-09T07:39:59","slug":"igualdad","status":"publish","type":"page","link":"https:\/\/blogsaverroes.juntadeandalucia.es\/ieslaalbora\/planes-y-proyectos\/igualdad\/","title":{"rendered":"Igualdad"},"content":{"rendered":"<div class=\"flex-shrink-0 flex flex-col relative items-end\">\n<div>\n<div class=\"pt-0\">\n<div class=\"gizmo-bot-avatar flex h-8 w-8 items-center justify-center overflow-hidden rounded-full\">\n<h3 class=\"relative p-1 rounded-sm flex items-center justify-center bg-token-main-surface-primary text-token-text-primary h-8 w-8\" style=\"text-align: justify\"><span style=\"color: #000000\"><strong>El IES La Albor\u00e1 comprometido con la igualdad<\/strong><\/span><\/h3>\n<\/div>\n<\/div>\n<\/div>\n<\/div>\n<div class=\"group\/conversation-turn relative flex w-full min-w-0 flex-col agent-turn\">\n<div class=\"flex-col gap-1 md:gap-3\">\n<div class=\"flex max-w-full flex-col flex-grow\">\n<div class=\"min-h-8 text-message flex w-full flex-col items-end gap-2 whitespace-normal break-words text-start [.text-message+&amp;]:mt-5\" dir=\"auto\" data-message-author-role=\"assistant\" data-message-id=\"d322c0c4-23c3-4321-94dd-77c623f0fa15\" data-message-model-slug=\"gpt-4o\">\n<div class=\"flex w-full flex-col gap-1 empty:hidden first:pt-[3px]\">\n<div class=\"markdown prose w-full break-words dark:prose-invert dark\">\n<p style=\"text-align: justify\"><span style=\"color: #000000;font-size: 14px\">En el IES La Albor\u00e1 asumimos como una prioridad la promoci\u00f3n de la igualdad real entre hombres y mujeres, en l\u00ednea con el <strong>Plan de Igualdad de la Junta de Andaluc\u00eda<\/strong>. Este plan es una herramienta clave para construir una sociedad m\u00e1s equitativa y justa, abordando las desigualdades de g\u00e9nero desde el \u00e1mbito educativo y fomentando valores como el respeto, la diversidad y la corresponsabilidad.<\/span><\/p>\n<p style=\"text-align: justify\"><span style=\"color: #000000;font-size: 14px\">El <strong>Plan de Igualdad<\/strong> persigue integrar la perspectiva de g\u00e9nero en todas las \u00e1reas de la vida escolar, con iniciativas espec\u00edficas que buscan prevenir la discriminaci\u00f3n, eliminar estereotipos y promover la equidad. Desde nuestro centro, trabajamos con un enfoque transversal que abarca acciones como:<\/span><\/p>\n<ul style=\"text-align: justify\">\n<li><span style=\"color: #000000;font-size: 14px\"><strong>Sensibilizaci\u00f3n y formaci\u00f3n del alumnado, profesorado y familias<\/strong>: A trav\u00e9s de talleres, charlas y din\u00e1micas participativas, fomentamos la reflexi\u00f3n sobre los roles de g\u00e9nero, la lucha contra la violencia machista y la importancia de la igualdad en todos los \u00e1mbitos de la vida.<\/span><\/li>\n<li><span style=\"color: #000000;font-size: 14px\"><strong>Incorporaci\u00f3n de la igualdad en el curr\u00edculo<\/strong>: Promovemos una educaci\u00f3n que visibilice las aportaciones de las mujeres en la historia, la ciencia, la cultura y las artes, y que cuestione los sesgos de g\u00e9nero tradicionales.<\/span><\/li>\n<li><span style=\"color: #000000;font-size: 14px\"><strong>Prevenci\u00f3n de la violencia de g\u00e9nero<\/strong>: Trabajamos en la detecci\u00f3n precoz y la erradicaci\u00f3n de cualquier forma de violencia contra las mujeres, promoviendo relaciones sanas y respetuosas entre nuestro alumnado.<\/span><\/li>\n<li><span style=\"color: #000000;font-size: 14px\"><strong>Impulso de referentes igualitarios<\/strong>: Fomentamos actividades que permitan al alumnado identificar y valorar modelos de mujeres y hombres que desaf\u00edan los estereotipos de g\u00e9nero.<\/span><\/li>\n<\/ul>\n<p style=\"text-align: justify\"><span style=\"color: #000000;font-size: 14px\">El equipo de Igualdad del IES La Albor\u00e1, liderado por una coordinadora comprometida y respaldada por el Claustro y el Consejo Escolar, dise\u00f1a y ejecuta las medidas que forman parte del Plan de Igualdad del centro, asegurando su integraci\u00f3n en nuestro Proyecto Educativo.<\/span><\/p>\n<p><a href=\"https:\/\/blogsaverroes.juntadeandalucia.es\/ieslaalbora\/files\/2026\/01\/LOGOTIPOS_page-0001.jpg\"><img loading=\"lazy\" decoding=\"async\" class=\" wp-image-4808 alignright\" src=\"https:\/\/blogsaverroes.juntadeandalucia.es\/ieslaalbora\/files\/2026\/01\/LOGOTIPOS_page-0001-300x212.jpg\" alt=\"\" width=\"357\" height=\"252\" srcset=\"https:\/\/blogsaverroes.juntadeandalucia.es\/ieslaalbora\/files\/2026\/01\/LOGOTIPOS_page-0001-300x212.jpg 300w, https:\/\/blogsaverroes.juntadeandalucia.es\/ieslaalbora\/files\/2026\/01\/LOGOTIPOS_page-0001-1024x724.jpg 1024w, https:\/\/blogsaverroes.juntadeandalucia.es\/ieslaalbora\/files\/2026\/01\/LOGOTIPOS_page-0001-768x543.jpg 768w, https:\/\/blogsaverroes.juntadeandalucia.es\/ieslaalbora\/files\/2026\/01\/LOGOTIPOS_page-0001-1536x1086.jpg 1536w, https:\/\/blogsaverroes.juntadeandalucia.es\/ieslaalbora\/files\/2026\/01\/LOGOTIPOS_page-0001.jpg 1755w\" sizes=\"(max-width: 357px) 100vw, 357px\" \/><\/a><\/p>\n<p style=\"text-align: justify\"><span style=\"color: #000000;font-size: 14px\">Adem\u00e1s, participamos activamente en las actividades y propuestas promovidas por la <strong>Red Andaluza de Escuelas por la Igualdad<\/strong>, fortaleciendo nuestro compromiso con esta causa y compartiendo experiencias con otros centros de nuestra comunidad.<\/span><\/p>\n<p style=\"text-align: justify\"><span style=\"color: #000000;font-size: 14px\">Creemos firmemente que la educaci\u00f3n es el motor del cambio social, y desde el IES La Albor\u00e1 trabajamos cada d\u00eda para formar a personas conscientes, cr\u00edticas y comprometidas con la igualdad.<br \/>\n<\/span><\/p>\n<p style=\"text-align: justify\"><span style=\"color: #000000;font-size: 14px\">\u00a1Juntos seguimos construyendo un futuro m\u00e1s justo e igualitario!<\/span><\/p>\n<p>&nbsp;<\/p>\n<\/div>\n<\/div>\n<p><span style=\"font-size: 24px;color: #000000\"><strong>C\u00d3MO TRABAJAMOS LA IGUALDAD<\/strong><\/span><\/p>\n<p><strong><span style=\"font-size: 16px\">25N &#8211; D\u00eda Internacional de la Eliminaci\u00f3n de la Violencia contra la Mujer\u00a0<\/span><br \/>\n<\/strong><\/p>\n<p><span style=\"font-family: georgia, palatino, serif;font-size: 16px\">Con motivo del D\u00eda Internacional del Flamenco (16N) y teniendo tan pr\u00f3ximo el D\u00eda Internacional de la Eliminaci\u00f3n de la Violencia contra la Mujer (25 N), el alumnado de 2\u00ba de ESO, en la materia de M\u00fasica han querido rendir homenaje a grandes mujeres artistas que nos ha dado la historia del flamenco: Carmen Amaya, Juana La Macarrona, La Ni\u00f1a de los Peines, Paquera de Jerez, Roc\u00edo Jurado y Lola Flores.<\/span><\/p>\n<p><span style=\"font-family: georgia, palatino, serif;font-size: 16px\">En sus trabajos, las alumnas y los alumnos nos presentan c\u00f3mo estas mujeres alcanzaron el \u00e9xito profesional a pesar de las diferentes vejaciones, humillaciones o incluso agresiones que tuvieron que sufrir por el simple hecho de ser mujeres.<\/span><\/p>\n<p><strong>\u00a0<\/strong><\/p>\n<div><i><i><a href=\"https:\/\/blogsaverroes.juntadeandalucia.es\/ieslaalbora\/files\/2026\/01\/Lola-Flores-scaled.jpg\"><img loading=\"lazy\" decoding=\"async\" class=\"size-medium wp-image-4809 alignnone\" src=\"https:\/\/blogsaverroes.juntadeandalucia.es\/ieslaalbora\/files\/2026\/01\/Lola-Flores-300x279.jpg\" alt=\"\" width=\"300\" height=\"279\" srcset=\"https:\/\/blogsaverroes.juntadeandalucia.es\/ieslaalbora\/files\/2026\/01\/Lola-Flores-300x279.jpg 300w, https:\/\/blogsaverroes.juntadeandalucia.es\/ieslaalbora\/files\/2026\/01\/Lola-Flores-1024x951.jpg 1024w, https:\/\/blogsaverroes.juntadeandalucia.es\/ieslaalbora\/files\/2026\/01\/Lola-Flores-768x713.jpg 768w, https:\/\/blogsaverroes.juntadeandalucia.es\/ieslaalbora\/files\/2026\/01\/Lola-Flores-1536x1426.jpg 1536w, https:\/\/blogsaverroes.juntadeandalucia.es\/ieslaalbora\/files\/2026\/01\/Lola-Flores-2048x1902.jpg 2048w\" sizes=\"(max-width: 300px) 100vw, 300px\" \/><\/a><a href=\"https:\/\/blogsaverroes.juntadeandalucia.es\/ieslaalbora\/files\/2026\/01\/Rocio-Jurado-scaled.jpg\"><img loading=\"lazy\" decoding=\"async\" class=\"size-medium wp-image-4810 alignnone\" src=\"https:\/\/blogsaverroes.juntadeandalucia.es\/ieslaalbora\/files\/2026\/01\/Rocio-Jurado-161x300.jpg\" alt=\"\" width=\"161\" height=\"300\" srcset=\"https:\/\/blogsaverroes.juntadeandalucia.es\/ieslaalbora\/files\/2026\/01\/Rocio-Jurado-161x300.jpg 161w, https:\/\/blogsaverroes.juntadeandalucia.es\/ieslaalbora\/files\/2026\/01\/Rocio-Jurado-550x1024.jpg 550w, https:\/\/blogsaverroes.juntadeandalucia.es\/ieslaalbora\/files\/2026\/01\/Rocio-Jurado-768x1430.jpg 768w, https:\/\/blogsaverroes.juntadeandalucia.es\/ieslaalbora\/files\/2026\/01\/Rocio-Jurado-825x1536.jpg 825w, https:\/\/blogsaverroes.juntadeandalucia.es\/ieslaalbora\/files\/2026\/01\/Rocio-Jurado-1100x2048.jpg 1100w, https:\/\/blogsaverroes.juntadeandalucia.es\/ieslaalbora\/files\/2026\/01\/Rocio-Jurado-scaled.jpg 1375w\" sizes=\"(max-width: 161px) 100vw, 161px\" \/><\/a><a href=\"https:\/\/blogsaverroes.juntadeandalucia.es\/ieslaalbora\/files\/2026\/01\/Paquera-de-Jerez-scaled.jpg\"><img loading=\"lazy\" decoding=\"async\" class=\"size-medium wp-image-4811 alignnone\" src=\"https:\/\/blogsaverroes.juntadeandalucia.es\/ieslaalbora\/files\/2026\/01\/Paquera-de-Jerez-296x300.jpg\" alt=\"\" width=\"296\" height=\"300\" srcset=\"https:\/\/blogsaverroes.juntadeandalucia.es\/ieslaalbora\/files\/2026\/01\/Paquera-de-Jerez-296x300.jpg 296w, https:\/\/blogsaverroes.juntadeandalucia.es\/ieslaalbora\/files\/2026\/01\/Paquera-de-Jerez-1009x1024.jpg 1009w, https:\/\/blogsaverroes.juntadeandalucia.es\/ieslaalbora\/files\/2026\/01\/Paquera-de-Jerez-768x780.jpg 768w, https:\/\/blogsaverroes.juntadeandalucia.es\/ieslaalbora\/files\/2026\/01\/Paquera-de-Jerez-1513x1536.jpg 1513w, https:\/\/blogsaverroes.juntadeandalucia.es\/ieslaalbora\/files\/2026\/01\/Paquera-de-Jerez-2017x2048.jpg 2017w\" sizes=\"(max-width: 296px) 100vw, 296px\" \/><\/a><a href=\"https:\/\/blogsaverroes.juntadeandalucia.es\/ieslaalbora\/files\/2026\/01\/Carmen-Amaya--scaled.jpg\"><img loading=\"lazy\" decoding=\"async\" class=\"size-medium wp-image-4812 alignnone\" src=\"https:\/\/blogsaverroes.juntadeandalucia.es\/ieslaalbora\/files\/2026\/01\/Carmen-Amaya--300x248.jpg\" alt=\"\" width=\"300\" height=\"248\" srcset=\"https:\/\/blogsaverroes.juntadeandalucia.es\/ieslaalbora\/files\/2026\/01\/Carmen-Amaya--300x248.jpg 300w, https:\/\/blogsaverroes.juntadeandalucia.es\/ieslaalbora\/files\/2026\/01\/Carmen-Amaya--1024x846.jpg 1024w, https:\/\/blogsaverroes.juntadeandalucia.es\/ieslaalbora\/files\/2026\/01\/Carmen-Amaya--768x635.jpg 768w, https:\/\/blogsaverroes.juntadeandalucia.es\/ieslaalbora\/files\/2026\/01\/Carmen-Amaya--1536x1269.jpg 1536w, https:\/\/blogsaverroes.juntadeandalucia.es\/ieslaalbora\/files\/2026\/01\/Carmen-Amaya--2048x1692.jpg 2048w\" sizes=\"(max-width: 300px) 100vw, 300px\" \/><\/a><a href=\"https:\/\/blogsaverroes.juntadeandalucia.es\/ieslaalbora\/files\/2026\/01\/LA-NINA-DE-LOS-PEINES-scaled.jpg\"><img loading=\"lazy\" decoding=\"async\" class=\"size-medium wp-image-4813 alignnone\" src=\"https:\/\/blogsaverroes.juntadeandalucia.es\/ieslaalbora\/files\/2026\/01\/LA-NINA-DE-LOS-PEINES-184x300.jpg\" alt=\"\" width=\"184\" height=\"300\" srcset=\"https:\/\/blogsaverroes.juntadeandalucia.es\/ieslaalbora\/files\/2026\/01\/LA-NINA-DE-LOS-PEINES-184x300.jpg 184w, https:\/\/blogsaverroes.juntadeandalucia.es\/ieslaalbora\/files\/2026\/01\/LA-NINA-DE-LOS-PEINES-628x1024.jpg 628w, https:\/\/blogsaverroes.juntadeandalucia.es\/ieslaalbora\/files\/2026\/01\/LA-NINA-DE-LOS-PEINES-768x1251.jpg 768w, https:\/\/blogsaverroes.juntadeandalucia.es\/ieslaalbora\/files\/2026\/01\/LA-NINA-DE-LOS-PEINES-943x1536.jpg 943w, https:\/\/blogsaverroes.juntadeandalucia.es\/ieslaalbora\/files\/2026\/01\/LA-NINA-DE-LOS-PEINES-1257x2048.jpg 1257w, https:\/\/blogsaverroes.juntadeandalucia.es\/ieslaalbora\/files\/2026\/01\/LA-NINA-DE-LOS-PEINES-scaled.jpg 1571w\" sizes=\"(max-width: 184px) 100vw, 184px\" \/><\/a><a href=\"https:\/\/blogsaverroes.juntadeandalucia.es\/ieslaalbora\/files\/2026\/01\/Juana-la-Macarrona-scaled.jpg\"><img loading=\"lazy\" decoding=\"async\" class=\"size-medium wp-image-4814 alignnone\" src=\"https:\/\/blogsaverroes.juntadeandalucia.es\/ieslaalbora\/files\/2026\/01\/Juana-la-Macarrona-213x300.jpg\" alt=\"\" width=\"213\" height=\"300\" srcset=\"https:\/\/blogsaverroes.juntadeandalucia.es\/ieslaalbora\/files\/2026\/01\/Juana-la-Macarrona-213x300.jpg 213w, https:\/\/blogsaverroes.juntadeandalucia.es\/ieslaalbora\/files\/2026\/01\/Juana-la-Macarrona-727x1024.jpg 727w, https:\/\/blogsaverroes.juntadeandalucia.es\/ieslaalbora\/files\/2026\/01\/Juana-la-Macarrona-768x1082.jpg 768w, https:\/\/blogsaverroes.juntadeandalucia.es\/ieslaalbora\/files\/2026\/01\/Juana-la-Macarrona-1090x1536.jpg 1090w, https:\/\/blogsaverroes.juntadeandalucia.es\/ieslaalbora\/files\/2026\/01\/Juana-la-Macarrona-1454x2048.jpg 1454w, https:\/\/blogsaverroes.juntadeandalucia.es\/ieslaalbora\/files\/2026\/01\/Juana-la-Macarrona-scaled.jpg 1817w\" sizes=\"(max-width: 213px) 100vw, 213px\" \/><br \/>\n<\/a><\/i><\/i><a href=\"https:\/\/blogsaverroes.juntadeandalucia.es\/ieslaalbora\/files\/2026\/01\/Juana-la-Macarrona-scaled.jpg\"><strong><span style=\"font-size: 16px\">11 febrero &#8211; D\u00eda Internacional de la Mujer y la Ni\u00f1a en la Ciencia\u00a0<\/span><\/strong><\/a><br \/>\n<strong><br \/>\n<\/strong><span style=\"font-family: georgia, palatino, serif;font-size: 16px\">Con motivo del D\u00eda Internacional de la Mujer y la Ni\u00f1a en la Ciencia (11 de febrero), el alumnado ha querido poner en valor el papel de las mujeres en el \u00e1mbito cient\u00edfico. <\/span><span style=\"font-family: georgia, palatino, serif;font-size: 16px\">Para ello, las alumnas y los alumnos realizaron preguntas a las profesoras de ciencias del centro, interes\u00e1ndose por su trabajo, su vocaci\u00f3n y su experiencia en el mundo de la ciencia. Con esta actividad se pretende visibilizar la importancia de las mujeres cient\u00edficas y fomentar referentes femeninos para las nuevas generaciones. \ud83d\udc69\u200d\ud83d\udd2c\ud83d\udd2c<\/span><a href=\"https:\/\/blogsaverroes.juntadeandalucia.es\/ieslaalbora\/files\/2026\/03\/IMG-20260306-WA0011.jpg\"><img loading=\"lazy\" decoding=\"async\" class=\"aligncenter size-medium wp-image-4817\" src=\"https:\/\/blogsaverroes.juntadeandalucia.es\/ieslaalbora\/files\/2026\/03\/IMG-20260306-WA0011-300x169.jpg\" alt=\"\" width=\"300\" height=\"169\" srcset=\"https:\/\/blogsaverroes.juntadeandalucia.es\/ieslaalbora\/files\/2026\/03\/IMG-20260306-WA0011-300x169.jpg 300w, https:\/\/blogsaverroes.juntadeandalucia.es\/ieslaalbora\/files\/2026\/03\/IMG-20260306-WA0011-1024x576.jpg 1024w, https:\/\/blogsaverroes.juntadeandalucia.es\/ieslaalbora\/files\/2026\/03\/IMG-20260306-WA0011-768x432.jpg 768w, https:\/\/blogsaverroes.juntadeandalucia.es\/ieslaalbora\/files\/2026\/03\/IMG-20260306-WA0011-1536x864.jpg 1536w, https:\/\/blogsaverroes.juntadeandalucia.es\/ieslaalbora\/files\/2026\/03\/IMG-20260306-WA0011.jpg 2016w\" sizes=\"(max-width: 300px) 100vw, 300px\" \/><\/a> <a href=\"https:\/\/blogsaverroes.juntadeandalucia.es\/ieslaalbora\/files\/2026\/03\/IMG-20260306-WA0012.jpg\"><img loading=\"lazy\" decoding=\"async\" class=\"aligncenter size-medium wp-image-4818\" src=\"https:\/\/blogsaverroes.juntadeandalucia.es\/ieslaalbora\/files\/2026\/03\/IMG-20260306-WA0012-169x300.jpg\" alt=\"\" width=\"169\" height=\"300\" srcset=\"https:\/\/blogsaverroes.juntadeandalucia.es\/ieslaalbora\/files\/2026\/03\/IMG-20260306-WA0012-169x300.jpg 169w, https:\/\/blogsaverroes.juntadeandalucia.es\/ieslaalbora\/files\/2026\/03\/IMG-20260306-WA0012-576x1024.jpg 576w, https:\/\/blogsaverroes.juntadeandalucia.es\/ieslaalbora\/files\/2026\/03\/IMG-20260306-WA0012-768x1365.jpg 768w, https:\/\/blogsaverroes.juntadeandalucia.es\/ieslaalbora\/files\/2026\/03\/IMG-20260306-WA0012-864x1536.jpg 864w, https:\/\/blogsaverroes.juntadeandalucia.es\/ieslaalbora\/files\/2026\/03\/IMG-20260306-WA0012.jpg 1134w\" sizes=\"(max-width: 169px) 100vw, 169px\" \/><\/a> <a href=\"https:\/\/blogsaverroes.juntadeandalucia.es\/ieslaalbora\/files\/2026\/03\/IMG-20260306-WA0013.jpg\"><img loading=\"lazy\" decoding=\"async\" class=\"aligncenter size-medium wp-image-4819\" src=\"https:\/\/blogsaverroes.juntadeandalucia.es\/ieslaalbora\/files\/2026\/03\/IMG-20260306-WA0013-169x300.jpg\" alt=\"\" width=\"169\" height=\"300\" srcset=\"https:\/\/blogsaverroes.juntadeandalucia.es\/ieslaalbora\/files\/2026\/03\/IMG-20260306-WA0013-169x300.jpg 169w, https:\/\/blogsaverroes.juntadeandalucia.es\/ieslaalbora\/files\/2026\/03\/IMG-20260306-WA0013-576x1024.jpg 576w, https:\/\/blogsaverroes.juntadeandalucia.es\/ieslaalbora\/files\/2026\/03\/IMG-20260306-WA0013-768x1365.jpg 768w, https:\/\/blogsaverroes.juntadeandalucia.es\/ieslaalbora\/files\/2026\/03\/IMG-20260306-WA0013-864x1536.jpg 864w, https:\/\/blogsaverroes.juntadeandalucia.es\/ieslaalbora\/files\/2026\/03\/IMG-20260306-WA0013.jpg 1134w\" sizes=\"(max-width: 169px) 100vw, 169px\" \/><\/a> <a href=\"https:\/\/blogsaverroes.juntadeandalucia.es\/ieslaalbora\/files\/2026\/03\/IMG-20260306-WA0010.jpg\"><img loading=\"lazy\" decoding=\"async\" class=\"aligncenter size-medium wp-image-4820\" src=\"https:\/\/blogsaverroes.juntadeandalucia.es\/ieslaalbora\/files\/2026\/03\/IMG-20260306-WA0010-169x300.jpg\" alt=\"\" width=\"169\" height=\"300\" srcset=\"https:\/\/blogsaverroes.juntadeandalucia.es\/ieslaalbora\/files\/2026\/03\/IMG-20260306-WA0010-169x300.jpg 169w, https:\/\/blogsaverroes.juntadeandalucia.es\/ieslaalbora\/files\/2026\/03\/IMG-20260306-WA0010-576x1024.jpg 576w, https:\/\/blogsaverroes.juntadeandalucia.es\/ieslaalbora\/files\/2026\/03\/IMG-20260306-WA0010-768x1365.jpg 768w, https:\/\/blogsaverroes.juntadeandalucia.es\/ieslaalbora\/files\/2026\/03\/IMG-20260306-WA0010-864x1536.jpg 864w, https:\/\/blogsaverroes.juntadeandalucia.es\/ieslaalbora\/files\/2026\/03\/IMG-20260306-WA0010.jpg 1134w\" sizes=\"(max-width: 169px) 100vw, 169px\" \/><\/a> <a href=\"https:\/\/blogsaverroes.juntadeandalucia.es\/ieslaalbora\/files\/2026\/03\/IMG-20260306-WA0009.jpg\"><img loading=\"lazy\" decoding=\"async\" class=\"aligncenter size-medium wp-image-4821\" src=\"https:\/\/blogsaverroes.juntadeandalucia.es\/ieslaalbora\/files\/2026\/03\/IMG-20260306-WA0009-169x300.jpg\" alt=\"\" width=\"169\" height=\"300\" srcset=\"https:\/\/blogsaverroes.juntadeandalucia.es\/ieslaalbora\/files\/2026\/03\/IMG-20260306-WA0009-169x300.jpg 169w, https:\/\/blogsaverroes.juntadeandalucia.es\/ieslaalbora\/files\/2026\/03\/IMG-20260306-WA0009-576x1024.jpg 576w, https:\/\/blogsaverroes.juntadeandalucia.es\/ieslaalbora\/files\/2026\/03\/IMG-20260306-WA0009-768x1365.jpg 768w, https:\/\/blogsaverroes.juntadeandalucia.es\/ieslaalbora\/files\/2026\/03\/IMG-20260306-WA0009-864x1536.jpg 864w, https:\/\/blogsaverroes.juntadeandalucia.es\/ieslaalbora\/files\/2026\/03\/IMG-20260306-WA0009.jpg 1134w\" sizes=\"(max-width: 169px) 100vw, 169px\" \/><\/a> <a href=\"https:\/\/blogsaverroes.juntadeandalucia.es\/ieslaalbora\/files\/2026\/03\/IMG-20260306-WA0014.jpg\"><img loading=\"lazy\" decoding=\"async\" class=\"aligncenter size-medium wp-image-4822\" src=\"https:\/\/blogsaverroes.juntadeandalucia.es\/ieslaalbora\/files\/2026\/03\/IMG-20260306-WA0014-169x300.jpg\" alt=\"\" width=\"169\" height=\"300\" srcset=\"https:\/\/blogsaverroes.juntadeandalucia.es\/ieslaalbora\/files\/2026\/03\/IMG-20260306-WA0014-169x300.jpg 169w, https:\/\/blogsaverroes.juntadeandalucia.es\/ieslaalbora\/files\/2026\/03\/IMG-20260306-WA0014-576x1024.jpg 576w, https:\/\/blogsaverroes.juntadeandalucia.es\/ieslaalbora\/files\/2026\/03\/IMG-20260306-WA0014-768x1365.jpg 768w, https:\/\/blogsaverroes.juntadeandalucia.es\/ieslaalbora\/files\/2026\/03\/IMG-20260306-WA0014-864x1536.jpg 864w, https:\/\/blogsaverroes.juntadeandalucia.es\/ieslaalbora\/files\/2026\/03\/IMG-20260306-WA0014.jpg 1134w\" sizes=\"(max-width: 169px) 100vw, 169px\" \/><\/a><\/div>\n<\/div>\n<\/div>\n<\/div>\n<\/div>\n","protected":false},"excerpt":{"rendered":"<p>El IES La Albor\u00e1 comprometido con la igualdad En el IES La Albor\u00e1 asumimos como una prioridad la promoci\u00f3n de la igualdad real entre hombres y mujeres, en l\u00ednea con el Plan de Igualdad de la Junta de Andaluc\u00eda. Este plan es una herramienta clave para construir una sociedad m\u00e1s equitativa y justa, abordando las [&hellip;]<\/p>\n","protected":false},"author":7583,"featured_media":0,"parent":44,"menu_order":4,"comment_status":"closed","ping_status":"closed","template":"","meta":{"footnotes":""},"aioseo_notices":[],"_links":{"self":[{"href":"https:\/\/blogsaverroes.juntadeandalucia.es\/ieslaalbora\/wp-json\/wp\/v2\/pages\/4224"}],"collection":[{"href":"https:\/\/blogsaverroes.juntadeandalucia.es\/ieslaalbora\/wp-json\/wp\/v2\/pages"}],"about":[{"href":"https:\/\/blogsaverroes.juntadeandalucia.es\/ieslaalbora\/wp-json\/wp\/v2\/types\/page"}],"author":[{"embeddable":true,"href":"https:\/\/blogsaverroes.juntadeandalucia.es\/ieslaalbora\/wp-json\/wp\/v2\/users\/7583"}],"replies":[{"embeddable":true,"href":"https:\/\/blogsaverroes.juntadeandalucia.es\/ieslaalbora\/wp-json\/wp\/v2\/comments?post=4224"}],"version-history":[{"count":12,"href":"https:\/\/blogsaverroes.juntadeandalucia.es\/ieslaalbora\/wp-json\/wp\/v2\/pages\/4224\/revisions"}],"predecessor-version":[{"id":4827,"href":"https:\/\/blogsaverroes.juntadeandalucia.es\/ieslaalbora\/wp-json\/wp\/v2\/pages\/4224\/revisions\/4827"}],"up":[{"embeddable":true,"href":"https:\/\/blogsaverroes.juntadeandalucia.es\/ieslaalbora\/wp-json\/wp\/v2\/pages\/44"}],"wp:attachment":[{"href":"https:\/\/blogsaverroes.juntadeandalucia.es\/ieslaalbora\/wp-json\/wp\/v2\/media?parent=4224"}],"curies":[{"name":"wp","href":"https:\/\/api.w.org\/{rel}","templated":true}]}}