{"id":4226,"date":"2024-09-11T17:41:29","date_gmt":"2024-09-11T17:41:29","guid":{"rendered":"https:\/\/blogsaverroes.juntadeandalucia.es\/ieslaalbora\/?page_id=4226"},"modified":"2025-01-28T09:45:59","modified_gmt":"2025-01-28T09:45:59","slug":"espacio-de-paz","status":"publish","type":"page","link":"https:\/\/blogsaverroes.juntadeandalucia.es\/ieslaalbora\/planes-y-proyectos\/espacio-de-paz\/","title":{"rendered":"Espacio de paz"},"content":{"rendered":"<p style=\"text-align: justify\"><span style=\"font-size: 14px;color: #000000\"><a href=\"https:\/\/blogsaverroes.juntadeandalucia.es\/ieslaalbora\/files\/2025\/01\/Logo-RAEEP-color-590x423-copia.jpg\"><img loading=\"lazy\" decoding=\"async\" class=\"size-medium wp-image-4654 alignright\" src=\"https:\/\/blogsaverroes.juntadeandalucia.es\/ieslaalbora\/files\/2025\/01\/Logo-RAEEP-color-590x423-copia-300x215.jpg\" alt=\"\" width=\"300\" height=\"215\" \/><\/a><\/span><\/p>\n<h3><strong><span style=\"color: #000000\">Escuela Espacio de Paz<\/span><\/strong><\/h3>\n<p style=\"text-align: justify\"><span style=\"font-size: 14px;color: #000000\">El IES La Albor\u00e1 forma parte de la <strong>Red Andaluza \u00abEscuela: Espacio de Paz\u00bb<\/strong>, una iniciativa que re\u00fane a centros educativos comprometidos con la mejora de la convivencia escolar y la promoci\u00f3n de una Cultura de Paz. Este proyecto fomenta valores fundamentales como el respeto mutuo, la igualdad, el di\u00e1logo, la solidaridad y la resoluci\u00f3n pac\u00edfica de conflictos, contando siempre con la participaci\u00f3n activa de toda la comunidad educativa y su implicaci\u00f3n con el entorno.<\/span><\/p>\n<p style=\"text-align: justify\"><span style=\"font-size: 14px;color: #000000\">Al integrarse en esta red, nuestro centro se compromete a profundizar en aspectos espec\u00edficos del Plan de Convivencia, con el objetivo de construir un espacio educativo m\u00e1s inclusivo y participativo. Adem\u00e1s, el <strong>IES La Albor\u00e1<\/strong> trabaja en red con otros centros, compartiendo estrategias, recursos y buenas pr\u00e1cticas para avanzar en los seis \u00e1mbitos de actuaci\u00f3n propuestos por la Red:<\/span><\/p>\n<ol style=\"text-align: justify\">\n<li><span style=\"font-size: 14px;color: #000000\">Mejora desde la gesti\u00f3n y organizaci\u00f3n.<\/span><\/li>\n<li><span style=\"font-size: 14px;color: #000000\">Desarrollo de la participaci\u00f3n.<\/span><\/li>\n<li><span style=\"font-size: 14px;color: #000000\">Promoci\u00f3n de la convivencia mediante valores, actitudes, habilidades y h\u00e1bitos.<\/span><\/li>\n<li><span style=\"font-size: 14px;color: #000000\">Prevenci\u00f3n de situaciones de riesgo para la convivencia.<\/span><\/li>\n<li><span style=\"font-size: 14px;color: #000000\">Intervenci\u00f3n ante conductas contrarias a la convivencia.<\/span><\/li>\n<li><span style=\"font-size: 14px;color: #000000\">Reeducaci\u00f3n de actitudes y restauraci\u00f3n de la convivencia.<\/span><\/li>\n<\/ol>\n<p style=\"text-align: justify\"><span style=\"font-size: 14px;color: #000000\">El compromiso de nuestro centro tambi\u00e9n incluye la participaci\u00f3n en los Encuentros Zonales organizados por la Red, as\u00ed como en acciones formativas que permitan actualizar y enriquecer nuestro enfoque hacia la convivencia.<\/span><\/p>\n<p style=\"text-align: justify\"><span style=\"font-size: 14px;color: #000000\">Desde el equipo directivo, el profesorado coordinador y toda la comunidad educativa, nos esforzamos por impulsar este proyecto y seguir avanzando hacia el reconocimiento como Centro Promotor de Convivencia Positiva (Convivencia+), un distintivo que refuerza el compromiso con la mejora continua de nuestro entorno escolar.<\/span><\/p>\n<p style=\"text-align: justify\"><span style=\"font-size: 14px;color: #000000\">El<strong> IES La Albor\u00e1<\/strong> sigue trabajando d\u00eda a d\u00eda para ser un referente en convivencia y valores democr\u00e1ticos, poniendo en pr\u00e1ctica iniciativas que inspiren a nuestra comunidad y refuercen el tejido social de nuestro entorno. <\/span><\/p>\n<p style=\"text-align: justify\"><span style=\"font-size: 14px;color: #000000\">\u00a1Juntos construimos un espacio de paz!<\/span><\/p>\n","protected":false},"excerpt":{"rendered":"<p>Escuela Espacio de Paz El IES La Albor\u00e1 forma parte de la Red Andaluza \u00abEscuela: Espacio de Paz\u00bb, una iniciativa que re\u00fane a centros educativos comprometidos con la mejora de la convivencia escolar y la promoci\u00f3n de una Cultura de Paz. Este proyecto fomenta valores fundamentales como el respeto mutuo, la igualdad, el di\u00e1logo, la [&hellip;]<\/p>\n","protected":false},"author":7583,"featured_media":0,"parent":44,"menu_order":5,"comment_status":"closed","ping_status":"closed","template":"","meta":{"footnotes":""},"aioseo_notices":[],"_links":{"self":[{"href":"https:\/\/blogsaverroes.juntadeandalucia.es\/ieslaalbora\/wp-json\/wp\/v2\/pages\/4226"}],"collection":[{"href":"https:\/\/blogsaverroes.juntadeandalucia.es\/ieslaalbora\/wp-json\/wp\/v2\/pages"}],"about":[{"href":"https:\/\/blogsaverroes.juntadeandalucia.es\/ieslaalbora\/wp-json\/wp\/v2\/types\/page"}],"author":[{"embeddable":true,"href":"https:\/\/blogsaverroes.juntadeandalucia.es\/ieslaalbora\/wp-json\/wp\/v2\/users\/7583"}],"replies":[{"embeddable":true,"href":"https:\/\/blogsaverroes.juntadeandalucia.es\/ieslaalbora\/wp-json\/wp\/v2\/comments?post=4226"}],"version-history":[{"count":6,"href":"https:\/\/blogsaverroes.juntadeandalucia.es\/ieslaalbora\/wp-json\/wp\/v2\/pages\/4226\/revisions"}],"predecessor-version":[{"id":4676,"href":"https:\/\/blogsaverroes.juntadeandalucia.es\/ieslaalbora\/wp-json\/wp\/v2\/pages\/4226\/revisions\/4676"}],"up":[{"embeddable":true,"href":"https:\/\/blogsaverroes.juntadeandalucia.es\/ieslaalbora\/wp-json\/wp\/v2\/pages\/44"}],"wp:attachment":[{"href":"https:\/\/blogsaverroes.juntadeandalucia.es\/ieslaalbora\/wp-json\/wp\/v2\/media?parent=4226"}],"curies":[{"name":"wp","href":"https:\/\/api.w.org\/{rel}","templated":true}]}}