{"id":4276,"date":"2024-09-11T18:38:53","date_gmt":"2024-09-11T18:38:53","guid":{"rendered":"https:\/\/blogsaverroes.juntadeandalucia.es\/ieslaalbora\/woocommerce-ready\/"},"modified":"2024-09-12T13:59:59","modified_gmt":"2024-09-12T13:59:59","slug":"woocommerce-ready","status":"publish","type":"page","link":"https:\/\/blogsaverroes.juntadeandalucia.es\/ieslaalbora\/woocommerce-ready\/","title":{"rendered":"Curso de acceso"},"content":{"rendered":"<p>El&nbsp;<strong>curso de acceso a los ciclos formativos de Formaci\u00f3n Profesional de grado medio<\/strong>&nbsp;es una v\u00eda de acceso si no posees el t\u00edtulo de Graduado en ESO ni otros requisitos de acceso.<\/p>\n<p><a href=\"https:\/\/blogsaverroes.juntadeandalucia.es\/ieslaalbora\/enlace-a-curso-de-acceso\/\"><img loading=\"lazy\" decoding=\"async\" class=\"aligncenter wp-image-4427\" src=\"https:\/\/blogsaverroes.juntadeandalucia.es\/ieslaalbora\/files\/2024\/09\/Leer-mas.png\" alt=\"\" width=\"138\" height=\"43\" srcset=\"https:\/\/blogsaverroes.juntadeandalucia.es\/ieslaalbora\/files\/2024\/09\/Leer-mas.png 320w, https:\/\/blogsaverroes.juntadeandalucia.es\/ieslaalbora\/files\/2024\/09\/Leer-mas-300x94.png 300w\" sizes=\"(max-width: 138px) 100vw, 138px\" \/><\/a><\/p>\n","protected":false},"excerpt":{"rendered":"<p>El&nbsp;curso de acceso a los ciclos formativos de Formaci\u00f3n Profesional de grado medio&nbsp;es una v\u00eda de acceso si no posees el t\u00edtulo de Graduado en ESO ni otros requisitos de acceso.<\/p>\n","protected":false},"author":1,"featured_media":0,"parent":0,"menu_order":0,"comment_status":"closed","ping_status":"closed","template":"","meta":{"footnotes":""},"aioseo_notices":[],"_links":{"self":[{"href":"https:\/\/blogsaverroes.juntadeandalucia.es\/ieslaalbora\/wp-json\/wp\/v2\/pages\/4276"}],"collection":[{"href":"https:\/\/blogsaverroes.juntadeandalucia.es\/ieslaalbora\/wp-json\/wp\/v2\/pages"}],"about":[{"href":"https:\/\/blogsaverroes.juntadeandalucia.es\/ieslaalbora\/wp-json\/wp\/v2\/types\/page"}],"author":[{"embeddable":true,"href":"https:\/\/blogsaverroes.juntadeandalucia.es\/ieslaalbora\/wp-json\/wp\/v2\/users\/1"}],"replies":[{"embeddable":true,"href":"https:\/\/blogsaverroes.juntadeandalucia.es\/ieslaalbora\/wp-json\/wp\/v2\/comments?post=4276"}],"version-history":[{"count":5,"href":"https:\/\/blogsaverroes.juntadeandalucia.es\/ieslaalbora\/wp-json\/wp\/v2\/pages\/4276\/revisions"}],"predecessor-version":[{"id":4398,"href":"https:\/\/blogsaverroes.juntadeandalucia.es\/ieslaalbora\/wp-json\/wp\/v2\/pages\/4276\/revisions\/4398"}],"wp:attachment":[{"href":"https:\/\/blogsaverroes.juntadeandalucia.es\/ieslaalbora\/wp-json\/wp\/v2\/media?parent=4276"}],"curies":[{"name":"wp","href":"https:\/\/api.w.org\/{rel}","templated":true}]}}