{"id":4374,"date":"2024-09-12T10:06:03","date_gmt":"2024-09-12T10:06:03","guid":{"rendered":"https:\/\/blogsaverroes.juntadeandalucia.es\/ieslaalbora\/?page_id=4374"},"modified":"2024-09-12T14:45:33","modified_gmt":"2024-09-12T14:45:33","slug":"enlaces","status":"publish","type":"page","link":"https:\/\/blogsaverroes.juntadeandalucia.es\/ieslaalbora\/enlaces\/","title":{"rendered":"Enlaces"},"content":{"rendered":"<p>Enlaces a becas y ayudas de la Conserjer\u00eda de Desarrollo Educativo y Formaci\u00f3n Profesional de la Junta de Andaluc\u00eda, Moodle Centros de Huelva, S\u00e9neca e Ipasen.&nbsp;<\/p>\n<table class=\" aligncenter\" style=\"height: 262px;width: 58.7164%;border-collapse: collapse;border-style: none\">\n<tbody>\n<tr>\n<td style=\"width: 50%\"><a href=\"https:\/\/www.juntadeandalucia.es\/educacion\/portals\/web\/becas-y-ayudas\"><img loading=\"lazy\" decoding=\"async\" class=\"alignleft wp-image-4446 size-full\" src=\"https:\/\/blogsaverroes.juntadeandalucia.es\/ieslaalbora\/files\/2024\/09\/1-5.png\" alt=\"\" width=\"320\" height=\"100\" srcset=\"https:\/\/blogsaverroes.juntadeandalucia.es\/ieslaalbora\/files\/2024\/09\/1-5.png 320w, https:\/\/blogsaverroes.juntadeandalucia.es\/ieslaalbora\/files\/2024\/09\/1-5-300x94.png 300w\" sizes=\"(max-width: 320px) 100vw, 320px\" \/><\/a><\/td>\n<td style=\"width: 50%\"><a href=\"https:\/\/educacionadistancia.juntadeandalucia.es\/centros\/huelva\/login\/index.php\"><img loading=\"lazy\" decoding=\"async\" class=\"alignleft wp-image-4452 size-full\" src=\"https:\/\/blogsaverroes.juntadeandalucia.es\/ieslaalbora\/files\/2024\/09\/2-4.png\" alt=\"\" width=\"320\" height=\"100\" srcset=\"https:\/\/blogsaverroes.juntadeandalucia.es\/ieslaalbora\/files\/2024\/09\/2-4.png 320w, https:\/\/blogsaverroes.juntadeandalucia.es\/ieslaalbora\/files\/2024\/09\/2-4-300x94.png 300w\" sizes=\"(max-width: 320px) 100vw, 320px\" \/><\/a><\/td>\n<\/tr>\n<tr>\n<td style=\"width: 50%\"><a href=\"https:\/\/seneca.juntadeandalucia.es\/seneca\/jsp\/portal\/\"><img loading=\"lazy\" decoding=\"async\" class=\"alignleft wp-image-4453 size-full\" src=\"https:\/\/blogsaverroes.juntadeandalucia.es\/ieslaalbora\/files\/2024\/09\/3-3.png\" alt=\"\" width=\"320\" height=\"100\" srcset=\"https:\/\/blogsaverroes.juntadeandalucia.es\/ieslaalbora\/files\/2024\/09\/3-3.png 320w, https:\/\/blogsaverroes.juntadeandalucia.es\/ieslaalbora\/files\/2024\/09\/3-3-300x94.png 300w\" sizes=\"(max-width: 320px) 100vw, 320px\" \/><\/a><\/td>\n<td style=\"width: 50%\"><a href=\"https:\/\/seneca.juntadeandalucia.es\/seneca\/jsp\/portalpasen\/\"><img loading=\"lazy\" decoding=\"async\" class=\"alignleft wp-image-4454 size-full\" src=\"https:\/\/blogsaverroes.juntadeandalucia.es\/ieslaalbora\/files\/2024\/09\/4-3.png\" alt=\"\" width=\"320\" height=\"100\" srcset=\"https:\/\/blogsaverroes.juntadeandalucia.es\/ieslaalbora\/files\/2024\/09\/4-3.png 320w, https:\/\/blogsaverroes.juntadeandalucia.es\/ieslaalbora\/files\/2024\/09\/4-3-300x94.png 300w\" sizes=\"(max-width: 320px) 100vw, 320px\" \/><\/a><\/td>\n<\/tr>\n<\/tbody>\n<\/table>\n","protected":false},"excerpt":{"rendered":"<p>Enlaces a becas y ayudas de la Conserjer\u00eda de Desarrollo Educativo y Formaci\u00f3n Profesional de la Junta de Andaluc\u00eda, Moodle Centros de Huelva, S\u00e9neca e Ipasen.&nbsp;<\/p>\n","protected":false},"author":7583,"featured_media":0,"parent":0,"menu_order":0,"comment_status":"closed","ping_status":"closed","template":"","meta":{"footnotes":""},"aioseo_notices":[],"_links":{"self":[{"href":"https:\/\/blogsaverroes.juntadeandalucia.es\/ieslaalbora\/wp-json\/wp\/v2\/pages\/4374"}],"collection":[{"href":"https:\/\/blogsaverroes.juntadeandalucia.es\/ieslaalbora\/wp-json\/wp\/v2\/pages"}],"about":[{"href":"https:\/\/blogsaverroes.juntadeandalucia.es\/ieslaalbora\/wp-json\/wp\/v2\/types\/page"}],"author":[{"embeddable":true,"href":"https:\/\/blogsaverroes.juntadeandalucia.es\/ieslaalbora\/wp-json\/wp\/v2\/users\/7583"}],"replies":[{"embeddable":true,"href":"https:\/\/blogsaverroes.juntadeandalucia.es\/ieslaalbora\/wp-json\/wp\/v2\/comments?post=4374"}],"version-history":[{"count":12,"href":"https:\/\/blogsaverroes.juntadeandalucia.es\/ieslaalbora\/wp-json\/wp\/v2\/pages\/4374\/revisions"}],"predecessor-version":[{"id":4462,"href":"https:\/\/blogsaverroes.juntadeandalucia.es\/ieslaalbora\/wp-json\/wp\/v2\/pages\/4374\/revisions\/4462"}],"wp:attachment":[{"href":"https:\/\/blogsaverroes.juntadeandalucia.es\/ieslaalbora\/wp-json\/wp\/v2\/media?parent=4374"}],"curies":[{"name":"wp","href":"https:\/\/api.w.org\/{rel}","templated":true}]}}