{"id":4432,"date":"2024-09-12T13:56:53","date_gmt":"2024-09-12T13:56:53","guid":{"rendered":"https:\/\/blogsaverroes.juntadeandalucia.es\/ieslaalbora\/?page_id=4432"},"modified":"2024-09-12T14:06:01","modified_gmt":"2024-09-12T14:06:01","slug":"enlace-a-curso-de-acceso","status":"publish","type":"page","link":"https:\/\/blogsaverroes.juntadeandalucia.es\/ieslaalbora\/enlace-a-curso-de-acceso\/","title":{"rendered":"Enlace a Curso de Acceso"},"content":{"rendered":"<header class=\"portlet-topper\">\n<p class=\"portlet-title\" style=\"text-align: justify\"><strong style=\"color: #747474;font-family: 'Open Sans', sans-serif;font-size: 14px\"><a href=\"https:\/\/blogsaverroes.juntadeandalucia.es\/ieslaalbora\/files\/2024\/09\/Blue-Modern-Game-Button-Twitch-Panel-1-1.png\"><img loading=\"lazy\" decoding=\"async\" class=\"wp-image-4434 aligncenter\" src=\"https:\/\/blogsaverroes.juntadeandalucia.es\/ieslaalbora\/files\/2024\/09\/Blue-Modern-Game-Button-Twitch-Panel-1-1.png\" alt=\"\" width=\"394\" height=\"123\" srcset=\"https:\/\/blogsaverroes.juntadeandalucia.es\/ieslaalbora\/files\/2024\/09\/Blue-Modern-Game-Button-Twitch-Panel-1-1.png 320w, https:\/\/blogsaverroes.juntadeandalucia.es\/ieslaalbora\/files\/2024\/09\/Blue-Modern-Game-Button-Twitch-Panel-1-1-300x94.png 300w\" sizes=\"(max-width: 394px) 100vw, 394px\" \/><\/a><\/strong><\/p>\n<p class=\"portlet-title\" style=\"text-align: justify\"><span style=\"color: #000000\"><strong style=\"font-family: 'Open Sans', sans-serif;font-size: 14px\">El curso de acceso a los ciclos formativos de Formaci\u00f3n Profesional de grado medio<\/strong><span style=\"font-family: 'Open Sans', sans-serif;font-size: 14px\">&nbsp;es una v\u00eda de acceso si no posees el t\u00edtulo de Graduado en ESO ni otros requisitos de acceso.<\/span><\/span><\/p>\n<\/header>\n<div class=\"portlet-content\">\n<div class=\" portlet-content-container\">\n<div class=\"portlet-body\">\n<div class=\"contenido_portlet \">\n<div class=\"portlet_web\">\n<div class=\"detalle web\">\n<div class=\"contenido_detalle\">\n<section class=\"cuerpo detalle_html\">\n<div class=\"inner_cuerpo\">\n<p style=\"text-align: justify\"><span style=\"color: #000000\"><strong>Si superas este curso podr\u00e1s participar en el procedimiento de admisi\u00f3n para acceder a cualquier ciclo formativo de grado medio<\/strong>, sin tener que superar una prueba de acceso adicional.<\/span><\/p>\n<p style=\"text-align: justify\"><span style=\"color: #000000\">No obstante, si realizas el curso y no lo superas o bien deseas prepararte por tu cuenta, podr\u00e1s seguir present\u00e1ndote a las pruebas de acceso tradicionales.<\/span><\/p>\n<p style=\"text-align: justify\"><span style=\"text-decoration: underline;color: #ff6600\"><span style=\"font-size: 20px\"><strong>Requisitos de acceso<\/strong><\/span><\/span><\/p>\n<p style=\"text-align: justify\"><span style=\"font-size: 14px;color: #000000\">Para poder matricularte en este curso ser\u00e1 necesario cumplir los siguientes requisitos:<\/span><\/p>\n<ul style=\"text-align: justify\">\n<li><span style=\"font-size: 14px;color: #000000\"><strong>Cumplir 17 a\u00f1os o m\u00e1s en el a\u00f1o de finalizaci\u00f3n del curso.<\/strong><\/span><\/li>\n<li><span style=\"font-size: 14px;color: #000000\"><strong>No reunir ninguna de las condiciones de&nbsp;<a style=\"color: #000000\" href=\"http:\/\/www.juntadeandalucia.es\/educacion\/portals\/web\/formacion-profesional-andaluza\/quiero-formarme\/ensenanzas\/fp-grado-medio\/requisitos\" target=\"_self\" rel=\"noopener\">acceso<\/a><\/strong>&nbsp;a los ciclos formativos de Formaci\u00f3n Profesional de&nbsp;<strong>grado medio<\/strong>.<\/span><\/li>\n<\/ul>\n<p style=\"text-align: justify\"><span style=\"text-decoration: underline;color: #ff6600\"><strong><span style=\"font-size: 20px\">Estructura del curso<\/span><\/strong><\/span><\/p>\n<p style=\"text-align: justify\"><span style=\"font-size: 14px;color: #000000\">El curso se compone de tres \u201casignaturas\u201d denominadas&nbsp;<strong><em>\u00e1mbitos<\/em><\/strong>:<\/span><\/p>\n<ul style=\"text-align: justify\">\n<li><span style=\"font-size: 14px;color: #000000\"><strong>\u00c1mbito de Comunicaci\u00f3n<\/strong>, con contenidos de Lengua castellana y Literatura e Ingl\u00e9s o Franc\u00e9s.<\/span><\/li>\n<li><span style=\"font-size: 14px;color: #000000\"><strong>\u00c1mbito Social<\/strong>, con contenidos de Geograf\u00eda e Historia, Econom\u00eda e Iniciaci\u00f3n a la actividad emprendedora.<\/span><\/li>\n<li><span style=\"font-size: 14px;color: #000000\"><strong>\u00c1mbito Cient\u00edfico-tecnol\u00f3gico<\/strong>, con contenidos de Matem\u00e1ticas orientadas a las ense\u00f1anzas acad\u00e9micas, Matem\u00e1ticas orientadas a las ense\u00f1anzas aplicadas, Biolog\u00eda y Geolog\u00eda, F\u00edsica y Qu\u00edmica y Tecnolog\u00eda.<\/span><\/li>\n<\/ul>\n<p style=\"text-align: justify\"><span style=\"color: #000000\"><span style=\"font-size: 14px\">El curso tiene una duraci\u00f3n de&nbsp;<strong>600 horas<\/strong>&nbsp;y se extiende durante un curso acad\u00e9mico con&nbsp;<strong>jornadas lectivas de cuatro horas diarias<\/strong>. El horario semanal se compone de 7 horas del \u00c1mbito de Comunicaci\u00f3n, 4 del Social, 8 del Cient\u00edfico-tecnol\u00f3gico y 1 hora de tutor\u00eda<\/span>.<\/span><\/p>\n<p><span style=\"text-decoration: underline;color: #ff6600\"><strong><span style=\"font-size: 20px\">Convalidaciones<\/span><\/strong><\/span><\/p>\n<p style=\"text-align: justify\"><span style=\"color: #000000\">Una vez matriculado en el curso de acceso podr\u00e1s solicitar la convalidaci\u00f3n de los \u00e1mbitos o materias que tengas superados de cursos de ense\u00f1anzas formales conducentes al t\u00edtulo de Educaci\u00f3n Secundaria Obligatoria.<\/span><\/p>\n<p><span style=\"text-decoration: underline;color: #ff6600\"><strong><span style=\"font-size: 20px\">\u00bfC\u00f3mo se supera el curso?<\/span><\/strong><\/span><\/p>\n<p style=\"text-align: justify\"><span style=\"color: #000000\">Para superar el curso tendr\u00e1s que&nbsp;<strong>superar los tres \u00e1mbitos<\/strong>. Si no superas el curso completo, los&nbsp;<strong>\u00e1mbitos superados se te \u201cguardar\u00e1n\u201d<\/strong>&nbsp;para futuras convocatorias y para las pruebas de acceso a ciclos formativos de Formaci\u00f3n Profesional de grado medio, si es que deseas presentarte a ellas.<\/span><\/p>\n<p><span style=\"text-decoration: underline;color: #ff6600\"><strong><span style=\"font-size: 20px\">\u00bfPuedo repetir este curso si no supero todos los \u00e1mbitos?<\/span><\/strong><\/span><\/p>\n<p style=\"text-align: justify\"><span style=\"color: #000000\">Solo es posible repetir el curso de acceso (una sola vez) si existen plazas vacantes una vez matriculado todas las personas admitidas. En ese caso, solo te matricular\u00edas de los \u00e1mbitos no superados.<\/span><\/p>\n<\/div>\n<\/section>\n<\/div>\n<\/div>\n<\/div>\n<\/div>\n<\/div>\n<\/div>\n<\/div>\n","protected":false},"excerpt":{"rendered":"<p>El curso de acceso a los ciclos formativos de Formaci\u00f3n Profesional de grado medio&nbsp;es una v\u00eda de acceso si no posees el t\u00edtulo de Graduado en ESO ni otros requisitos de acceso. Si superas este curso podr\u00e1s participar en el procedimiento de admisi\u00f3n para acceder a cualquier ciclo formativo de grado medio, sin tener que [&hellip;]<\/p>\n","protected":false},"author":7583,"featured_media":0,"parent":0,"menu_order":0,"comment_status":"closed","ping_status":"closed","template":"","meta":{"footnotes":""},"aioseo_notices":[],"_links":{"self":[{"href":"https:\/\/blogsaverroes.juntadeandalucia.es\/ieslaalbora\/wp-json\/wp\/v2\/pages\/4432"}],"collection":[{"href":"https:\/\/blogsaverroes.juntadeandalucia.es\/ieslaalbora\/wp-json\/wp\/v2\/pages"}],"about":[{"href":"https:\/\/blogsaverroes.juntadeandalucia.es\/ieslaalbora\/wp-json\/wp\/v2\/types\/page"}],"author":[{"embeddable":true,"href":"https:\/\/blogsaverroes.juntadeandalucia.es\/ieslaalbora\/wp-json\/wp\/v2\/users\/7583"}],"replies":[{"embeddable":true,"href":"https:\/\/blogsaverroes.juntadeandalucia.es\/ieslaalbora\/wp-json\/wp\/v2\/comments?post=4432"}],"version-history":[{"count":4,"href":"https:\/\/blogsaverroes.juntadeandalucia.es\/ieslaalbora\/wp-json\/wp\/v2\/pages\/4432\/revisions"}],"predecessor-version":[{"id":4440,"href":"https:\/\/blogsaverroes.juntadeandalucia.es\/ieslaalbora\/wp-json\/wp\/v2\/pages\/4432\/revisions\/4440"}],"wp:attachment":[{"href":"https:\/\/blogsaverroes.juntadeandalucia.es\/ieslaalbora\/wp-json\/wp\/v2\/media?parent=4432"}],"curies":[{"name":"wp","href":"https:\/\/api.w.org\/{rel}","templated":true}]}}