{"id":80,"date":"2019-06-16T06:57:36","date_gmt":"2019-06-16T06:57:36","guid":{"rendered":"http:\/\/blogsaverroes.juntadeandalucia.es\/pre\/ceip\/?page_id=80"},"modified":"2025-01-28T10:02:21","modified_gmt":"2025-01-28T10:02:21","slug":"curso-escolar","status":"publish","type":"page","link":"https:\/\/blogsaverroes.juntadeandalucia.es\/ieslaalbora\/curso-escolar\/","title":{"rendered":"Curso escolar"},"content":{"rendered":"<h3 data-pm-slice=\"1 1 []\"><strong><span style=\"color: #000000\">Seguimiento acad\u00e9mico a trav\u00e9s de iPasen<\/span><\/strong><\/h3>\n<p><span style=\"color: #000000\">En el <strong>IES La Albor\u00e1<\/strong>, el seguimiento acad\u00e9mico del alumnado se realiza a trav\u00e9s de la plataforma <strong>iPasen<\/strong>, una herramienta fundamental que permite a las familias y al propio alumnado acceder a informaci\u00f3n relevante sobre su rendimiento acad\u00e9mico y organizaci\u00f3n escolar.<a href=\"https:\/\/blogsaverroes.juntadeandalucia.es\/ieslaalbora\/files\/2025\/01\/ipsane-logo.png\"><img loading=\"lazy\" decoding=\"async\" class=\"size-medium wp-image-4679 aligncenter\" src=\"https:\/\/blogsaverroes.juntadeandalucia.es\/ieslaalbora\/files\/2025\/01\/ipsane-logo-300x168.png\" alt=\"\" width=\"300\" height=\"168\" \/><\/a><\/span><\/p>\n<p><span style=\"color: #000000;font-size: 14px\">Con <strong>iPasen<\/strong>, es posible:<\/span><\/p>\n<ul data-spread=\"false\">\n<li><span style=\"color: #000000;font-size: 14px\">Consultar las <strong>calificaciones<\/strong> en tiempo real.<\/span><\/li>\n<li><span style=\"color: #000000;font-size: 14px\"><strong>Justificar faltas<\/strong> de asistencia de manera sencilla.<\/span><\/li>\n<li><span style=\"color: #000000;font-size: 14px\">Acceder a los <strong>comentarios<\/strong> de los profesores.<\/span><\/li>\n<li><span style=\"color: #000000;font-size: 14px\">Gestionar <strong>autorizaciones<\/strong> para actividades escolares.<\/span><\/li>\n<li><span style=\"color: #000000;font-size: 14px\">Solicitar y gestionar <strong>tutor\u00edas<\/strong> con el profesorado.<\/span><\/li>\n<\/ul>\n<p><span style=\"color: #000000;font-size: 14px\">Gracias a esta plataforma, se facilita una comunicaci\u00f3n fluida entre el centro educativo y las familias, garantizando un mejor seguimiento del progreso acad\u00e9mico y personal del alumnado.<\/span><\/p>\n<p>&nbsp;<\/p>\n","protected":false},"excerpt":{"rendered":"<p>Seguimiento acad\u00e9mico a trav\u00e9s de iPasen En el IES La Albor\u00e1, el seguimiento acad\u00e9mico del alumnado se realiza a trav\u00e9s de la plataforma iPasen, una herramienta fundamental que permite a las familias y al propio alumnado acceder a informaci\u00f3n relevante sobre su rendimiento acad\u00e9mico y organizaci\u00f3n escolar. Con iPasen, es posible: Consultar las calificaciones en [&hellip;]<\/p>\n","protected":false},"author":1,"featured_media":0,"parent":0,"menu_order":0,"comment_status":"closed","ping_status":"open","template":"","meta":{"footnotes":""},"aioseo_notices":[],"_links":{"self":[{"href":"https:\/\/blogsaverroes.juntadeandalucia.es\/ieslaalbora\/wp-json\/wp\/v2\/pages\/80"}],"collection":[{"href":"https:\/\/blogsaverroes.juntadeandalucia.es\/ieslaalbora\/wp-json\/wp\/v2\/pages"}],"about":[{"href":"https:\/\/blogsaverroes.juntadeandalucia.es\/ieslaalbora\/wp-json\/wp\/v2\/types\/page"}],"author":[{"embeddable":true,"href":"https:\/\/blogsaverroes.juntadeandalucia.es\/ieslaalbora\/wp-json\/wp\/v2\/users\/1"}],"replies":[{"embeddable":true,"href":"https:\/\/blogsaverroes.juntadeandalucia.es\/ieslaalbora\/wp-json\/wp\/v2\/comments?post=80"}],"version-history":[{"count":8,"href":"https:\/\/blogsaverroes.juntadeandalucia.es\/ieslaalbora\/wp-json\/wp\/v2\/pages\/80\/revisions"}],"predecessor-version":[{"id":4682,"href":"https:\/\/blogsaverroes.juntadeandalucia.es\/ieslaalbora\/wp-json\/wp\/v2\/pages\/80\/revisions\/4682"}],"wp:attachment":[{"href":"https:\/\/blogsaverroes.juntadeandalucia.es\/ieslaalbora\/wp-json\/wp\/v2\/media?parent=80"}],"curies":[{"name":"wp","href":"https:\/\/api.w.org\/{rel}","templated":true}]}}