{"id":141,"date":"2015-03-17T07:13:24","date_gmt":"2015-03-17T07:13:24","guid":{"rendered":"http:\/\/blogsaverroes.juntadeandalucia.es\/pre\/ceip\/?page_id=141"},"modified":"2017-06-22T10:12:22","modified_gmt":"2017-06-22T10:12:22","slug":"escolarizacion","status":"publish","type":"page","link":"https:\/\/blogsaverroes.juntadeandalucia.es\/ieslaalgaida\/escolarizacion\/","title":{"rendered":"Escolarizaci\u00f3n"},"content":{"rendered":"<div id=\"matrix_1121382\" class=\"sortable-matrix\">\n<div class=\"n module-type-header diyfeLiveArea \">\n<h2><span class=\"diyfeDecoration\">Tr\u00edptico informativo de la Junta de Andaluc\u00eda sobre escolarizaci\u00f3n<\/span><\/h2>\n<\/div>\n<div class=\"n module-type-imageSubtitle diyfeLiveArea \">\n<div id=\"imageSubtitle-7125777\" class=\"clearover imageSubtitle\">\n<div class=\"align-container align-left\"><a class=\"imagewrapper\" href=\"https:\/\/www.ieslaalgaida.es\/s\/cc_images\/cache_11681830.jpg?t=1394034002\" rel=\"lightbox[7125777]\"> <img decoding=\"async\" id=\"image_11681830\" src=\"https:\/\/www.ieslaalgaida.es\/s\/cc_images\/cache_11681830.jpg?t=1394034002\" alt=\"\"> <\/a><\/div>\n<\/div>\n<\/div>\n<div class=\"n module-type-downloadDocument diyfeLiveArea \">\n<div class=\"clearover\">\n<div class=\"rightDownload\"><a href=\"https:\/\/blogsaverroes.juntadeandalucia.es\/ieslaalgaida\/files\/2015\/03\/pdf.png\"><img loading=\"lazy\" decoding=\"async\" class=\"size-full wp-image-2492 alignleft\" src=\"https:\/\/blogsaverroes.juntadeandalucia.es\/ieslaalgaida\/files\/2015\/03\/pdf.png\" alt=\"\" width=\"51\" height=\"51\" srcset=\"https:\/\/blogsaverroes.juntadeandalucia.es\/ieslaalgaida\/files\/2015\/03\/pdf.png 51w, https:\/\/blogsaverroes.juntadeandalucia.es\/ieslaalgaida\/files\/2015\/03\/pdf-24x24.png 24w, https:\/\/blogsaverroes.juntadeandalucia.es\/ieslaalgaida\/files\/2015\/03\/pdf-36x36.png 36w, https:\/\/blogsaverroes.juntadeandalucia.es\/ieslaalgaida\/files\/2015\/03\/pdf-48x48.png 48w, https:\/\/blogsaverroes.juntadeandalucia.es\/ieslaalgaida\/files\/2015\/03\/pdf-50x50.png 50w\" sizes=\"(max-width: 51px) 100vw, 51px\" \/><\/a><strong>Tr\u00edptico informativo sobre escolarizaci\u00f3n.<br \/>\n<\/strong><a href=\"https:\/\/blogsaverroes.juntadeandalucia.es\/ieslaalgaida\/files\/2017\/06\/triptico-escolarizacio\u0301n.pdf\">triptico escolarizacio\u0301n<\/a><br \/>\nDocumento Adobe Acrobat [221.5 KB]<\/div>\n<div class=\"rightDownload\">&nbsp;<\/div>\n<\/div>\n<\/div>\n<div class=\"n module-type-header diyfeLiveArea \">\n<h2><span class=\"diyfeDecoration\">Impreso de solicitud de Admisi\u00f3n Anexo III<\/span><\/h2>\n<\/div>\n<div class=\"n module-type-downloadDocument diyfeLiveArea \">\n<div class=\"clearover\">\n<div class=\"rightDownload\"><a href=\"https:\/\/blogsaverroes.juntadeandalucia.es\/ieslaalgaida\/files\/2015\/03\/pdf.png\"><img loading=\"lazy\" decoding=\"async\" class=\"size-full wp-image-2492 alignleft\" src=\"https:\/\/blogsaverroes.juntadeandalucia.es\/ieslaalgaida\/files\/2015\/03\/pdf.png\" alt=\"\" width=\"51\" height=\"51\" srcset=\"https:\/\/blogsaverroes.juntadeandalucia.es\/ieslaalgaida\/files\/2015\/03\/pdf.png 51w, https:\/\/blogsaverroes.juntadeandalucia.es\/ieslaalgaida\/files\/2015\/03\/pdf-24x24.png 24w, https:\/\/blogsaverroes.juntadeandalucia.es\/ieslaalgaida\/files\/2015\/03\/pdf-36x36.png 36w, https:\/\/blogsaverroes.juntadeandalucia.es\/ieslaalgaida\/files\/2015\/03\/pdf-48x48.png 48w, https:\/\/blogsaverroes.juntadeandalucia.es\/ieslaalgaida\/files\/2015\/03\/pdf-50x50.png 50w\" sizes=\"(max-width: 51px) 100vw, 51px\" \/><\/a><strong>Impreso de solicitud de Admisi\u00f3n<\/strong><br \/>\n<a href=\"https:\/\/blogsaverroes.juntadeandalucia.es\/ieslaalgaida\/files\/2017\/06\/Impreso_Solicitud_Admision_Anexo_III.pdf\">Impreso_Solicitud_Admision_Anexo_III<\/a><br \/>\nDocumento Adobe Acrobat [385.6 KB]<\/div>\n<div class=\"rightDownload\">&nbsp;<\/div>\n<\/div>\n<\/div>\n<div class=\"n module-type-header diyfeLiveArea \">\n<h2><span class=\"diyfeDecoration\">Orden de Escolarizaci\u00f3n<\/span><\/h2>\n<\/div>\n<div class=\"n module-type-downloadDocument diyfeLiveArea \">\n<div class=\"clearover\">\n<div class=\"rightDownload\"><a href=\"https:\/\/blogsaverroes.juntadeandalucia.es\/ieslaalgaida\/files\/2015\/03\/pdf.png\"><img loading=\"lazy\" decoding=\"async\" class=\"size-full wp-image-2492 alignleft\" src=\"https:\/\/blogsaverroes.juntadeandalucia.es\/ieslaalgaida\/files\/2015\/03\/pdf.png\" alt=\"\" width=\"51\" height=\"51\" srcset=\"https:\/\/blogsaverroes.juntadeandalucia.es\/ieslaalgaida\/files\/2015\/03\/pdf.png 51w, https:\/\/blogsaverroes.juntadeandalucia.es\/ieslaalgaida\/files\/2015\/03\/pdf-24x24.png 24w, https:\/\/blogsaverroes.juntadeandalucia.es\/ieslaalgaida\/files\/2015\/03\/pdf-36x36.png 36w, https:\/\/blogsaverroes.juntadeandalucia.es\/ieslaalgaida\/files\/2015\/03\/pdf-48x48.png 48w, https:\/\/blogsaverroes.juntadeandalucia.es\/ieslaalgaida\/files\/2015\/03\/pdf-50x50.png 50w\" sizes=\"(max-width: 51px) 100vw, 51px\" \/><\/a><strong>Orden de Escolarizaci\u00f3n de 24 de Febrero de 2011<\/strong><br \/>\n<a href=\"https:\/\/blogsaverroes.juntadeandalucia.es\/ieslaalgaida\/files\/2017\/06\/Orden24febrero2011escolarizacion.pdf\">Orden24febrero2011escolarizacion<\/a><br \/>\nDocumento Adobe Acrobat [6.4 MB]<\/div>\n<\/div>\n<\/div>\n<\/div>\n","protected":false},"excerpt":{"rendered":"<p>Tr\u00edptico informativo de la Junta de Andaluc\u00eda sobre escolarizaci\u00f3n Tr\u00edptico informativo sobre escolarizaci\u00f3n. triptico escolarizacio\u0301n Documento Adobe Acrobat [221.5 KB] &nbsp; Impreso de solicitud de Admisi\u00f3n Anexo III Impreso de solicitud de Admisi\u00f3n Impreso_Solicitud_Admision_Anexo_III Documento Adobe Acrobat [385.6 KB] &nbsp; Orden de Escolarizaci\u00f3n Orden de Escolarizaci\u00f3n de 24 de Febrero de 2011 Orden24febrero2011escolarizacion Documento Adobe &hellip; <\/p>\n<p class=\"link-more\"><a href=\"https:\/\/blogsaverroes.juntadeandalucia.es\/ieslaalgaida\/escolarizacion\/\" class=\"more-link\">Continuar leyendo<span class=\"screen-reader-text\"> \u00abEscolarizaci\u00f3n\u00bb<\/span><\/a><\/p>\n","protected":false},"author":1,"featured_media":541,"parent":0,"menu_order":0,"comment_status":"closed","ping_status":"open","template":"page-cs.php","meta":{"ngg_post_thumbnail":0,"footnotes":"","_mc_calendar":[]},"aioseo_notices":[],"_links":{"self":[{"href":"https:\/\/blogsaverroes.juntadeandalucia.es\/ieslaalgaida\/wp-json\/wp\/v2\/pages\/141"}],"collection":[{"href":"https:\/\/blogsaverroes.juntadeandalucia.es\/ieslaalgaida\/wp-json\/wp\/v2\/pages"}],"about":[{"href":"https:\/\/blogsaverroes.juntadeandalucia.es\/ieslaalgaida\/wp-json\/wp\/v2\/types\/page"}],"author":[{"embeddable":true,"href":"https:\/\/blogsaverroes.juntadeandalucia.es\/ieslaalgaida\/wp-json\/wp\/v2\/users\/1"}],"replies":[{"embeddable":true,"href":"https:\/\/blogsaverroes.juntadeandalucia.es\/ieslaalgaida\/wp-json\/wp\/v2\/comments?post=141"}],"version-history":[{"count":7,"href":"https:\/\/blogsaverroes.juntadeandalucia.es\/ieslaalgaida\/wp-json\/wp\/v2\/pages\/141\/revisions"}],"predecessor-version":[{"id":2646,"href":"https:\/\/blogsaverroes.juntadeandalucia.es\/ieslaalgaida\/wp-json\/wp\/v2\/pages\/141\/revisions\/2646"}],"wp:featuredmedia":[{"embeddable":true,"href":"https:\/\/blogsaverroes.juntadeandalucia.es\/ieslaalgaida\/wp-json\/wp\/v2\/media\/541"}],"wp:attachment":[{"href":"https:\/\/blogsaverroes.juntadeandalucia.es\/ieslaalgaida\/wp-json\/wp\/v2\/media?parent=141"}],"curies":[{"name":"wp","href":"https:\/\/api.w.org\/{rel}","templated":true}]}}