{"id":162,"date":"2015-03-17T07:51:10","date_gmt":"2015-03-17T07:51:10","guid":{"rendered":"http:\/\/blogsaverroes.juntadeandalucia.es\/pre\/ceip\/?page_id=162"},"modified":"2020-05-10T17:13:50","modified_gmt":"2020-05-10T17:13:50","slug":"tecnologia","status":"publish","type":"page","link":"https:\/\/blogsaverroes.juntadeandalucia.es\/ieslaalgaida\/tecnologia\/","title":{"rendered":"Promoci\u00f3n de la Cultura de la Paz y Convivencia"},"content":{"rendered":"<h3><strong>Composici\u00f3n del Departamento. <\/strong><strong>Curso 2019\/2020<\/strong><\/h3>\n<p>&nbsp;<\/p>\n<p>Carmen P\u00e9rez Fern\u00e1ndez. Jefa de Departamento<\/p>\n<p>Luisa Ferrer S\u00e1nchez.<\/p>\n<p>Sonia Mel\u00e9ndez : Directora del Centro.<\/p>\n<p>&nbsp;<\/p>\n<h3><strong>Programaci\u00f3n 2019\/2020<\/strong><\/h3>\n<p>&nbsp;<\/p>\n<p><a href=\"https:\/\/drive.google.com\/file\/d\/1tGOlxaPwzvNrtdvcfo5gzxux_NiEo-PF\/view?usp=sharing\">Programaci\u00f3n Convivencia. 2019\/2020<\/a><\/p>\n<p><a href=\"https:\/\/drive.google.com\/file\/d\/1TExMA_xro1qbdDxldZgaPPv8xpqWXudX\/view?usp=sharing\">Programaci\u00f3n DACE. 2019\/2020<\/a><\/p>\n","protected":false},"excerpt":{"rendered":"<p>Composici\u00f3n del Departamento. Curso 2019\/2020 &nbsp; Carmen P\u00e9rez Fern\u00e1ndez. Jefa de Departamento Luisa Ferrer S\u00e1nchez. Sonia Mel\u00e9ndez : Directora del Centro. &nbsp; Programaci\u00f3n 2019\/2020 &nbsp; Programaci\u00f3n Convivencia. 2019\/2020 Programaci\u00f3n DACE. 2019\/2020<\/p>\n","protected":false},"author":1,"featured_media":0,"parent":0,"menu_order":0,"comment_status":"closed","ping_status":"open","template":"page-cs.php","meta":{"ngg_post_thumbnail":0,"footnotes":"","_mc_calendar":[]},"aioseo_notices":[],"_links":{"self":[{"href":"https:\/\/blogsaverroes.juntadeandalucia.es\/ieslaalgaida\/wp-json\/wp\/v2\/pages\/162"}],"collection":[{"href":"https:\/\/blogsaverroes.juntadeandalucia.es\/ieslaalgaida\/wp-json\/wp\/v2\/pages"}],"about":[{"href":"https:\/\/blogsaverroes.juntadeandalucia.es\/ieslaalgaida\/wp-json\/wp\/v2\/types\/page"}],"author":[{"embeddable":true,"href":"https:\/\/blogsaverroes.juntadeandalucia.es\/ieslaalgaida\/wp-json\/wp\/v2\/users\/1"}],"replies":[{"embeddable":true,"href":"https:\/\/blogsaverroes.juntadeandalucia.es\/ieslaalgaida\/wp-json\/wp\/v2\/comments?post=162"}],"version-history":[{"count":9,"href":"https:\/\/blogsaverroes.juntadeandalucia.es\/ieslaalgaida\/wp-json\/wp\/v2\/pages\/162\/revisions"}],"predecessor-version":[{"id":3602,"href":"https:\/\/blogsaverroes.juntadeandalucia.es\/ieslaalgaida\/wp-json\/wp\/v2\/pages\/162\/revisions\/3602"}],"wp:attachment":[{"href":"https:\/\/blogsaverroes.juntadeandalucia.es\/ieslaalgaida\/wp-json\/wp\/v2\/media?parent=162"}],"curies":[{"name":"wp","href":"https:\/\/api.w.org\/{rel}","templated":true}]}}