{"id":1806,"date":"2015-03-17T07:46:28","date_gmt":"2015-03-17T07:46:28","guid":{"rendered":"http:\/\/blogsaverroes.juntadeandalucia.es\/pre\/ceip\/?page_id=144"},"modified":"2019-10-14T12:03:44","modified_gmt":"2019-10-14T12:03:44","slug":"orientacion-2","status":"publish","type":"page","link":"https:\/\/blogsaverroes.juntadeandalucia.es\/ieslaalgaida\/orientacion-2\/","title":{"rendered":"Orientaci\u00f3n"},"content":{"rendered":"<h2><img loading=\"lazy\" decoding=\"async\" class=\"aligncenter size-medium wp-image-2155\" src=\"http:\/\/blogsaverroes.juntadeandalucia.es\/ieslaalgaida\/files\/2015\/03\/orientacion-300x221.jpg\" alt=\"orientacion\" width=\"300\" height=\"221\" srcset=\"https:\/\/blogsaverroes.juntadeandalucia.es\/ieslaalgaida\/files\/2015\/03\/orientacion-300x221.jpg 300w, https:\/\/blogsaverroes.juntadeandalucia.es\/ieslaalgaida\/files\/2015\/03\/orientacion.jpg 640w\" sizes=\"(max-width: 300px) 100vw, 300px\" \/><\/h2>\n<h3>Composici\u00f3n del Departamento.Curso 2019\/2020<\/h3>\n<p>Ignacio Blanco Fern\u00e1ndez. <span class=\"text\">Orientador. Jefe de Departamento de Orientaqci\u00f3n y de&nbsp; Convivencia. Coordinaci\u00f3n de&nbsp; Coeducaci\u00f3n y Plan joven.&nbsp;<\/span><br \/>\n<span class=\"text\">Natalia Gonz\u00e1lez Cereceda. Pedagog\u00eda Terap\u00e9utica.&nbsp;<\/span><\/p>\n<p>Pilar Solar Guti\u00e9rrez. <span class=\"text\">Pedagog\u00eda Terap\u00e9utica.<\/span><br \/>\nOliva Mel\u00e9ndez Bellido. Apoyo Compensaci\u00f3n.<br \/>\nSonia Mel\u00e9ndez Luque. <span class=\"text\">Orientadora. Directora.<\/span><\/p>\n<h3>Orientaci\u00f3n educativa<\/h3>\n<p>La orientaci\u00f3n contribuye al desarrollo de las facetas personal, acad\u00e9mica y profesional de los alumnos y alumnas. Es un proceso en el que deben involucrarse las familias y para el cual pueden acudir a los tutores y al asesoramiento y apoyo de los orientadores de los centros educativos. Entre sus objetivos principales se encuentran los siguientes:<\/p>\n<ul>\n<li>Resolver problemas de la vida acad\u00e9mica, como dificultades durante el proceso de aprendizaje, ausencia de motivaci\u00f3n, etc.<\/li>\n<li>Tomar decisiones sobre itinerarios de estudio e incorporaci\u00f3n al mundo laboral.<\/li>\n<li>Convivencia y educaci\u00f3n en valores.<\/li>\n<\/ul>\n<p>&nbsp;<\/p>\n","protected":false},"excerpt":{"rendered":"<p>Composici\u00f3n del Departamento.Curso 2019\/2020 Ignacio Blanco Fern\u00e1ndez. Orientador. Jefe de Departamento de Orientaqci\u00f3n y de&nbsp; Convivencia. Coordinaci\u00f3n de&nbsp; Coeducaci\u00f3n y Plan joven.&nbsp; Natalia Gonz\u00e1lez Cereceda. Pedagog\u00eda Terap\u00e9utica.&nbsp; Pilar Solar Guti\u00e9rrez. Pedagog\u00eda Terap\u00e9utica. Oliva Mel\u00e9ndez Bellido. Apoyo Compensaci\u00f3n. Sonia Mel\u00e9ndez Luque. Orientadora. Directora. Orientaci\u00f3n educativa La orientaci\u00f3n contribuye al desarrollo de las facetas personal, acad\u00e9mica y &hellip; <\/p>\n<p class=\"link-more\"><a href=\"https:\/\/blogsaverroes.juntadeandalucia.es\/ieslaalgaida\/orientacion-2\/\" class=\"more-link\">Continuar leyendo<span class=\"screen-reader-text\"> \u00abOrientaci\u00f3n\u00bb<\/span><\/a><\/p>\n","protected":false},"author":1,"featured_media":0,"parent":0,"menu_order":0,"comment_status":"closed","ping_status":"open","template":"page-cs.php","meta":{"ngg_post_thumbnail":0,"footnotes":"","_mc_calendar":[]},"aioseo_notices":[],"_links":{"self":[{"href":"https:\/\/blogsaverroes.juntadeandalucia.es\/ieslaalgaida\/wp-json\/wp\/v2\/pages\/1806"}],"collection":[{"href":"https:\/\/blogsaverroes.juntadeandalucia.es\/ieslaalgaida\/wp-json\/wp\/v2\/pages"}],"about":[{"href":"https:\/\/blogsaverroes.juntadeandalucia.es\/ieslaalgaida\/wp-json\/wp\/v2\/types\/page"}],"author":[{"embeddable":true,"href":"https:\/\/blogsaverroes.juntadeandalucia.es\/ieslaalgaida\/wp-json\/wp\/v2\/users\/1"}],"replies":[{"embeddable":true,"href":"https:\/\/blogsaverroes.juntadeandalucia.es\/ieslaalgaida\/wp-json\/wp\/v2\/comments?post=1806"}],"version-history":[{"count":10,"href":"https:\/\/blogsaverroes.juntadeandalucia.es\/ieslaalgaida\/wp-json\/wp\/v2\/pages\/1806\/revisions"}],"predecessor-version":[{"id":2575,"href":"https:\/\/blogsaverroes.juntadeandalucia.es\/ieslaalgaida\/wp-json\/wp\/v2\/pages\/1806\/revisions\/2575"}],"wp:attachment":[{"href":"https:\/\/blogsaverroes.juntadeandalucia.es\/ieslaalgaida\/wp-json\/wp\/v2\/media?parent=1806"}],"curies":[{"name":"wp","href":"https:\/\/api.w.org\/{rel}","templated":true}]}}