{"id":2592,"date":"2017-06-22T09:15:35","date_gmt":"2017-06-22T09:15:35","guid":{"rendered":"http:\/\/blogsaverroes.juntadeandalucia.es\/ieslaalgaida\/?page_id=2592"},"modified":"2021-12-18T11:19:38","modified_gmt":"2021-12-18T11:19:38","slug":"ciencias-sociales","status":"publish","type":"page","link":"https:\/\/blogsaverroes.juntadeandalucia.es\/ieslaalgaida\/ciencias-sociales\/","title":{"rendered":"Ciencias Sociales."},"content":{"rendered":"<h3>Composici\u00f3n del Departamento. Curso 2021\/2022<\/h3>\n<p>Juan Carlos Dom\u00ednguez P\u00e9rez.&nbsp; Director.<\/p>\n<p>Raquel Mar\u00eda Mill\u00e1n S\u00e1nchez. Jefa de Departamento.&nbsp;<\/p>\n<p>Francisco Manuel Vel\u00e1zquez Manzano. Jefe de Departamento de FEIE<\/p>\n<p>&nbsp;<\/p>\n<p>&nbsp;<\/p>\n","protected":false},"excerpt":{"rendered":"<p>Composici\u00f3n del Departamento. Curso 2021\/2022 Juan Carlos Dom\u00ednguez P\u00e9rez.&nbsp; Director. Raquel Mar\u00eda Mill\u00e1n S\u00e1nchez. Jefa de Departamento.&nbsp; Francisco Manuel Vel\u00e1zquez Manzano. Jefe de Departamento de FEIE &nbsp; &nbsp;<\/p>\n","protected":false},"author":4336,"featured_media":0,"parent":0,"menu_order":0,"comment_status":"closed","ping_status":"closed","template":"","meta":{"ngg_post_thumbnail":0,"footnotes":"","_mc_calendar":[]},"aioseo_notices":[],"_links":{"self":[{"href":"https:\/\/blogsaverroes.juntadeandalucia.es\/ieslaalgaida\/wp-json\/wp\/v2\/pages\/2592"}],"collection":[{"href":"https:\/\/blogsaverroes.juntadeandalucia.es\/ieslaalgaida\/wp-json\/wp\/v2\/pages"}],"about":[{"href":"https:\/\/blogsaverroes.juntadeandalucia.es\/ieslaalgaida\/wp-json\/wp\/v2\/types\/page"}],"author":[{"embeddable":true,"href":"https:\/\/blogsaverroes.juntadeandalucia.es\/ieslaalgaida\/wp-json\/wp\/v2\/users\/4336"}],"replies":[{"embeddable":true,"href":"https:\/\/blogsaverroes.juntadeandalucia.es\/ieslaalgaida\/wp-json\/wp\/v2\/comments?post=2592"}],"version-history":[{"count":21,"href":"https:\/\/blogsaverroes.juntadeandalucia.es\/ieslaalgaida\/wp-json\/wp\/v2\/pages\/2592\/revisions"}],"predecessor-version":[{"id":4201,"href":"https:\/\/blogsaverroes.juntadeandalucia.es\/ieslaalgaida\/wp-json\/wp\/v2\/pages\/2592\/revisions\/4201"}],"wp:attachment":[{"href":"https:\/\/blogsaverroes.juntadeandalucia.es\/ieslaalgaida\/wp-json\/wp\/v2\/media?parent=2592"}],"curies":[{"name":"wp","href":"https:\/\/api.w.org\/{rel}","templated":true}]}}