{"id":2613,"date":"2017-06-22T09:45:03","date_gmt":"2017-06-22T09:45:03","guid":{"rendered":"http:\/\/blogsaverroes.juntadeandalucia.es\/ieslaalgaida\/?page_id=2613"},"modified":"2017-07-06T17:42:39","modified_gmt":"2017-07-06T17:42:39","slug":"consejo-escolar","status":"publish","type":"page","link":"https:\/\/blogsaverroes.juntadeandalucia.es\/ieslaalgaida\/consejo-escolar\/","title":{"rendered":"Consejo Escolar"},"content":{"rendered":"<p>Los Representantes de los distintos Sectores en el consejo Escolar del curso 2016\/2017 son los siguientes:<\/p>\n<p><strong>Por el sector de Padres, Madres y tutores&nbsp;<\/strong><\/p>\n<p>&#8211; D\u00aa Isabel M\u00aa Cabello S\u00e1nchez<\/p>\n<p>&#8211; D\u00aa M\u00aa \u00c1ngeles Calder\u00f3n Rodr\u00edguez<\/p>\n<p>&#8211; D\u00aa Ana Maria Ramos<\/p>\n<p>&#8211; D\u00aa Joaquina Mar\u00edn P\u00e9rez (Representante del AMPA)<\/p>\n<p>Por el sector de Alumnado&nbsp;<\/p>\n<p>&#8211; D\u00aa M\u00aa Dolores Gomar V\u00e9lez<\/p>\n<p>&nbsp;<\/p>\n<p><strong>Por el sector de Profesorado<\/strong><\/p>\n<p>&#8211; D\u00aa M\u00aa Carmen Barrag\u00e1n D\u00edaz<\/p>\n<p>&#8211; D. Francisco Javier Jim\u00e9nez Fonseca<\/p>\n<p>&#8211; D\u00aa Olga Ram\u00edrez Dom\u00ednguez<\/p>\n<p>&#8211; D Santiago Santos Prieto<\/p>\n<p>&nbsp;<\/p>\n<p><strong>Por el sector de Personal de Administraci\u00f3n y servicios&nbsp;<\/strong><\/p>\n<p>&#8211; D\u00aa M\u00aa Dolores Gomar V\u00e9lez<\/p>\n","protected":false},"excerpt":{"rendered":"<p>Los Representantes de los distintos Sectores en el consejo Escolar del curso 2016\/2017 son los siguientes: Por el sector de Padres, Madres y tutores&nbsp; &#8211; D\u00aa Isabel M\u00aa Cabello S\u00e1nchez &#8211; D\u00aa M\u00aa \u00c1ngeles Calder\u00f3n Rodr\u00edguez &#8211; D\u00aa Ana Maria Ramos &#8211; D\u00aa Joaquina Mar\u00edn P\u00e9rez (Representante del AMPA) Por el sector de Alumnado&nbsp; &#8211; &hellip; <\/p>\n<p class=\"link-more\"><a href=\"https:\/\/blogsaverroes.juntadeandalucia.es\/ieslaalgaida\/consejo-escolar\/\" class=\"more-link\">Continuar leyendo<span class=\"screen-reader-text\"> \u00abConsejo Escolar\u00bb<\/span><\/a><\/p>\n","protected":false},"author":4336,"featured_media":0,"parent":0,"menu_order":0,"comment_status":"closed","ping_status":"closed","template":"page-cs.php","meta":{"ngg_post_thumbnail":0,"footnotes":"","_mc_calendar":[]},"aioseo_notices":[],"_links":{"self":[{"href":"https:\/\/blogsaverroes.juntadeandalucia.es\/ieslaalgaida\/wp-json\/wp\/v2\/pages\/2613"}],"collection":[{"href":"https:\/\/blogsaverroes.juntadeandalucia.es\/ieslaalgaida\/wp-json\/wp\/v2\/pages"}],"about":[{"href":"https:\/\/blogsaverroes.juntadeandalucia.es\/ieslaalgaida\/wp-json\/wp\/v2\/types\/page"}],"author":[{"embeddable":true,"href":"https:\/\/blogsaverroes.juntadeandalucia.es\/ieslaalgaida\/wp-json\/wp\/v2\/users\/4336"}],"replies":[{"embeddable":true,"href":"https:\/\/blogsaverroes.juntadeandalucia.es\/ieslaalgaida\/wp-json\/wp\/v2\/comments?post=2613"}],"version-history":[{"count":3,"href":"https:\/\/blogsaverroes.juntadeandalucia.es\/ieslaalgaida\/wp-json\/wp\/v2\/pages\/2613\/revisions"}],"predecessor-version":[{"id":2769,"href":"https:\/\/blogsaverroes.juntadeandalucia.es\/ieslaalgaida\/wp-json\/wp\/v2\/pages\/2613\/revisions\/2769"}],"wp:attachment":[{"href":"https:\/\/blogsaverroes.juntadeandalucia.es\/ieslaalgaida\/wp-json\/wp\/v2\/media?parent=2613"}],"curies":[{"name":"wp","href":"https:\/\/api.w.org\/{rel}","templated":true}]}}