{"id":2615,"date":"2017-06-22T09:49:36","date_gmt":"2017-06-22T09:49:36","guid":{"rendered":"http:\/\/blogsaverroes.juntadeandalucia.es\/ieslaalgaida\/?page_id=2615"},"modified":"2020-02-04T22:14:31","modified_gmt":"2020-02-04T22:14:31","slug":"documentos-del-centro","status":"publish","type":"page","link":"https:\/\/blogsaverroes.juntadeandalucia.es\/ieslaalgaida\/documentos-del-centro\/","title":{"rendered":"Documentos del centro"},"content":{"rendered":"<h3><strong>PROYECTO EDUCATIVO<\/strong><\/h3>\n<p><a href=\"https:\/\/blogsaverroes.juntadeandalucia.es\/ieslaalgaida\/files\/2017\/06\/teaserbox_34572987.jpg\"><img loading=\"lazy\" decoding=\"async\" class=\"alignnone size-medium wp-image-2616\" src=\"https:\/\/blogsaverroes.juntadeandalucia.es\/ieslaalgaida\/files\/2017\/06\/teaserbox_34572987-300x225.jpg\" alt=\"\" width=\"300\" height=\"225\" srcset=\"https:\/\/blogsaverroes.juntadeandalucia.es\/ieslaalgaida\/files\/2017\/06\/teaserbox_34572987-300x225.jpg 300w, https:\/\/blogsaverroes.juntadeandalucia.es\/ieslaalgaida\/files\/2017\/06\/teaserbox_34572987-24x18.jpg 24w, https:\/\/blogsaverroes.juntadeandalucia.es\/ieslaalgaida\/files\/2017\/06\/teaserbox_34572987-36x27.jpg 36w, https:\/\/blogsaverroes.juntadeandalucia.es\/ieslaalgaida\/files\/2017\/06\/teaserbox_34572987-48x36.jpg 48w, https:\/\/blogsaverroes.juntadeandalucia.es\/ieslaalgaida\/files\/2017\/06\/teaserbox_34572987.jpg 720w\" sizes=\"(max-width: 300px) 100vw, 300px\" \/><\/a><\/p>\n<p><a href=\"https:\/\/blogsaverroes.juntadeandalucia.es\/ieslaalgaida\/files\/2015\/03\/pdf.png\"><img loading=\"lazy\" decoding=\"async\" class=\"size-full wp-image-2492 alignleft\" src=\"https:\/\/blogsaverroes.juntadeandalucia.es\/ieslaalgaida\/files\/2015\/03\/pdf.png\" alt=\"\" width=\"51\" height=\"51\" srcset=\"https:\/\/blogsaverroes.juntadeandalucia.es\/ieslaalgaida\/files\/2015\/03\/pdf.png 51w, https:\/\/blogsaverroes.juntadeandalucia.es\/ieslaalgaida\/files\/2015\/03\/pdf-24x24.png 24w, https:\/\/blogsaverroes.juntadeandalucia.es\/ieslaalgaida\/files\/2015\/03\/pdf-36x36.png 36w, https:\/\/blogsaverroes.juntadeandalucia.es\/ieslaalgaida\/files\/2015\/03\/pdf-48x48.png 48w, https:\/\/blogsaverroes.juntadeandalucia.es\/ieslaalgaida\/files\/2015\/03\/pdf-50x50.png 50w\" sizes=\"(max-width: 51px) 100vw, 51px\" \/><\/a><strong>PROYECTO EDUCATIVO<\/strong><br \/>\n<a href=\"https:\/\/drive.google.com\/file\/d\/1oLdOT9QQR2M91QCl4pfRw-yYUt3QlFxA\/view?usp=sharing\">Proyecto Educativo<\/a><br \/>\nDocumento Adobe Acrobat [2.0 MB]\n<p>&nbsp;<\/p>\n<h3><span class=\"diyfeDecoration\">PROYECTO DE GESTI\u00d3N<\/span><\/h3>\n<p><a href=\"https:\/\/blogsaverroes.juntadeandalucia.es\/ieslaalgaida\/files\/2017\/06\/teaserbox_34758096.png\"><img loading=\"lazy\" decoding=\"async\" class=\"alignnone size-medium wp-image-2617\" src=\"https:\/\/blogsaverroes.juntadeandalucia.es\/ieslaalgaida\/files\/2017\/06\/teaserbox_34758096-300x280.png\" alt=\"\" width=\"300\" height=\"280\" srcset=\"https:\/\/blogsaverroes.juntadeandalucia.es\/ieslaalgaida\/files\/2017\/06\/teaserbox_34758096-300x280.png 300w, https:\/\/blogsaverroes.juntadeandalucia.es\/ieslaalgaida\/files\/2017\/06\/teaserbox_34758096-24x22.png 24w, https:\/\/blogsaverroes.juntadeandalucia.es\/ieslaalgaida\/files\/2017\/06\/teaserbox_34758096-36x34.png 36w, https:\/\/blogsaverroes.juntadeandalucia.es\/ieslaalgaida\/files\/2017\/06\/teaserbox_34758096-48x45.png 48w, https:\/\/blogsaverroes.juntadeandalucia.es\/ieslaalgaida\/files\/2017\/06\/teaserbox_34758096.png 751w\" sizes=\"(max-width: 300px) 100vw, 300px\" \/><\/a><\/p>\n<p><a href=\"https:\/\/blogsaverroes.juntadeandalucia.es\/ieslaalgaida\/files\/2015\/03\/pdf.png\"><img loading=\"lazy\" decoding=\"async\" class=\"size-full wp-image-2492 alignleft\" src=\"https:\/\/blogsaverroes.juntadeandalucia.es\/ieslaalgaida\/files\/2015\/03\/pdf.png\" alt=\"\" width=\"51\" height=\"51\" srcset=\"https:\/\/blogsaverroes.juntadeandalucia.es\/ieslaalgaida\/files\/2015\/03\/pdf.png 51w, https:\/\/blogsaverroes.juntadeandalucia.es\/ieslaalgaida\/files\/2015\/03\/pdf-24x24.png 24w, https:\/\/blogsaverroes.juntadeandalucia.es\/ieslaalgaida\/files\/2015\/03\/pdf-36x36.png 36w, https:\/\/blogsaverroes.juntadeandalucia.es\/ieslaalgaida\/files\/2015\/03\/pdf-48x48.png 48w, https:\/\/blogsaverroes.juntadeandalucia.es\/ieslaalgaida\/files\/2015\/03\/pdf-50x50.png 50w\" sizes=\"(max-width: 51px) 100vw, 51px\" \/><\/a><strong>PROYECTO DE GESTI\u00d3N<\/strong><br \/>\n<a href=\"https:\/\/blogsaverroes.juntadeandalucia.es\/ieslaalgaida\/files\/2017\/06\/Proyecto-de-Gesti\u00f3n.pdf\">Proyecto de Gesti\u00f3n<\/a><br \/>\nDocumento Adobe Acrobat [640.5 KB]\n<p>&nbsp;<\/p>\n<h3><span class=\"diyfeDecoration\">ROF (Reglamento de organizaci\u00f3n y funcionamiento)<\/span><\/h3>\n<p><a href=\"https:\/\/blogsaverroes.juntadeandalucia.es\/ieslaalgaida\/files\/2017\/06\/teaserbox_34758117.png\"><img loading=\"lazy\" decoding=\"async\" class=\"alignnone size-medium wp-image-2618\" src=\"https:\/\/blogsaverroes.juntadeandalucia.es\/ieslaalgaida\/files\/2017\/06\/teaserbox_34758117-300x289.png\" alt=\"\" width=\"300\" height=\"289\" srcset=\"https:\/\/blogsaverroes.juntadeandalucia.es\/ieslaalgaida\/files\/2017\/06\/teaserbox_34758117-300x289.png 300w, https:\/\/blogsaverroes.juntadeandalucia.es\/ieslaalgaida\/files\/2017\/06\/teaserbox_34758117-24x24.png 24w, https:\/\/blogsaverroes.juntadeandalucia.es\/ieslaalgaida\/files\/2017\/06\/teaserbox_34758117-36x36.png 36w, https:\/\/blogsaverroes.juntadeandalucia.es\/ieslaalgaida\/files\/2017\/06\/teaserbox_34758117-48x46.png 48w, https:\/\/blogsaverroes.juntadeandalucia.es\/ieslaalgaida\/files\/2017\/06\/teaserbox_34758117.png 726w\" sizes=\"(max-width: 300px) 100vw, 300px\" \/><\/a><\/p>\n<p><a href=\"https:\/\/blogsaverroes.juntadeandalucia.es\/ieslaalgaida\/files\/2015\/03\/pdf.png\"><img loading=\"lazy\" decoding=\"async\" class=\"size-full wp-image-2492 alignleft\" src=\"https:\/\/blogsaverroes.juntadeandalucia.es\/ieslaalgaida\/files\/2015\/03\/pdf.png\" alt=\"\" width=\"51\" height=\"51\" srcset=\"https:\/\/blogsaverroes.juntadeandalucia.es\/ieslaalgaida\/files\/2015\/03\/pdf.png 51w, https:\/\/blogsaverroes.juntadeandalucia.es\/ieslaalgaida\/files\/2015\/03\/pdf-24x24.png 24w, https:\/\/blogsaverroes.juntadeandalucia.es\/ieslaalgaida\/files\/2015\/03\/pdf-36x36.png 36w, https:\/\/blogsaverroes.juntadeandalucia.es\/ieslaalgaida\/files\/2015\/03\/pdf-48x48.png 48w, https:\/\/blogsaverroes.juntadeandalucia.es\/ieslaalgaida\/files\/2015\/03\/pdf-50x50.png 50w\" sizes=\"(max-width: 51px) 100vw, 51px\" \/><\/a><strong>Reglamento de Organizaci\u00f3n y funcionamiento<\/strong><br \/>\n<a href=\"https:\/\/blogsaverroes.juntadeandalucia.es\/ieslaalgaida\/files\/2017\/06\/ROF.pdf\">ROF<\/a><br \/>\nDocumento Adobe Acrobat [569.4 KB]\n<h3><span class=\"diyfeDecoration\">Documento justificaci\u00f3n falta asistencia del alumnado<\/span><\/h3>\n<p><a href=\"https:\/\/blogsaverroes.juntadeandalucia.es\/ieslaalgaida\/files\/2015\/03\/pdf.png\"><img loading=\"lazy\" decoding=\"async\" class=\"size-full wp-image-2492 alignleft\" src=\"https:\/\/blogsaverroes.juntadeandalucia.es\/ieslaalgaida\/files\/2015\/03\/pdf.png\" alt=\"\" width=\"51\" height=\"51\" srcset=\"https:\/\/blogsaverroes.juntadeandalucia.es\/ieslaalgaida\/files\/2015\/03\/pdf.png 51w, https:\/\/blogsaverroes.juntadeandalucia.es\/ieslaalgaida\/files\/2015\/03\/pdf-24x24.png 24w, https:\/\/blogsaverroes.juntadeandalucia.es\/ieslaalgaida\/files\/2015\/03\/pdf-36x36.png 36w, https:\/\/blogsaverroes.juntadeandalucia.es\/ieslaalgaida\/files\/2015\/03\/pdf-48x48.png 48w, https:\/\/blogsaverroes.juntadeandalucia.es\/ieslaalgaida\/files\/2015\/03\/pdf-50x50.png 50w\" sizes=\"(max-width: 51px) 100vw, 51px\" \/><\/a><strong>Parte de justificante de faltas de asistencia del alumnado<\/strong><br \/>\n<a href=\"https:\/\/blogsaverroes.juntadeandalucia.es\/ieslaalgaida\/files\/2017\/06\/parte-de-justificante-de-faltas-de-asistencia.pdf\">parte de justificante de faltas de asistencia<\/a><br \/>\nDocumento Adobe Acrobat [56.9 KB]\n<p>&nbsp;<\/p>\n<h3><span class=\"diyfeDecoration\">PROGRAMAS<\/span><\/h3>\n<p><strong><span class=\"diyfeDecoration\">Programa de compensatoria<\/span><\/strong><\/p>\n<p><strong><span class=\"diyfeDecoration\">Escuela espacio de paz<\/span><\/strong><\/p>\n<p>&nbsp;<\/p>\n<h3><span class=\"diyfeDecoration\">PROTOCOLO EMERGENCIAS<\/span><\/h3>\n<p><a href=\"https:\/\/blogsaverroes.juntadeandalucia.es\/ieslaalgaida\/files\/2015\/03\/pdf.png\"><img loading=\"lazy\" decoding=\"async\" class=\"size-full wp-image-2492 alignleft\" src=\"https:\/\/blogsaverroes.juntadeandalucia.es\/ieslaalgaida\/files\/2015\/03\/pdf.png\" alt=\"\" width=\"51\" height=\"51\" srcset=\"https:\/\/blogsaverroes.juntadeandalucia.es\/ieslaalgaida\/files\/2015\/03\/pdf.png 51w, https:\/\/blogsaverroes.juntadeandalucia.es\/ieslaalgaida\/files\/2015\/03\/pdf-24x24.png 24w, https:\/\/blogsaverroes.juntadeandalucia.es\/ieslaalgaida\/files\/2015\/03\/pdf-36x36.png 36w, https:\/\/blogsaverroes.juntadeandalucia.es\/ieslaalgaida\/files\/2015\/03\/pdf-48x48.png 48w, https:\/\/blogsaverroes.juntadeandalucia.es\/ieslaalgaida\/files\/2015\/03\/pdf-50x50.png 50w\" sizes=\"(max-width: 51px) 100vw, 51px\" \/><\/a><strong>Protocolo de actuaci\u00f3n en caso de emergencia<\/strong><br \/>\n<a href=\"https:\/\/blogsaverroes.juntadeandalucia.es\/ieslaalgaida\/files\/2017\/06\/PROTOCOLO-DE-ACTUACIO\u0301N-EN-CASO-DE-EMERGENCIA13-14.pdf\">PROTOCOLO DE ACTUACIO\u0301N EN CASO DE EMERGENCIA13-14<\/a><br \/>\nDocumento Adobe Acrobat [512.0 KB]\n<p>&nbsp;<\/p>\n<h3><span class=\"diyfeDecoration\">LICENCIAS Y PERMISOS PROFESORADO<\/span><\/h3>\n<p><a href=\"https:\/\/blogsaverroes.juntadeandalucia.es\/ieslaalgaida\/files\/2015\/03\/pdf.png\"><img loading=\"lazy\" decoding=\"async\" class=\"size-full wp-image-2492 alignleft\" src=\"https:\/\/blogsaverroes.juntadeandalucia.es\/ieslaalgaida\/files\/2015\/03\/pdf.png\" alt=\"\" width=\"51\" height=\"51\" srcset=\"https:\/\/blogsaverroes.juntadeandalucia.es\/ieslaalgaida\/files\/2015\/03\/pdf.png 51w, https:\/\/blogsaverroes.juntadeandalucia.es\/ieslaalgaida\/files\/2015\/03\/pdf-24x24.png 24w, https:\/\/blogsaverroes.juntadeandalucia.es\/ieslaalgaida\/files\/2015\/03\/pdf-36x36.png 36w, https:\/\/blogsaverroes.juntadeandalucia.es\/ieslaalgaida\/files\/2015\/03\/pdf-48x48.png 48w, https:\/\/blogsaverroes.juntadeandalucia.es\/ieslaalgaida\/files\/2015\/03\/pdf-50x50.png 50w\" sizes=\"(max-width: 51px) 100vw, 51px\" \/><\/a><strong>LICENCIAS Y PERMISOS Anexo rellenable on line<\/strong><br \/>\n<a href=\"https:\/\/blogsaverroes.juntadeandalucia.es\/ieslaalgaida\/files\/2017\/06\/anexopermisolicencia-1.pdf\">anexopermisolicencia-1<\/a><br \/>\nDocumento Adobe Acrobat [253.6 KB]\n<p>&nbsp;<\/p>\n<p><a href=\"https:\/\/blogsaverroes.juntadeandalucia.es\/ieslaalgaida\/files\/2015\/03\/pdf.png\"><img loading=\"lazy\" decoding=\"async\" class=\"size-full wp-image-2492 alignleft\" src=\"https:\/\/blogsaverroes.juntadeandalucia.es\/ieslaalgaida\/files\/2015\/03\/pdf.png\" alt=\"\" width=\"51\" height=\"51\" srcset=\"https:\/\/blogsaverroes.juntadeandalucia.es\/ieslaalgaida\/files\/2015\/03\/pdf.png 51w, https:\/\/blogsaverroes.juntadeandalucia.es\/ieslaalgaida\/files\/2015\/03\/pdf-24x24.png 24w, https:\/\/blogsaverroes.juntadeandalucia.es\/ieslaalgaida\/files\/2015\/03\/pdf-36x36.png 36w, https:\/\/blogsaverroes.juntadeandalucia.es\/ieslaalgaida\/files\/2015\/03\/pdf-48x48.png 48w, https:\/\/blogsaverroes.juntadeandalucia.es\/ieslaalgaida\/files\/2015\/03\/pdf-50x50.png 50w\" sizes=\"(max-width: 51px) 100vw, 51px\" \/><\/a><strong>SOLICITUD DE ABONO DEL 100 % DEL COMPLEMENTO POR INCAPACIDAD TRANSITORIA<\/strong><br \/>\n(Impreso Autorellenable)<br \/>\n<a href=\"https:\/\/blogsaverroes.juntadeandalucia.es\/ieslaalgaida\/files\/2017\/06\/SOLICITUD-ABONO-100-X-100.pdf\">SOLICITUD ABONO 100 X 100<\/a><br \/>\nDocumento Adobe Acrobat [77.2 KB]\n<p>&nbsp;<\/p>\n<p><a href=\"https:\/\/blogsaverroes.juntadeandalucia.es\/ieslaalgaida\/files\/2015\/03\/pdf.png\"><img loading=\"lazy\" decoding=\"async\" class=\"size-full wp-image-2492 alignleft\" src=\"https:\/\/blogsaverroes.juntadeandalucia.es\/ieslaalgaida\/files\/2015\/03\/pdf.png\" alt=\"\" width=\"51\" height=\"51\" srcset=\"https:\/\/blogsaverroes.juntadeandalucia.es\/ieslaalgaida\/files\/2015\/03\/pdf.png 51w, https:\/\/blogsaverroes.juntadeandalucia.es\/ieslaalgaida\/files\/2015\/03\/pdf-24x24.png 24w, https:\/\/blogsaverroes.juntadeandalucia.es\/ieslaalgaida\/files\/2015\/03\/pdf-36x36.png 36w, https:\/\/blogsaverroes.juntadeandalucia.es\/ieslaalgaida\/files\/2015\/03\/pdf-48x48.png 48w, https:\/\/blogsaverroes.juntadeandalucia.es\/ieslaalgaida\/files\/2015\/03\/pdf-50x50.png 50w\" sizes=\"(max-width: 51px) 100vw, 51px\" \/><\/a><strong>Instrucciones para licencias por incapacidad laboral transitoria<\/strong><br \/>\n<a href=\"https:\/\/blogsaverroes.juntadeandalucia.es\/ieslaalgaida\/files\/2017\/06\/1359121188739_instruccixn1.pdf\">1359121188739_instruccixn(1)<\/a><br \/>\nDocumento Adobe Acrobat [99.9 KB]\n<p>&nbsp;<\/p>\n<p><a href=\"https:\/\/blogsaverroes.juntadeandalucia.es\/ieslaalgaida\/files\/2015\/03\/pdf.png\"><img loading=\"lazy\" decoding=\"async\" class=\"size-full wp-image-2492 alignleft\" src=\"https:\/\/blogsaverroes.juntadeandalucia.es\/ieslaalgaida\/files\/2015\/03\/pdf.png\" alt=\"\" width=\"51\" height=\"51\" srcset=\"https:\/\/blogsaverroes.juntadeandalucia.es\/ieslaalgaida\/files\/2015\/03\/pdf.png 51w, https:\/\/blogsaverroes.juntadeandalucia.es\/ieslaalgaida\/files\/2015\/03\/pdf-24x24.png 24w, https:\/\/blogsaverroes.juntadeandalucia.es\/ieslaalgaida\/files\/2015\/03\/pdf-36x36.png 36w, https:\/\/blogsaverroes.juntadeandalucia.es\/ieslaalgaida\/files\/2015\/03\/pdf-48x48.png 48w, https:\/\/blogsaverroes.juntadeandalucia.es\/ieslaalgaida\/files\/2015\/03\/pdf-50x50.png 50w\" sizes=\"(max-width: 51px) 100vw, 51px\" \/><\/a><strong>Cuadro Resumen contigencias Anexo III<\/strong><br \/>\n<a href=\"https:\/\/blogsaverroes.juntadeandalucia.es\/ieslaalgaida\/files\/2017\/06\/1360140360057_anexo_iii_cuadro_resumen.pdf\">1360140360057_anexo_iii_cuadro_resumen<\/a><br \/>\nDocumento Adobe Acrobat [25.3 KB]\n<p>&nbsp;<\/p>\n<p><a href=\"https:\/\/blogsaverroes.juntadeandalucia.es\/ieslaalgaida\/files\/2015\/03\/pdf.png\"><img loading=\"lazy\" decoding=\"async\" class=\"size-full wp-image-2492 alignleft\" src=\"https:\/\/blogsaverroes.juntadeandalucia.es\/ieslaalgaida\/files\/2015\/03\/pdf.png\" alt=\"\" width=\"51\" height=\"51\" srcset=\"https:\/\/blogsaverroes.juntadeandalucia.es\/ieslaalgaida\/files\/2015\/03\/pdf.png 51w, https:\/\/blogsaverroes.juntadeandalucia.es\/ieslaalgaida\/files\/2015\/03\/pdf-24x24.png 24w, https:\/\/blogsaverroes.juntadeandalucia.es\/ieslaalgaida\/files\/2015\/03\/pdf-36x36.png 36w, https:\/\/blogsaverroes.juntadeandalucia.es\/ieslaalgaida\/files\/2015\/03\/pdf-48x48.png 48w, https:\/\/blogsaverroes.juntadeandalucia.es\/ieslaalgaida\/files\/2015\/03\/pdf-50x50.png 50w\" sizes=\"(max-width: 51px) 100vw, 51px\" \/><\/a><strong>REDUCCIONES DE JORNADA DEL PERSONAL DOCENTE<\/strong><br \/>\n<a href=\"https:\/\/blogsaverroes.juntadeandalucia.es\/ieslaalgaida\/files\/2017\/06\/1400843504157_circular_5_mayo_2014_firmada.pdf\">1400843504157_circular_5_mayo_2014_firmada<\/a><br \/>\nDocumento Adobe Acrobat [53.2 KB]\n<p>&nbsp;<\/p>\n<p><a href=\"https:\/\/blogsaverroes.juntadeandalucia.es\/ieslaalgaida\/files\/2015\/03\/pdf.png\"><img loading=\"lazy\" decoding=\"async\" class=\"size-full wp-image-2492 alignleft\" src=\"https:\/\/blogsaverroes.juntadeandalucia.es\/ieslaalgaida\/files\/2015\/03\/pdf.png\" alt=\"\" width=\"51\" height=\"51\" srcset=\"https:\/\/blogsaverroes.juntadeandalucia.es\/ieslaalgaida\/files\/2015\/03\/pdf.png 51w, https:\/\/blogsaverroes.juntadeandalucia.es\/ieslaalgaida\/files\/2015\/03\/pdf-24x24.png 24w, https:\/\/blogsaverroes.juntadeandalucia.es\/ieslaalgaida\/files\/2015\/03\/pdf-36x36.png 36w, https:\/\/blogsaverroes.juntadeandalucia.es\/ieslaalgaida\/files\/2015\/03\/pdf-48x48.png 48w, https:\/\/blogsaverroes.juntadeandalucia.es\/ieslaalgaida\/files\/2015\/03\/pdf-50x50.png 50w\" sizes=\"(max-width: 51px) 100vw, 51px\" \/><\/a><strong>INSTRUCCI\u00d3N conjunta 1\/2014, de 23 de abril, de las Direcciones Generales de Innovaci\u00f3n Educativa y Formaci\u00f3n del Profesorado y de Gesti\u00f3n de Recursos Humanos, por la que se establece el procedimiento<\/strong><br \/>\nINSTRUCCI\u00d3N conjunta 1\/2014, de 23 de abril, de las Direcciones Generales de Innovaci\u00f3n Educativa y Formaci\u00f3n del Profesorado y de Gesti\u00f3n de Recursos Humanos, por la que se establece el procedimiento para autorizar la asistencia a actividades de formaci\u00f3n del personal docente dependiente de la Consejer\u00eda de Educaci\u00f3n Cultura y Deporte en jornada laboral.<br \/>\n<a href=\"https:\/\/blogsaverroes.juntadeandalucia.es\/ieslaalgaida\/files\/2017\/06\/1400150894770_instruccion_formacion_2014-1.pdf\">1400150894770_instruccion_formacion_2014-1<\/a><br \/>\nDocumento Adobe Acrobat [476.1 KB]\n","protected":false},"excerpt":{"rendered":"<p>PROYECTO EDUCATIVO PROYECTO EDUCATIVO Proyecto Educativo Documento Adobe Acrobat [2.0 MB] &nbsp; PROYECTO DE GESTI\u00d3N PROYECTO DE GESTI\u00d3N Proyecto de Gesti\u00f3n Documento Adobe Acrobat [640.5 KB] &nbsp; ROF (Reglamento de organizaci\u00f3n y funcionamiento) Reglamento de Organizaci\u00f3n y funcionamiento ROF Documento Adobe Acrobat [569.4 KB] Documento justificaci\u00f3n falta asistencia del alumnado Parte de justificante de faltas &hellip; <\/p>\n<p class=\"link-more\"><a href=\"https:\/\/blogsaverroes.juntadeandalucia.es\/ieslaalgaida\/documentos-del-centro\/\" class=\"more-link\">Continuar leyendo<span class=\"screen-reader-text\"> \u00abDocumentos del centro\u00bb<\/span><\/a><\/p>\n","protected":false},"author":4336,"featured_media":0,"parent":0,"menu_order":0,"comment_status":"closed","ping_status":"closed","template":"page-cs.php","meta":{"ngg_post_thumbnail":0,"footnotes":"","_mc_calendar":[]},"aioseo_notices":[],"_links":{"self":[{"href":"https:\/\/blogsaverroes.juntadeandalucia.es\/ieslaalgaida\/wp-json\/wp\/v2\/pages\/2615"}],"collection":[{"href":"https:\/\/blogsaverroes.juntadeandalucia.es\/ieslaalgaida\/wp-json\/wp\/v2\/pages"}],"about":[{"href":"https:\/\/blogsaverroes.juntadeandalucia.es\/ieslaalgaida\/wp-json\/wp\/v2\/types\/page"}],"author":[{"embeddable":true,"href":"https:\/\/blogsaverroes.juntadeandalucia.es\/ieslaalgaida\/wp-json\/wp\/v2\/users\/4336"}],"replies":[{"embeddable":true,"href":"https:\/\/blogsaverroes.juntadeandalucia.es\/ieslaalgaida\/wp-json\/wp\/v2\/comments?post=2615"}],"version-history":[{"count":5,"href":"https:\/\/blogsaverroes.juntadeandalucia.es\/ieslaalgaida\/wp-json\/wp\/v2\/pages\/2615\/revisions"}],"predecessor-version":[{"id":3481,"href":"https:\/\/blogsaverroes.juntadeandalucia.es\/ieslaalgaida\/wp-json\/wp\/v2\/pages\/2615\/revisions\/3481"}],"wp:attachment":[{"href":"https:\/\/blogsaverroes.juntadeandalucia.es\/ieslaalgaida\/wp-json\/wp\/v2\/media?parent=2615"}],"curies":[{"name":"wp","href":"https:\/\/api.w.org\/{rel}","templated":true}]}}