{"id":2634,"date":"2017-06-22T10:01:46","date_gmt":"2017-06-22T10:01:46","guid":{"rendered":"http:\/\/blogsaverroes.juntadeandalucia.es\/ieslaalgaida\/?page_id=2634"},"modified":"2017-06-22T10:03:15","modified_gmt":"2017-06-22T10:03:15","slug":"oferta-educativa","status":"publish","type":"page","link":"https:\/\/blogsaverroes.juntadeandalucia.es\/ieslaalgaida\/oferta-educativa\/","title":{"rendered":"Oferta Educativa"},"content":{"rendered":"<p align=\"center\"><strong><span xml:lang=\"ES\" lang=\"ES\">ESO- Educaci\u00f3n Secundaria Obligatoria-<\/span><\/strong><\/p>\n<p align=\"center\">&nbsp;<\/p>\n<table cellspacing=\"0\" cellpadding=\"0\" border=\"1\">\n<tbody>\n<tr>\n<td colspan=\"2\" width=\"432\" valign=\"top\"><strong><span xml:lang=\"ES\" lang=\"ES\">1\u00ba ESO<\/span><\/strong><\/td>\n<\/tr>\n<tr>\n<td colspan=\"2\" width=\"432\" valign=\"top\">\n<p align=\"right\"><span xml:lang=\"ES\" lang=\"ES\">Horas semanales<\/span><\/p>\n<\/td>\n<\/tr>\n<tr>\n<td width=\"324\" valign=\"top\"><span xml:lang=\"ES\" lang=\"ES\">Lengua Castellana y Literatura<\/span><\/td>\n<td width=\"108\" valign=\"top\">\n<p align=\"center\"><span xml:lang=\"ES\" lang=\"ES\">4<\/span><\/p>\n<\/td>\n<\/tr>\n<tr>\n<td width=\"324\" valign=\"top\"><span xml:lang=\"ES\" lang=\"ES\">Ciencias Sociales. Geograf\u00eda e Historia<\/span><\/td>\n<td width=\"108\" valign=\"top\">\n<p align=\"center\"><span xml:lang=\"ES\" lang=\"ES\">3<\/span><\/p>\n<\/td>\n<\/tr>\n<tr>\n<td width=\"324\" valign=\"top\"><span xml:lang=\"ES\" lang=\"ES\">Matem\u00e1ticas<\/span><\/td>\n<td width=\"108\" valign=\"top\">\n<p align=\"center\"><span xml:lang=\"ES\" lang=\"ES\">4<\/span><\/p>\n<\/td>\n<\/tr>\n<tr>\n<td width=\"324\" valign=\"top\"><span xml:lang=\"ES\" lang=\"ES\">Ciencias Naturales<\/span><\/td>\n<td width=\"108\" valign=\"top\">\n<p align=\"center\"><span xml:lang=\"ES\" lang=\"ES\">3<\/span><\/p>\n<\/td>\n<\/tr>\n<tr>\n<td width=\"324\" valign=\"top\"><span xml:lang=\"ES\" lang=\"ES\">Educaci\u00f3n Pl\u00e1stica y Visual<\/span><\/td>\n<td width=\"108\" valign=\"top\">\n<p align=\"center\"><span xml:lang=\"ES\" lang=\"ES\">2<\/span><\/p>\n<\/td>\n<\/tr>\n<tr>\n<td width=\"324\" valign=\"top\"><span xml:lang=\"ES\" lang=\"ES\">Lengua Extranjera (ingl\u00e9s)<\/span><\/td>\n<td width=\"108\" valign=\"top\">\n<p align=\"center\"><span xml:lang=\"ES\" lang=\"ES\">4<\/span><\/p>\n<\/td>\n<\/tr>\n<tr>\n<td width=\"324\" valign=\"top\"><span xml:lang=\"ES\" lang=\"ES\">M\u00fasica<\/span><\/td>\n<td width=\"108\" valign=\"top\">\n<p align=\"center\"><span xml:lang=\"ES\" lang=\"ES\">2<\/span><\/p>\n<\/td>\n<\/tr>\n<tr>\n<td width=\"324\" valign=\"top\"><span xml:lang=\"ES\" lang=\"ES\">Educaci\u00f3n F\u00edsica<\/span><\/td>\n<td width=\"108\" valign=\"top\">\n<p align=\"center\"><span xml:lang=\"ES\" lang=\"ES\">2<\/span><\/p>\n<\/td>\n<\/tr>\n<tr>\n<td width=\"324\" valign=\"top\"><span xml:lang=\"ES\" lang=\"ES\">Optativas (elegir una): Franc\u00e9s; Tecnolog\u00eda aplicada; Inform\u00e1tica aplicada a las ciencias sociales; Ciencia de la actividad f\u00edsica y deportiva I<\/span><\/td>\n<td width=\"108\">\n<p align=\"center\"><span xml:lang=\"ES\" lang=\"ES\">2<\/span><\/p>\n<\/td>\n<\/tr>\n<tr>\n<td width=\"324\" valign=\"top\"><span xml:lang=\"ES\" lang=\"ES\">Libre disposici\u00f3n (elegir una): Competencias b\u00e1sicas y T\u00e9cnicas de trabajo intelectual<\/span><\/td>\n<td width=\"108\" valign=\"top\">\n<p align=\"center\"><span xml:lang=\"ES\" lang=\"ES\">2<\/span><\/p>\n<\/td>\n<\/tr>\n<tr>\n<td width=\"324\" valign=\"top\"><span xml:lang=\"ES\" lang=\"ES\">Tutor\u00eda<\/span><\/td>\n<td width=\"108\" valign=\"top\">\n<p align=\"center\"><span xml:lang=\"ES\" lang=\"ES\">1<\/span><\/p>\n<\/td>\n<\/tr>\n<tr>\n<td width=\"324\" valign=\"top\"><span xml:lang=\"ES\" lang=\"ES\">Religi\u00f3n\/Atenci\u00f3n Educativa<\/span><\/td>\n<td width=\"108\" valign=\"top\">\n<p align=\"center\"><span xml:lang=\"ES\" lang=\"ES\">1<\/span><\/p>\n<\/td>\n<\/tr>\n<\/tbody>\n<\/table>\n<p align=\"center\">&nbsp;<\/p>\n<p align=\"center\">&nbsp;<\/p>\n<table cellspacing=\"0\" cellpadding=\"0\" border=\"1\">\n<tbody>\n<tr>\n<td colspan=\"2\" width=\"432\" valign=\"top\"><strong><span xml:lang=\"ES\" lang=\"ES\">2\u00ba ESO<\/span><\/strong><\/td>\n<\/tr>\n<tr>\n<td colspan=\"2\" width=\"432\" valign=\"top\">\n<p align=\"right\"><span xml:lang=\"ES\" lang=\"ES\">Horas semanales<\/span><\/p>\n<\/td>\n<\/tr>\n<tr>\n<td width=\"324\" valign=\"top\"><span xml:lang=\"ES\" lang=\"ES\">Lengua Castellana y Literatura<\/span><\/td>\n<td width=\"108\" valign=\"top\">\n<p align=\"center\"><span xml:lang=\"ES\" lang=\"ES\">4<\/span><\/p>\n<\/td>\n<\/tr>\n<tr>\n<td width=\"324\" valign=\"top\"><span xml:lang=\"ES\" lang=\"ES\">Ciencias Sociales. Geograf\u00eda e Historia<\/span><\/td>\n<td width=\"108\" valign=\"top\">\n<p align=\"center\"><span xml:lang=\"ES\" lang=\"ES\">3<\/span><\/p>\n<\/td>\n<\/tr>\n<tr>\n<td width=\"324\" valign=\"top\"><span xml:lang=\"ES\" lang=\"ES\">Matem\u00e1ticas<\/span><\/td>\n<td width=\"108\" valign=\"top\">\n<p align=\"center\"><span xml:lang=\"ES\" lang=\"ES\">3<\/span><\/p>\n<\/td>\n<\/tr>\n<tr>\n<td width=\"324\" valign=\"top\"><span xml:lang=\"ES\" lang=\"ES\">Ciencias Naturales<\/span><\/td>\n<td width=\"108\" valign=\"top\">\n<p align=\"center\"><span xml:lang=\"ES\" lang=\"ES\">3<\/span><\/p>\n<\/td>\n<\/tr>\n<tr>\n<td width=\"324\" valign=\"top\"><span xml:lang=\"ES\" lang=\"ES\">Educaci\u00f3n Pl\u00e1stica y Visual<\/span><\/td>\n<td width=\"108\" valign=\"top\">\n<p align=\"center\"><span xml:lang=\"ES\" lang=\"ES\">2<\/span><\/p>\n<\/td>\n<\/tr>\n<tr>\n<td width=\"324\" valign=\"top\"><span xml:lang=\"ES\" lang=\"ES\">Lengua Extranjera (ingl\u00e9s)<\/span><\/td>\n<td width=\"108\" valign=\"top\">\n<p align=\"center\"><span xml:lang=\"ES\" lang=\"ES\">3<\/span><\/p>\n<\/td>\n<\/tr>\n<tr>\n<td width=\"324\" valign=\"top\"><span xml:lang=\"ES\" lang=\"ES\">M\u00fasica<\/span><\/td>\n<td width=\"108\" valign=\"top\">\n<p align=\"center\"><span xml:lang=\"ES\" lang=\"ES\">2<\/span><\/p>\n<\/td>\n<\/tr>\n<tr>\n<td width=\"324\" valign=\"top\"><span xml:lang=\"ES\" lang=\"ES\">Tecnolog\u00eda<\/span><\/td>\n<td width=\"108\" valign=\"top\">\n<p align=\"center\"><span xml:lang=\"ES\" lang=\"ES\">3<\/span><\/p>\n<\/td>\n<\/tr>\n<tr>\n<td width=\"324\" valign=\"top\"><span xml:lang=\"ES\" lang=\"ES\">Educaci\u00f3n F\u00edsica<\/span><\/td>\n<td width=\"108\" valign=\"top\">\n<p align=\"center\"><span xml:lang=\"ES\" lang=\"ES\">2<\/span><\/p>\n<\/td>\n<\/tr>\n<tr>\n<td width=\"324\" valign=\"top\"><span xml:lang=\"ES\" lang=\"ES\">Optativas (elegir una): Franc\u00e9s; Cambios sociales de g\u00e9nero; Ciencia de la actividad f\u00edsica y deportiva II; taller l\u00f3gico-matem\u00e1tico<\/span><\/td>\n<td width=\"108\">\n<p align=\"center\"><span xml:lang=\"ES\" lang=\"ES\">2<\/span><\/p>\n<\/td>\n<\/tr>\n<tr>\n<td width=\"324\" valign=\"top\"><span xml:lang=\"ES\" lang=\"ES\">Libre disposici\u00f3n (elegir una): Refuerzo de matem\u00e1ticas<\/span><\/td>\n<td width=\"108\" valign=\"top\">\n<p align=\"center\"><span xml:lang=\"ES\" lang=\"ES\">1<\/span><\/p>\n<\/td>\n<\/tr>\n<tr>\n<td width=\"324\" valign=\"top\"><span xml:lang=\"ES\" lang=\"ES\">Tutor\u00eda<\/span><\/td>\n<td width=\"108\" valign=\"top\">\n<p align=\"center\"><span xml:lang=\"ES\" lang=\"ES\">1<\/span><\/p>\n<\/td>\n<\/tr>\n<tr>\n<td width=\"324\" valign=\"top\"><span xml:lang=\"ES\" lang=\"ES\">Religi\u00f3n\/Atenci\u00f3n Educativa<\/span><\/td>\n<td width=\"108\" valign=\"top\">\n<p align=\"center\"><span xml:lang=\"ES\" lang=\"ES\">1<\/span><\/p>\n<\/td>\n<\/tr>\n<\/tbody>\n<\/table>\n<p align=\"center\">&nbsp;<\/p>\n<p align=\"center\">&nbsp;<\/p>\n<table cellspacing=\"0\" cellpadding=\"0\" border=\"1\">\n<tbody>\n<tr>\n<td colspan=\"2\" width=\"432\" valign=\"top\"><strong><span xml:lang=\"ES\" lang=\"ES\">3\u00ba ESO<\/span><\/strong><\/td>\n<\/tr>\n<tr>\n<td colspan=\"2\" width=\"432\" valign=\"top\">\n<p align=\"right\"><span xml:lang=\"ES\" lang=\"ES\">Horas semanales<\/span><\/p>\n<\/td>\n<\/tr>\n<tr>\n<td width=\"324\" valign=\"top\"><span xml:lang=\"ES\" lang=\"ES\">Lengua Castellana y Literatura<\/span><\/td>\n<td width=\"108\" valign=\"top\">\n<p align=\"center\"><span xml:lang=\"ES\" lang=\"ES\">4<\/span><\/p>\n<\/td>\n<\/tr>\n<tr>\n<td width=\"324\" valign=\"top\"><span xml:lang=\"ES\" lang=\"ES\">Ciencias Sociales. Geograf\u00eda e Historia<\/span><\/td>\n<td width=\"108\" valign=\"top\">\n<p align=\"center\"><span xml:lang=\"ES\" lang=\"ES\">3<\/span><\/p>\n<\/td>\n<\/tr>\n<tr>\n<td width=\"324\" valign=\"top\"><span xml:lang=\"ES\" lang=\"ES\">Matem\u00e1ticas<\/span><\/td>\n<td width=\"108\" valign=\"top\">\n<p align=\"center\"><span xml:lang=\"ES\" lang=\"ES\">4<\/span><\/p>\n<\/td>\n<\/tr>\n<tr>\n<td width=\"324\" valign=\"top\"><span xml:lang=\"ES\" lang=\"ES\">Ciencias Naturales: Biolog\u00eda y Geolog\u00eda<\/span><\/td>\n<td width=\"108\" valign=\"top\">\n<p align=\"center\"><span xml:lang=\"ES\" lang=\"ES\">2<\/span><\/p>\n<\/td>\n<\/tr>\n<tr>\n<td width=\"324\" valign=\"top\"><span xml:lang=\"ES\" lang=\"ES\">Ciencias Naturales: F\u00edsica y Qu\u00edmica<\/span><\/td>\n<td width=\"108\" valign=\"top\">\n<p align=\"center\"><span xml:lang=\"ES\" lang=\"ES\">2<\/span><\/p>\n<\/td>\n<\/tr>\n<tr>\n<td width=\"324\" valign=\"top\"><span xml:lang=\"ES\" lang=\"ES\">Lengua Extranjera (ingl\u00e9s)<\/span><\/td>\n<td width=\"108\" valign=\"top\">\n<p align=\"center\"><span xml:lang=\"ES\" lang=\"ES\">4<\/span><\/p>\n<\/td>\n<\/tr>\n<tr>\n<td width=\"324\" valign=\"top\"><span xml:lang=\"ES\" lang=\"ES\">Educaci\u00f3n para la Ciudadan\u00eda<\/span><\/td>\n<td width=\"108\" valign=\"top\">\n<p align=\"center\"><span xml:lang=\"ES\" lang=\"ES\">1<\/span><\/p>\n<\/td>\n<\/tr>\n<tr>\n<td width=\"324\" valign=\"top\"><span xml:lang=\"ES\" lang=\"ES\">Tecnolog\u00eda<\/span><\/td>\n<td width=\"108\" valign=\"top\">\n<p align=\"center\"><span xml:lang=\"ES\" lang=\"ES\">3<\/span><\/p>\n<\/td>\n<\/tr>\n<tr>\n<td width=\"324\" valign=\"top\"><span xml:lang=\"ES\" lang=\"ES\">Educaci\u00f3n F\u00edsica<\/span><\/td>\n<td width=\"108\" valign=\"top\">\n<p align=\"center\"><span xml:lang=\"ES\" lang=\"ES\">2<\/span><\/p>\n<\/td>\n<\/tr>\n<tr>\n<td width=\"324\" valign=\"top\"><span xml:lang=\"ES\" lang=\"ES\">Optativas (elegir una): Franc\u00e9s; Taller de matem\u00e1ticas; Consumo Responsable y Desarrollo Sostenible<\/span><\/td>\n<td width=\"108\">\n<p align=\"center\"><span xml:lang=\"ES\" lang=\"ES\">2<\/span><\/p>\n<\/td>\n<\/tr>\n<tr>\n<td width=\"324\" valign=\"top\"><span xml:lang=\"ES\" lang=\"ES\">Tutor\u00eda<\/span><\/td>\n<td width=\"108\" valign=\"top\">\n<p align=\"center\"><span xml:lang=\"ES\" lang=\"ES\">1<\/span><\/p>\n<\/td>\n<\/tr>\n<tr>\n<td width=\"324\" valign=\"top\"><span xml:lang=\"ES\" lang=\"ES\">Religi\u00f3n\/Atenci\u00f3n Educativa<\/span><\/td>\n<td width=\"108\" valign=\"top\">\n<p align=\"center\"><span xml:lang=\"ES\" lang=\"ES\">2<\/span><\/p>\n<\/td>\n<\/tr>\n<\/tbody>\n<\/table>\n<p align=\"center\">&nbsp;<\/p>\n<p align=\"center\">&nbsp;<\/p>\n<table cellspacing=\"0\" cellpadding=\"0\" border=\"1\">\n<tbody>\n<tr>\n<td colspan=\"2\" width=\"432\" valign=\"top\"><strong><span xml:lang=\"ES\" lang=\"ES\">4\u00ba ESO<br \/>\n<\/span><\/strong><\/td>\n<\/tr>\n<tr>\n<td colspan=\"2\" width=\"432\" valign=\"top\">\n<p align=\"right\"><span xml:lang=\"ES\" lang=\"ES\">Horas semanales<\/span><\/p>\n<\/td>\n<\/tr>\n<tr>\n<td width=\"324\" valign=\"top\"><span xml:lang=\"ES\" lang=\"ES\">Lengua Castellana y Literatura<\/span><\/td>\n<td width=\"108\" valign=\"top\">\n<p align=\"center\"><span xml:lang=\"ES\" lang=\"ES\">3<\/span><\/p>\n<\/td>\n<\/tr>\n<tr>\n<td width=\"324\" valign=\"top\"><span xml:lang=\"ES\" lang=\"ES\">Ciencias Sociales. Geograf\u00eda e Historia<\/span><\/td>\n<td width=\"108\" valign=\"top\">\n<p align=\"center\"><span xml:lang=\"ES\" lang=\"ES\">3<\/span><\/p>\n<\/td>\n<\/tr>\n<tr>\n<td width=\"324\" valign=\"top\"><span xml:lang=\"ES\" lang=\"ES\">Matem\u00e1ticas A o B<\/span><\/td>\n<td width=\"108\" valign=\"top\">\n<p align=\"center\"><span xml:lang=\"ES\" lang=\"ES\">4<\/span><\/p>\n<\/td>\n<\/tr>\n<tr>\n<td width=\"324\" valign=\"top\"><span xml:lang=\"ES\" lang=\"ES\">Vida Moral y Reflexi\u00f3n \u00c9tica<\/span><\/td>\n<td width=\"108\" valign=\"top\">\n<p align=\"center\"><span xml:lang=\"ES\" lang=\"ES\">2<\/span><\/p>\n<\/td>\n<\/tr>\n<tr>\n<td width=\"324\" valign=\"top\"><span xml:lang=\"ES\" lang=\"ES\">Lengua Extranjera (ingl\u00e9s)<\/span><\/td>\n<td width=\"108\" valign=\"top\">\n<p align=\"center\"><span xml:lang=\"ES\" lang=\"ES\">4<\/span><\/p>\n<\/td>\n<\/tr>\n<tr>\n<td width=\"324\" valign=\"top\"><span xml:lang=\"ES\" lang=\"ES\">Educaci\u00f3n F\u00edsica<\/span><\/td>\n<td width=\"108\" valign=\"top\">\n<p align=\"center\"><span xml:lang=\"ES\" lang=\"ES\">2<\/span><\/p>\n<\/td>\n<\/tr>\n<tr>\n<td width=\"324\" valign=\"top\"><span xml:lang=\"ES\" lang=\"ES\">Educaci\u00f3n Pl\u00e1stica y Visual<\/span><\/td>\n<td width=\"108\" valign=\"top\">\n<p align=\"center\"><span xml:lang=\"ES\" lang=\"ES\">3<\/span><\/p>\n<\/td>\n<\/tr>\n<tr>\n<td width=\"324\" valign=\"top\"><span xml:lang=\"ES\" lang=\"ES\">Tecnolog\u00eda<\/span><\/td>\n<td width=\"108\" valign=\"top\">\n<p align=\"center\"><span xml:lang=\"ES\" lang=\"ES\">3<\/span><\/p>\n<\/td>\n<\/tr>\n<tr>\n<td width=\"324\" valign=\"top\"><span xml:lang=\"ES\" lang=\"ES\">Inform\u00e1tica<\/span><\/td>\n<td width=\"108\" valign=\"top\">\n<p align=\"center\"><span xml:lang=\"ES\" lang=\"ES\">3<\/span><\/p>\n<\/td>\n<\/tr>\n<tr>\n<td width=\"324\" valign=\"top\"><span xml:lang=\"ES\" lang=\"ES\">F\u00edsica y Qu\u00edmica<\/span><\/td>\n<td width=\"108\" valign=\"top\">\n<p align=\"center\"><span xml:lang=\"ES\" lang=\"ES\">3<\/span><\/p>\n<\/td>\n<\/tr>\n<tr>\n<td width=\"324\" valign=\"top\"><span xml:lang=\"ES\" lang=\"ES\">Biolog\u00eda y Geolog\u00eda<\/span><\/td>\n<td width=\"108\" valign=\"top\">\n<p align=\"center\"><span xml:lang=\"ES\" lang=\"ES\">3<\/span><\/p>\n<\/td>\n<\/tr>\n<tr>\n<td width=\"324\" valign=\"top\"><span xml:lang=\"ES\" lang=\"ES\">Lat\u00edn<\/span><\/td>\n<td width=\"108\" valign=\"top\">\n<p align=\"center\"><span xml:lang=\"ES\" lang=\"ES\">3<\/span><\/p>\n<\/td>\n<\/tr>\n<tr>\n<td width=\"324\" valign=\"top\"><span xml:lang=\"ES\" lang=\"ES\">Franc\u00e9s<\/span><\/td>\n<td width=\"108\" valign=\"top\">\n<p align=\"center\"><span xml:lang=\"ES\" lang=\"ES\">3<\/span><\/p>\n<\/td>\n<\/tr>\n<tr>\n<td width=\"324\" valign=\"top\"><span xml:lang=\"ES\" lang=\"ES\">Optativas (elegir una): Proyecto Integrado: medio ambiente; Proyecto Integrado: Dibujo t\u00e9cnico; Proyecto Integrado: Cultura emprendedora iniciativa profesional<\/span><\/td>\n<td width=\"108\">\n<p align=\"center\"><span xml:lang=\"ES\" lang=\"ES\">1<\/span><\/p>\n<\/td>\n<\/tr>\n<tr>\n<td width=\"324\" valign=\"top\"><span xml:lang=\"ES\" lang=\"ES\">Tutor\u00eda<\/span><\/td>\n<td width=\"108\" valign=\"top\">\n<p align=\"center\"><span xml:lang=\"ES\" lang=\"ES\">1<\/span><\/p>\n<\/td>\n<\/tr>\n<tr>\n<td width=\"324\" valign=\"top\"><span xml:lang=\"ES\" lang=\"ES\">Religi\u00f3n\/Atenci\u00f3n Educativa<\/span><\/td>\n<td width=\"108\" valign=\"top\">\n<p align=\"center\"><span xml:lang=\"ES\" lang=\"ES\">1<\/span><\/p>\n<\/td>\n<\/tr>\n<\/tbody>\n<\/table>\n<p>&nbsp;<\/p>\n","protected":false},"excerpt":{"rendered":"<p>ESO- Educaci\u00f3n Secundaria Obligatoria- &nbsp; 1\u00ba ESO Horas semanales Lengua Castellana y Literatura 4 Ciencias Sociales. Geograf\u00eda e Historia 3 Matem\u00e1ticas 4 Ciencias Naturales 3 Educaci\u00f3n Pl\u00e1stica y Visual 2 Lengua Extranjera (ingl\u00e9s) 4 M\u00fasica 2 Educaci\u00f3n F\u00edsica 2 Optativas (elegir una): Franc\u00e9s; Tecnolog\u00eda aplicada; Inform\u00e1tica aplicada a las ciencias sociales; Ciencia de la actividad &hellip; <\/p>\n<p class=\"link-more\"><a href=\"https:\/\/blogsaverroes.juntadeandalucia.es\/ieslaalgaida\/oferta-educativa\/\" class=\"more-link\">Continuar leyendo<span class=\"screen-reader-text\"> \u00abOferta Educativa\u00bb<\/span><\/a><\/p>\n","protected":false},"author":4336,"featured_media":0,"parent":0,"menu_order":0,"comment_status":"closed","ping_status":"closed","template":"page-cs.php","meta":{"ngg_post_thumbnail":0,"footnotes":"","_mc_calendar":[]},"aioseo_notices":[],"_links":{"self":[{"href":"https:\/\/blogsaverroes.juntadeandalucia.es\/ieslaalgaida\/wp-json\/wp\/v2\/pages\/2634"}],"collection":[{"href":"https:\/\/blogsaverroes.juntadeandalucia.es\/ieslaalgaida\/wp-json\/wp\/v2\/pages"}],"about":[{"href":"https:\/\/blogsaverroes.juntadeandalucia.es\/ieslaalgaida\/wp-json\/wp\/v2\/types\/page"}],"author":[{"embeddable":true,"href":"https:\/\/blogsaverroes.juntadeandalucia.es\/ieslaalgaida\/wp-json\/wp\/v2\/users\/4336"}],"replies":[{"embeddable":true,"href":"https:\/\/blogsaverroes.juntadeandalucia.es\/ieslaalgaida\/wp-json\/wp\/v2\/comments?post=2634"}],"version-history":[{"count":1,"href":"https:\/\/blogsaverroes.juntadeandalucia.es\/ieslaalgaida\/wp-json\/wp\/v2\/pages\/2634\/revisions"}],"predecessor-version":[{"id":2635,"href":"https:\/\/blogsaverroes.juntadeandalucia.es\/ieslaalgaida\/wp-json\/wp\/v2\/pages\/2634\/revisions\/2635"}],"wp:attachment":[{"href":"https:\/\/blogsaverroes.juntadeandalucia.es\/ieslaalgaida\/wp-json\/wp\/v2\/media?parent=2634"}],"curies":[{"name":"wp","href":"https:\/\/api.w.org\/{rel}","templated":true}]}}