{"id":2655,"date":"2017-06-22T10:23:58","date_gmt":"2017-06-22T10:23:58","guid":{"rendered":"http:\/\/blogsaverroes.juntadeandalucia.es\/ieslaalgaida\/?page_id=2655"},"modified":"2017-06-22T10:24:58","modified_gmt":"2017-06-22T10:24:58","slug":"titulos-de-eso","status":"publish","type":"page","link":"https:\/\/blogsaverroes.juntadeandalucia.es\/ieslaalgaida\/titulos-de-eso\/","title":{"rendered":"T\u00edtulos de ESO"},"content":{"rendered":"<h1 style=\"text-align: center\">IES LA ALGAIDA<\/h1>\n<h3 style=\"text-align: center\">T\u00cdTULOS DE EDUCACI\u00d3N SECUNDARIA OBLIGATORIA<\/h3>\n<p><a href=\"https:\/\/blogsaverroes.juntadeandalucia.es\/ieslaalgaida\/files\/2015\/03\/teaserbox_21414337.png\"><img loading=\"lazy\" decoding=\"async\" class=\"size-full wp-image-2466 aligncenter\" src=\"https:\/\/blogsaverroes.juntadeandalucia.es\/ieslaalgaida\/files\/2015\/03\/teaserbox_21414337.png\" alt=\"\" width=\"118\" height=\"145\" srcset=\"https:\/\/blogsaverroes.juntadeandalucia.es\/ieslaalgaida\/files\/2015\/03\/teaserbox_21414337.png 118w, https:\/\/blogsaverroes.juntadeandalucia.es\/ieslaalgaida\/files\/2015\/03\/teaserbox_21414337-20x24.png 20w, https:\/\/blogsaverroes.juntadeandalucia.es\/ieslaalgaida\/files\/2015\/03\/teaserbox_21414337-29x36.png 29w, https:\/\/blogsaverroes.juntadeandalucia.es\/ieslaalgaida\/files\/2015\/03\/teaserbox_21414337-39x48.png 39w\" sizes=\"(max-width: 118px) 100vw, 118px\" \/><\/a><\/p>\n<ul>\n<li>Puede pasar a recoger su t\u00edtulo de Educaci\u00f3n Secundaria Obligatoria todo el alumnado que haya finalizado sus estudios en este centro hasta el a\u00f1o 2014 inclusive.<\/li>\n<\/ul>\n<ul>\n<li>El horario de Secretar\u00eda es de lunes a viernes de <strong>9:30<\/strong> a <strong>12:30.<\/strong><\/li>\n<\/ul>\n<ul>\n<li>El interesado deber\u00e1 acudir personalmente provisto de su DNI.<\/li>\n<\/ul>\n<ul>\n<li>En caso de que no fuera posible acudir personalmente, podr\u00e1 <strong>autorizar*<\/strong> a otra persona, preferiblemente un familiar, que tambi\u00e9n deber\u00e1 exhibir su DNI. <strong><em>(*En el escrito de autorizaci\u00f3n deber\u00e1 figurar el nombre y apellidos de la persona autorizada y su n\u00famero de DNI. A dicho escrito se adjuntar\u00e1 una fotocopia simple del DNI as\u00ed como la firma del alumno que autoriza a retirar su t\u00edtulo.)<\/em><\/strong><\/li>\n<\/ul>\n<ul>\n<li>Tiene un plazo de cinco a\u00f1os para retirar su t\u00edtulo. Transcurrido ese tiempo, la Conserjer\u00eda de Educaci\u00f3n, mediante resoluci\u00f3n que publicar\u00e1 en el B.O.J.A., otorgar\u00e1 un plazo de un mes para su retirada, con la advertencia de que el t\u00edtulo ser\u00e1 anulado, si no se recoge en dicho plazo.<\/li>\n<\/ul>\n<ul>\n<li>Si reside en una localidad diferente a la de este centro, puede solicitar por escrito la remisi\u00f3n del t\u00edtulo a la Delegaci\u00f3n Provincial m\u00e1s pr\u00f3xima a su lugar de residencia.<\/li>\n<\/ul>\n","protected":false},"excerpt":{"rendered":"<p>IES LA ALGAIDA T\u00cdTULOS DE EDUCACI\u00d3N SECUNDARIA OBLIGATORIA Puede pasar a recoger su t\u00edtulo de Educaci\u00f3n Secundaria Obligatoria todo el alumnado que haya finalizado sus estudios en este centro hasta el a\u00f1o 2014 inclusive. El horario de Secretar\u00eda es de lunes a viernes de 9:30 a 12:30. El interesado deber\u00e1 acudir personalmente provisto de su &hellip; <\/p>\n<p class=\"link-more\"><a href=\"https:\/\/blogsaverroes.juntadeandalucia.es\/ieslaalgaida\/titulos-de-eso\/\" class=\"more-link\">Continuar leyendo<span class=\"screen-reader-text\"> \u00abT\u00edtulos de ESO\u00bb<\/span><\/a><\/p>\n","protected":false},"author":4336,"featured_media":0,"parent":0,"menu_order":0,"comment_status":"closed","ping_status":"closed","template":"page-cs.php","meta":{"ngg_post_thumbnail":0,"footnotes":"","_mc_calendar":[]},"aioseo_notices":[],"_links":{"self":[{"href":"https:\/\/blogsaverroes.juntadeandalucia.es\/ieslaalgaida\/wp-json\/wp\/v2\/pages\/2655"}],"collection":[{"href":"https:\/\/blogsaverroes.juntadeandalucia.es\/ieslaalgaida\/wp-json\/wp\/v2\/pages"}],"about":[{"href":"https:\/\/blogsaverroes.juntadeandalucia.es\/ieslaalgaida\/wp-json\/wp\/v2\/types\/page"}],"author":[{"embeddable":true,"href":"https:\/\/blogsaverroes.juntadeandalucia.es\/ieslaalgaida\/wp-json\/wp\/v2\/users\/4336"}],"replies":[{"embeddable":true,"href":"https:\/\/blogsaverroes.juntadeandalucia.es\/ieslaalgaida\/wp-json\/wp\/v2\/comments?post=2655"}],"version-history":[{"count":2,"href":"https:\/\/blogsaverroes.juntadeandalucia.es\/ieslaalgaida\/wp-json\/wp\/v2\/pages\/2655\/revisions"}],"predecessor-version":[{"id":2657,"href":"https:\/\/blogsaverroes.juntadeandalucia.es\/ieslaalgaida\/wp-json\/wp\/v2\/pages\/2655\/revisions\/2657"}],"wp:attachment":[{"href":"https:\/\/blogsaverroes.juntadeandalucia.es\/ieslaalgaida\/wp-json\/wp\/v2\/media?parent=2655"}],"curies":[{"name":"wp","href":"https:\/\/api.w.org\/{rel}","templated":true}]}}