{"id":339,"date":"2015-03-18T08:43:14","date_gmt":"2015-03-18T08:43:14","guid":{"rendered":"http:\/\/blogsaverroes.juntadeandalucia.es\/pre\/ceip\/?page_id=339"},"modified":"2021-12-18T16:21:21","modified_gmt":"2021-12-18T16:21:21","slug":"proyecto-materiales-recursos","status":"publish","type":"page","link":"https:\/\/blogsaverroes.juntadeandalucia.es\/ieslaalgaida\/biologia-y-geologia-2\/proyecto-materiales-recursos\/","title":{"rendered":"Criterios de Evaluaci\u00f3n. Materiales y recursos. C. Salud."},"content":{"rendered":"<div id=\"categorias\">\n<h3>PROGRAMACIONES CURSO 2021-2022<\/h3>\n<\/div>\n<p><a href=\"https:\/\/blogsaverroes.juntadeandalucia.es\/ieslaalgaida\/files\/2021\/12\/PROGRAMACI\u00d3N-1\u00ba-ESO-BIOLOG\u00cdA-Y-GEOLOG\u00cdA.pdf\">PROGRAMACI\u00d3N 1\u00ba ESO BIOLOG\u00cdA Y GEOLOG\u00cdA2021-2022<\/a><\/p>\n<p><a href=\"https:\/\/blogsaverroes.juntadeandalucia.es\/ieslaalgaida\/files\/2021\/12\/programaci\u00f3n-FYQ-2021-2022-2\u00ba-ESO.docx-definitiva.pdf\">PROGRAMACI\u00d3N 2\u00ba ESO FIS\u00cdCA Y QU\u00cdMICA 2021-2022<\/a><\/p>\n<p><a href=\"https:\/\/blogsaverroes.juntadeandalucia.es\/ieslaalgaida\/files\/2021\/12\/programaci\u00f3n-F-Y-Q-3\u00ba-ESO-2021-2022.pdf\">PROGRAMACI\u00d3N 3\u00ba ESO F\u00cdSICA Y QU\u00cdMICA 2021-2022<\/a><\/p>\n<p><a href=\"https:\/\/blogsaverroes.juntadeandalucia.es\/ieslaalgaida\/files\/2021\/12\/PROGRAMACI\u00d3N-DID\u00c1CTICA-BIOLOG\u00cdA-Y-GEOLOG\u00cdA-3\u00ba-ESO-Transversalidad-definitivo.pdf\">PROGRAMACI\u00d3N 3\u00ba ESO BIOLOG\u00cdA Y GEOLOG\u00cdA 2021-2022<\/a><\/p>\n<p><a href=\"https:\/\/blogsaverroes.juntadeandalucia.es\/ieslaalgaida\/files\/2021\/12\/PROGRAMACI\u00d3N-4\u00ba-ESO-F\u00cdSICA-Y-QU\u00cdMICA-2021-2022.pdf\">PROGRAMACI\u00d3N 4\u00ba ESO F\u00cdSICA Y QU\u00cdMICA 2021-2022<\/a><\/p>\n<p><a href=\"https:\/\/blogsaverroes.juntadeandalucia.es\/ieslaalgaida\/files\/2021\/12\/PROGRAMACI\u00d3N-DID\u00c1CTICA-4\u00ba-ESO-CIENCIAS-APLICADAS-2021-2022.pdf\">PROGRAMACI\u00d3N 4\u00ba ESO CIENCIAS APLICADAS 2021-2022<\/a><\/p>\n<p><a href=\"https:\/\/blogsaverroes.juntadeandalucia.es\/ieslaalgaida\/files\/2021\/12\/PROGRAMACI\u00d3N-DID\u00c1CTICA-BIOLOG\u00cdA-Y-GEOLOG\u00cdA-4\u00ba-ESO-Transversalidad-definitiva.pdf\">PROGRAMACI\u00d3N 4\u00ba ESO&nbsp; BIOLOG\u00cdA Y GEOLOG\u00cdA&nbsp; 2021-2022<\/a><\/p>\n<p>&nbsp;<\/p>\n<h3>&nbsp;<\/h3>\n<p>&nbsp;<\/p>\n<p>&nbsp;<\/p>\n<p>&nbsp;<\/p>\n<p>&nbsp;<\/p>\n<div id=\"categorias\">\n<h3><strong style=\"font-size: 1.125rem\">Criterios de Evaluaci\u00f3n 2021\/2022<\/strong><\/h3>\n<\/div>\n<div id=\"categorias\">\n<p>Aqu\u00ed adjuntamos los Criterios de Calificaci\u00f3n de cada una&nbsp; de las materias que imparten desde&nbsp; el Departamento de Ciencias de la Salud. . Para cualquier aclaraci\u00f3n o consulta, no duden en ponerse en contacto con nosotros.&nbsp;<\/p>\n<p>CRITERIOS CALIFICACI\u00d3N BIOLOGIA Y GEOLOGIA 1\u00ba ESO<\/p>\n<p>Criterios de Evaluaci\u00f3n 2\u00ba ESO FyQ<\/p>\n<p>CRITERIOS DE calificaci\u00f3n 2\u00ba PMAR ACT<\/p>\n<p>CRITERIOS DE CALIFICACI\u00d3N 3\u00ba ESO F\u00edsica y Qu\u00edmica<\/p>\n<p>CRITERIOS DE EVALUACI\u00d3N 3\u00ba ESO BIolog\u00eda y Geolog\u00eda.<\/p>\n<p>CRITERIOS CALIFICACI\u00d3N PARA 4\u00ba ESO FISICA Y QUIMICA (1)<\/p>\n<p>CRITERIOS CALIFICACI\u00d3N CIENCIAS APLICACADAS 4\u00ba ESO<\/p>\n<p>CRITERIOS CALIFICACI\u00d3N BIOLOGIA Y GEOLOGIA 4\u00aa ESO<\/p>\n<p>&nbsp;<\/p>\n<p>&nbsp;<\/p>\n<p>&nbsp;<\/p>\n<p>&nbsp;<\/p>\n<p>&nbsp;<\/p>\n<p>&nbsp;<\/p>\n<p>&nbsp;<\/p>\n<p>&nbsp;<\/p>\n<p>&nbsp;<\/p>\n<p>&nbsp;<\/p>\n<p>&nbsp;<\/p>\n<p>&nbsp;<\/p>\n<h3>&nbsp;<\/h3>\n<\/div>\n<p>&nbsp;<\/p>\n<p>&nbsp;<\/p>\n","protected":false},"excerpt":{"rendered":"<p>PROGRAMACIONES CURSO 2021-2022 PROGRAMACI\u00d3N 1\u00ba ESO BIOLOG\u00cdA Y GEOLOG\u00cdA2021-2022 PROGRAMACI\u00d3N 2\u00ba ESO FIS\u00cdCA Y QU\u00cdMICA 2021-2022 PROGRAMACI\u00d3N 3\u00ba ESO F\u00cdSICA Y QU\u00cdMICA 2021-2022 PROGRAMACI\u00d3N 3\u00ba ESO BIOLOG\u00cdA Y GEOLOG\u00cdA 2021-2022 PROGRAMACI\u00d3N 4\u00ba ESO F\u00cdSICA Y QU\u00cdMICA 2021-2022 PROGRAMACI\u00d3N 4\u00ba ESO CIENCIAS APLICADAS 2021-2022 PROGRAMACI\u00d3N 4\u00ba ESO&nbsp; BIOLOG\u00cdA Y GEOLOG\u00cdA&nbsp; 2021-2022 &nbsp; &nbsp; &nbsp; &nbsp; &nbsp; &hellip; <\/p>\n<p class=\"link-more\"><a href=\"https:\/\/blogsaverroes.juntadeandalucia.es\/ieslaalgaida\/biologia-y-geologia-2\/proyecto-materiales-recursos\/\" class=\"more-link\">Continuar leyendo<span class=\"screen-reader-text\"> \u00abCriterios de Evaluaci\u00f3n. Materiales y recursos. C. Salud.\u00bb<\/span><\/a><\/p>\n","protected":false},"author":1,"featured_media":0,"parent":170,"menu_order":0,"comment_status":"closed","ping_status":"open","template":"","meta":{"ngg_post_thumbnail":0,"footnotes":"","_mc_calendar":[]},"aioseo_notices":[],"_links":{"self":[{"href":"https:\/\/blogsaverroes.juntadeandalucia.es\/ieslaalgaida\/wp-json\/wp\/v2\/pages\/339"}],"collection":[{"href":"https:\/\/blogsaverroes.juntadeandalucia.es\/ieslaalgaida\/wp-json\/wp\/v2\/pages"}],"about":[{"href":"https:\/\/blogsaverroes.juntadeandalucia.es\/ieslaalgaida\/wp-json\/wp\/v2\/types\/page"}],"author":[{"embeddable":true,"href":"https:\/\/blogsaverroes.juntadeandalucia.es\/ieslaalgaida\/wp-json\/wp\/v2\/users\/1"}],"replies":[{"embeddable":true,"href":"https:\/\/blogsaverroes.juntadeandalucia.es\/ieslaalgaida\/wp-json\/wp\/v2\/comments?post=339"}],"version-history":[{"count":35,"href":"https:\/\/blogsaverroes.juntadeandalucia.es\/ieslaalgaida\/wp-json\/wp\/v2\/pages\/339\/revisions"}],"predecessor-version":[{"id":4284,"href":"https:\/\/blogsaverroes.juntadeandalucia.es\/ieslaalgaida\/wp-json\/wp\/v2\/pages\/339\/revisions\/4284"}],"up":[{"embeddable":true,"href":"https:\/\/blogsaverroes.juntadeandalucia.es\/ieslaalgaida\/wp-json\/wp\/v2\/pages\/170"}],"wp:attachment":[{"href":"https:\/\/blogsaverroes.juntadeandalucia.es\/ieslaalgaida\/wp-json\/wp\/v2\/media?parent=339"}],"curies":[{"name":"wp","href":"https:\/\/api.w.org\/{rel}","templated":true}]}}