{"id":3478,"date":"2020-02-02T19:00:00","date_gmt":"2020-02-02T19:00:00","guid":{"rendered":"https:\/\/blogsaverroes.juntadeandalucia.es\/ieslaalgaida\/?page_id=3478"},"modified":"2020-02-10T11:18:45","modified_gmt":"2020-02-10T11:18:45","slug":"tei","status":"publish","type":"page","link":"https:\/\/blogsaverroes.juntadeandalucia.es\/ieslaalgaida\/tei\/","title":{"rendered":"TEI"},"content":{"rendered":"<p>10\/2\/2020<\/p>\n<p>El pr\u00f3ximo jueves 13\/2 a las 16:30 tendr\u00e1 lugar en nuestro centro la SEGUNDA CONVIVENCIA CON LAS FAMILIAS.<br \/>\nEn esta ocasi\u00f3n , se presentar\u00e1 a padres y madres del alumnado el proyecto TEI ( Tutor\u00eda entre Iguales ) que acaba de arrancar este mes de febrero . Contaremos para ello con un ponente de excepci\u00f3n, el creador e impulsor del TEI , Andr\u00e9s Gonz\u00e1lez Bellido , profesor y catedr\u00e1tico de Orientaci\u00f3n Educativa, psic\u00f3logo y uno de los referentes a nivel nacional sobre el tratamiento y la prevenci\u00f3n del acoso en las aulas .<br \/>\nOs esperamos a tod@s en nuestra BIBLIOTECA .<br \/>\nA su t\u00e9rmino , tomaremos caf\u00e9 e intercambiaremos impresiones .<\/p>\n<p><a href=\"https:\/\/blogsaverroes.juntadeandalucia.es\/ieslaalgaida\/files\/2020\/02\/TIC-1.jpg\"><img loading=\"lazy\" decoding=\"async\" class=\"aligncenter wp-image-3487 size-thumbnail\" src=\"https:\/\/blogsaverroes.juntadeandalucia.es\/ieslaalgaida\/files\/2020\/02\/TIC-1-150x150.jpg\" alt=\"\" width=\"150\" height=\"150\" srcset=\"https:\/\/blogsaverroes.juntadeandalucia.es\/ieslaalgaida\/files\/2020\/02\/TIC-1-150x150.jpg 150w, https:\/\/blogsaverroes.juntadeandalucia.es\/ieslaalgaida\/files\/2020\/02\/TIC-1-100x100.jpg 100w, https:\/\/blogsaverroes.juntadeandalucia.es\/ieslaalgaida\/files\/2020\/02\/TIC-1-50x50.jpg 50w\" sizes=\"(max-width: 150px) 100vw, 150px\" \/><\/a><\/p>\n<p>2\/2\/2020<\/p>\n<p>En La Algaida tenemos un proyecto prioritario que no es otro que el de garantizar en nuestro centro el \u201cBuentrato\u201d. Trabajamos por el respeto a las diferencias, por eliminar las dificultades de convivencia, por eliminar el acoso escolar, el individualismo, por generar conciencia de comunidad, por la responsabilidad social y por potenciar modelos sanos de referencia, agentes activos de cambio. Creemos en una herramienta fundamental para lograrlo : la ayuda entre iguales.<br \/>\nEn este compromiso , el equipo educativo de IES La Algaida ,ha trabajado durante esta semana en su formaci\u00f3n sobre el programa TEI ( Tutor\u00eda entre iguales ) que pondremos en funcionamiento de manera inmediata .<br \/>\nTEI es un programa de convivencia institucional que implica a toda la comunidad educativa, se orienta a mejorar la integraci\u00f3n escolar y trabajar por una escuela inclusiva y no violenta, fomentando que las relaciones entre iguales sean m\u00e1s satisfactorias, dirigido a la mejora o modificaci\u00f3n del clima y la cultura del centro respecto a la convivencia, conflicto y violencia (f\u00edsica, emocional o psicol\u00f3gica) .<br \/>\nHemos tenido el privilegio de ser orientados por el creador e impulsor del TEI , Andr\u00e9s Gonz\u00e1lez Bellido , profesor y catedr\u00e1tico de Orientaci\u00f3n Educativa, psic\u00f3logo y uno de los referentes a nivel nacional sobre el tratamiento y la prevenci\u00f3n del acoso en las aulas .<br \/>\nDel mismo modo , agradecer la implicaci\u00f3n de Jose Miguel Valle , Licenciado en Filosof\u00eda y Cien\u00adcias de la Educaci\u00f3n por la Universidad de Salamanca, profesional de la investigaci\u00f3n, redacci\u00f3n e impartici\u00f3n de conocimiento relacionado con la inteligencia social, la \u00e9tica y la filosof\u00eda del comportamiento.<br \/>\nNuestra compa\u00f1era&nbsp;<a class=\"profileLink\" title=\"Mar\u00eda Fern\u00e1ndez-Trujillo Raposo\" href=\"https:\/\/www.facebook.com\/maria.fernandeztrujilloraposo.7?__tn__=K-R&amp;eid=ARDM1iyOKxWP4H_tp7c1CajljBXqgGBY6pxaay6Ls0vrVq8usM5C2qJa_NW62wRLJBPxLJoHaSAx8U94&amp;fref=mentions&amp;__xts__%5B0%5D=68.ARBpwQJq6XOTT0dZbbKofPJIJSqIKxBt_OBlfh7y_3tf6e4XEtqJtmEKIG6uOKYji2_ouAPU1ZAOwOsAD6dyQZ0_HjXLdrtrtOP2WmT2iLvjcZRBy8yh6kIjDY9Fh3M6aPSdOce0HF4skdRetbeIB7QwJbALI7PdHoSQhRyvDjGpaCSqFGD_84JijfsdPC7PcHcaia8Aknsnc-N7CMXIDz8t4pPUt6VPbGO17-DvCkGR2cUCBguugpG9bEYUP7s7mH8BaG1XLGYxZgaUJCcxoGwk24HdHRcpkFIqg8yEam8DnS6ItHcrmU-gdX2MhaCYJxf0QJ61tDndZhUmxlH3OQSoWw\" data-hovercard=\"\/ajax\/hovercard\/user.php?id=100024815190986&amp;extragetparams=%7B%22__tn__%22%3A%22%2CdK-R-R%22%2C%22eid%22%3A%22ARDM1iyOKxWP4H_tp7c1CajljBXqgGBY6pxaay6Ls0vrVq8usM5C2qJa_NW62wRLJBPxLJoHaSAx8U94%22%2C%22fref%22%3A%22mentions%22%7D\" data-hovercard-prefer-more-content-show=\"1\">Mar\u00eda Fern\u00e1ndez-Trujillo Raposo<\/a>&nbsp;, comparti\u00f3 con el claustro la experiencia TEI en la que su centro ya ha comenzado a trabajar . Agradecerle desde aqu\u00ed su aportaci\u00f3n interesante, pr\u00e1ctica y cercana .<\/p>\n<p>La eficacia de este programa ha sido recientemente reconocida por la prestigiosa revista cient\u00edfica International Journal of Environmental Research and Public Health, que recoge un estudio de la Universidad de Alicante que constata una reducci\u00f3n del ciberbullyng de un 39% y una disminuci\u00f3n los s\u00edntomas de depresi\u00f3n de un 40%.<\/p>\n","protected":false},"excerpt":{"rendered":"<p>10\/2\/2020 El pr\u00f3ximo jueves 13\/2 a las 16:30 tendr\u00e1 lugar en nuestro centro la SEGUNDA CONVIVENCIA CON LAS FAMILIAS. En esta ocasi\u00f3n , se presentar\u00e1 a padres y madres del alumnado el proyecto TEI ( Tutor\u00eda entre Iguales ) que acaba de arrancar este mes de febrero . Contaremos para ello con un ponente de &hellip; <\/p>\n<p class=\"link-more\"><a href=\"https:\/\/blogsaverroes.juntadeandalucia.es\/ieslaalgaida\/tei\/\" class=\"more-link\">Continuar leyendo<span class=\"screen-reader-text\"> \u00abTEI\u00bb<\/span><\/a><\/p>\n","protected":false},"author":4336,"featured_media":0,"parent":0,"menu_order":0,"comment_status":"closed","ping_status":"closed","template":"","meta":{"ngg_post_thumbnail":0,"footnotes":"","_mc_calendar":[]},"aioseo_notices":[],"_links":{"self":[{"href":"https:\/\/blogsaverroes.juntadeandalucia.es\/ieslaalgaida\/wp-json\/wp\/v2\/pages\/3478"}],"collection":[{"href":"https:\/\/blogsaverroes.juntadeandalucia.es\/ieslaalgaida\/wp-json\/wp\/v2\/pages"}],"about":[{"href":"https:\/\/blogsaverroes.juntadeandalucia.es\/ieslaalgaida\/wp-json\/wp\/v2\/types\/page"}],"author":[{"embeddable":true,"href":"https:\/\/blogsaverroes.juntadeandalucia.es\/ieslaalgaida\/wp-json\/wp\/v2\/users\/4336"}],"replies":[{"embeddable":true,"href":"https:\/\/blogsaverroes.juntadeandalucia.es\/ieslaalgaida\/wp-json\/wp\/v2\/comments?post=3478"}],"version-history":[{"count":4,"href":"https:\/\/blogsaverroes.juntadeandalucia.es\/ieslaalgaida\/wp-json\/wp\/v2\/pages\/3478\/revisions"}],"predecessor-version":[{"id":3488,"href":"https:\/\/blogsaverroes.juntadeandalucia.es\/ieslaalgaida\/wp-json\/wp\/v2\/pages\/3478\/revisions\/3488"}],"wp:attachment":[{"href":"https:\/\/blogsaverroes.juntadeandalucia.es\/ieslaalgaida\/wp-json\/wp\/v2\/media?parent=3478"}],"curies":[{"name":"wp","href":"https:\/\/api.w.org\/{rel}","templated":true}]}}