{"id":35,"date":"2015-03-13T08:21:43","date_gmt":"2015-03-13T08:21:43","guid":{"rendered":"http:\/\/blogsaverroes.juntadeandalucia.es\/pre\/ceip\/?page_id=35"},"modified":"2017-06-26T07:52:32","modified_gmt":"2017-06-26T07:52:32","slug":"el-centro-2","status":"publish","type":"page","link":"https:\/\/blogsaverroes.juntadeandalucia.es\/ieslaalgaida\/el-centro-2\/","title":{"rendered":"Datos del centro"},"content":{"rendered":"[googlemaps https:\/\/www.google.com\/maps\/embed?pb=!1m18!1m12!1m3!1d3206.2421672169453!2d-6.224197184527386!3d36.52415159088909!2m3!1f0!2f0!3f0!3m2!1i1024!2i768!4f13.1!3m3!1m2!1s0xd0dcde5e734f353%3A0x5c1ea58a1e5cda0b!2sInstituto+De+Educaci%C3%B3n+Secundaria+Ies+La+Algaida!5e0!3m2!1ses!2ses!4v1497873727958&amp;w=100%&amp;h=450]\n[googlemaps https:\/\/www.google.com\/maps\/embed?pb=!1m0!4v1498463498278!6m8!1m7!1soBnyfB4RRIdJUehP2gy8cw!2m2!1d36.52469513806223!2d-6.222099037991882!3f107.10266794995846!4f-0.5261703070730448!5f0.7820865974627469&amp;w=100%&amp;h=450]\n<h3><strong>Datos de contacto<\/strong><\/h3>\n<p>IES LA ALGAIDA RIO SAN PEDRO<\/p>\n<p><strong>Direcci\u00f3n:<\/strong>&nbsp; Calle Jamaica 2 11519 Puerto Real-C\u00e1diz<br \/>\n<strong>Tel\u00e9fono \/ FAX: <\/strong>956 243 658<br \/>\n<strong>Email:<\/strong> <a href=\"mailto:11701231.edu@juntadeandalucia.es\" target=\"_blank\">11701231.edu@juntadeandalucia.es<\/a><\/p>\n<h4><strong>Horarios<\/strong><\/h4>\n<p>Secretar\u00eda: <strong>de 9:30 a 12:30 de Lunes a Viernes<\/strong><\/p>\n<h4><strong>Oferta educativa<\/strong><\/h4>\n<p><span xml:lang=\"ES\" lang=\"ES\">ESO- Educaci\u00f3n Secundaria Obligatoria<\/span><\/p>\n<p>&nbsp;<\/p>\n<p>&nbsp;<\/p>\n","protected":false},"excerpt":{"rendered":"<p>[googlemaps https:\/\/www.google.com\/maps\/embed?pb=!1m18!1m12!1m3!1d3206.2421672169453!2d-6.224197184527386!3d36.52415159088909!2m3!1f0!2f0!3f0!3m2!1i1024!2i768!4f13.1!3m3!1m2!1s0xd0dcde5e734f353%3A0x5c1ea58a1e5cda0b!2sInstituto+De+Educaci%C3%B3n+Secundaria+Ies+La+Algaida!5e0!3m2!1ses!2ses!4v1497873727958&amp;w=100%&amp;h=450] [googlemaps https:\/\/www.google.com\/maps\/embed?pb=!1m0!4v1498463498278!6m8!1m7!1soBnyfB4RRIdJUehP2gy8cw!2m2!1d36.52469513806223!2d-6.222099037991882!3f107.10266794995846!4f-0.5261703070730448!5f0.7820865974627469&amp;w=100%&amp;h=450] Datos de contacto IES LA ALGAIDA RIO SAN PEDRO Direcci\u00f3n:&nbsp; Calle Jamaica 2 11519 Puerto Real-C\u00e1diz Tel\u00e9fono \/ FAX: 956 243 658 Email: 11701231.edu@juntadeandalucia.es Horarios Secretar\u00eda: de 9:30 a 12:30 de Lunes a Viernes Oferta educativa ESO- Educaci\u00f3n Secundaria Obligatoria &nbsp; &nbsp;<\/p>\n","protected":false},"author":1,"featured_media":2412,"parent":0,"menu_order":0,"comment_status":"closed","ping_status":"open","template":"page-cs.php","meta":{"ngg_post_thumbnail":0,"footnotes":"","_mc_calendar":[]},"aioseo_notices":[],"_links":{"self":[{"href":"https:\/\/blogsaverroes.juntadeandalucia.es\/ieslaalgaida\/wp-json\/wp\/v2\/pages\/35"}],"collection":[{"href":"https:\/\/blogsaverroes.juntadeandalucia.es\/ieslaalgaida\/wp-json\/wp\/v2\/pages"}],"about":[{"href":"https:\/\/blogsaverroes.juntadeandalucia.es\/ieslaalgaida\/wp-json\/wp\/v2\/types\/page"}],"author":[{"embeddable":true,"href":"https:\/\/blogsaverroes.juntadeandalucia.es\/ieslaalgaida\/wp-json\/wp\/v2\/users\/1"}],"replies":[{"embeddable":true,"href":"https:\/\/blogsaverroes.juntadeandalucia.es\/ieslaalgaida\/wp-json\/wp\/v2\/comments?post=35"}],"version-history":[{"count":30,"href":"https:\/\/blogsaverroes.juntadeandalucia.es\/ieslaalgaida\/wp-json\/wp\/v2\/pages\/35\/revisions"}],"predecessor-version":[{"id":2751,"href":"https:\/\/blogsaverroes.juntadeandalucia.es\/ieslaalgaida\/wp-json\/wp\/v2\/pages\/35\/revisions\/2751"}],"wp:featuredmedia":[{"embeddable":true,"href":"https:\/\/blogsaverroes.juntadeandalucia.es\/ieslaalgaida\/wp-json\/wp\/v2\/media\/2412"}],"wp:attachment":[{"href":"https:\/\/blogsaverroes.juntadeandalucia.es\/ieslaalgaida\/wp-json\/wp\/v2\/media?parent=35"}],"curies":[{"name":"wp","href":"https:\/\/api.w.org\/{rel}","templated":true}]}}