{"id":351,"date":"2015-03-18T10:22:07","date_gmt":"2015-03-18T10:22:07","guid":{"rendered":"http:\/\/blogsaverroes.juntadeandalucia.es\/pre\/ceip\/?page_id=351"},"modified":"2019-09-28T11:40:53","modified_gmt":"2019-09-28T11:40:53","slug":"materiales-recursos-2","status":"publish","type":"page","link":"https:\/\/blogsaverroes.juntadeandalucia.es\/ieslaalgaida\/materiales-recursos-2\/","title":{"rendered":"Materiales, recursos&#8230;"},"content":{"rendered":"<div class=\"rightDownload\"><em><span style=\"color: #3366ff\"><strong>CRITERIOS DE CALIFICACI\u00d3N&nbsp;<\/strong><\/span><\/em><\/div>\n<div class=\"rightDownload\">&nbsp;<\/div>\n<div class=\"rightDownload\"><em>Aqu\u00ed adjuntamos los Criterios de Calificaci\u00f3n de cada una de las materias que imparte el Departamento de Educaci\u00f3n Pl\u00e1stica y Visual. Para cualquier consulta, pueden contactar&nbsp; con el Departamento.<\/em><\/div>\n<div class=\"rightDownload\">PINCHA AQU\u00cd&nbsp;<strong><a href=\"https:\/\/blogsaverroes.juntadeandalucia.es\/ieslaalgaida\/files\/2015\/03\/CRITERIOS-DIBUJO.pdf\">CRITERIOS DIBUJO<\/a><\/strong><\/div>\n<div class=\"rightDownload\">&nbsp;<\/div>\n<div class=\"rightDownload\">&nbsp;<\/div>\n<div class=\"rightDownload\">&nbsp;<\/div>\n<div class=\"rightDownload\">&nbsp;<\/div>\n<div class=\"n module-type-downloadDocument diyfeLiveArea \">\n<div class=\"clearover\">\n<div class=\"rightDownload\"><a href=\"https:\/\/blogsaverroes.juntadeandalucia.es\/ieslaalgaida\/files\/2015\/03\/arquitectura-egipcia.jpg\"><img loading=\"lazy\" decoding=\"async\" class=\" wp-image-2833 alignnone\" src=\"https:\/\/blogsaverroes.juntadeandalucia.es\/ieslaalgaida\/files\/2015\/03\/arquitectura-egipcia-300x225.jpg\" alt=\"\" width=\"500\" height=\"375\" srcset=\"https:\/\/blogsaverroes.juntadeandalucia.es\/ieslaalgaida\/files\/2015\/03\/arquitectura-egipcia-300x225.jpg 300w, https:\/\/blogsaverroes.juntadeandalucia.es\/ieslaalgaida\/files\/2015\/03\/arquitectura-egipcia-768x576.jpg 768w, https:\/\/blogsaverroes.juntadeandalucia.es\/ieslaalgaida\/files\/2015\/03\/arquitectura-egipcia-24x18.jpg 24w, https:\/\/blogsaverroes.juntadeandalucia.es\/ieslaalgaida\/files\/2015\/03\/arquitectura-egipcia-36x27.jpg 36w, https:\/\/blogsaverroes.juntadeandalucia.es\/ieslaalgaida\/files\/2015\/03\/arquitectura-egipcia-48x36.jpg 48w, https:\/\/blogsaverroes.juntadeandalucia.es\/ieslaalgaida\/files\/2015\/03\/arquitectura-egipcia.jpg 1018w\" sizes=\"(max-width: 500px) 100vw, 500px\" \/><\/a><\/div>\n<div class=\"rightDownload\"><a href=\"https:\/\/blogsaverroes.juntadeandalucia.es\/ieslaalgaida\/files\/2017\/06\/PRESENTACI\u00d3N-ARQUITECTURA-EGIPCIA.odp\"><img loading=\"lazy\" decoding=\"async\" class=\"alignleft\" src=\"https:\/\/cdn.website-start.de\/s\/img\/cc\/icons\/txt.png\" alt=\"\" width=\"51\" height=\"51\">PRESENTACI\u00d3N ARQUITECTURA EGIPCIA<\/a><br \/>\nOpen Office Presentation [9.6 MB]<\/div>\n<\/div>\n<\/div>\n<div class=\"rightDownload\">&nbsp;<\/div>\n<div class=\"rightDownload\">&nbsp;<\/div>\n<div class=\"rightDownload\">[youtube https:\/\/www.youtube.com\/watch?v=HzY-db9cLC8?ecver=1]<\/div>\n<div class=\"rightDownload\">\n<div class=\"rightDownload\"><a href=\"https:\/\/www.ieslaalgaida.es\/app\/download\/26264716\/ARQUITECTURA+DE+LA+EDAD+MEDIA.+G%C3%93TICO+Y+MUD%C3%89JAR+-+copia.odp\" target=\"_blank\" rel=\"noopener noreferrer\"><img loading=\"lazy\" decoding=\"async\" class=\"alignleft\" src=\"https:\/\/cdn.website-start.de\/s\/img\/cc\/icons\/txt.png\" alt=\"\" width=\"51\" height=\"51\"><\/a><strong>Escultura y pintura eg\u00edpcias<\/strong><\/div>\n<div class=\"n module-type-downloadDocument diyfeLiveArea \">\n<div class=\"clearover\">\n<div class=\"rightDownload\"><a href=\"https:\/\/blogsaverroes.juntadeandalucia.es\/ieslaalgaida\/files\/2017\/06\/escultura-y-pintura.odp\">escultura y pintura<\/a><br \/>\nOpen Office Presentation [2.7 MB]<\/div>\n<\/div>\n<\/div>\n<\/div>\n<div class=\"rightDownload\">&nbsp;<\/div>\n<div class=\"rightDownload\">[youtube https:\/\/www.youtube.com\/watch?v=xM3383CqNew?ecver=1]&nbsp;<\/div>\n<div class=\"rightDownload\">\n<div class=\"rightDownload\"><a href=\"https:\/\/www.ieslaalgaida.es\/app\/download\/26264716\/ARQUITECTURA+DE+LA+EDAD+MEDIA.+G%C3%93TICO+Y+MUD%C3%89JAR+-+copia.odp\" target=\"_blank\" rel=\"noopener noreferrer\"><img loading=\"lazy\" decoding=\"async\" class=\"alignleft\" src=\"https:\/\/cdn.website-start.de\/s\/img\/cc\/icons\/txt.png\" alt=\"\" width=\"51\" height=\"51\"><\/a><a href=\"https:\/\/blogsaverroes.juntadeandalucia.es\/ieslaalgaida\/files\/2017\/06\/PRESENTACI\u00d3N-ARQUITECTURA-CL\u00c1SICA.odp\">PRESENTACI\u00d3N ARQUITECTURA CL\u00c1SICA<\/a><br \/>\nOpen Office Presentation [15.8 MB]<\/div>\n<\/div>\n<div class=\"rightDownload\">&nbsp;<\/div>\n<div class=\"rightDownload\">&nbsp;<\/div>\n<div class=\"rightDownload\">[youtube https:\/\/www.youtube.com\/watch?v=S1stoaE_1JE?ecver=1]<\/div>\n<div class=\"rightDownload\">\n<div class=\"rightDownload\"><a href=\"https:\/\/www.ieslaalgaida.es\/app\/download\/26264716\/ARQUITECTURA+DE+LA+EDAD+MEDIA.+G%C3%93TICO+Y+MUD%C3%89JAR+-+copia.odp\" target=\"_blank\" rel=\"noopener noreferrer\"><img loading=\"lazy\" decoding=\"async\" class=\"alignleft\" src=\"https:\/\/cdn.website-start.de\/s\/img\/cc\/icons\/txt.png\" alt=\"\" width=\"51\" height=\"51\"><\/a><\/div>\n<div class=\"rightDownload\">\n<div class=\"rightDownload\"><a href=\"https:\/\/blogsaverroes.juntadeandalucia.es\/ieslaalgaida\/files\/2017\/06\/PRESENTACI\u00d3N-ESCULTURA-Y-PINTURA-GRIEGA-copia.odp\">PRESENTACI\u00d3N ESCULTURA Y PINTURA GRIEGA<\/a><br \/>\nOpen Office Presentation [5.1 MB]<\/div>\n<\/div>\n<\/div>\n<div class=\"rightDownload\">&nbsp;<\/div>\n<div class=\"rightDownload\">&nbsp;<\/div>\n<div class=\"rightDownload\">[youtube https:\/\/www.youtube.com\/watch?v=CoC75kq4OeQ?ecver=1]<\/div>\n<div class=\"rightDownload\">\n<div class=\"rightDownload\">\n<div class=\"rightDownload\"><a href=\"https:\/\/www.ieslaalgaida.es\/app\/download\/26264716\/ARQUITECTURA+DE+LA+EDAD+MEDIA.+G%C3%93TICO+Y+MUD%C3%89JAR+-+copia.odp\" target=\"_blank\" rel=\"noopener noreferrer\"><img loading=\"lazy\" decoding=\"async\" class=\"alignleft\" src=\"https:\/\/cdn.website-start.de\/s\/img\/cc\/icons\/txt.png\" alt=\"\" width=\"51\" height=\"51\"><\/a><a href=\"https:\/\/blogsaverroes.juntadeandalucia.es\/ieslaalgaida\/files\/2017\/06\/ESCULTURA-Y-PINTURA-ROMANA.odp\">ESCULTURA Y PINTURA ROMANA<\/a><br \/>\nOpen Office Presentation [8.1 MB]<\/div>\n<\/div>\n<\/div>\n<div class=\"rightDownload\">&nbsp;<\/div>\n<div class=\"rightDownload\">\n<div class=\"rightDownload\">\n<div class=\"n module-type-text diyfeLiveArea \">\n<p><strong>ARTE \u00c1RABE:<\/strong><\/p>\n<\/div>\n<\/div>\n<div class=\"rightDownload\"><a href=\"https:\/\/blogsaverroes.juntadeandalucia.es\/ieslaalgaida\/files\/2017\/06\/cache_49553572.jpg\"><img loading=\"lazy\" decoding=\"async\" class=\"alignnone wp-image-2501\" src=\"https:\/\/blogsaverroes.juntadeandalucia.es\/ieslaalgaida\/files\/2017\/06\/cache_49553572-300x222.jpg\" alt=\"\" width=\"493\" height=\"365\" srcset=\"https:\/\/blogsaverroes.juntadeandalucia.es\/ieslaalgaida\/files\/2017\/06\/cache_49553572-300x222.jpg 300w, https:\/\/blogsaverroes.juntadeandalucia.es\/ieslaalgaida\/files\/2017\/06\/cache_49553572-24x18.jpg 24w, https:\/\/blogsaverroes.juntadeandalucia.es\/ieslaalgaida\/files\/2017\/06\/cache_49553572-36x27.jpg 36w, https:\/\/blogsaverroes.juntadeandalucia.es\/ieslaalgaida\/files\/2017\/06\/cache_49553572-48x36.jpg 48w, https:\/\/blogsaverroes.juntadeandalucia.es\/ieslaalgaida\/files\/2017\/06\/cache_49553572.jpg 627w\" sizes=\"(max-width: 493px) 100vw, 493px\" \/><\/a><\/div>\n<div class=\"rightDownload\">\n<div class=\"rightDownload\">\n<div class=\"n module-type-downloadDocument diyfeLiveArea \">\n<div class=\"clearover\">\n<div class=\"rightDownload\"><a href=\"https:\/\/blogsaverroes.juntadeandalucia.es\/ieslaalgaida\/files\/2017\/06\/ARQUITECTURA-DE-LA-EDAD-MEDIA.-G\u00d3TICO-Y-MUD\u00c9JAR-copia.pdf\"> <img loading=\"lazy\" decoding=\"async\" class=\"alignleft\" src=\"https:\/\/cdn.website-start.de\/s\/img\/cc\/icons\/pdf.png\" alt=\"Download\" width=\"51\" height=\"51\"><\/a><a href=\"https:\/\/blogsaverroes.juntadeandalucia.es\/ieslaalgaida\/files\/2017\/06\/ARTE-\u00c1RABE.pdf\">ARTE \u00c1RABE<\/a><br \/>\nDocumento Adobe Acrobat [6.1 MB]<\/div>\n<div class=\"rightDownload\">&nbsp;<\/div>\n<\/div>\n<\/div>\n<div class=\"n module-type-downloadDocument diyfeLiveArea \">\n<div class=\"clearover\">\n<div class=\"rightDownload\"><a href=\"https:\/\/www.ieslaalgaida.es\/app\/download\/26264716\/ARQUITECTURA+DE+LA+EDAD+MEDIA.+G%C3%93TICO+Y+MUD%C3%89JAR+-+copia.odp\" target=\"_blank\" rel=\"noopener noreferrer\"> <img loading=\"lazy\" decoding=\"async\" class=\"alignleft\" src=\"https:\/\/cdn.website-start.de\/s\/img\/cc\/icons\/txt.png\" alt=\"\" width=\"51\" height=\"51\"><\/a><a href=\"https:\/\/blogsaverroes.juntadeandalucia.es\/ieslaalgaida\/files\/2017\/06\/ARTE-\u00c1RABE.odp\">ARTE \u00c1RABE<\/a><br \/>\nOpen Office Presentation [11.2 MB]<\/div>\n<\/div>\n<\/div>\n<\/div>\n<\/div>\n<\/div>\n<div class=\"rightDownload\">&nbsp;<\/div>\n<div class=\"rightDownload\">\n<div class=\"rightDownload\">&nbsp;<\/div>\n<div class=\"rightDownload\"><a href=\"https:\/\/blogsaverroes.juntadeandalucia.es\/ieslaalgaida\/files\/2017\/06\/cache_49553032.jpg\"><img loading=\"lazy\" decoding=\"async\" class=\"alignnone wp-image-2499\" src=\"https:\/\/blogsaverroes.juntadeandalucia.es\/ieslaalgaida\/files\/2017\/06\/cache_49553032-300x225.jpg\" alt=\"\" width=\"519\" height=\"389\" srcset=\"https:\/\/blogsaverroes.juntadeandalucia.es\/ieslaalgaida\/files\/2017\/06\/cache_49553032-300x225.jpg 300w, https:\/\/blogsaverroes.juntadeandalucia.es\/ieslaalgaida\/files\/2017\/06\/cache_49553032-24x18.jpg 24w, https:\/\/blogsaverroes.juntadeandalucia.es\/ieslaalgaida\/files\/2017\/06\/cache_49553032-36x27.jpg 36w, https:\/\/blogsaverroes.juntadeandalucia.es\/ieslaalgaida\/files\/2017\/06\/cache_49553032-48x36.jpg 48w, https:\/\/blogsaverroes.juntadeandalucia.es\/ieslaalgaida\/files\/2017\/06\/cache_49553032.jpg 627w\" sizes=\"(max-width: 519px) 100vw, 519px\" \/><\/a><\/div>\n<div class=\"rightDownload\">\n<div class=\"n module-type-downloadDocument diyfeLiveArea \">\n<div class=\"clearover\">\n<div class=\"rightDownload\"><a href=\"https:\/\/blogsaverroes.juntadeandalucia.es\/ieslaalgaida\/files\/2017\/06\/ARQUITECTURA-DE-LA-EDAD-MEDIA.-G\u00d3TICO-Y-MUD\u00c9JAR-copia.pdf\"> <img loading=\"lazy\" decoding=\"async\" class=\"alignleft\" src=\"https:\/\/cdn.website-start.de\/s\/img\/cc\/icons\/pdf.png\" alt=\"Download\" width=\"51\" height=\"51\"><\/a><a href=\"https:\/\/blogsaverroes.juntadeandalucia.es\/ieslaalgaida\/files\/2017\/06\/ARQUITECTURA-DE-LA-EDAD-MEDIA.-ROM\u00c1NICO.pdf\">ARQUITECTURA DE LA EDAD MEDIA. ROM\u00c1NICO<\/a><br \/>\nDocumento Adobe Acrobat [7.0 MB]<\/div>\n<\/div>\n<\/div>\n<\/div>\n<\/div>\n<p>&nbsp;<\/p>\n<div class=\"n module-type-downloadDocument diyfeLiveArea \"><img loading=\"lazy\" decoding=\"async\" class=\"alignleft\" src=\"https:\/\/cdn.website-start.de\/s\/img\/cc\/icons\/txt.png\" alt=\"\" width=\"51\" height=\"51\">&nbsp;<a href=\"https:\/\/blogsaverroes.juntadeandalucia.es\/ieslaalgaida\/files\/2017\/06\/ARQUITECTURA-DE-LA-EDAD-MEDIA.-ROM\u00c1NICO.odp\">ARQUITECTURA DE LA EDAD MEDIA. ROM\u00c1NICO<\/a><\/div>\n<div class=\"n module-type-downloadDocument diyfeLiveArea \">\n<div class=\"clearover\">\n<div class=\"rightDownload\">Open Office Presentation [13.6 MB]<\/div>\n<\/div>\n<\/div>\n<p>&nbsp;<\/p>\n<p><a href=\"https:\/\/blogsaverroes.juntadeandalucia.es\/ieslaalgaida\/files\/2017\/06\/cache_49552694.jpg\"><img loading=\"lazy\" decoding=\"async\" class=\"alignnone wp-image-2498\" src=\"https:\/\/blogsaverroes.juntadeandalucia.es\/ieslaalgaida\/files\/2017\/06\/cache_49552694-300x223.jpg\" alt=\"\" width=\"552\" height=\"410\" srcset=\"https:\/\/blogsaverroes.juntadeandalucia.es\/ieslaalgaida\/files\/2017\/06\/cache_49552694-300x223.jpg 300w, https:\/\/blogsaverroes.juntadeandalucia.es\/ieslaalgaida\/files\/2017\/06\/cache_49552694-24x18.jpg 24w, https:\/\/blogsaverroes.juntadeandalucia.es\/ieslaalgaida\/files\/2017\/06\/cache_49552694-36x27.jpg 36w, https:\/\/blogsaverroes.juntadeandalucia.es\/ieslaalgaida\/files\/2017\/06\/cache_49552694-48x36.jpg 48w, https:\/\/blogsaverroes.juntadeandalucia.es\/ieslaalgaida\/files\/2017\/06\/cache_49552694.jpg 627w\" sizes=\"(max-width: 552px) 100vw, 552px\" \/><\/a><\/p>\n<div class=\"n module-type-downloadDocument diyfeLiveArea \">\n<div class=\"clearover\">\n<div class=\"rightDownload\"><a href=\"https:\/\/blogsaverroes.juntadeandalucia.es\/ieslaalgaida\/files\/2017\/06\/ARQUITECTURA-DE-LA-EDAD-MEDIA.-G\u00d3TICO-Y-MUD\u00c9JAR-copia.pdf\"><img loading=\"lazy\" decoding=\"async\" class=\"alignleft\" src=\"https:\/\/cdn.website-start.de\/s\/img\/cc\/icons\/pdf.png\" alt=\"Download\" width=\"51\" height=\"51\">ARQUITECTURA DE LA EDAD MEDIA. G\u00d3TICO Y MUD\u00c9JAR<\/a><br \/>\nDocumento Adobe Acrobat [3.7 MB]<\/div>\n<div class=\"rightDownload\">&nbsp;<\/div>\n<\/div>\n<\/div>\n<div class=\"n module-type-downloadDocument diyfeLiveArea \">\n<div class=\"clearover\">\n<div class=\"rightDownload\"><a href=\"https:\/\/www.ieslaalgaida.es\/app\/download\/26264716\/ARQUITECTURA+DE+LA+EDAD+MEDIA.+G%C3%93TICO+Y+MUD%C3%89JAR+-+copia.odp\" target=\"_blank\" rel=\"noopener noreferrer\"> <img loading=\"lazy\" decoding=\"async\" class=\"alignleft\" src=\"https:\/\/cdn.website-start.de\/s\/img\/cc\/icons\/txt.png\" alt=\"\" width=\"51\" height=\"51\"><\/a><a href=\"https:\/\/blogsaverroes.juntadeandalucia.es\/ieslaalgaida\/files\/2017\/06\/ARQUITECTURA-DE-LA-EDAD-MEDIA.-G\u00d3TICO-Y-MUD\u00c9JAR-copia.odp\">ARQUITECTURA DE LA EDAD MEDIA. G\u00d3TICO Y MUD\u00c9JAR<\/a><br \/>\nOpen Office Presentation [10.5 MB]<\/div>\n<\/div>\n<\/div>\n<div class=\"rightDownload\">&nbsp;<\/div>\n<div class=\"rightDownload\">&nbsp; &nbsp;<\/div>\n<div class=\"rightDownload\"><a href=\"https:\/\/blogsaverroes.juntadeandalucia.es\/ieslaalgaida\/files\/2017\/06\/cache_49553037.jpg\"><img loading=\"lazy\" decoding=\"async\" class=\"alignnone wp-image-2500\" src=\"https:\/\/blogsaverroes.juntadeandalucia.es\/ieslaalgaida\/files\/2017\/06\/cache_49553037-300x222.jpg\" alt=\"\" width=\"495\" height=\"366\" srcset=\"https:\/\/blogsaverroes.juntadeandalucia.es\/ieslaalgaida\/files\/2017\/06\/cache_49553037-300x222.jpg 300w, https:\/\/blogsaverroes.juntadeandalucia.es\/ieslaalgaida\/files\/2017\/06\/cache_49553037-24x18.jpg 24w, https:\/\/blogsaverroes.juntadeandalucia.es\/ieslaalgaida\/files\/2017\/06\/cache_49553037-36x27.jpg 36w, https:\/\/blogsaverroes.juntadeandalucia.es\/ieslaalgaida\/files\/2017\/06\/cache_49553037-48x36.jpg 48w, https:\/\/blogsaverroes.juntadeandalucia.es\/ieslaalgaida\/files\/2017\/06\/cache_49553037.jpg 627w\" sizes=\"(max-width: 495px) 100vw, 495px\" \/><\/a><\/div>\n<div class=\"rightDownload\">\n<div class=\"n module-type-downloadDocument diyfeLiveArea \">\n<div class=\"clearover\">\n<div class=\"rightDownload\"><a href=\"https:\/\/blogsaverroes.juntadeandalucia.es\/ieslaalgaida\/files\/2017\/06\/ARQUITECTURA-DE-LA-EDAD-MEDIA.-G\u00d3TICO-Y-MUD\u00c9JAR-copia.pdf\"> <img loading=\"lazy\" decoding=\"async\" class=\"alignleft\" src=\"https:\/\/cdn.website-start.de\/s\/img\/cc\/icons\/pdf.png\" alt=\"Download\" width=\"51\" height=\"51\"><\/a><a href=\"https:\/\/blogsaverroes.juntadeandalucia.es\/ieslaalgaida\/files\/2017\/06\/ESCULTURA-Y-PINTURA-G\u00d3TICO.pdf\">ESCULTURA Y PINTURA G\u00d3TICO<\/a><br \/>\nDocumento Adobe Acrobat [3.5 MB]<\/div>\n<div class=\"rightDownload\">&nbsp;<\/div>\n<\/div>\n<\/div>\n<div class=\"n module-type-downloadDocument diyfeLiveArea \">\n<div class=\"clearover\">\n<div class=\"rightDownload\"><a href=\"https:\/\/www.ieslaalgaida.es\/app\/download\/26264716\/ARQUITECTURA+DE+LA+EDAD+MEDIA.+G%C3%93TICO+Y+MUD%C3%89JAR+-+copia.odp\" target=\"_blank\" rel=\"noopener noreferrer\"> <img loading=\"lazy\" decoding=\"async\" class=\"alignleft\" src=\"https:\/\/cdn.website-start.de\/s\/img\/cc\/icons\/txt.png\" alt=\"\" width=\"51\" height=\"51\"><\/a><a href=\"https:\/\/blogsaverroes.juntadeandalucia.es\/ieslaalgaida\/files\/2017\/06\/ESCULTURA-Y-PINTURA-G\u00d3TICO.odp\">ESCULTURA Y PINTURA G\u00d3TICO<\/a><br \/>\nOpen Office Presentation [4.6 MB]<\/div>\n<\/div>\n<\/div>\n<\/div>\n<div class=\"rightDownload\">&nbsp;<\/div>\n","protected":false},"excerpt":{"rendered":"<p>CRITERIOS DE CALIFICACI\u00d3N&nbsp; &nbsp; Aqu\u00ed adjuntamos los Criterios de Calificaci\u00f3n de cada una de las materias que imparte el Departamento de Educaci\u00f3n Pl\u00e1stica y Visual. Para cualquier consulta, pueden contactar&nbsp; con el Departamento. PINCHA AQU\u00cd&nbsp;CRITERIOS DIBUJO &nbsp; &nbsp; &nbsp; &nbsp; PRESENTACI\u00d3N ARQUITECTURA EGIPCIA Open Office Presentation [9.6 MB] &nbsp; &nbsp; [youtube https:\/\/www.youtube.com\/watch?v=HzY-db9cLC8?ecver=1] Escultura y pintura &hellip; <\/p>\n<p class=\"link-more\"><a href=\"https:\/\/blogsaverroes.juntadeandalucia.es\/ieslaalgaida\/materiales-recursos-2\/\" class=\"more-link\">Continuar leyendo<span class=\"screen-reader-text\"> \u00abMateriales, recursos&#8230;\u00bb<\/span><\/a><\/p>\n","protected":false},"author":1,"featured_media":0,"parent":0,"menu_order":0,"comment_status":"closed","ping_status":"closed","template":"page-cs.php","meta":{"ngg_post_thumbnail":0,"footnotes":"","_mc_calendar":[]},"aioseo_notices":[],"_links":{"self":[{"href":"https:\/\/blogsaverroes.juntadeandalucia.es\/ieslaalgaida\/wp-json\/wp\/v2\/pages\/351"}],"collection":[{"href":"https:\/\/blogsaverroes.juntadeandalucia.es\/ieslaalgaida\/wp-json\/wp\/v2\/pages"}],"about":[{"href":"https:\/\/blogsaverroes.juntadeandalucia.es\/ieslaalgaida\/wp-json\/wp\/v2\/types\/page"}],"author":[{"embeddable":true,"href":"https:\/\/blogsaverroes.juntadeandalucia.es\/ieslaalgaida\/wp-json\/wp\/v2\/users\/1"}],"replies":[{"embeddable":true,"href":"https:\/\/blogsaverroes.juntadeandalucia.es\/ieslaalgaida\/wp-json\/wp\/v2\/comments?post=351"}],"version-history":[{"count":22,"href":"https:\/\/blogsaverroes.juntadeandalucia.es\/ieslaalgaida\/wp-json\/wp\/v2\/pages\/351\/revisions"}],"predecessor-version":[{"id":3345,"href":"https:\/\/blogsaverroes.juntadeandalucia.es\/ieslaalgaida\/wp-json\/wp\/v2\/pages\/351\/revisions\/3345"}],"wp:attachment":[{"href":"https:\/\/blogsaverroes.juntadeandalucia.es\/ieslaalgaida\/wp-json\/wp\/v2\/media?parent=351"}],"curies":[{"name":"wp","href":"https:\/\/api.w.org\/{rel}","templated":true}]}}