{"id":3573,"date":"2020-04-02T12:08:42","date_gmt":"2020-04-02T12:08:42","guid":{"rendered":"https:\/\/blogsaverroes.juntadeandalucia.es\/ieslaalgaida\/?page_id=3573"},"modified":"2020-07-10T11:42:19","modified_gmt":"2020-07-10T11:42:19","slug":"comision-de-valoracion-a-direccion","status":"publish","type":"page","link":"https:\/\/blogsaverroes.juntadeandalucia.es\/ieslaalgaida\/comision-de-valoracion-a-direccion\/","title":{"rendered":"Direcci\u00f3n"},"content":{"rendered":"<p><strong>COMPOSICI\u00d3N DIRECCI\u00d3N<\/strong><\/p>\n<p>&nbsp;<\/p>\n<p><a href=\"https:\/\/blogsaverroes.juntadeandalucia.es\/ieslaalgaida\/files\/2020\/07\/WhatsApp-Image-2020-07-08-at-12.07.51.jpeg\"><img loading=\"lazy\" decoding=\"async\" class=\"aligncenter wp-image-3877 size-full\" src=\"https:\/\/blogsaverroes.juntadeandalucia.es\/ieslaalgaida\/files\/2020\/07\/WhatsApp-Image-2020-07-08-at-12.07.51.jpeg\" alt=\"\" width=\"1125\" height=\"798\" srcset=\"https:\/\/blogsaverroes.juntadeandalucia.es\/ieslaalgaida\/files\/2020\/07\/WhatsApp-Image-2020-07-08-at-12.07.51.jpeg 1125w, https:\/\/blogsaverroes.juntadeandalucia.es\/ieslaalgaida\/files\/2020\/07\/WhatsApp-Image-2020-07-08-at-12.07.51-300x213.jpeg 300w, https:\/\/blogsaverroes.juntadeandalucia.es\/ieslaalgaida\/files\/2020\/07\/WhatsApp-Image-2020-07-08-at-12.07.51-768x545.jpeg 768w, https:\/\/blogsaverroes.juntadeandalucia.es\/ieslaalgaida\/files\/2020\/07\/WhatsApp-Image-2020-07-08-at-12.07.51-1024x726.jpeg 1024w, https:\/\/blogsaverroes.juntadeandalucia.es\/ieslaalgaida\/files\/2020\/07\/WhatsApp-Image-2020-07-08-at-12.07.51-24x17.jpeg 24w, https:\/\/blogsaverroes.juntadeandalucia.es\/ieslaalgaida\/files\/2020\/07\/WhatsApp-Image-2020-07-08-at-12.07.51-36x26.jpeg 36w, https:\/\/blogsaverroes.juntadeandalucia.es\/ieslaalgaida\/files\/2020\/07\/WhatsApp-Image-2020-07-08-at-12.07.51-48x34.jpeg 48w\" sizes=\"(max-width: 767px) 89vw, (max-width: 1000px) 54vw, (max-width: 1071px) 543px, 580px\" \/><\/a><\/p>\n<p>&nbsp;<\/p>\n<p><strong>COMISI\u00d3N DE VALORACI\u00d3N A DIRECCI\u00d3N<\/strong><\/p>\n<p>Se comunica la candidatura a Direcci\u00f3n de Don <strong>Juan Carlos Dom\u00edguez P\u00e9rez<\/strong> con DNI 31646501L.<\/p>\n<p>Si alg\u00fan miembro del Consejo Escolar o del Claustro de Profesores precisa una copia del Proyecto de Direcci\u00f3n, remitirse a Raquel Robles Monta\u00f1o (raquel.robles.edu@juntadeandalucia.es)<\/p>\n<p>Gracias.<\/p>\n<p>&nbsp;<\/p>\n<p>Se procede a notificar&nbsp; la Modificaci\u00f3n de la Resoluci\u00f3n de la Comisi\u00f3n de Selecci\u00f3n de Direcci\u00f3n.<\/p>\n<p><a href=\"https:\/\/drive.google.com\/file\/d\/1qAI3vCkC03_f1yaH7mX9SkCTt5iGqIlD\/view?usp=sharing\">Composici\u00f3n de la Comisi\u00f3n de Selecci\u00f3n de Directores y Directoras de los Centros p\u00fablicos no universitario a Fecha 22 de mayo 2020.<\/a><\/p>\n<p>&nbsp;<\/p>\n<p>&nbsp;<\/p>\n<p><a href=\"https:\/\/drive.google.com\/file\/d\/1-BgoCVYLMfdasvecFBZzH3a4F5SQfNXA\/view?usp=sharing\">Composici\u00f3n de la Comisi\u00f3n de Selecci\u00f3n de Directores y Directoras de los Centros P\u00fablicos no universitarios a Fecha 20 de marzo de 2020.<\/a><\/p>\n","protected":false},"excerpt":{"rendered":"<p>COMPOSICI\u00d3N DIRECCI\u00d3N &nbsp; &nbsp; COMISI\u00d3N DE VALORACI\u00d3N A DIRECCI\u00d3N Se comunica la candidatura a Direcci\u00f3n de Don Juan Carlos Dom\u00edguez P\u00e9rez con DNI 31646501L. Si alg\u00fan miembro del Consejo Escolar o del Claustro de Profesores precisa una copia del Proyecto de Direcci\u00f3n, remitirse a Raquel Robles Monta\u00f1o (raquel.robles.edu@juntadeandalucia.es) Gracias. &nbsp; Se procede a notificar&nbsp; la &hellip; <\/p>\n<p class=\"link-more\"><a href=\"https:\/\/blogsaverroes.juntadeandalucia.es\/ieslaalgaida\/comision-de-valoracion-a-direccion\/\" class=\"more-link\">Continuar leyendo<span class=\"screen-reader-text\"> \u00abDirecci\u00f3n\u00bb<\/span><\/a><\/p>\n","protected":false},"author":4336,"featured_media":0,"parent":0,"menu_order":0,"comment_status":"closed","ping_status":"closed","template":"","meta":{"ngg_post_thumbnail":0,"footnotes":"","_mc_calendar":[]},"aioseo_notices":[],"_links":{"self":[{"href":"https:\/\/blogsaverroes.juntadeandalucia.es\/ieslaalgaida\/wp-json\/wp\/v2\/pages\/3573"}],"collection":[{"href":"https:\/\/blogsaverroes.juntadeandalucia.es\/ieslaalgaida\/wp-json\/wp\/v2\/pages"}],"about":[{"href":"https:\/\/blogsaverroes.juntadeandalucia.es\/ieslaalgaida\/wp-json\/wp\/v2\/types\/page"}],"author":[{"embeddable":true,"href":"https:\/\/blogsaverroes.juntadeandalucia.es\/ieslaalgaida\/wp-json\/wp\/v2\/users\/4336"}],"replies":[{"embeddable":true,"href":"https:\/\/blogsaverroes.juntadeandalucia.es\/ieslaalgaida\/wp-json\/wp\/v2\/comments?post=3573"}],"version-history":[{"count":12,"href":"https:\/\/blogsaverroes.juntadeandalucia.es\/ieslaalgaida\/wp-json\/wp\/v2\/pages\/3573\/revisions"}],"predecessor-version":[{"id":3882,"href":"https:\/\/blogsaverroes.juntadeandalucia.es\/ieslaalgaida\/wp-json\/wp\/v2\/pages\/3573\/revisions\/3882"}],"wp:attachment":[{"href":"https:\/\/blogsaverroes.juntadeandalucia.es\/ieslaalgaida\/wp-json\/wp\/v2\/media?parent=3573"}],"curies":[{"name":"wp","href":"https:\/\/api.w.org\/{rel}","templated":true}]}}