{"id":373,"date":"2015-03-18T10:25:52","date_gmt":"2015-03-18T10:25:52","guid":{"rendered":"http:\/\/blogsaverroes.juntadeandalucia.es\/pre\/ceip\/?page_id=373"},"modified":"2021-12-18T16:50:50","modified_gmt":"2021-12-18T16:50:50","slug":"materiales-recursos","status":"publish","type":"page","link":"https:\/\/blogsaverroes.juntadeandalucia.es\/ieslaalgaida\/orientacion-2\/materiales-recursos\/","title":{"rendered":"Programaciones. Criterios de Evaluaci\u00f3n. Materiales y recursos."},"content":{"rendered":"<h3><strong>Programaci\u00f3n. 2021\/2022<\/strong><\/h3>\n<p><a href=\"https:\/\/blogsaverroes.juntadeandalucia.es\/ieslaalgaida\/files\/2021\/12\/PLAN-DE-ORIENTACI\u00d3N-Y-ACCI\u00d3N-TUTORIAL.pdf\">PLAN DE ORIENTACI\u00d3N Y ACCI\u00d3N TUTORIAL2021-2022<\/a><\/p>\n<p><a href=\"https:\/\/blogsaverroes.juntadeandalucia.es\/ieslaalgaida\/files\/2021\/12\/Programaci\u00f3n-1\u00ba-CSG-21-22_TAMARA.pdf\">PROGRAMACI\u00d3N&nbsp; 1\u00baESO&nbsp; CSG 2021-2022<\/a><\/p>\n<p>&nbsp;<\/p>\n<h3>&nbsp;<\/h3>\n<h3><strong>Criterios de Evaluaci\u00f3n 2021\/2022<\/strong><\/h3>\n<p>Pincha Aqu\u00ed<\/p>\n<p><a href=\"https:\/\/drive.google.com\/file\/d\/1o5h_V0aHuKn9dNUY-WKK2V36rTmquiGK\/view?usp=sharing\">Criterios de Evaluaci\u00f3n HLD 1\u00ba ESO.<\/a><\/p>\n<p><a href=\"https:\/\/drive.google.com\/file\/d\/1c9JHtZD4L4tUkL2pYM0xD_jS15hdjpXg\/view?usp=sharing\">Criterios de Evaluaci\u00f3n Refuerzo Matem\u00e1ticas 1\u00ba ESO<\/a><\/p>\n<p><a href=\"https:\/\/drive.google.com\/file\/d\/1-QH06CyP-Ld_KyyyEqlVX99bp_xVbIqW\/view?usp=sharing\">Criterios de Evaluaci\u00f3n CSG 1\u00ba ESO.<\/a><\/p>\n<p><a href=\"https:\/\/drive.google.com\/file\/d\/0ByGOp8dyNBqha09sSlFWTHR1RHJvZmtHVWxWaVVGbFlGZEVB\/view?usp=sharing\">Criterios de Evaluaci\u00f3n IEAE 4\u00ba ESO.<\/a><\/p>\n<p>&nbsp;<\/p>\n<p>&nbsp;<\/p>\n<p>&nbsp;<\/p>\n<h3>Cuadernillo de Orientaci\u00f3n 4\u00ba ESO<\/h3>\n<p><a href=\"https:\/\/blogsaverroes.juntadeandalucia.es\/ieslaalgaida\/files\/2017\/06\/teaserbox_48473477.png\"><img loading=\"lazy\" decoding=\"async\" class=\"alignnone wp-image-2578\" src=\"https:\/\/blogsaverroes.juntadeandalucia.es\/ieslaalgaida\/files\/2017\/06\/teaserbox_48473477-300x156.png\" alt=\"\" width=\"437\" height=\"227\" srcset=\"https:\/\/blogsaverroes.juntadeandalucia.es\/ieslaalgaida\/files\/2017\/06\/teaserbox_48473477-300x156.png 300w, https:\/\/blogsaverroes.juntadeandalucia.es\/ieslaalgaida\/files\/2017\/06\/teaserbox_48473477-24x12.png 24w, https:\/\/blogsaverroes.juntadeandalucia.es\/ieslaalgaida\/files\/2017\/06\/teaserbox_48473477-36x19.png 36w, https:\/\/blogsaverroes.juntadeandalucia.es\/ieslaalgaida\/files\/2017\/06\/teaserbox_48473477-48x25.png 48w, https:\/\/blogsaverroes.juntadeandalucia.es\/ieslaalgaida\/files\/2017\/06\/teaserbox_48473477.png 688w\" sizes=\"(max-width: 437px) 100vw, 437px\" \/><\/a><\/p>\n<p><a href=\"https:\/\/www.ieslaalgaida.es\/app\/download\/24078646\/evaluaci%C3%B3n+EF+2016-17.pdf\" target=\"_blank\" rel=\"noopener noreferrer\"> <img loading=\"lazy\" decoding=\"async\" class=\"alignleft\" src=\"https:\/\/cdn.website-start.de\/s\/img\/cc\/icons\/pdf.png\" alt=\"Download\" width=\"51\" height=\"51\"><\/a><a href=\"https:\/\/blogsaverroes.juntadeandalucia.es\/ieslaalgaida\/files\/2015\/03\/Cuaderno_1718.pdf\">Cuaderno_1718<\/a><br \/>\nDocumento Adobe Acrobat [7.5 MB]\n","protected":false},"excerpt":{"rendered":"<p>Programaci\u00f3n. 2021\/2022 PLAN DE ORIENTACI\u00d3N Y ACCI\u00d3N TUTORIAL2021-2022 PROGRAMACI\u00d3N&nbsp; 1\u00baESO&nbsp; CSG 2021-2022 &nbsp; &nbsp; Criterios de Evaluaci\u00f3n 2021\/2022 Pincha Aqu\u00ed Criterios de Evaluaci\u00f3n HLD 1\u00ba ESO. Criterios de Evaluaci\u00f3n Refuerzo Matem\u00e1ticas 1\u00ba ESO Criterios de Evaluaci\u00f3n CSG 1\u00ba ESO. Criterios de Evaluaci\u00f3n IEAE 4\u00ba ESO. &nbsp; &nbsp; &nbsp; Cuadernillo de Orientaci\u00f3n 4\u00ba ESO Cuaderno_1718 Documento &hellip; <\/p>\n<p class=\"link-more\"><a href=\"https:\/\/blogsaverroes.juntadeandalucia.es\/ieslaalgaida\/orientacion-2\/materiales-recursos\/\" class=\"more-link\">Continuar leyendo<span class=\"screen-reader-text\"> \u00abProgramaciones. Criterios de Evaluaci\u00f3n. Materiales y recursos.\u00bb<\/span><\/a><\/p>\n","protected":false},"author":1,"featured_media":0,"parent":1806,"menu_order":0,"comment_status":"closed","ping_status":"open","template":"","meta":{"ngg_post_thumbnail":0,"footnotes":"","_mc_calendar":[]},"aioseo_notices":[],"_links":{"self":[{"href":"https:\/\/blogsaverroes.juntadeandalucia.es\/ieslaalgaida\/wp-json\/wp\/v2\/pages\/373"}],"collection":[{"href":"https:\/\/blogsaverroes.juntadeandalucia.es\/ieslaalgaida\/wp-json\/wp\/v2\/pages"}],"about":[{"href":"https:\/\/blogsaverroes.juntadeandalucia.es\/ieslaalgaida\/wp-json\/wp\/v2\/types\/page"}],"author":[{"embeddable":true,"href":"https:\/\/blogsaverroes.juntadeandalucia.es\/ieslaalgaida\/wp-json\/wp\/v2\/users\/1"}],"replies":[{"embeddable":true,"href":"https:\/\/blogsaverroes.juntadeandalucia.es\/ieslaalgaida\/wp-json\/wp\/v2\/comments?post=373"}],"version-history":[{"count":15,"href":"https:\/\/blogsaverroes.juntadeandalucia.es\/ieslaalgaida\/wp-json\/wp\/v2\/pages\/373\/revisions"}],"predecessor-version":[{"id":4287,"href":"https:\/\/blogsaverroes.juntadeandalucia.es\/ieslaalgaida\/wp-json\/wp\/v2\/pages\/373\/revisions\/4287"}],"up":[{"embeddable":true,"href":"https:\/\/blogsaverroes.juntadeandalucia.es\/ieslaalgaida\/wp-json\/wp\/v2\/pages\/1806"}],"wp:attachment":[{"href":"https:\/\/blogsaverroes.juntadeandalucia.es\/ieslaalgaida\/wp-json\/wp\/v2\/media?parent=373"}],"curies":[{"name":"wp","href":"https:\/\/api.w.org\/{rel}","templated":true}]}}