{"id":3962,"date":"2020-12-27T22:49:40","date_gmt":"2020-12-27T22:49:40","guid":{"rendered":"https:\/\/blogsaverroes.juntadeandalucia.es\/ieslaalgaida\/?page_id=3962"},"modified":"2021-12-18T15:27:10","modified_gmt":"2021-12-18T15:27:10","slug":"tecnologia-2","status":"publish","type":"page","link":"https:\/\/blogsaverroes.juntadeandalucia.es\/ieslaalgaida\/tecnologia-2\/","title":{"rendered":"Tecnolog\u00eda"},"content":{"rendered":"<p>Composici\u00f3n Departamento de Tecnolog\u00eda.&nbsp;<\/p>\n<p>Ana Garc\u00eda Jim\u00e9nez. Jefa de Departamento. Coordinadora de \u00c1rea. Cient\u00edfico-Tecnol\u00f3gica.<\/p>\n<p>Antonio Rodr\u00edguez P\u00e9rez. Jefe de Departamento TDE.<\/p>\n<p>&nbsp;<\/p>\n","protected":false},"excerpt":{"rendered":"<p>Composici\u00f3n Departamento de Tecnolog\u00eda.&nbsp; Ana Garc\u00eda Jim\u00e9nez. Jefa de Departamento. Coordinadora de \u00c1rea. Cient\u00edfico-Tecnol\u00f3gica. Antonio Rodr\u00edguez P\u00e9rez. Jefe de Departamento TDE. &nbsp;<\/p>\n","protected":false},"author":4336,"featured_media":0,"parent":0,"menu_order":0,"comment_status":"closed","ping_status":"closed","template":"","meta":{"ngg_post_thumbnail":0,"footnotes":"","_mc_calendar":[]},"aioseo_notices":[],"_links":{"self":[{"href":"https:\/\/blogsaverroes.juntadeandalucia.es\/ieslaalgaida\/wp-json\/wp\/v2\/pages\/3962"}],"collection":[{"href":"https:\/\/blogsaverroes.juntadeandalucia.es\/ieslaalgaida\/wp-json\/wp\/v2\/pages"}],"about":[{"href":"https:\/\/blogsaverroes.juntadeandalucia.es\/ieslaalgaida\/wp-json\/wp\/v2\/types\/page"}],"author":[{"embeddable":true,"href":"https:\/\/blogsaverroes.juntadeandalucia.es\/ieslaalgaida\/wp-json\/wp\/v2\/users\/4336"}],"replies":[{"embeddable":true,"href":"https:\/\/blogsaverroes.juntadeandalucia.es\/ieslaalgaida\/wp-json\/wp\/v2\/comments?post=3962"}],"version-history":[{"count":2,"href":"https:\/\/blogsaverroes.juntadeandalucia.es\/ieslaalgaida\/wp-json\/wp\/v2\/pages\/3962\/revisions"}],"predecessor-version":[{"id":4269,"href":"https:\/\/blogsaverroes.juntadeandalucia.es\/ieslaalgaida\/wp-json\/wp\/v2\/pages\/3962\/revisions\/4269"}],"wp:attachment":[{"href":"https:\/\/blogsaverroes.juntadeandalucia.es\/ieslaalgaida\/wp-json\/wp\/v2\/media?parent=3962"}],"curies":[{"name":"wp","href":"https:\/\/api.w.org\/{rel}","templated":true}]}}